{"id":147,"date":"2022-04-26T13:14:36","date_gmt":"2022-04-26T16:14:36","guid":{"rendered":"https:\/\/www2.uepg.br\/deartes\/?page_id=147"},"modified":"2022-04-26T14:20:12","modified_gmt":"2022-04-26T17:20:12","slug":"professores","status":"publish","type":"page","link":"https:\/\/www2.uepg.br\/deartes\/professores\/","title":{"rendered":"Professores"},"content":{"rendered":"<table border=\"0\" width=\"100%\" cellspacing=\"0\" cellpadding=\"0\">\n<tbody>\n<tr>\n<td align=\"center\">Egon Eduardo Sebben<\/td>\n<\/tr>\n<tr>\n<td align=\"center\">Chefe do Departamento de Artes<\/td>\n<\/tr>\n<\/tbody>\n<\/table>\n<p>&nbsp;<\/p>\n<table border=\"0\" width=\"100%\" cellspacing=\"0\" cellpadding=\"0\">\n<tbody>\n<tr>\n<td align=\"center\">Maria Cristina Mendes<\/td>\n<\/tr>\n<tr>\n<td align=\"center\">Curso de Gradua\u00e7\u00e3o<\/td>\n<\/tr>\n<\/tbody>\n<\/table>\n<p>&nbsp;<\/p>\n<table border=\"0\" width=\"100%\" cellspacing=\"0\" cellpadding=\"0\">\n<tbody>\n<tr>\n<td align=\"center\">Endere\u00e7o: Av. Carlos Cavalcanti, 4748 &#8211; Uvaranas &#8211; Ponta Grossa &#8211; PR &#8211; CEP: 84.030-900<\/td>\n<\/tr>\n<tr>\n<td align=\"center\">Telefone: (42) 3220-3787<\/td>\n<\/tr>\n<tr>\n<td align=\"center\">Site Oficial:\u00a0<a href=\"http:\/\/pitangui.uepg.br\/departamentos\/deartes\/\" target=\"_blank\" rel=\"noopener\">http:\/\/pitangui.uepg.br\/departamentos\/deartes\/<\/a><\/td>\n<\/tr>\n<tr>\n<td align=\"center\">E-Mail:\u00a0<a href=\"mailto:deartes@uepg.br\" target=\"_blank\" rel=\"noopener\">deartes@uepg.br<\/a><\/td>\n<\/tr>\n<tr>\n<td align=\"center\">Hor\u00e1rio de Atendimento: 8:00 \u00e0s 12:00 &#8211; 14:00 \u00e0s 18:00<\/td>\n<\/tr>\n<\/tbody>\n<\/table>\n<p>&nbsp;<\/p>\n<table border=\"0\" width=\"100%\" cellspacing=\"0\" cellpadding=\"0\">\n<tbody>\n<tr>\n<td align=\"center\">Servidores Lotados<\/td>\n<\/tr>\n<\/tbody>\n<\/table>\n<p>&nbsp;<\/p>\n<table border=\"0\" width=\"100%\" cellspacing=\"0\" cellpadding=\"0\">\n<tbody>\n<tr>\n<td align=\"center\" width=\"35%\">Nome<\/td>\n<td align=\"center\" width=\"35%\">Cargo<\/td>\n<td align=\"center\" width=\"15%\">Titula\u00e7\u00e3o<\/td>\n<td align=\"center\" width=\"15%\">Carga Hor\u00e1ria<\/td>\n<\/tr>\n<\/tbody>\n<\/table>\n<p>&nbsp;<\/p>\n<table border=\"1\" width=\"100%\" cellspacing=\"0\" cellpadding=\"0\">\n<tbody>\n<tr>\n<td align=\"left\" width=\"35%\">Adriana Rodrigues Suarez<\/td>\n<td align=\"left\" width=\"35%\">Professor de Ensino Superior &#8211; Carreira<\/td>\n<td align=\"left\" width=\"15%\">Doutorado<\/td>\n<td align=\"left\" width=\"15%\">Dedica\u00e7\u00e3o Excl.<\/td>\n<\/tr>\n<tr>\n<td align=\"left\" width=\"35%\">Ana Luiza Ruschel Nunes<\/td>\n<td align=\"left\" width=\"35%\">Professor de Ensino Superior &#8211; Carreira<\/td>\n<td align=\"left\" width=\"15%\">Doutorado<\/td>\n<td align=\"left\" width=\"15%\">Dedica\u00e7\u00e3o Excl.<\/td>\n<\/tr>\n<tr>\n<td align=\"left\" width=\"35%\">Arthur Calheiros Amador<\/td>\n<td align=\"left\" width=\"35%\">Professor de Ens. Superior &#8211; Colaborador<\/td>\n<td align=\"left\" width=\"15%\">Doutorado<\/td>\n<td align=\"left\" width=\"15%\">20 Horas<\/td>\n<\/tr>\n<tr>\n<td align=\"left\" width=\"35%\">Carla Irene Roggenkamp<\/td>\n<td align=\"left\" width=\"35%\">Professor de Ensino Superior &#8211; Carreira<\/td>\n<td align=\"left\" width=\"15%\">Mestrado<\/td>\n<td align=\"left\" width=\"15%\">Dedica\u00e7\u00e3o Excl.<\/td>\n<\/tr>\n<tr>\n<td align=\"left\" width=\"35%\">Carlos Eduardo de Andrade e Silva Ramos<\/td>\n<td align=\"left\" width=\"35%\">Professor de Ens. Superior &#8211; Colaborador<\/td>\n<td align=\"left\" width=\"15%\">Doutorado<\/td>\n<td align=\"left\" width=\"15%\">20 Horas<\/td>\n<\/tr>\n<tr>\n<td align=\"left\" width=\"35%\">Caroline de Biassio Kret<\/td>\n<td align=\"left\" width=\"35%\">Professor de Ens. Superior &#8211; Colaborador<\/td>\n<td align=\"left\" width=\"15%\">Especializa\u00e7\u00e3o<\/td>\n<td align=\"left\" width=\"15%\">20 Horas<\/td>\n<\/tr>\n<tr>\n<td align=\"left\" width=\"35%\">Christian de S\u00e1 Quimelli<\/td>\n<td align=\"left\" width=\"35%\">Professor de Ens. Superior &#8211; Colaborador<\/td>\n<td align=\"left\" width=\"15%\">Mestrado<\/td>\n<td align=\"left\" width=\"15%\">20 Horas<\/td>\n<\/tr>\n<tr>\n<td align=\"left\" width=\"35%\">Cristian Javier Lopez<\/td>\n<td align=\"left\" width=\"35%\">Professor de Ens. Superior &#8211; Colaborador<\/td>\n<td align=\"left\" width=\"15%\">Doutorado<\/td>\n<td align=\"left\" width=\"15%\">20 Horas<\/td>\n<\/tr>\n<tr>\n<td align=\"left\" width=\"35%\">Cristiane Silveira<\/td>\n<td align=\"left\" width=\"35%\">Professor de Ens. Superior &#8211; Colaborador<\/td>\n<td align=\"left\" width=\"15%\">Doutorado<\/td>\n<td align=\"left\" width=\"15%\">20 Horas<\/td>\n<\/tr>\n<tr>\n<td align=\"left\" width=\"35%\">Diego Alexandre Divardim de Oliveira<\/td>\n<td align=\"left\" width=\"35%\">Professor de Ens. Superior &#8211; Colaborador<\/td>\n<td align=\"left\" width=\"15%\">Mestrado<\/td>\n<td align=\"left\" width=\"15%\">20 Horas<\/td>\n<\/tr>\n<tr>\n<td align=\"left\" width=\"35%\">Egon Eduardo Sebben<\/td>\n<td align=\"left\" width=\"35%\">Professor de Ensino Superior &#8211; Carreira<\/td>\n<td align=\"left\" width=\"15%\">Doutorado<\/td>\n<td align=\"left\" width=\"15%\">Dedica\u00e7\u00e3o Excl.<\/td>\n<\/tr>\n<tr>\n<td align=\"left\" width=\"35%\">Josie Agatha Parrilha da Silva<\/td>\n<td align=\"left\" width=\"35%\">Professor de Ensino Superior &#8211; Carreira<\/td>\n<td align=\"left\" width=\"15%\">Doutorado<\/td>\n<td align=\"left\" width=\"15%\">Dedica\u00e7\u00e3o Excl.<\/td>\n<\/tr>\n<tr>\n<td align=\"left\" width=\"35%\">Maria Cristina Mendes<\/td>\n<td align=\"left\" width=\"35%\">Professor de Ensino Superior &#8211; Carreira<\/td>\n<td align=\"left\" width=\"15%\">Doutorado<\/td>\n<td align=\"left\" width=\"15%\">Dedica\u00e7\u00e3o Excl.<\/td>\n<\/tr>\n<tr>\n<td align=\"left\" width=\"35%\">Nelson Silva Junior<\/td>\n<td align=\"left\" width=\"35%\">Professor de Ensino Superior &#8211; Carreira<\/td>\n<td align=\"left\" width=\"15%\">Doutorado<\/td>\n<td align=\"left\" width=\"15%\">Dedica\u00e7\u00e3o Excl.<\/td>\n<\/tr>\n<tr>\n<td align=\"left\" width=\"35%\">Patricia Camera Varella<\/td>\n<td align=\"left\" width=\"35%\">Professor de Ensino Superior &#8211; Carreira<\/td>\n<td align=\"left\" width=\"15%\">Doutorado<\/td>\n<td align=\"left\" width=\"15%\">Dedica\u00e7\u00e3o Excl.<\/td>\n<\/tr>\n<tr>\n<td align=\"left\" width=\"35%\">Rafael Dalalibera Rauski<\/td>\n<td align=\"left\" width=\"35%\">Professor de Ens. Superior &#8211; Colaborador<\/td>\n<td align=\"left\" width=\"15%\">Doutorado<\/td>\n<td align=\"left\" width=\"15%\">20 Horas<\/td>\n<\/tr>\n<tr>\n<td align=\"left\" width=\"35%\">Regina Stori<\/td>\n<td align=\"left\" width=\"35%\">Professor de Ensino Superior &#8211; Carreira<\/td>\n<td align=\"left\" width=\"15%\">Mestrado<\/td>\n<td align=\"left\" width=\"15%\">Dedica\u00e7\u00e3o Excl.<\/td>\n<\/tr>\n<tr>\n<td align=\"left\" width=\"35%\">Rogerio de Brito Bergold<\/td>\n<td align=\"left\" width=\"35%\">Professor de Ensino Superior &#8211; Carreira<\/td>\n<td align=\"left\" width=\"15%\">Doutorado<\/td>\n<td align=\"left\" width=\"15%\">Dedica\u00e7\u00e3o Excl.<\/td>\n<\/tr>\n<tr>\n<td align=\"left\" width=\"35%\">Ronaldo da Silva<\/td>\n<td align=\"left\" width=\"35%\">Professor de Ensino Superior &#8211; Carreira<\/td>\n<td align=\"left\" width=\"15%\">Doutorado<\/td>\n<td align=\"left\" width=\"15%\">Dedica\u00e7\u00e3o Excl.<\/td>\n<\/tr>\n<tr>\n<td align=\"left\" width=\"35%\">Sandra Borsoi<\/td>\n<td align=\"left\" width=\"35%\">Professor de Ensino Superior &#8211; Carreira<\/td>\n<td align=\"left\" width=\"15%\">Doutorado<\/td>\n<td align=\"left\" width=\"15%\">Dedica\u00e7\u00e3o Excl.<\/td>\n<\/tr>\n<tr>\n<td align=\"left\" width=\"35%\">Suelen Ribeiro Galdino<\/td>\n<td align=\"left\" width=\"35%\">Professor de Ens. Superior &#8211; Colaborador<\/td>\n<td align=\"left\" width=\"15%\">Mestrado<\/td>\n<td align=\"left\" width=\"15%\">20 Horas<\/td>\n<\/tr>\n<tr>\n<td align=\"left\" width=\"35%\">Valeria Metroski de Alvarenga<\/td>\n<td align=\"left\" width=\"35%\">Professor de Ens. Superior &#8211; Colaborador<\/td>\n<td align=\"left\" width=\"15%\">Doutorado<\/td>\n<td align=\"left\" width=\"15%\">20 Horas<\/td>\n<\/tr>\n<\/tbody>\n<\/table>\n<p>22 Professores<\/p>\n","protected":false},"excerpt":{"rendered":"<p>Egon Eduardo Sebben Chefe do Departamento de Artes &nbsp; Maria Cristina Mendes Curso de Gradua\u00e7\u00e3o &nbsp; Endere\u00e7o: Av. Carlos Cavalcanti, 4748 &#8211; Uvaranas &#8211; Ponta Grossa &#8211; PR &#8211; CEP: 84.030-900 Telefone: (42) 3220-3787 Site Oficial:\u00a0http:\/\/pitangui.uepg.br\/departamentos\/deartes\/ E-Mail:\u00a0deartes@uepg.br Hor\u00e1rio de Atendimento: 8:00 \u00e0s 12:00 &#8211; 14:00 \u00e0s 18:00 &nbsp; Servidores Lotados &nbsp; Nome Cargo Titula\u00e7\u00e3o Carga&nbsp;&hellip;<\/p>\n","protected":false},"author":378,"featured_media":0,"parent":0,"menu_order":0,"comment_status":"closed","ping_status":"closed","template":"","meta":[],"_links":{"self":[{"href":"https:\/\/www2.uepg.br\/deartes\/wp-json\/wp\/v2\/pages\/147"}],"collection":[{"href":"https:\/\/www2.uepg.br\/deartes\/wp-json\/wp\/v2\/pages"}],"about":[{"href":"https:\/\/www2.uepg.br\/deartes\/wp-json\/wp\/v2\/types\/page"}],"author":[{"embeddable":true,"href":"https:\/\/www2.uepg.br\/deartes\/wp-json\/wp\/v2\/users\/378"}],"replies":[{"embeddable":true,"href":"https:\/\/www2.uepg.br\/deartes\/wp-json\/wp\/v2\/comments?post=147"}],"version-history":[{"count":2,"href":"https:\/\/www2.uepg.br\/deartes\/wp-json\/wp\/v2\/pages\/147\/revisions"}],"predecessor-version":[{"id":196,"href":"https:\/\/www2.uepg.br\/deartes\/wp-json\/wp\/v2\/pages\/147\/revisions\/196"}],"wp:attachment":[{"href":"https:\/\/www2.uepg.br\/deartes\/wp-json\/wp\/v2\/media?parent=147"}],"curies":[{"name":"wp","href":"https:\/\/api.w.org\/{rel}","templated":true}]}}