{"id":150,"date":"2022-04-26T13:14:36","date_gmt":"2022-04-26T16:14:36","guid":{"rendered":"https:\/\/www2.uepg.br\/deartes\/?page_id=150"},"modified":"2022-04-26T14:20:46","modified_gmt":"2022-04-26T17:20:46","slug":"pesquisa","status":"publish","type":"page","link":"https:\/\/www2.uepg.br\/deartes\/pesquisa\/","title":{"rendered":"Pesquisa"},"content":{"rendered":"<ul>\n<li><strong>Titulo do Projeto:<\/strong>\u00a0\u201cAs rela\u00e7\u00f5es entre arte e ci\u00eancia no Renascimento: discuss\u00f5es e possibilidades dessa reaproxima\u00e7\u00e3o na atualidade\u201d<br \/>\n<strong>Pesquisador Respons\u00e1vel:<\/strong>\u00a0Prof\u00aa Ms. Josie Agatha Parrilha da Silva<\/li>\n<li><strong>T\u00edtulo do Projeto:<\/strong>\u00a0&#8220;Leitura, Interpreta\u00e7\u00e3o e a compreens\u00e3o das Artes Visuais: como trabalhar a media\u00e7\u00e3o na pr\u00e1tica de leitura de imagens no contexto escolar&#8221;<br \/>\n<strong>Pesquisador Respons\u00e1vel:\u00a0<\/strong>Prof\u00aa Dra. Ana Luiza Ruschel Nunes (orientadora da acad\u00eamica Ana Cla\u00fadia Bastiani &#8211; bolsista PROVIC\/UEPG).<\/li>\n<li><strong>Titulo do Projeto:\u00a0<\/strong>&#8221; Forma\u00e7\u00e3o Inicial\u00a0 e Continuada de professores de Artes Visuais e o percurso criativo com po\u00e9ticas em arte digital&#8221;<br \/>\n<strong>Pesquisador Respons\u00e1vel:\u00a0<\/strong>Prof\u00aa Dra. Ana Luiza Ruschel Nunes (orientadora acad\u00eamica Tha\u00edsa Justus (bolsista PIBIC\/CNPq)<\/li>\n<\/ul>\n","protected":false},"excerpt":{"rendered":"<p>Titulo do Projeto:\u00a0\u201cAs rela\u00e7\u00f5es entre arte e ci\u00eancia no Renascimento: discuss\u00f5es e possibilidades dessa reaproxima\u00e7\u00e3o na atualidade\u201d Pesquisador Respons\u00e1vel:\u00a0Prof\u00aa Ms. Josie Agatha Parrilha da Silva T\u00edtulo do Projeto:\u00a0&#8220;Leitura, Interpreta\u00e7\u00e3o e a compreens\u00e3o das Artes Visuais: como trabalhar a media\u00e7\u00e3o na pr\u00e1tica de leitura de imagens no contexto escolar&#8221; Pesquisador Respons\u00e1vel:\u00a0Prof\u00aa Dra. Ana Luiza Ruschel Nunes&nbsp;&hellip;<\/p>\n","protected":false},"author":378,"featured_media":0,"parent":0,"menu_order":0,"comment_status":"closed","ping_status":"closed","template":"","meta":[],"_links":{"self":[{"href":"https:\/\/www2.uepg.br\/deartes\/wp-json\/wp\/v2\/pages\/150"}],"collection":[{"href":"https:\/\/www2.uepg.br\/deartes\/wp-json\/wp\/v2\/pages"}],"about":[{"href":"https:\/\/www2.uepg.br\/deartes\/wp-json\/wp\/v2\/types\/page"}],"author":[{"embeddable":true,"href":"https:\/\/www2.uepg.br\/deartes\/wp-json\/wp\/v2\/users\/378"}],"replies":[{"embeddable":true,"href":"https:\/\/www2.uepg.br\/deartes\/wp-json\/wp\/v2\/comments?post=150"}],"version-history":[{"count":2,"href":"https:\/\/www2.uepg.br\/deartes\/wp-json\/wp\/v2\/pages\/150\/revisions"}],"predecessor-version":[{"id":197,"href":"https:\/\/www2.uepg.br\/deartes\/wp-json\/wp\/v2\/pages\/150\/revisions\/197"}],"wp:attachment":[{"href":"https:\/\/www2.uepg.br\/deartes\/wp-json\/wp\/v2\/media?parent=150"}],"curies":[{"name":"wp","href":"https:\/\/api.w.org\/{rel}","templated":true}]}}