{"id":174,"date":"2022-04-26T13:16:50","date_gmt":"2022-04-26T16:16:50","guid":{"rendered":"https:\/\/www2.uepg.br\/deartes\/?page_id=174"},"modified":"2022-04-26T14:24:11","modified_gmt":"2022-04-26T17:24:11","slug":"contato","status":"publish","type":"page","link":"https:\/\/www2.uepg.br\/deartes\/contato\/","title":{"rendered":"Contato"},"content":{"rendered":"<p align=\"center\"><strong><span style=\"font-size: small;\">DEPARTAMENTO DE ARTES<\/span><\/strong><br \/>\nda Universidade Estadual de Ponta Grossa<\/p>\n<p align=\"center\">O hor\u00e1rio de atendimento \u00e9 das 09:00 \u00e0s 12:00 e das 13:00 \u00e0s 18:00 horas<\/p>\n<p align=\"center\">Campus de Uvaranas<br \/>\nCentral de Salas, Sala 59<br \/>\nPonta Grossa &#8211; Paran\u00e1<br \/>\nFone: (42) 3220-3787<br \/>\n<a href=\"mailto:deartes@uepg.br\">deartes@uepg.br<\/a><\/p>\n<h1 class=\"title\"><\/h1>\n","protected":false},"excerpt":{"rendered":"<p>DEPARTAMENTO DE ARTES da Universidade Estadual de Ponta Grossa O hor\u00e1rio de atendimento \u00e9 das 09:00 \u00e0s 12:00 e das 13:00 \u00e0s 18:00 horas Campus de Uvaranas Central de Salas, Sala 59 Ponta Grossa &#8211; Paran\u00e1 Fone: (42) 3220-3787 deartes@uepg.br<\/p>\n","protected":false},"author":378,"featured_media":0,"parent":0,"menu_order":0,"comment_status":"closed","ping_status":"closed","template":"","meta":[],"_links":{"self":[{"href":"https:\/\/www2.uepg.br\/deartes\/wp-json\/wp\/v2\/pages\/174"}],"collection":[{"href":"https:\/\/www2.uepg.br\/deartes\/wp-json\/wp\/v2\/pages"}],"about":[{"href":"https:\/\/www2.uepg.br\/deartes\/wp-json\/wp\/v2\/types\/page"}],"author":[{"embeddable":true,"href":"https:\/\/www2.uepg.br\/deartes\/wp-json\/wp\/v2\/users\/378"}],"replies":[{"embeddable":true,"href":"https:\/\/www2.uepg.br\/deartes\/wp-json\/wp\/v2\/comments?post=174"}],"version-history":[{"count":2,"href":"https:\/\/www2.uepg.br\/deartes\/wp-json\/wp\/v2\/pages\/174\/revisions"}],"predecessor-version":[{"id":202,"href":"https:\/\/www2.uepg.br\/deartes\/wp-json\/wp\/v2\/pages\/174\/revisions\/202"}],"wp:attachment":[{"href":"https:\/\/www2.uepg.br\/deartes\/wp-json\/wp\/v2\/media?parent=174"}],"curies":[{"name":"wp","href":"https:\/\/api.w.org\/{rel}","templated":true}]}}