{"id":6,"date":"2020-04-20T14:56:52","date_gmt":"2020-04-20T17:56:52","guid":{"rendered":"http:\/\/www2.uepg.br\/debiogem\/?page_id=6"},"modified":"2026-02-07T03:16:26","modified_gmt":"2026-02-07T06:16:26","slug":"home","status":"publish","type":"page","link":"https:\/\/www2.uepg.br\/debiogem\/","title":{"rendered":"Home"},"content":{"rendered":"<div id=\"pl-6\"  class=\"panel-layout\" ><div id=\"pg-6-0\"  class=\"panel-grid panel-no-style\" ><div id=\"pgc-6-0-0\"  class=\"panel-grid-cell\" ><div id=\"panel-6-0-0-0\" class=\"so-panel widget widget_text panel-first-child panel-last-child\" data-index=\"0\" >\t\t\t<div class=\"textwidget\"><h1 class=\"entry-title\">DEBIOGEM<\/h1>\n<div class=\"entry-content\">\n<h2>Departamento de Biologia Estrutural, Molecular e Gen\u00e9tica<a href=\"http:\/\/www2.uepg.br\/sebisa\/wp-content\/uploads\/sites\/183\/2021\/04\/LOGOTIPO-DEBIOGEM-217x300-1.png\" data-slb-active=\"1\" data-slb-asset=\"1184928172\" data-slb-internal=\"0\" data-slb-group=\"131\"><img loading=\"lazy\" class=\"size-full wp-image-300 alignright\" src=\"http:\/\/www2.uepg.br\/sebisa\/wp-content\/uploads\/sites\/183\/2021\/04\/LOGOTIPO-DEBIOGEM-217x300-1.png\" alt=\"\" width=\"217\" height=\"300\" \/><\/a><\/h2>\n<h3 id=\"estrutura\">Estrutura do Departamento<\/h3>\n<p><strong>Profa. Dra. Marcia Helena Appel<\/strong><br \/>\nChefe de Departamento<\/p>\n<p><strong>Profa. Dra. Katia Sabrina Paludo<\/strong><br \/>\nChefe Adjunto<\/p>\n<p><strong>Jo\u00e3o Souza Ribas<\/strong><br \/>\nSecret\u00e1rio<\/p>\n<p><em>Per\u00edodo: 2025 \u2013 2027<\/em><\/p>\n<\/div>\n<\/div>\n\t\t<\/div><\/div><\/div><div id=\"pg-6-1\"  class=\"panel-grid panel-no-style\" ><div id=\"pgc-6-1-0\"  class=\"panel-grid-cell\" ><div id=\"panel-6-1-0-0\" class=\"so-panel widget widget_text panel-first-child panel-last-child\" data-index=\"1\" ><h3 class=\"widget-title\">Professores<\/h3>\t\t\t<div class=\"textwidget\"><table width=\"844\">\n<tbody>\n<tr>\n<td colspan=\"4\" width=\"844\">Professores Efetivos<\/td>\n<\/tr>\n<tr>\n<td width=\"274\">Professor<\/td>\n<td width=\"103\">Titula\u00e7\u00e3o<\/td>\n<td width=\"212\">Email<\/td>\n<td width=\"255\">Curr\u00edculo lattes<\/td>\n<\/tr>\n<tr>\n<td width=\"274\">Ana Carolina Martins Wille<\/td>\n<td width=\"103\">Doutorado<\/td>\n<td width=\"212\">anacarolina.wille@bol.com.br<\/td>\n<td width=\"255\">http:\/\/lattes.cnpq.br\/2542827777567476<\/td>\n<\/tr>\n<tr>\n<td width=\"274\">Carolina Weigert Galv\u00e3o<\/td>\n<td width=\"103\">Doutorado<\/td>\n<td width=\"212\">carolinawgalvao@hotmail.com<\/td>\n<td width=\"255\">http:\/\/lattes.cnpq.br\/9377247028344552<\/td>\n<\/tr>\n<tr>\n<td width=\"274\">Cristina L. Sant\u2019Ana C. Ayub<\/td>\n<td width=\"103\">Doutorado<\/td>\n<td width=\"212\">clscayub@uepg.br<\/td>\n<td width=\"255\">http:\/\/lattes.cnpq.br\/7300097584601217<\/td>\n<\/tr>\n<tr>\n<td width=\"274\">Jesiane Stefania da S. Batista<\/td>\n<td width=\"103\">Doutorado<\/td>\n<td width=\"212\">jesiane.batista@gmail.com<\/td>\n<td width=\"255\">http:\/\/lattes.cnpq.br\/3580230138760350<\/td>\n<\/tr>\n<tr>\n<td width=\"274\">Jos\u00e9 Rosa Gomes<\/td>\n<td width=\"103\">Doutorado<\/td>\n<td width=\"212\">1967jrgomes@gmail.com<\/td>\n<td width=\"255\">http:\/\/lattes.cnpq.br\/4984488464657526<\/td>\n<\/tr>\n<tr>\n<td width=\"274\">K\u00e1tia Sabrina Paludo<\/td>\n<td width=\"103\">Doutorado<\/td>\n<td width=\"212\">katiapaludo@gmail.com<\/td>\n<td width=\"255\">http:\/\/lattes.cnpq.br\/1719317353304371<\/td>\n<\/tr>\n<tr>\n<td width=\"274\">Mara Cristina de A. Matiello<\/td>\n<td width=\"103\">Doutorado<\/td>\n<td width=\"212\">almeidamara@uol.com.br<\/td>\n<td width=\"255\">http:\/\/lattes.cnpq.br\/8595585057634471<\/td>\n<\/tr>\n<tr>\n<td width=\"274\">Marcelo Ricardo Vicari<\/td>\n<td width=\"103\">Doutorado<\/td>\n<td width=\"212\">vicarimr@yahoo.com.br<\/td>\n<td width=\"255\">http:\/\/lattes.cnpq.br\/9824170107078686<\/td>\n<\/tr>\n<tr>\n<td width=\"274\">Marcia Helena Appel<\/td>\n<td width=\"103\">Doutorado<\/td>\n<td width=\"212\">marciaappel@yahoo.com.br<\/td>\n<td width=\"255\">http:\/\/lattes.cnpq.br\/8868251792850782<\/td>\n<\/tr>\n<tr>\n<td width=\"274\">Marcia Regina P. de Oliveira<\/td>\n<td width=\"103\">Doutorado<\/td>\n<td width=\"212\">marciarpaeso@ibest.com.br<\/td>\n<td width=\"255\">http:\/\/lattes.cnpq.br\/6362885343174859<\/td>\n<\/tr>\n<tr>\n<td width=\"274\">Marcos Pileggi<\/td>\n<td width=\"103\">Doutorado<\/td>\n<td width=\"212\">pileggimarcos@gmail.com<\/td>\n<td width=\"255\">http:\/\/lattes.cnpq.br\/4424834389341362<\/td>\n<\/tr>\n<tr>\n<td width=\"274\">Maria Albertina de M. Soares<\/td>\n<td width=\"103\">Doutorado<\/td>\n<td width=\"212\">tina@uepg.br<\/td>\n<td width=\"255\">http:\/\/lattes.cnpq.br\/6936218459657364<\/td>\n<\/tr>\n<tr>\n<td width=\"274\">Mateus Henrique Santos<\/td>\n<td width=\"103\">Doutorado<\/td>\n<td width=\"212\">marangonsantos@gmail.com<\/td>\n<td width=\"255\">http:\/\/lattes.cnpq.br\/8384040259506088<\/td>\n<\/tr>\n<tr>\n<td width=\"274\">Michele Dietrich Moura Costa<\/td>\n<td width=\"103\">Doutorado<\/td>\n<td width=\"212\">mi_dietrich@hotmail.com<\/td>\n<td width=\"255\">http:\/\/lattes.cnpq.br\/0408282742783023<\/td>\n<\/tr>\n<tr>\n<td width=\"274\">Rafael Bertoni da Silveira<\/td>\n<td width=\"103\">Doutorado<\/td>\n<td width=\"212\">rafaelbertoni@yahoo.com.br<\/td>\n<td width=\"255\">http:\/\/lattes.cnpq.br\/8312539911166690<\/td>\n<\/tr>\n<tr>\n<td width=\"274\">Roberto Ferreira Artoni<\/td>\n<td width=\"103\">Doutorado<\/td>\n<td width=\"212\">rfartoni@gmail.com<\/td>\n<td width=\"255\">http:\/\/lattes.cnpq.br\/8875928930712027<\/td>\n<\/tr>\n<tr>\n<td width=\"274\">Rodrigo de C\u00e1ssio da Silva<\/td>\n<td width=\"103\">Doutorado<\/td>\n<td width=\"212\">rodrigosilva2005@yahoo.com.br<\/td>\n<td width=\"255\">http:\/\/lattes.cnpq.br\/0172045142697974<\/td>\n<\/tr>\n<tr>\n<td width=\"274\">S\u00f4nia Alvim Veiga Pileggi<\/td>\n<td width=\"103\">Doutorado<\/td>\n<td width=\"212\">savpileggi@onda.com.br<\/td>\n<td width=\"255\">http:\/\/lattes.cnpq.br\/2134140554683394<\/td>\n<\/tr>\n<tr>\n<td width=\"274\">Viviane Nogaroto Vicari<\/td>\n<td width=\"103\">Doutorado<\/td>\n<td width=\"212\">vivianenogaroto@hotmail.com<\/td>\n<td width=\"255\">http:\/\/lattes.cnpq.br\/8691663299749290<\/td>\n<\/tr>\n<tr>\n<td colspan=\"4\" width=\"844\">Professores Colaboradores<\/td>\n<\/tr>\n<tr>\n<td>Caroline Regina Dias Machado<\/td>\n<td width=\"103\">Doutorado<\/td>\n<td width=\"212\">caroldmachado93@gmail.com<\/td>\n<td>http:\/\/lattes.cnpq.br\/8680265468697520<\/td>\n<\/tr>\n<tr>\n<td>N\u00e1dia Fayez Omar<\/td>\n<td width=\"103\">Doutorado<\/td>\n<td width=\"212\">odonto_nadia@yahoo.com.br<\/td>\n<td>http:\/\/lattes.cnpq.br\/2033980423867591<\/td>\n<\/tr>\n<\/tbody>\n<\/table>\n<table style=\"height: 91px\" width=\"846\">\n<tbody>\n<tr>\n<td>Matheus Azambuja dos Santos<\/td>\n<td width=\"103\">Doutorado<\/td>\n<td width=\"212\">matheus_azambuja@hotmail.com<\/td>\n<td>http:\/\/lattes.cnpq.br\/8085528799971037<\/td>\n<\/tr>\n<\/tbody>\n<\/table>\n<\/div>\n\t\t<\/div><\/div><\/div><div id=\"pg-6-2\"  class=\"panel-grid panel-no-style\" ><div id=\"pgc-6-2-0\"  class=\"panel-grid-cell\" ><div id=\"panel-6-2-0-0\" class=\"so-panel widget widget_text panel-first-child panel-last-child\" data-index=\"2\" ><h3 class=\"widget-title\">Laborat\u00f3rios<\/h3>\t\t\t<div class=\"textwidget\"><ul>\n<li>Laborat\u00f3rio de Gen\u00e9tica e Evolu\u00e7\u00e3o &#8211; M40 e M36C<\/li>\n<li>Laborat\u00f3rio de Ensino &#8211; M51<\/li>\n<li>Laborat\u00f3rio de Histot\u00e9cnica &#8211; M60<\/li>\n<li>Laborat\u00f3rio de Biologia Celular &#8211; M67<\/li>\n<li>Laborat\u00f3rio de Embriologia e Biologia do Desenvolvimento M69<\/li>\n<li>Laborat\u00f3rio de Histologia Geral e Humana &#8211; M75A<\/li>\n<li>Laborat\u00f3rio de Microbiologia; Bacteriologia, Micologia e Sala de Apoio &#8211; M82A<\/li>\n<li>Laborat\u00f3rio de Microbiologia B\u00e1sica &#8211; 83B<\/li>\n<li>Laborat\u00f3rio de Microbiologia Ambiental &#8211; M82A e 123D. <a href=\"https:\/\/www2.uepg.br\/microbiologia-ambiental\/\">https:\/\/www2.uepg.br\/microbiologia-ambiental\/<\/a><\/li>\n<li>Laborat\u00f3rio de Biodiversidade &#8211; M123D<\/li>\n<li>Laborat\u00f3rio de Ecologia Evolutiva &#8211; M123E<\/li>\n<li>Laborat\u00f3rio de Pesquisa em Biologia Cromoss\u00f4mica: Estrutura e Fun\u00e7\u00e3o<\/li>\n<\/ul>\n<\/div>\n\t\t<\/div><\/div><\/div><div id=\"pg-6-3\"  class=\"panel-grid panel-no-style\" ><div id=\"pgc-6-3-0\"  class=\"panel-grid-cell\" ><div id=\"panel-6-3-0-0\" class=\"so-panel widget widget_sow-features panel-first-child\" data-index=\"3\" ><div class=\"panel-widget-style panel-widget-style-for-6-3-0-0\" ><div\n\t\t\t\n\t\t\tclass=\"so-widget-sow-features so-widget-sow-features-default-2ea7ff336684-6\"\n\t\t\t\n\t\t>\n<div class=\"sow-features-list sow-features-responsive\">\n\n\t\t\t\t\t\t<div\n\t\t\t\tclass=\"sow-features-feature sow-icon-container-position-top sow-features-feature-last-row\"\n\t\t\t\tstyle=\"display: flex; flex-direction: column; float: left; width: 33.333%;\"\n\t\t\t>\n\n\t\t\t\t\t\t\t\t\t<a\n\t\t\t\t\t\thref=\"https:\/\/www.uepg.br\/\"\n\t\t\t\t\t\t\t\t\t\t\t>\n\t\t\t\t\t\t\t\t<div\n\t\t\t\t\tclass=\"sow-icon-container sow-container-rounded-square\"\n                    style=\"color: #03336c; \"\n\t\t\t\t\ttitle=\"Portal UEPG\">\n\t\t\t\t\t<span class=\"sow-icon-fontawesome sow-fas\" data-sow-icon=\"&#xf19c;\"\n\t\tstyle=\"font-size: 50px; color: #FFFFFF\" \n\t\taria-hidden=\"true\"><\/span>\t\t\t\t<\/div>\n\t\t\t\t\t\t\t\t\t<\/a>\n\t\t\t\t\n\t\t\t\t<div class=\"textwidget\">\n\t\t\t\t\t\t\t\t\t\t\t<h5>\n\t\t\t\t\t\t\t\t\t\t\t\t\t\t\t<a\n\t\t\t\t\t\t\t\t\thref=\"https:\/\/www.uepg.br\/\"\n\t\t\t\t\t\t\t\t\t\t\t\t\t\t\t\t\t>\n\t\t\t\t\t\t\t\n\t\t\t\t\t\t\tPortal UEPG\t\t\t\t\t\t\t\t\t\t\t\t\t\t\t<\/a>\n\t\t\t\t\t\t\t\t\t\t\t\t\t<\/h5>\n\t\t\t\t\t\n\t\t\t\t\t\n\t\t\t\t\t\t\t\t\t<\/div>\n\t\t\t\t\t\t\t<\/div>\n\n\t\t\t\t\t<div\n\t\t\t\tclass=\"sow-features-feature sow-icon-container-position-top sow-features-feature-last-row\"\n\t\t\t\tstyle=\"display: flex; flex-direction: column; float: left; width: 33.333%;\"\n\t\t\t>\n\n\t\t\t\t\t\t\t\t\t<a\n\t\t\t\t\t\thref=\"https:\/\/sei.uepg.br\/\"\n\t\t\t\t\t\t\t\t\t\t\t>\n\t\t\t\t\t\t\t\t<div\n\t\t\t\t\tclass=\"sow-icon-container sow-container-rounded-square\"\n                    style=\"color: #ffffff; \"\n\t\t\t\t\ttitle=\"Protocolo Digital\">\n\t\t\t\t\t<div class=\"sow-icon-image\" style=\"background-image: url(https:\/\/www2.uepg.br\/debiogem\/wp-content\/uploads\/sites\/292\/2020\/04\/sei.jpg); font-size: 50px\"><\/div>\t\t\t\t<\/div>\n\t\t\t\t\t\t\t\t\t<\/a>\n\t\t\t\t\n\t\t\t\t<div class=\"textwidget\">\n\t\t\t\t\t\t\t\t\t\t\t<h5>\n\t\t\t\t\t\t\t\t\t\t\t\t\t\t\t<a\n\t\t\t\t\t\t\t\t\thref=\"https:\/\/sei.uepg.br\/\"\n\t\t\t\t\t\t\t\t\t\t\t\t\t\t\t\t\t>\n\t\t\t\t\t\t\t\n\t\t\t\t\t\t\tProtocolo Digital\t\t\t\t\t\t\t\t\t\t\t\t\t\t\t<\/a>\n\t\t\t\t\t\t\t\t\t\t\t\t\t<\/h5>\n\t\t\t\t\t\n\t\t\t\t\t\n\t\t\t\t\t\t\t\t\t<\/div>\n\t\t\t\t\t\t\t<\/div>\n\n\t\t\t\t\t<div\n\t\t\t\tclass=\"sow-features-feature sow-icon-container-position-top sow-features-feature-last-row\"\n\t\t\t\tstyle=\"display: flex; flex-direction: column; float: left; width: 33.333%;\"\n\t\t\t>\n\n\t\t\t\t\t\t\t\t\t<a\n\t\t\t\t\t\thref=\"https:\/\/www2.uepg.br\/\"\n\t\t\t\t\t\t\t\t\t\t\t>\n\t\t\t\t\t\t\t\t<div\n\t\t\t\t\tclass=\"sow-icon-container sow-container-rounded-square\"\n                    style=\"color: #0e7f77; \"\n\t\t\t\t\ttitle=\"+ Servi\u00e7os\">\n\t\t\t\t\t<span class=\"sow-icon-fontawesome sow-fas\" data-sow-icon=\"&#xf501;\"\n\t\tstyle=\"font-size: 50px; color: #FFFFFF\" \n\t\taria-hidden=\"true\"><\/span>\t\t\t\t<\/div>\n\t\t\t\t\t\t\t\t\t<\/a>\n\t\t\t\t\n\t\t\t\t<div class=\"textwidget\">\n\t\t\t\t\t\t\t\t\t\t\t<h5>\n\t\t\t\t\t\t\t\t\t\t\t\t\t\t\t<a\n\t\t\t\t\t\t\t\t\thref=\"https:\/\/www2.uepg.br\/\"\n\t\t\t\t\t\t\t\t\t\t\t\t\t\t\t\t\t>\n\t\t\t\t\t\t\t\n\t\t\t\t\t\t\t+ Servi\u00e7os\t\t\t\t\t\t\t\t\t\t\t\t\t\t\t<\/a>\n\t\t\t\t\t\t\t\t\t\t\t\t\t<\/h5>\n\t\t\t\t\t\n\t\t\t\t\t\n\t\t\t\t\t\t\t\t\t<\/div>\n\t\t\t\t\t\t\t<\/div>\n\n\t\t\t\n<\/div>\n<\/div><\/div><\/div><div id=\"panel-6-3-0-1\" class=\"so-panel widget widget_siteorigin-panels-builder panel-last-child\" data-index=\"4\" ><div id=\"pl-w69663f8ba01e0\"  class=\"panel-layout\" ><div id=\"pg-w69663f8ba01e0-0\"  class=\"panel-grid panel-no-style\" ><div id=\"pgc-w69663f8ba01e0-0-0\"  class=\"panel-grid-cell\" ><div id=\"panel-w69663f8ba01e0-0-0-0\" class=\"so-panel widget widget_block panel-first-child panel-last-child\" data-index=\"0\" ><\/div><\/div><\/div><\/div><\/div><\/div><\/div><\/div>","protected":false},"excerpt":{"rendered":"<p>DEBIOGEM Departamento de Biologia Estrutural, Molecular e Gen\u00e9tica Estrutura do Departamento Profa. Dra. Marcia Helena Appel Chefe de Departamento Profa. Dra. Katia Sabrina Paludo Chefe Adjunto Jo\u00e3o Souza Ribas Secret\u00e1rio Per\u00edodo: 2025 \u2013 2027 Professores Efetivos Professor Titula\u00e7\u00e3o Email Curr\u00edculo lattes Ana Carolina Martins Wille Doutorado anacarolina.wille@bol.com.br http:\/\/lattes.cnpq.br\/2542827777567476 Carolina Weigert Galv\u00e3o Doutorado carolinawgalvao@hotmail.com http:\/\/lattes.cnpq.br\/9377247028344552 Cristina&nbsp;&hellip;<\/p>\n","protected":false},"author":24,"featured_media":0,"parent":0,"menu_order":0,"comment_status":"closed","ping_status":"closed","template":"","meta":[],"_links":{"self":[{"href":"https:\/\/www2.uepg.br\/debiogem\/wp-json\/wp\/v2\/pages\/6"}],"collection":[{"href":"https:\/\/www2.uepg.br\/debiogem\/wp-json\/wp\/v2\/pages"}],"about":[{"href":"https:\/\/www2.uepg.br\/debiogem\/wp-json\/wp\/v2\/types\/page"}],"author":[{"embeddable":true,"href":"https:\/\/www2.uepg.br\/debiogem\/wp-json\/wp\/v2\/users\/24"}],"replies":[{"embeddable":true,"href":"https:\/\/www2.uepg.br\/debiogem\/wp-json\/wp\/v2\/comments?post=6"}],"version-history":[{"count":24,"href":"https:\/\/www2.uepg.br\/debiogem\/wp-json\/wp\/v2\/pages\/6\/revisions"}],"predecessor-version":[{"id":237,"href":"https:\/\/www2.uepg.br\/debiogem\/wp-json\/wp\/v2\/pages\/6\/revisions\/237"}],"wp:attachment":[{"href":"https:\/\/www2.uepg.br\/debiogem\/wp-json\/wp\/v2\/media?parent=6"}],"curies":[{"name":"wp","href":"https:\/\/api.w.org\/{rel}","templated":true}]}}