{"id":130,"date":"2022-02-04T10:03:26","date_gmt":"2022-02-04T13:03:26","guid":{"rendered":"https:\/\/www2.uepg.br\/decon\/?page_id=130"},"modified":"2024-08-29T10:28:29","modified_gmt":"2024-08-29T13:28:29","slug":"historico","status":"publish","type":"page","link":"https:\/\/www2.uepg.br\/decon\/historico\/","title":{"rendered":"Hist\u00f3rico"},"content":{"rendered":"<p align=\"center\"><strong>HIST\u00d3RICO<\/strong><\/p>\n<p>O Curso de Ci\u00eancias Cont\u00e1beis foi estruturado conforme Resolu\u00e7\u00e3o n.\u00ba 010\/75 do dia 12 de novembro de 1975, autorizando seu funcionamento a partir de mar\u00e7o de 1976, sendo que seu reconhecimento se deu pelo Decreto n.\u00ba 83.799 de 30.07.1979 e Parecer CFE n.\u00ba 831\/79 de 07.06.1979.<\/p>\n<p>Assim, o curso nasceu quando ocupava o cargo de Reitor o professor Odeni Villaca Mongruel e, para o cargo de Vice-Reitor, o professor Daniel Albach Tavares que foram nomeados em 1974, e seu reconhecimento se deu na terceira gest\u00e3o que foi inaugurada no dia 28 de mar\u00e7o de 1979, com a nomea\u00e7\u00e3o do professor Daniel Albach Tavares para o cargo de Reitor e do professor Waldir Silva Capote para o cargo de Vice-Reitor.<\/p>\n<p>Durante a quinta gest\u00e3o, sendo os dirigentes os professores Jo\u00e3o Lubczyk e Lauro Fanchin, respectivamente Reitor e Vice-Reitor da Institui\u00e7\u00e3o, nomeados pelo Decreto n\u00ba 106, de 19\/03\/1987, ocorreu a cria\u00e7\u00e3o do Departamento de Contabilidade, de Administra\u00e7\u00e3o e de Economia, constitu\u00eddos pelos professores e disciplinas originalmente pertencentes ao Departamento de Economia e Administra\u00e7\u00e3o, que se desdobraram em tr\u00eas unidades departamentais: Contabilidade, Administra\u00e7\u00e3o de Empresas e Economia. A Resolu\u00e7\u00e3o C.A. n.\u00ba 166\/87 de 22\/11\/87 criou o Departamento de Contabilidade e sua instala\u00e7\u00e3o se deu a partir do dia 04.01.1988.<\/p>\n<p>Desta forma, o Curso de Ci\u00eancias Cont\u00e1beis surgiu em um momento de grande import\u00e2ncia para a Universidade Estadual de Ponta Grossa quando, ap\u00f3s sua cria\u00e7\u00e3o e regulamenta\u00e7\u00e3o, ela buscou confirmar sua voca\u00e7\u00e3o de polo irradiador de conhecimento e de cultura da regi\u00e3o Centro-Sul do Paran\u00e1, influenciando a sua comunidade desde o in\u00edcio dos anos 1960.<\/p>\n<p>A regi\u00e3o da cidade de Ponta Grossa, onde a Universidade tem sua sede, \u00e9 reconhecida pela sua for\u00e7a econ\u00f4mica na agroind\u00fastria em especial no tratamento de soja e do trigo, bem como na pecu\u00e1ria leiteira e su\u00edna, sendo que o processo de industrializa\u00e7\u00e3o aconteceu mais intensamente na cidade de no per\u00edodo entre 1975 e 2005 impulsionado pela boa infraestrutura de transporte, m\u00e3o-de-obra qualificada e barata, com a presen\u00e7a marcante da UEPG.<\/p>\n<p>Assim sendo, o curso de Ci\u00eancias Cont\u00e1beis p\u00f4de desde seu in\u00edcio contribuir com o desenvolvimento econ\u00f4mico e social da regi\u00e3o formando profissionais capacitados para atuar em diversas \u00e1reas das empresas instaladas, sejam elas de prestadoras de servi\u00e7os, do agroneg\u00f3cio, de cooperativas em geral, ou de outras plantas industriais instaladas e que v\u00eam se instalando na regi\u00e3o<\/p>\n<p>Na atualidade o curso, est\u00e1 alinhado com as diretivas da UEPG no que se refere \u00e0 sua miss\u00e3o declarada que s\u00e3o:<\/p>\n<p><em>A Universidade est\u00e1 comprometida com a educa\u00e7\u00e3o integral do estudante, preparando-o para: <\/em><\/p>\n<ul>\n<li><em>Exercer profiss\u00f5es de n\u00edvel superior; <\/em><\/li>\n<li><em>Praticar e desenvolver ci\u00eancia; <\/em><\/li>\n<li><em>Valorizar as m\u00faltiplas formas de conhecimento e express\u00e3o, t\u00e9cnicas e cient\u00edficas, art\u00edsticas e culturais; <\/em><\/li>\n<li><em>Exercer a cidadania; <\/em><\/li>\n<li><em>Refletir criticamente sobre a sociedade em que vive; <\/em><\/li>\n<li><em>Participar do esfor\u00e7o de supera\u00e7\u00e3o das desigualdades sociais e regionais; <\/em><\/li>\n<li><em>Assumir o compromisso com a constru\u00e7\u00e3o de uma sociedade socialmente justa, ambientalmente respons\u00e1vel, respeitadora da diversidade e livre de todas as formas de opress\u00e3o ou discrimina\u00e7\u00e3o de classe, g\u00eanero, etnia ou nacionalidade; <\/em><\/li>\n<li><em>Lutar pela universaliza\u00e7\u00e3o da cidadania e pela consolida\u00e7\u00e3o da democracia; <\/em><\/li>\n<li><em>Contribuir para a solidariedade nacional e internacional. <\/em><\/li>\n<\/ul>\n<p>Para manter tal alinhamento, \u00e9 preocupa\u00e7\u00e3o constante do curso a atualiza\u00e7\u00e3o das disciplinas componentes do curr\u00edculo pleno visando:<\/p>\n<ol>\n<li>a) Atualiza\u00e7\u00e3o t\u00e9cnica e cient\u00edfica;<\/li>\n<li>b) Abranger as tem\u00e1ticas socioambientais;<\/li>\n<li>c) Promover a pr\u00e1tica do empreendedorismo e da inova\u00e7\u00e3o;<\/li>\n<li>d) Buscar a diversifica\u00e7\u00e3o cultural do egresso;<\/li>\n<li>e) Incentivar o debate com \u00e9tica sobre a realidade sociocultural.<\/li>\n<\/ol>\n<p>Ainda dentro desta afinidade com as diretivas gerais da miss\u00e3o da UEPG, o curso estimula a pesquisa cientifica atrav\u00e9s de projetos que tratam de temas relevantes para a comunidade, desde quest\u00f5es socioambientais, \u00e9ticas, financeiras, pol\u00edticas p\u00fablicas entre outras possibilidades.<\/p>\n<p>A extens\u00e3o \u00e9 um importante gerador de integra\u00e7\u00e3o do curso com a comunidade e tornou-se mais intensa com a curriculariza\u00e7\u00e3o da extens\u00e3o. Na atualidade o curso tem tradi\u00e7\u00e3o em desenvolver a\u00e7\u00f5es de apoio tribut\u00e1rio \u00e0 contribuintes bem como outros de apoio a entidades sem fins lucrativos, de educa\u00e7\u00e3o sobre fundamentos b\u00e1sicos de finan\u00e7as pessoais e familiares e de apoio a pequenos neg\u00f3cios.<\/p>\n<p>Possui parcerias com a Receita Federal do Brasil e com o Observat\u00f3rio Social, havendo um grande potencial em firmar parcerias com outras entidades tais como SEBRAE, SESI, SENAC, escolas p\u00fablicas e institui\u00e7\u00f5es do terceiro setor.<\/p>\n<p>Esta forma de pensar e de atuar tem levado o curso a uma posi\u00e7\u00e3o de destaque na UEPG, classificando-o entre os tr\u00eas maiores em alunos matriculados.<\/p>\n<p>Visando aperfei\u00e7oar-se e buscar contribuir mais com a comunidade, o curso tem listado em seu PDI metas que visam a melhora de seu desempenho atrav\u00e9s da autoavalia\u00e7\u00e3o, a proximidade com o aluno egresso, articula\u00e7\u00e3o com a CPA e integra\u00e7\u00e3o dos acad\u00eamicos no Colegiado de Curso.<\/p>\n<p>Para os alunos que estejam cursando, o PDI tem como metas Cria\u00e7\u00e3o de Eventos de extens\u00e3o para nivelamento em conhecimentos b\u00e1sicos sobre contabilidade, implanta\u00e7\u00e3o da aula inaugural para os ingressantes, implanta\u00e7\u00e3o da semana pedag\u00f3gica para professores e estimular as visitas t\u00e9cnicas.<\/p>\n<p>Dentro desta vis\u00e3o de relacionamento com a comunidade, um dos objetivos \u00e9 desenvolver atividades de aten\u00e7\u00e3o aos acad\u00eamicos matriculados e aos egressos, como uma melhor prepara\u00e7\u00e3o para o exame do Conselho Federal de Contabilidade que \u00e9 obrigat\u00f3rio para os que pretendem seguir a carreira de Contadores e suas ramifica\u00e7\u00f5es profissionais.<\/p>\n<p>Assim, o curso de Ci\u00eancias Cont\u00e1beis insere-se plenamente na miss\u00e3o institucional e contribui efetivamente para o crescimento da Universidade e com a melhoria da comunidade abrangida por esta.<\/p>\n","protected":false},"excerpt":{"rendered":"<p>HIST\u00d3RICO O Curso de Ci\u00eancias Cont\u00e1beis foi estruturado conforme Resolu\u00e7\u00e3o n.\u00ba 010\/75 do dia 12 de novembro de 1975, autorizando seu funcionamento a partir de mar\u00e7o de 1976, sendo que seu reconhecimento se deu pelo Decreto n.\u00ba 83.799 de 30.07.1979 e Parecer CFE n.\u00ba 831\/79 de 07.06.1979. Assim, o curso nasceu quando ocupava o cargo&nbsp;&hellip;<\/p>\n","protected":false},"author":420,"featured_media":0,"parent":0,"menu_order":0,"comment_status":"closed","ping_status":"closed","template":"","meta":[],"_links":{"self":[{"href":"https:\/\/www2.uepg.br\/decon\/wp-json\/wp\/v2\/pages\/130"}],"collection":[{"href":"https:\/\/www2.uepg.br\/decon\/wp-json\/wp\/v2\/pages"}],"about":[{"href":"https:\/\/www2.uepg.br\/decon\/wp-json\/wp\/v2\/types\/page"}],"author":[{"embeddable":true,"href":"https:\/\/www2.uepg.br\/decon\/wp-json\/wp\/v2\/users\/420"}],"replies":[{"embeddable":true,"href":"https:\/\/www2.uepg.br\/decon\/wp-json\/wp\/v2\/comments?post=130"}],"version-history":[{"count":15,"href":"https:\/\/www2.uepg.br\/decon\/wp-json\/wp\/v2\/pages\/130\/revisions"}],"predecessor-version":[{"id":437,"href":"https:\/\/www2.uepg.br\/decon\/wp-json\/wp\/v2\/pages\/130\/revisions\/437"}],"wp:attachment":[{"href":"https:\/\/www2.uepg.br\/decon\/wp-json\/wp\/v2\/media?parent=130"}],"curies":[{"name":"wp","href":"https:\/\/api.w.org\/{rel}","templated":true}]}}