{"id":135,"date":"2022-02-04T10:16:54","date_gmt":"2022-02-04T13:16:54","guid":{"rendered":"https:\/\/www2.uepg.br\/decon\/?page_id=135"},"modified":"2026-02-27T16:20:04","modified_gmt":"2026-02-27T19:20:04","slug":"estrutura","status":"publish","type":"page","link":"https:\/\/www2.uepg.br\/decon\/estrutura\/","title":{"rendered":"ESTRUTURA"},"content":{"rendered":"<hr \/>\n<h3 style=\"text-align: center\"><strong>ESTRUTURA ADMINISTRATIVA<\/strong><\/h3>\n<hr \/>\n<h3 style=\"text-align: center\">Chefe do Departamento<\/h3>\n<h3 style=\"text-align: center\"><strong>Marta L\u00facia Schaedler<\/strong><\/h3>\n<h3 style=\"text-align: center\"><a href=\"decon@uepg.br\">decon@uepg.br<\/a><\/h3>\n<h3 style=\"text-align: center\">Chefe Adjunto<\/h3>\n<h3 style=\"text-align: center\"><strong>Franciele Machado de Souza<\/strong><\/h3>\n<hr \/>\n<h3 style=\"text-align: center\">Coordenador &#8211; Colegiado de Cont\u00e1beis<\/h3>\n<h3 style=\"text-align: center\"><strong>H\u00e9lio de Lara Dias<\/strong><\/h3>\n<h3 style=\"text-align: center\"><a href=\"colegcont@uepg.br\">colegcont@uepg.br<\/a><\/h3>\n<h3 style=\"text-align: center\">Vice coordenador do colegiado<\/h3>\n<h3 style=\"text-align: center\"><strong>Sandro Rog\u00e9rio Camargo<\/strong><\/h3>\n<p>&nbsp;<\/p>\n<p>&nbsp;<\/p>\n<hr \/>\n<p style=\"text-align: center\">\n","protected":false},"excerpt":{"rendered":"<p>ESTRUTURA ADMINISTRATIVA Chefe do Departamento Marta L\u00facia Schaedler decon@uepg.br Chefe Adjunto Franciele Machado de Souza Coordenador &#8211; Colegiado de Cont\u00e1beis H\u00e9lio de Lara Dias colegcont@uepg.br Vice coordenador do colegiado Sandro Rog\u00e9rio Camargo &nbsp; &nbsp;<\/p>\n","protected":false},"author":420,"featured_media":0,"parent":0,"menu_order":0,"comment_status":"closed","ping_status":"closed","template":"","meta":[],"_links":{"self":[{"href":"https:\/\/www2.uepg.br\/decon\/wp-json\/wp\/v2\/pages\/135"}],"collection":[{"href":"https:\/\/www2.uepg.br\/decon\/wp-json\/wp\/v2\/pages"}],"about":[{"href":"https:\/\/www2.uepg.br\/decon\/wp-json\/wp\/v2\/types\/page"}],"author":[{"embeddable":true,"href":"https:\/\/www2.uepg.br\/decon\/wp-json\/wp\/v2\/users\/420"}],"replies":[{"embeddable":true,"href":"https:\/\/www2.uepg.br\/decon\/wp-json\/wp\/v2\/comments?post=135"}],"version-history":[{"count":18,"href":"https:\/\/www2.uepg.br\/decon\/wp-json\/wp\/v2\/pages\/135\/revisions"}],"predecessor-version":[{"id":539,"href":"https:\/\/www2.uepg.br\/decon\/wp-json\/wp\/v2\/pages\/135\/revisions\/539"}],"wp:attachment":[{"href":"https:\/\/www2.uepg.br\/decon\/wp-json\/wp\/v2\/media?parent=135"}],"curies":[{"name":"wp","href":"https:\/\/api.w.org\/{rel}","templated":true}]}}