{"id":137,"date":"2022-02-04T10:18:30","date_gmt":"2022-02-04T13:18:30","guid":{"rendered":"https:\/\/www2.uepg.br\/decon\/?page_id=137"},"modified":"2025-06-05T16:52:17","modified_gmt":"2025-06-05T19:52:17","slug":"colegiado","status":"publish","type":"page","link":"https:\/\/www2.uepg.br\/decon\/colegiado\/","title":{"rendered":"COLEGIADO"},"content":{"rendered":"<div id=\"pl-137\"  class=\"panel-layout\" ><div id=\"pg-137-0\"  class=\"panel-grid panel-no-style\" ><div id=\"pgc-137-0-0\"  class=\"panel-grid-cell\" ><div id=\"panel-137-0-0-0\" class=\"so-panel widget widget_sow-accordion panel-first-child\" data-index=\"0\" ><div\n\t\t\t\n\t\t\tclass=\"so-widget-sow-accordion so-widget-sow-accordion-default-72f3dee6ab02-137\"\n\t\t\t\n\t\t><h3 class=\"widget-title\">COMPOSI\u00c7\u00c3O DO COLEGIADO DO CURSO DE CI\u00caNCIAS CONT\u00c1BEIS<\/h3><div>\n\t<div class=\"sow-accordion\">\n\t\t\t<div class=\"sow-accordion-panel\"\n\t\t\t data-anchor=\"colegiado-com-mandato-de-maio2021-a-maio2023\">\n\t\t\t\t<div class=\"sow-accordion-panel-header-container\" role=\"heading\" aria-level=\"2\">\n\t\t\t\t\t<div class=\"sow-accordion-panel-header\" tabindex=\"0\" role=\"button\" id=\"accordion-label-colegiado-com-mandato-de-maio2021-a-maio2023\" aria-controls=\"accordion-content-colegiado-com-mandato-de-maio2021-a-maio2023\" aria-expanded=\"false\">\n\t\t\t\t\t\t<div class=\"sow-accordion-title sow-accordion-title-icon-left\">\n\t\t\t\t\t\t\t\t\t\t\t\t\t\tCOLEGIADO COM MANDATO DE MAIO\/2021 A MAIO\/2023\t\t\t\t\t\t\t\t\t\t\t\t\t<\/div>\n\t\t\t\t\t\t<div class=\"sow-accordion-open-close-button\">\n\t\t\t\t\t\t\t<div class=\"sow-accordion-open-button\">\n\t\t\t\t\t\t\t\t<span class=\"sow-icon-ionicons\" data-sow-icon=\"&#xf218;\"\n\t\t \n\t\taria-hidden=\"true\"><\/span>\t\t\t\t\t\t\t<\/div>\n\t\t\t\t\t\t\t<div class=\"sow-accordion-close-button\">\n\t\t\t\t\t\t\t\t<span class=\"sow-icon-ionicons\" data-sow-icon=\"&#xf209;\"\n\t\t \n\t\taria-hidden=\"true\"><\/span>\t\t\t\t\t\t\t<\/div>\n\t\t\t\t\t\t<\/div>\n\t\t\t\t\t<\/div>\n\t\t\t\t<\/div>\n\n\t\t\t<div\n\t\t\t\tclass=\"sow-accordion-panel-content\"\n\t\t\t\trole=\"region\"\n\t\t\t\taria-labelledby=\"accordion-label-colegiado-com-mandato-de-maio2021-a-maio2023\"\n\t\t\t\tid=\"accordion-content-colegiado-com-mandato-de-maio2021-a-maio2023\"\n\t\t\t\tstyle=\"display: none;\"\t\t\t>\n\t\t\t\t<div class=\"sow-accordion-panel-border\" tabindex=\"0\">\n\t\t\t\t\t<p style=\"text-align: center\"><strong>Jocimar Donizeti do Prado (coordenador)<\/strong><\/p>\n<p style=\"text-align: center\"><strong>Eliane Iara Bendix (Vice coordenadora)<\/strong><\/p>\n<p style=\"text-align: center\"><strong>Rosaly Machado (Membro)<\/strong><\/p>\n<p style=\"text-align: center\"><strong>Franciele Machado de Souza (Membro)<\/strong><\/p>\n<p style=\"text-align: center\"><strong>Jess\u00e9 Alencar da Silva (Membro)<\/strong><\/p>\n<p style=\"text-align: center\">\n<\/p>\t\t\t\t<\/div>\n\t\t\t<\/div>\n\t\t<\/div>\n\t\t<\/div>\n<\/div>\n<\/div><\/div><div id=\"panel-137-0-0-1\" class=\"so-panel widget widget_sow-cta\" data-index=\"1\" ><div\n\t\t\t\n\t\t\tclass=\"so-widget-sow-cta so-widget-sow-cta-default-4208922e6c26-137\"\n\t\t\t\n\t\t><div class=\"sow-cta-base\">\n\n\t<div class=\"sow-cta-wrapper\">\n\n\t\t<div class=\"sow-cta-text\">\n\t\t\t<h4 class=\"sow-cta-title\">CONHE\u00c7A O PROJETO PEDAG\u00d3GICO DO CURSO EM VIG\u00caNCIA AT\u00c9 31\/12\/2022<\/h4>\n\t\t\t<h5 class=\"sow-cta-subtitle\"><\/h5>\n\t\t<\/div>\n\n\t\t<div\n\t\t\t\n\t\t\tclass=\"so-widget-sow-button so-widget-sow-button-atom-b4f6b6b19f96\"\n\t\t\t\n\t\t><div class=\"ow-button-base ow-button-align-center\">\n\t<a href=\"http:\/\/google.com\" class=\"ow-icon-placement-left ow-button-hover\" target=\"_blank\" rel=\"noopener noreferrer\" \t\t>\n\t\t<span>\n\t\t\t<div class=\"sow-icon-image\" style=\"background-image: url(https:\/\/www2.uepg.br\/decon\/wp-content\/uploads\/sites\/212\/2022\/02\/gdd166e70df3c1f613fe45b5eea54aa3b9903bfed22788be2a05add900099ca577b11fed42cd1494d59a69a9e7af4aebb_1920-150x150.jpg)\"><\/div>\n\t\t\tPPC\t\t<\/span>\n\t<\/a>\n<\/div>\n<\/div>\n\t<\/div>\n\n<\/div>\n<\/div><\/div><div id=\"panel-137-0-0-2\" class=\"so-panel widget widget_sow-cta\" data-index=\"2\" ><div\n\t\t\t\n\t\t\tclass=\"so-widget-sow-cta so-widget-sow-cta-default-4208922e6c26-137\"\n\t\t\t\n\t\t><div class=\"sow-cta-base\">\n\n\t<div class=\"sow-cta-wrapper\">\n\n\t\t<div class=\"sow-cta-text\">\n\t\t\t<h4 class=\"sow-cta-title\">CONHE\u00c7A O PROJETO PEDAG\u00d3GICO DO CURSO EM VIG\u00caNCIA A PARTIR DE 2023 PARA DISCIPLINAS DA GRADE 10<\/h4>\n\t\t\t<h5 class=\"sow-cta-subtitle\"><\/h5>\n\t\t<\/div>\n\n\t\t<div\n\t\t\t\n\t\t\tclass=\"so-widget-sow-button so-widget-sow-button-atom-b4f6b6b19f96\"\n\t\t\t\n\t\t><div class=\"ow-button-base ow-button-align-center\">\n\t<a href=\"https:\/\/drive.google.com\/file\/d\/1oNDLPa1vlRqmevxS4D7per3Nw6_mHzjq\/view?usp=share_link\" class=\"ow-icon-placement-left ow-button-hover\" target=\"_blank\" rel=\"noopener noreferrer\" \t\t>\n\t\t<span>\n\t\t\t<div class=\"sow-icon-image\" style=\"background-image: url(https:\/\/www2.uepg.br\/decon\/wp-content\/uploads\/sites\/212\/2022\/02\/gdd166e70df3c1f613fe45b5eea54aa3b9903bfed22788be2a05add900099ca577b11fed42cd1494d59a69a9e7af4aebb_1920-150x150.jpg)\"><\/div>\n\t\t\tPPC\t\t<\/span>\n\t<\/a>\n<\/div>\n<\/div>\n\t<\/div>\n\n<\/div>\n<\/div><\/div><div id=\"panel-137-0-0-3\" class=\"so-panel widget widget_sow-cta\" data-index=\"3\" ><div\n\t\t\t\n\t\t\tclass=\"so-widget-sow-cta so-widget-sow-cta-default-4208922e6c26-137\"\n\t\t\t\n\t\t><div class=\"sow-cta-base\">\n\n\t<div class=\"sow-cta-wrapper\">\n\n\t\t<div class=\"sow-cta-text\">\n\t\t\t<h4 class=\"sow-cta-title\">CONHE\u00c7A AS METAS DO PDI ENCERRADO EM 2022 E AS PROPOSTAS PARA 2023-2027<\/h4>\n\t\t\t<h5 class=\"sow-cta-subtitle\"><\/h5>\n\t\t<\/div>\n\n\t\t<div\n\t\t\t\n\t\t\tclass=\"so-widget-sow-button so-widget-sow-button-atom-b4f6b6b19f96\"\n\t\t\t\n\t\t><div class=\"ow-button-base ow-button-align-center\">\n\t<a href=\"https:\/\/drive.google.com\/file\/d\/1EA0gQC5N8Tu1Cvqq0baC660IAFpauFwt\/view?usp=share_link\" class=\"ow-icon-placement-left ow-button-hover\" target=\"_blank\" rel=\"noopener noreferrer\" \t\t>\n\t\t<span>\n\t\t\t<div class=\"sow-icon-image\" style=\"background-image: url(https:\/\/www2.uepg.br\/decon\/wp-content\/uploads\/sites\/212\/2020\/04\/gfbb6fb758d085cdcec52dc806284332520cac3b4483c91d08f3b49579ef3cdc6887bb1bc68dec2cd5d29193feaa012e2_1920-150x150.png)\"><\/div>\n\t\t\tPDI\t\t<\/span>\n\t<\/a>\n<\/div>\n<\/div>\n\t<\/div>\n\n<\/div>\n<\/div><\/div><div id=\"panel-137-0-0-4\" class=\"so-panel widget widget_sow-cta\" data-index=\"4\" ><div\n\t\t\t\n\t\t\tclass=\"so-widget-sow-cta so-widget-sow-cta-default-4208922e6c26-137\"\n\t\t\t\n\t\t><div class=\"sow-cta-base\">\n\n\t<div class=\"sow-cta-wrapper\">\n\n\t\t<div class=\"sow-cta-text\">\n\t\t\t<h4 class=\"sow-cta-title\">Voc\u00ea j\u00e1 conhece a resolu\u00e7\u00e3o que trata da mudan\u00e7a de turnos na UEPG?<\/h4>\n\t\t\t<h5 class=\"sow-cta-subtitle\"><\/h5>\n\t\t<\/div>\n\n\t\t<div\n\t\t\t\n\t\t\tclass=\"so-widget-sow-button so-widget-sow-button-atom-b4f6b6b19f96\"\n\t\t\t\n\t\t><div class=\"ow-button-base ow-button-align-center\">\n\t<a href=\"https:\/\/pitangui.uepg.br\/secrei\/cepe\/Manual_legislacao\/Graduacao\/Resolucao%20CEPE%20n%20008%202019.pdf\" class=\"ow-icon-placement-left ow-button-hover\" target=\"_blank\" rel=\"noopener noreferrer\" \t\t>\n\t\t<span>\n\t\t\t<div class=\"sow-icon-image\" style=\"background-image: url(https:\/\/www2.uepg.br\/decon\/wp-content\/uploads\/sites\/212\/2022\/02\/g0822ebfc139f4892abf04cf7d18686486866726b5e63dff07e596e1c5dc22832f68f227cb67081785e1c3d885e7b114a_1920-150x150.jpg)\"><\/div>\n\t\t\tResolu\u00e7\u00e3o CEPE 008\/2019\t\t<\/span>\n\t<\/a>\n<\/div>\n<\/div>\n\t<\/div>\n\n<\/div>\n<\/div><\/div><div id=\"panel-137-0-0-5\" class=\"so-panel widget widget_sow-cta\" data-index=\"5\" ><div\n\t\t\t\n\t\t\tclass=\"so-widget-sow-cta so-widget-sow-cta-default-4208922e6c26-137\"\n\t\t\t\n\t\t><div class=\"sow-cta-base\">\n\n\t<div class=\"sow-cta-wrapper\">\n\n\t\t<div class=\"sow-cta-text\">\n\t\t\t<h4 class=\"sow-cta-title\">Conhe\u00e7a o Regimento Geral da UEPG<\/h4>\n\t\t\t<h5 class=\"sow-cta-subtitle\"><\/h5>\n\t\t<\/div>\n\n\t\t<div\n\t\t\t\n\t\t\tclass=\"so-widget-sow-button so-widget-sow-button-atom-b4f6b6b19f96\"\n\t\t\t\n\t\t><div class=\"ow-button-base ow-button-align-center\">\n\t<a href=\"https:\/\/drive.google.com\/file\/d\/1RwJX9ScRoeTigXUsy1dFkQSTnOCvqBov\/view?usp=sharing\" class=\"ow-icon-placement-left ow-button-hover\" target=\"_blank\" rel=\"noopener noreferrer\" \t\t>\n\t\t<span>\n\t\t\t<div class=\"sow-icon-image\" style=\"background-image: url(https:\/\/www2.uepg.br\/decon\/wp-content\/uploads\/sites\/212\/2022\/02\/ge961b82f86c4f9fe3cb254fe53e5e0397b24f0b0fcc754b2d28a3e9ea5addb170d48cfaec3ce6a2120b50ddc34837fd1_1920-150x150.jpg)\"><\/div>\n\t\t\tREGIMENTO UEPG\t\t<\/span>\n\t<\/a>\n<\/div>\n<\/div>\n\t<\/div>\n\n<\/div>\n<\/div><\/div><div id=\"panel-137-0-0-6\" class=\"so-panel widget widget_sow-cta\" data-index=\"6\" ><div\n\t\t\t\n\t\t\tclass=\"so-widget-sow-cta so-widget-sow-cta-default-4208922e6c26-137\"\n\t\t\t\n\t\t><div class=\"sow-cta-base\">\n\n\t<div class=\"sow-cta-wrapper\">\n\n\t\t<div class=\"sow-cta-text\">\n\t\t\t<h4 class=\"sow-cta-title\">Conhe\u00e7a o protocolo de Bioseguran\u00e7a da UEPG<\/h4>\n\t\t\t<h5 class=\"sow-cta-subtitle\"><\/h5>\n\t\t<\/div>\n\n\t\t<div\n\t\t\t\n\t\t\tclass=\"so-widget-sow-button so-widget-sow-button-atom-b4f6b6b19f96\"\n\t\t\t\n\t\t><div class=\"ow-button-base ow-button-align-center\">\n\t<a href=\"https:\/\/drive.google.com\/file\/d\/1PCPd3bGpv05DGW0iqRLHJUeDYjQCJyQ3\/view?usp=sharing\" class=\"ow-icon-placement-left ow-button-hover\" target=\"_blank\" rel=\"noopener noreferrer\" \t\t>\n\t\t<span>\n\t\t\t<div class=\"sow-icon-image\" style=\"background-image: url(https:\/\/www2.uepg.br\/decon\/wp-content\/uploads\/sites\/212\/2022\/02\/g2ba2ea4d8bc5209a59ee4c0ea998ef11aa964098cc4a0a483b7aeed0c007a45327cf9c555f0f63cb5042e0e9a763a87f_1920-150x150.jpg)\"><\/div>\n\t\t\tProtocolo\t\t<\/span>\n\t<\/a>\n<\/div>\n<\/div>\n\t<\/div>\n\n<\/div>\n<\/div><\/div><div id=\"panel-137-0-0-7\" class=\"so-panel widget widget_sow-cta\" data-index=\"7\" ><div\n\t\t\t\n\t\t\tclass=\"so-widget-sow-cta so-widget-sow-cta-default-6b0ca1af8355-137\"\n\t\t\t\n\t\t><div class=\"sow-cta-base\">\n\n\t<div class=\"sow-cta-wrapper\">\n\n\t\t<div class=\"sow-cta-text\">\n\t\t\t<h4 class=\"sow-cta-title\">Acesse aos of\u00edcios emitidos pelo Colegiado do Curso <\/h4>\n\t\t\t<h5 class=\"sow-cta-subtitle\"><\/h5>\n\t\t<\/div>\n\n\t\t<div\n\t\t\t\n\t\t\tclass=\"so-widget-sow-button so-widget-sow-button-atom-b4f6b6b19f96\"\n\t\t\t\n\t\t><div class=\"ow-button-base ow-button-align-center\">\n\t<a href=\"https:\/\/www2.uepg.br\/decon\/normativas\/\" class=\"ow-icon-placement-left ow-button-hover\" \t\t>\n\t\t<span>\n\t\t\t<div class=\"sow-icon-image\" style=\"background-image: url(https:\/\/www2.uepg.br\/decon\/wp-content\/uploads\/sites\/212\/2022\/02\/g8e0acf204b48a63a32f0744a253cdc8bca8f7c852a1056c297352d6aacdc24fdf24ea433b95f95efa045554f5a2b80b6_1920-150x150.jpg)\"><\/div>\n\t\t\tOficios\t\t<\/span>\n\t<\/a>\n<\/div>\n<\/div>\n\t<\/div>\n\n<\/div>\n<\/div><\/div><div id=\"panel-137-0-0-8\" class=\"so-panel widget widget_sow-button\" data-index=\"8\" ><div\n\t\t\t\n\t\t\tclass=\"so-widget-sow-button so-widget-sow-button-flat-b4f6b6b19f96-137\"\n\t\t\t\n\t\t><div class=\"ow-button-base ow-button-align-center\">\n\t<a href=\"https:\/\/drive.google.com\/file\/d\/1wDSV0TOv6gon1thgp4BsLLma1OlKx77m\/view?usp=drive_link\" class=\"ow-icon-placement-left ow-button-hover\" download=\"\" \t\t>\n\t\t<span>\n\t\t\t<div class=\"sow-icon-image\" style=\"background-image: url(https:\/\/www2.uepg.br\/decon\/wp-content\/uploads\/sites\/212\/2022\/02\/towfiqu-barbhuiya-nApaSgkzaxg-unsplash-150x150.jpg)\"><\/div>\n\t\t\tACESSE POR AQUI A FICHA DE CONTROLE DE CERTIFICADOS DO CURRICULO 9 \t\t<\/span>\n\t<\/a>\n<\/div>\n<\/div><\/div><div id=\"panel-137-0-0-9\" class=\"so-panel widget widget_sow-button panel-last-child\" data-index=\"9\" ><div\n\t\t\t\n\t\t\tclass=\"so-widget-sow-button so-widget-sow-button-flat-b4f6b6b19f96-137\"\n\t\t\t\n\t\t><div class=\"ow-button-base ow-button-align-center\">\n\t<a href=\"https:\/\/drive.google.com\/file\/d\/1l8fGhXEh_pVaiKKaD_GJz4ASpPvcih_y\/view?usp=drive_link\" class=\"ow-icon-placement-left ow-button-hover\" download=\"\" \t\t>\n\t\t<span>\n\t\t\t<div class=\"sow-icon-image\" style=\"background-image: url(https:\/\/www2.uepg.br\/decon\/wp-content\/uploads\/sites\/212\/2020\/04\/g933966c5acba412ddbe5df4e799b8e15a14cda81f3cce54becdedf56ea75202e2130d1feae1dcf2fb2f5e8ddfd56cfd3_1920-150x150.jpg)\"><\/div>\n\t\t\tACESSE POR AQUI A FICHA DE CONTROLE DE CERTIFICADOS DO CURRICULA 10 - 2023\t\t<\/span>\n\t<\/a>\n<\/div>\n<\/div><\/div><\/div><\/div><\/div>","protected":false},"excerpt":{"rendered":"<p>COMPOSI\u00c7\u00c3O DO COLEGIADO DO CURSO DE CI\u00caNCIAS CONT\u00c1BEIS COLEGIADO COM MANDATO DE MAIO\/2021 A MAIO\/2023 Jocimar Donizeti do Prado (coordenador) Eliane Iara Bendix (Vice coordenadora) Rosaly Machado (Membro) Franciele Machado de Souza (Membro) Jess\u00e9 Alencar da Silva (Membro) CONHE\u00c7A O PROJETO PEDAG\u00d3GICO DO CURSO EM VIG\u00caNCIA AT\u00c9 31\/12\/2022 PPC CONHE\u00c7A O PROJETO PEDAG\u00d3GICO DO CURSO&nbsp;&hellip;<\/p>\n","protected":false},"author":420,"featured_media":0,"parent":0,"menu_order":0,"comment_status":"closed","ping_status":"closed","template":"","meta":[],"_links":{"self":[{"href":"https:\/\/www2.uepg.br\/decon\/wp-json\/wp\/v2\/pages\/137"}],"collection":[{"href":"https:\/\/www2.uepg.br\/decon\/wp-json\/wp\/v2\/pages"}],"about":[{"href":"https:\/\/www2.uepg.br\/decon\/wp-json\/wp\/v2\/types\/page"}],"author":[{"embeddable":true,"href":"https:\/\/www2.uepg.br\/decon\/wp-json\/wp\/v2\/users\/420"}],"replies":[{"embeddable":true,"href":"https:\/\/www2.uepg.br\/decon\/wp-json\/wp\/v2\/comments?post=137"}],"version-history":[{"count":53,"href":"https:\/\/www2.uepg.br\/decon\/wp-json\/wp\/v2\/pages\/137\/revisions"}],"predecessor-version":[{"id":497,"href":"https:\/\/www2.uepg.br\/decon\/wp-json\/wp\/v2\/pages\/137\/revisions\/497"}],"wp:attachment":[{"href":"https:\/\/www2.uepg.br\/decon\/wp-json\/wp\/v2\/media?parent=137"}],"curies":[{"name":"wp","href":"https:\/\/api.w.org\/{rel}","templated":true}]}}