{"id":142,"date":"2022-02-04T10:37:54","date_gmt":"2022-02-04T13:37:54","guid":{"rendered":"https:\/\/www2.uepg.br\/decon\/?page_id=142"},"modified":"2026-02-27T16:32:41","modified_gmt":"2026-02-27T19:32:41","slug":"professores","status":"publish","type":"page","link":"https:\/\/www2.uepg.br\/decon\/professores\/","title":{"rendered":"PROFESSORES"},"content":{"rendered":"<div id=\"pl-142\"  class=\"panel-layout\" ><div id=\"pg-142-0\"  class=\"panel-grid panel-no-style\" ><div id=\"pgc-142-0-0\"  class=\"panel-grid-cell\" ><div id=\"panel-142-0-0-0\" class=\"so-panel widget widget_sow-editor panel-first-child panel-last-child\" data-index=\"0\" ><div\n\t\t\t\n\t\t\tclass=\"so-widget-sow-editor so-widget-sow-editor-base\"\n\t\t\t\n\t\t>\n<div class=\"siteorigin-widget-tinymce textwidget\">\n\t<h1 style=\"text-align: center\"><strong><span style=\"font-size: x-large\">Departamento de Contabilidade<\/span><\/strong><\/h1>\n<div>\n<table style=\"height: 143px\" border=\"0\" width=\"1433\" cellspacing=\"0\" cellpadding=\"0\">\n<tbody>\n<tr>\n<td align=\"center\">\n<h4>Marta L\u00facia Schaedler<\/h4>\n<p><strong>Chefe do Departamento de Contabilidade<\/strong><\/p><\/td>\n<\/tr>\n<\/tbody>\n<\/table>\n<\/div>\n<div>\n<p>&nbsp;<\/p>\n<\/div>\n<div>\n<table style=\"height: 125px\" border=\"0\" width=\"1436\" cellspacing=\"0\" cellpadding=\"0\">\n<tbody>\n<tr>\n<td align=\"center\">\n<h4>Franciele Machado de Souza<\/h4>\n<p><strong>Chefe Adjunto<\/strong><\/p><\/td>\n<\/tr>\n<\/tbody>\n<\/table>\n<\/div>\n<div>\n<p>&nbsp;<\/p>\n<\/div>\n<div>\n<table border=\"0\" width=\"100%\" cellspacing=\"0\" cellpadding=\"0\">\n<tbody>\n<tr>\n<td style=\"padding-left: 40px\" align=\"center\"><strong>Endere\u00e7o:<\/strong> Pra\u00e7a Santos Andrade, 01 - Centro - Ponta Grossa - PR - CEP: 84.010-919<\/td>\n<\/tr>\n<tr>\n<td align=\"center\"><strong>Telefone:<\/strong> (42) 3220-3392<\/td>\n<\/tr>\n<tr>\n<td align=\"center\"><strong>Site Oficial:<\/strong>\u00a0<a href=\"https:\/\/www2.uepg.br\/decon\/\" target=\"_blank\" rel=\"noopener\">https:\/\/www2.uepg.br\/decon\/<\/a><\/td>\n<\/tr>\n<tr>\n<td align=\"center\"><strong>E-Mail:<\/strong>\u00a0<a href=\"mailto:decon@uepg.br\" target=\"_blank\" rel=\"noopener\">decon@uepg.br<\/a><\/td>\n<\/tr>\n<tr>\n<td style=\"padding-left: 40px\" align=\"center\"><strong>Hor\u00e1rio de Atendimento:<\/strong> 13:30 \u00e0s 17:30 e das 18:30 \u00e0s 22:30<\/td>\n<\/tr>\n<\/tbody>\n<\/table>\n<\/div>\n<div>\n<p>&nbsp;<\/p>\n<\/div>\n<div>\n<table style=\"height: 50px\" border=\"0\" width=\"1361\" cellspacing=\"0\" cellpadding=\"0\">\n<tbody>\n<tr>\n<td align=\"center\">\n<h3>Servidores Lotados<\/h3>\n<\/td>\n<\/tr>\n<\/tbody>\n<\/table>\n<\/div>\n<div>\n<p>&nbsp;<\/p>\n<\/div>\n<div>\n<table style=\"height: 664px\" width=\"1502\">\n<tbody>\n<tr>\n<td width=\"249\">Carlos Lopatiuk<\/td>\n<td width=\"330\">Professor de Ensino Superior - Carreira<\/td>\n<td width=\"126\">Doutorado<\/td>\n<td width=\"178\">40 horas<\/td>\n<\/tr>\n<tr>\n<td>Celso Jose Farias<\/td>\n<td>Professor de Ensino Superior - Colaborador<\/td>\n<td>Doutorado<\/td>\n<td>40 horas<\/td>\n<\/tr>\n<tr>\n<td>Edilson Foga\u00e7a de Almeida<\/td>\n<td>Professor de Ensino Superior - Carreira<\/td>\n<td>Mestrado<\/td>\n<td>20 horas<\/td>\n<\/tr>\n<tr>\n<td>Edson Miguel Zedebski<\/td>\n<td>Professor de Ensino Superior - Carreira<\/td>\n<td>Mestrado<\/td>\n<td>Dedica\u00e7\u00e3o Excl.<\/td>\n<\/tr>\n<tr>\n<td>Eliane Iara Bendix<\/td>\n<td>Professor de Ensino Superior - Carreira<\/td>\n<td>Mestrado<\/td>\n<td>Dedica\u00e7\u00e3o Excl.<\/td>\n<\/tr>\n<tr>\n<td>Everaldo da Silva<\/td>\n<td>Professor de Ensino Superior - Carreira<\/td>\n<td>Doutorado<\/td>\n<td>Dedica\u00e7\u00e3o Excl.<\/td>\n<\/tr>\n<tr>\n<td>Franciele Machado de Souza<\/td>\n<td>Professor de Ensino Superior - Carreira<\/td>\n<td>Doutorado<\/td>\n<td>Dedica\u00e7\u00e3o Excl.<\/td>\n<\/tr>\n<tr>\n<td>Gabriela de Abreu Passos<\/td>\n<td>\u00a0Professor de Ensino Superior - Colaborador<\/td>\n<td>Mestrado<\/td>\n<td>20 horas<\/td>\n<\/tr>\n<tr>\n<td>Gilmar Batista Mazurek<\/td>\n<td>Professor de Ensino Superior - Carreira<\/td>\n<td>Doutorado<\/td>\n<td>Dedica\u00e7\u00e3o Excl.<\/td>\n<\/tr>\n<tr>\n<td>H\u00e9lio de Lara Dias<\/td>\n<td>Professor de Ensino Superior - Carreira<\/td>\n<td>Doutorado<\/td>\n<td>Dedica\u00e7\u00e3o Excl.<\/td>\n<\/tr>\n<tr>\n<td>Jackson Luis Oshiro<\/td>\n<td>Professor de Ensino Superior - Colaborador<\/td>\n<td>Mestrado<\/td>\n<td>40 horas<\/td>\n<\/tr>\n<tr>\n<td>Jess\u00e9 Alencar da Silva<\/td>\n<td>Professor de Ensino Superior - Carreira<\/td>\n<td>Mestrado<\/td>\n<td>Dedica\u00e7\u00e3o Excl.<\/td>\n<\/tr>\n<tr>\n<td>Jocimar Donizeti do Prado<\/td>\n<td>Professor de Ensino Superior - Carreira<\/td>\n<td>Mestrado<\/td>\n<td>Dedica\u00e7\u00e3o Excl.<\/td>\n<\/tr>\n<tr>\n<td>J\u00falio Cesar Ferreira<\/td>\n<td>Professor de Ensino Superior -Colaborador<\/td>\n<td>Mestrado<\/td>\n<td>40 horas<\/td>\n<\/tr>\n<tr>\n<td>Marta L\u00facia Schaedler<\/td>\n<td>Professor de Ensino Superior - Carreira<\/td>\n<td>Mestrado<\/td>\n<td>Dedica\u00e7\u00e3o Excl.<\/td>\n<\/tr>\n<tr>\n<td>Paulo Cesar Machado Lemos<\/td>\n<td>\u00a0Professor de Ensino Superior - Carreira<\/td>\n<td>Mestrado<\/td>\n<td>Dedica\u00e7\u00e3o Excl.<\/td>\n<\/tr>\n<tr>\n<td>Rosaly Machado<\/td>\n<td>Professor de Ensino Superior - Carreira<\/td>\n<td>Doutorado<\/td>\n<td>Dedica\u00e7\u00e3o Excl.<\/td>\n<\/tr>\n<tr>\n<td>Sandro Rog\u00e9rio Camargo<\/td>\n<td>Professor de Ensino Superior - Carreira<\/td>\n<td>Mestrado<\/td>\n<td>Dedica\u00e7\u00e3o Excl.<\/td>\n<\/tr>\n<tr>\n<td>Valmir Tozetto<\/td>\n<td>Professor de Ensino Superior - Carreira<\/td>\n<td>Especializa\u00e7\u00e3o<\/td>\n<td>Dedica\u00e7\u00e3o Excl.<\/td>\n<\/tr>\n<tr>\n<td><\/td>\n<td><\/td>\n<td><\/td>\n<td><\/td>\n<\/tr>\n<tr>\n<td><strong>TOTAL: 19 professores<\/strong><\/td>\n<td><\/td>\n<td><\/td>\n<td><\/td>\n<\/tr>\n<tr>\n<td><\/td>\n<td><\/td>\n<td><\/td>\n<td><\/td>\n<\/tr>\n<\/tbody>\n<\/table>\n<\/div>\n<div>\n<p>&nbsp;<\/p>\n<\/div>\n<\/div>\n<\/div><\/div><\/div><\/div><\/div>","protected":false},"excerpt":{"rendered":"<p>Departamento de Contabilidade Marta L\u00facia Schaedler Chefe do Departamento de Contabilidade &nbsp; Franciele Machado de Souza Chefe Adjunto &nbsp; Endere\u00e7o: Pra\u00e7a Santos Andrade, 01 &#8211; Centro &#8211; Ponta Grossa &#8211; PR &#8211; CEP: 84.010-919 Telefone: (42) 3220-3392 Site Oficial:\u00a0https:\/\/www2.uepg.br\/decon\/ E-Mail:\u00a0decon@uepg.br Hor\u00e1rio de Atendimento: 13:30 \u00e0s 17:30 e das 18:30 \u00e0s 22:30 &nbsp; Servidores Lotados &nbsp;&nbsp;&hellip;<\/p>\n","protected":false},"author":420,"featured_media":0,"parent":0,"menu_order":0,"comment_status":"closed","ping_status":"closed","template":"","meta":[],"_links":{"self":[{"href":"https:\/\/www2.uepg.br\/decon\/wp-json\/wp\/v2\/pages\/142"}],"collection":[{"href":"https:\/\/www2.uepg.br\/decon\/wp-json\/wp\/v2\/pages"}],"about":[{"href":"https:\/\/www2.uepg.br\/decon\/wp-json\/wp\/v2\/types\/page"}],"author":[{"embeddable":true,"href":"https:\/\/www2.uepg.br\/decon\/wp-json\/wp\/v2\/users\/420"}],"replies":[{"embeddable":true,"href":"https:\/\/www2.uepg.br\/decon\/wp-json\/wp\/v2\/comments?post=142"}],"version-history":[{"count":21,"href":"https:\/\/www2.uepg.br\/decon\/wp-json\/wp\/v2\/pages\/142\/revisions"}],"predecessor-version":[{"id":541,"href":"https:\/\/www2.uepg.br\/decon\/wp-json\/wp\/v2\/pages\/142\/revisions\/541"}],"wp:attachment":[{"href":"https:\/\/www2.uepg.br\/decon\/wp-json\/wp\/v2\/media?parent=142"}],"curies":[{"name":"wp","href":"https:\/\/api.w.org\/{rel}","templated":true}]}}