{"id":149,"date":"2022-02-04T10:41:20","date_gmt":"2022-02-04T13:41:20","guid":{"rendered":"https:\/\/www2.uepg.br\/decon\/?page_id=149"},"modified":"2022-02-09T17:13:52","modified_gmt":"2022-02-09T20:13:52","slug":"eventos","status":"publish","type":"page","link":"https:\/\/www2.uepg.br\/decon\/eventos\/","title":{"rendered":"Eventos"},"content":{"rendered":"<div id=\"pl-149\"  class=\"panel-layout\" ><div id=\"pg-149-0\"  class=\"panel-grid panel-no-style\" ><div id=\"pgc-149-0-0\"  class=\"panel-grid-cell\" ><div id=\"panel-149-0-0-0\" class=\"so-panel widget widget_sow-editor panel-first-child\" data-index=\"0\" ><div\n\t\t\t\n\t\t\tclass=\"so-widget-sow-editor so-widget-sow-editor-base\"\n\t\t\t\n\t\t><h3 class=\"widget-title\">ENCONTROS ACAD\u00caMICOS <\/h3>\n<div class=\"siteorigin-widget-tinymce textwidget\">\n\t<p>PALESTRAS, WORKSHOPS, TREINAMENTOS E MESAS REDONDAS<\/p>\n<\/div>\n<\/div><\/div><div id=\"panel-149-0-0-1\" class=\"so-panel widget widget_sow-accordion panel-last-child\" data-index=\"1\" ><div\n\t\t\t\n\t\t\tclass=\"so-widget-sow-accordion so-widget-sow-accordion-default-99be652ed941-149\"\n\t\t\t\n\t\t><h3 class=\"widget-title\">ENACONT<\/h3><div>\n\t<div class=\"sow-accordion\">\n\t\t\t<div class=\"sow-accordion-panel\"\n\t\t\t data-anchor=\"i-enacont-%e2%80%93-encontro-acad%c3%aamico-de-contabilidade\">\n\t\t\t\t<div class=\"sow-accordion-panel-header-container\" role=\"heading\" aria-level=\"2\">\n\t\t\t\t\t<div class=\"sow-accordion-panel-header\" tabindex=\"0\" role=\"button\" id=\"accordion-label-i-enacont-%e2%80%93-encontro-acad%c3%aamico-de-contabilidade\" aria-controls=\"accordion-content-i-enacont-%e2%80%93-encontro-acad%c3%aamico-de-contabilidade\" aria-expanded=\"false\">\n\t\t\t\t\t\t<div class=\"sow-accordion-title sow-accordion-title-icon-left\">\n\t\t\t\t\t\t\t\t\t\t\t\t\t\tI ENACONT \u2013 Encontro Acad\u00eamico de Contabilidade\t\t\t\t\t\t\t\t\t\t\t\t\t<\/div>\n\t\t\t\t\t\t<div class=\"sow-accordion-open-close-button\">\n\t\t\t\t\t\t\t<div class=\"sow-accordion-open-button\">\n\t\t\t\t\t\t\t\t<span class=\"sow-icon-ionicons\" data-sow-icon=\"&#xf218;\"\n\t\t \n\t\taria-hidden=\"true\"><\/span>\t\t\t\t\t\t\t<\/div>\n\t\t\t\t\t\t\t<div class=\"sow-accordion-close-button\">\n\t\t\t\t\t\t\t\t<span class=\"sow-icon-ionicons\" data-sow-icon=\"&#xf209;\"\n\t\t \n\t\taria-hidden=\"true\"><\/span>\t\t\t\t\t\t\t<\/div>\n\t\t\t\t\t\t<\/div>\n\t\t\t\t\t<\/div>\n\t\t\t\t<\/div>\n\n\t\t\t<div\n\t\t\t\tclass=\"sow-accordion-panel-content\"\n\t\t\t\trole=\"region\"\n\t\t\t\taria-labelledby=\"accordion-label-i-enacont-%e2%80%93-encontro-acad%c3%aamico-de-contabilidade\"\n\t\t\t\tid=\"accordion-content-i-enacont-%e2%80%93-encontro-acad%c3%aamico-de-contabilidade\"\n\t\t\t\tstyle=\"display: none;\"\t\t\t>\n\t\t\t\t<div class=\"sow-accordion-panel-border\" tabindex=\"0\">\n\t\t\t\t\t<p>O I ENACONT ocorreu em 2019 de forma presencial no teatro PAX na Cidade de Ponta Grossa. Ocorreram as realiza\u00e7\u00f5es de palestras no per\u00edodo noturno e workshops no periodo matutino. Tendo em vista o sucesso do evento, o mesmo se repetiu em 2021 no formato remoto.<\/p>\n\t\t\t\t<\/div>\n\t\t\t<\/div>\n\t\t<\/div>\n\t\t\t<div class=\"sow-accordion-panel\"\n\t\t\t data-anchor=\"ii-enacont-%e2%80%93-encontro-acad%c3%aamico-de-contabilidade\">\n\t\t\t\t<div class=\"sow-accordion-panel-header-container\" role=\"heading\" aria-level=\"2\">\n\t\t\t\t\t<div class=\"sow-accordion-panel-header\" tabindex=\"0\" role=\"button\" id=\"accordion-label-ii-enacont-%e2%80%93-encontro-acad%c3%aamico-de-contabilidade\" aria-controls=\"accordion-content-ii-enacont-%e2%80%93-encontro-acad%c3%aamico-de-contabilidade\" aria-expanded=\"false\">\n\t\t\t\t\t\t<div class=\"sow-accordion-title sow-accordion-title-icon-left\">\n\t\t\t\t\t\t\t\t\t\t\t\t\t\tII ENACONT \u2013 Encontro Acad\u00eamico de Contabilidade\t\t\t\t\t\t\t\t\t\t\t\t\t<\/div>\n\t\t\t\t\t\t<div class=\"sow-accordion-open-close-button\">\n\t\t\t\t\t\t\t<div class=\"sow-accordion-open-button\">\n\t\t\t\t\t\t\t\t<span class=\"sow-icon-ionicons\" data-sow-icon=\"&#xf218;\"\n\t\t \n\t\taria-hidden=\"true\"><\/span>\t\t\t\t\t\t\t<\/div>\n\t\t\t\t\t\t\t<div class=\"sow-accordion-close-button\">\n\t\t\t\t\t\t\t\t<span class=\"sow-icon-ionicons\" data-sow-icon=\"&#xf209;\"\n\t\t \n\t\taria-hidden=\"true\"><\/span>\t\t\t\t\t\t\t<\/div>\n\t\t\t\t\t\t<\/div>\n\t\t\t\t\t<\/div>\n\t\t\t\t<\/div>\n\n\t\t\t<div\n\t\t\t\tclass=\"sow-accordion-panel-content\"\n\t\t\t\trole=\"region\"\n\t\t\t\taria-labelledby=\"accordion-label-ii-enacont-%e2%80%93-encontro-acad%c3%aamico-de-contabilidade\"\n\t\t\t\tid=\"accordion-content-ii-enacont-%e2%80%93-encontro-acad%c3%aamico-de-contabilidade\"\n\t\t\t\tstyle=\"display: none;\"\t\t\t>\n\t\t\t\t<div class=\"sow-accordion-panel-border\" tabindex=\"0\">\n\t\t\t\t\t<p style=\"margin: 0cm;background: #F5FAFD\"><span style=\"font-family: Roboto;color: #404040\">Entre os dias 18, 19 e 20 de outubro de 2021 ocorreu o II ENACONT \u2013 Encontro Acad\u00eamico de Contabilidade. Realizado de forma online e gratuita, o evento alcan\u00e7ou n\u00fameros expressivos, como 605 inscritos distribu\u00eddos entre 18 unidades da Federa\u00e7\u00e3o e pertencentes \u00e0s 05 regi\u00f5es do Brasil. O n\u00famero de inscritos refletiu nas visualiza\u00e7\u00f5es das palestras e demais atividades, as quais alcan\u00e7aram mais de 5.450 visualiza\u00e7\u00f5es durante as mais de 15 horas de conte\u00fado gerados. O evento contou com a participa\u00e7\u00e3o de 12 palestrantes, sendo que as palestras gravadas est\u00e3o dispon\u00edveis para serem assistidas a qualquer momento no canal \u201c<a href=\"https:\/\/www.youtube.com\/channel\/UCmvtThpC5ph17bJw_nha8Ww\"><span style=\"color: #228ae6\">Ci\u00eancias Cont\u00e1beis \u2013 UEPG<\/span><\/a>\u201d na plataforma do YouTube.<\/span><\/p>\n<p style=\"background: #F5FAFD;margin: 0cm 0cm 12.0pt 0cm\"><span style=\"font-family: Roboto;color: #404040\">O curr\u00edculo dos palestrantes pode ser consultado abaixo:<\/span><\/p>\n<p style=\"margin: 0cm;background: #F5FAFD\"><strong><i><span style=\"font-family: Roboto;color: #404040\">Ana Claudia Afra Neitzke:<\/span><\/i><\/strong><strong><span style=\"font-family: Roboto;color: #404040\">\u00a0<\/span><\/strong><span style=\"font-family: Roboto;color: #404040\">Doutora em Contabilidade pela Universidade Federal do Paran\u00e1 \u2013 UFPR (2019). Mestra em Contabilidade pela Universidade Federal do Paran\u00e1 (2015). Graduada em Ci\u00eancias Cont\u00e1beis pela Universidade Federal do Rio Grande \u2013 FURG. Foi tutora do Curso de Gradua\u00e7\u00e3o em Administra\u00e7\u00e3o P\u00fablica na modalidade a dist\u00e2ncia de fevereiro de 2014 a julho de 2016 e de julho de 2017 a agosto de 2018. Atuou como assessora de Micro e Pequenas Empresas e de Cooperativas e Associa\u00e7\u00f5es;<\/span><\/p>\n<p style=\"background: #F5FAFD;margin: 0cm 0cm 12.0pt 0cm\"><span style=\"font-family: Roboto;color: #404040\">\u00a0<\/span><\/p>\n<p style=\"margin: 0cm;background: #F5FAFD\"><strong><i><span style=\"font-family: Roboto;color: #404040\">Dem\u00e9trius de Moura Soares:<\/span><\/i><\/strong><span style=\"font-family: Roboto;color: #404040\">\u00a0Auditor Fiscal da Receita Federal do Brasil, Delegado da Receita Federal em Ponta Grossa, graduado em Engenharia El\u00e9trica pelo Instituto Militar de Engenharia \u2013 IME\/RJ, Mestre em Fazenda P\u00fablica e Administra\u00e7\u00e3o Tribut\u00e1ria pela Universidad Nacional de Educaci\u00f3n a Distancia \u2013 UNED (Madrid\/Espanha);<\/span><\/p>\n<p style=\"background: #F5FAFD;margin: 0cm 0cm 12.0pt 0cm\"><span style=\"font-family: Roboto;color: #404040\">\u00a0<\/span><\/p>\n<p style=\"margin: 0cm;background: #F5FAFD\"><em><b><span style=\"font-family: Roboto;color: #404040\">Everson Breda Carlin\u00a0<\/span><\/b><\/em><span style=\"font-family: Roboto;color: #404040\">MBA em Administra\u00e7\u00e3o Estra\u00adt\u00e9gica Avan\u00e7ada. Especialista nas \u00e1reas de Tributos, Societ\u00e1ria e de Avalia\u00e7\u00e3o e Negocia\u00e7\u00e3o de Empresas. Bacharel em Ci\u00eancias Cont\u00e1beis. Auditor Independente e Perito Cont\u00e1bil. Professor universit\u00e1rio de cursos de p\u00f3s-gradua\u00e7\u00e3o. Membro do CRC-PR e Membro de Conselhos. S\u00f3cio Diretor do Grupo ZHC. Autor de livros das \u00e1reas de Contabilidade, Tribut\u00e1ria e de Finan\u00e7as;<\/span><\/p>\n<p style=\"background: #F5FAFD;margin: 0cm 0cm 12.0pt 0cm\"><span style=\"font-family: Roboto;color: #404040\">\u00a0<\/span><\/p>\n<p style=\"margin: 0cm;background: #F5FAFD\"><em><b><span style=\"font-family: Roboto;color: #404040\">Ivon\u00edzia Fonseca da Cunha\u00a0<\/span><\/b><\/em><span style=\"font-family: Roboto;color: #404040\">Contadora; Especialista em Direito e Planejamento Tribut\u00e1rio; Consultora jur\u00eddica na \u00e1rea de ICMS, IPI, ISS h\u00e1 mais de 20 anos, atuando em grandes empresas de consultoria jur\u00eddica; professora de POS Gradua\u00e7\u00e3o no curso de Gest\u00e3o Tribut\u00e1ria; Instrutora de cursos presenciais e in company h\u00e1 mais de 17 anos, nas \u00e1reas de ICMS, IPI e ISS; S\u00f3cia da SEVEN Treinamentos &amp; Consultoria, com atua\u00e7\u00e3o nas \u00e1reas de revis\u00e3o, planejamento e assessoria fiscal e tribut\u00e1ria;<\/span><\/p>\n<p style=\"background: #F5FAFD;margin: 0cm 0cm 12.0pt 0cm\"><span style=\"font-family: Roboto;color: #404040\">\u00a0<\/span><\/p>\n<p style=\"margin: 0cm;background: #F5FAFD\"><strong><span style=\"font-family: Roboto;color: #404040\">Jorge Teodomiro\u00a0<\/span><\/strong><span style=\"font-family: Roboto;color: #404040\">Atua no Terceiro Setor Hospital Geral com Presta\u00e7\u00e3o de Contas ao Minist\u00e9rio da Sa\u00fade. Bacharel em Ci\u00eancias Cont\u00e1beis \u2013 Universidade Estadual de Ponta Grossa (segunda turma). Especializa\u00e7\u00e3o em Ger\u00eancia Cont\u00e1bil Financeira e Auditoria pela Universidade Estadual de Ponta Grossa. Trabalhou como empregado no Hospital Bom Jesus em Ponta Grossa durante 47 anos;<\/span><\/p>\n<p style=\"background: #F5FAFD;margin: 0cm 0cm 12.0pt 0cm\"><span style=\"font-family: Roboto;color: #404040\">\u00a0<\/span><\/p>\n<p style=\"margin: 0cm;background: #F5FAFD\"><em><b><span style=\"font-family: Roboto;color: #404040\">Luiz Felipe de Ara\u00fajo Pontes Gir\u00e3o\u00a0<\/span><\/b><\/em><span style=\"font-family: Roboto;color: #404040\">Doutor (2013-2016 \u2013 UnB\/UFPB\/UFRN), mestre (2011-2012 \u2013 UnB\/UFPB\/UFRN) e bacharel (2007-2010 \u2013 Faculdade de Ci\u00eancias Cont\u00e1beis Luiz Mendes) em Contabilidade. Atualmente \u00e9 Diretor de Educa\u00e7\u00e3o no TradersClub, onde coordena toda a \u00e1rea educacional com produ\u00e7\u00e3o de conte\u00fados gratuitos para o TC School e produ\u00e7\u00e3o de cursos pagos e gratuitos para a forma\u00e7\u00e3o de investidores das mais diversas escolas (fundamentalista e t\u00e9cnica), bem como nas mais diversas classes de investimentos (da renda fixa \u00e0 vari\u00e1vel). Professor adjunto da Universidade Federal da Para\u00edba (Departamento de Finan\u00e7as e Contabilidade, nos cursos de gradua\u00e7\u00e3o e p\u00f3s-gradua\u00e7\u00e3o);<\/span><\/p>\n<p style=\"background: #F5FAFD;margin: 0cm 0cm 12.0pt 0cm\"><span style=\"font-family: Roboto;color: #404040\">\u00a0<\/span><\/p>\n<p style=\"margin: 0cm;background: #F5FAFD\"><em><b><span style=\"font-family: Roboto;color: #404040\">L\u00edvia Horta\u00a0<\/span><\/b><\/em><span style=\"font-family: Roboto;color: #404040\">Ministra Treinamentos, Workshops, Palestras e Consultoria em Comunica\u00e7\u00e3o e Gest\u00e3o de Pessoas e busca de forma personalizada, trabalhar a viv\u00eancia de seus participantes trazendo conte\u00fado, t\u00e9cnica e emo\u00e7\u00e3o. Treinadora, Mentora, Professora e palestrante;<\/span><\/p>\n<p style=\"background: #F5FAFD;margin: 0cm 0cm 12.0pt 0cm\"><span style=\"font-family: Roboto;color: #404040\">\u00a0<\/span><\/p>\n<p style=\"margin: 0cm;background: #F5FAFD\"><em><b><span style=\"font-family: Roboto;color: #404040\">Marcelo Cavalcanti Almeida:\u00a0<\/span><\/b><\/em><span style=\"font-family: Roboto;color: #404040\">Professor e autor de livros de contabilidade e auditoria. Experi\u00eancia como Conselheiro do CFC. Possui mais de 39 anos como s\u00f3cio de auditoria da Deloitte Brasil;<\/span><\/p>\n<p style=\"background: #F5FAFD;margin: 0cm 0cm 12.0pt 0cm\"><span style=\"font-family: Roboto;color: #404040\">\u00a0<\/span><\/p>\n<p style=\"margin: 0cm;background: #F5FAFD\"><em><b><span style=\"font-family: Roboto;color: #404040\">Marcio Jos\u00e9 Assump\u00e7\u00e3o<\/span><\/b><\/em><span style=\"font-family: Roboto;color: #404040\">\u00a0Mestre em Administra\u00e7\u00e3o pela Universidade de Extremadura (UNEX) \u2013 Espanha, t\u00edtulo revalidado pela Universidade Federal do Rio Grande do Norte (UFRN). Graduado em Ci\u00eancias Cont\u00e1beis pela Universidade Estadual de Ponta Grossa \u2013 UEPG, P\u00f3s-graduado em Auditoria Interna e Controladoria de Gest\u00e3o pelo Instituto Superior de P\u00f3s-Gradua\u00e7\u00e3o (ISPG) \u2013 Faculdades SPEI,. Coautor do Livro Manual do Vereador do Paran\u00e1, lan\u00e7ado pela Editora Germ\u00e2nica. Autor do Livro Contabilidade Aplicada ao Setor P\u00fablico, lan\u00e7ado pela Editora IBPEX e do Livro Contabilidade P\u00fablica lan\u00e7ado pelo IESDE \u2013 Intelig\u00eancia Educacional e Sistemas de Ensino;<\/span><\/p>\n<p style=\"background: #F5FAFD;margin: 0cm 0cm 12.0pt 0cm\"><span style=\"font-family: Roboto;color: #404040\">\u00a0<\/span><\/p>\n<p style=\"margin: 0cm;background: #F5FAFD\"><strong><i><span style=\"font-family: Roboto;color: #404040\">Paulo Lemos<\/span><\/i><\/strong><strong><span style=\"font-family: Roboto;color: #404040\">\u00a0<\/span><\/strong><span style=\"font-family: Roboto;color: #404040\">Gradua\u00e7\u00e3o em CI\u00caNCIAS CONT\u00c1BEIS pela Universidade Estadual de Ponta Grossa (1984) Especialista em Contabilidade e Auditoria pela Faculdade Santana e S\u00e3o Paulo(1988), Mestre em Economia Industrial pela Universidade Federal de Santa Catarina (2002). Lotado no Departamento de Ci\u00eancias Cont\u00e1beis da Universidade Estadual de Ponta Grossa (UEPG), ministrando aula nos Cursos de Gradua\u00e7\u00e3o de Ci\u00eancias Cont\u00e1beis, Administra\u00e7\u00e3o, Comercio Exterior e Ci\u00eancias Econ\u00f4micas, em cursos de Especializa\u00e7\u00e3o em Economia de Empresas, Auditoria e Controladoria e Per\u00edcia Cont\u00e1bil da UEPG;<\/span><\/p>\n<p style=\"background: #F5FAFD;margin: 0cm 0cm 12.0pt 0cm\"><span style=\"font-family: Roboto;color: #404040\">\u00a0<\/span><\/p>\n<p style=\"margin: 0cm;background: #F5FAFD\"><em><b><span style=\"font-family: Roboto;color: #404040\">Soraya Fernandes\u00a0<\/span><\/b><\/em><span style=\"font-family: Roboto;color: #404040\">Contadora, formada em Cont\u00e1beis pela Universidade Federal de Santa Catarina com MBA em Finan\u00e7as, Controladoria e Auditoria pela FGV e m\u00f3dulo internacional pela Universidade da California Irvine. Atua no \u00e1rea cont\u00e1bil desde 2001, Assistant Controller\/Gerente de Controladoria, atuo na DAF Caminh\u00f5es Brasil desde 2014 Lecionou durante 3 anos universidades da Unicentro e Campo Real em Guarapuava;<\/span><\/p>\n<p style=\"background: #F5FAFD;margin: 0cm 0cm 12.0pt 0cm\"><span style=\"font-family: Roboto;color: #404040\">\u00a0<\/span><\/p>\n<p style=\"margin: 0cm;background: #F5FAFD\"><strong><i><span style=\"font-family: Roboto;color: #404040\">V\u00e2nia Borgerth\u00a0<\/span><\/i><\/strong><span style=\"font-family: Roboto;color: #404040\">Executiva-s\u00eanior com mais de 25 anos de s\u00f3lida experi\u00eancia no mercado financeiro, ocupando cadeiras estrat\u00e9gicas e estatut\u00e1rias, como Conselheiro; Chefe de Delega\u00e7\u00e3o; Contador-chefe em institui\u00e7\u00f5es financeiras; Conselho Consultivo para Normas Internacionais de Contabilidade, Auditoria e Conselhos Consultivos de \u00c9tica Profissional; Rela\u00e7\u00f5es com Investidores e Comiss\u00f5es Nacionais e Internacionais para apoiar os relat\u00f3rios corporativos.<\/span><\/p>\n<p style=\"background: #F5FAFD;margin: 0cm 0cm 12.0pt 0cm\"><span style=\"font-family: Roboto;color: #404040\">\u00a0<\/span><\/p>\n<p style=\"background: #F5FAFD;margin: 0cm 0cm 12.0pt 0cm\"><span style=\"font-family: Roboto;color: #404040\">O DECON em um esfor\u00e7o cont\u00ednuo em ofertar eventos de qualidade e que promovam a intera\u00e7\u00e3o dos estudantes com o mercado de trabalho inicia os planejamentos para a edi\u00e7\u00e3o de 2022 do III ENACONT.<\/span><\/p>\n\t\t\t\t<\/div>\n\t\t\t<\/div>\n\t\t<\/div>\n\t\t<\/div>\n<\/div>\n<\/div><\/div><\/div><\/div><\/div>","protected":false},"excerpt":{"rendered":"<p>PALESTRAS, WORKSHOPS, TREINAMENTOS E MESAS REDONDAS<\/p>\n","protected":false},"author":420,"featured_media":0,"parent":0,"menu_order":0,"comment_status":"closed","ping_status":"closed","template":"","meta":[],"_links":{"self":[{"href":"https:\/\/www2.uepg.br\/decon\/wp-json\/wp\/v2\/pages\/149"}],"collection":[{"href":"https:\/\/www2.uepg.br\/decon\/wp-json\/wp\/v2\/pages"}],"about":[{"href":"https:\/\/www2.uepg.br\/decon\/wp-json\/wp\/v2\/types\/page"}],"author":[{"embeddable":true,"href":"https:\/\/www2.uepg.br\/decon\/wp-json\/wp\/v2\/users\/420"}],"replies":[{"embeddable":true,"href":"https:\/\/www2.uepg.br\/decon\/wp-json\/wp\/v2\/comments?post=149"}],"version-history":[{"count":6,"href":"https:\/\/www2.uepg.br\/decon\/wp-json\/wp\/v2\/pages\/149\/revisions"}],"predecessor-version":[{"id":209,"href":"https:\/\/www2.uepg.br\/decon\/wp-json\/wp\/v2\/pages\/149\/revisions\/209"}],"wp:attachment":[{"href":"https:\/\/www2.uepg.br\/decon\/wp-json\/wp\/v2\/media?parent=149"}],"curies":[{"name":"wp","href":"https:\/\/api.w.org\/{rel}","templated":true}]}}