{"id":151,"date":"2022-02-04T10:41:54","date_gmt":"2022-02-04T13:41:54","guid":{"rendered":"https:\/\/www2.uepg.br\/decon\/?page_id=151"},"modified":"2022-02-26T08:49:38","modified_gmt":"2022-02-26T11:49:38","slug":"pesquisas","status":"publish","type":"page","link":"https:\/\/www2.uepg.br\/decon\/pesquisas\/","title":{"rendered":"Pesquisas"},"content":{"rendered":"<div id=\"pl-151\"  class=\"panel-layout\" ><div id=\"pg-151-0\"  class=\"panel-grid panel-no-style\" ><div id=\"pgc-151-0-0\"  class=\"panel-grid-cell\" ><div id=\"panel-151-0-0-0\" class=\"so-panel widget widget_sow-accordion panel-first-child panel-last-child\" data-index=\"0\" ><div\n\t\t\t\n\t\t\tclass=\"so-widget-sow-accordion so-widget-sow-accordion-default-99be652ed941-151\"\n\t\t\t\n\t\t><h3 class=\"widget-title\">PESQUISAS EM ANDAMENTO NO DEPARTAMENTO<\/h3><div>\n\t<div class=\"sow-accordion\">\n\t\t\t<div class=\"sow-accordion-panel\"\n\t\t\t data-anchor=\"tem%c3%a1ticas-contempor%c3%a2neas-da-contabilidade-a-partir-de-enfoques-sobre-a-%c3%a9tica-compliance-e-sustentabilidade-nos-neg%c3%b3cios-coordena%c3%a7%c3%a3o-professora-dra-rosaly-machado\">\n\t\t\t\t<div class=\"sow-accordion-panel-header-container\" role=\"heading\" aria-level=\"2\">\n\t\t\t\t\t<div class=\"sow-accordion-panel-header\" tabindex=\"0\" role=\"button\" id=\"accordion-label-tem%c3%a1ticas-contempor%c3%a2neas-da-contabilidade-a-partir-de-enfoques-sobre-a-%c3%a9tica-compliance-e-sustentabilidade-nos-neg%c3%b3cios-coordena%c3%a7%c3%a3o-professora-dra-rosaly-machado\" aria-controls=\"accordion-content-tem%c3%a1ticas-contempor%c3%a2neas-da-contabilidade-a-partir-de-enfoques-sobre-a-%c3%a9tica-compliance-e-sustentabilidade-nos-neg%c3%b3cios-coordena%c3%a7%c3%a3o-professora-dra-rosaly-machado\" aria-expanded=\"false\">\n\t\t\t\t\t\t<div class=\"sow-accordion-title sow-accordion-title-icon-left\">\n\t\t\t\t\t\t\t\t\t\t\t\t\t\tTem\u00e1ticas contempor\u00e2neas da Contabilidade a partir de enfoques sobre a \u00e9tica, compliance e sustentabilidade nos neg\u00f3cios. Coordena\u00e7\u00e3o: professora Dra. Rosaly Machado.\t\t\t\t\t\t\t\t\t\t\t\t\t<\/div>\n\t\t\t\t\t\t<div class=\"sow-accordion-open-close-button\">\n\t\t\t\t\t\t\t<div class=\"sow-accordion-open-button\">\n\t\t\t\t\t\t\t\t<span class=\"sow-icon-ionicons\" data-sow-icon=\"&#xf218;\"\n\t\t \n\t\taria-hidden=\"true\"><\/span>\t\t\t\t\t\t\t<\/div>\n\t\t\t\t\t\t\t<div class=\"sow-accordion-close-button\">\n\t\t\t\t\t\t\t\t<span class=\"sow-icon-ionicons\" data-sow-icon=\"&#xf209;\"\n\t\t \n\t\taria-hidden=\"true\"><\/span>\t\t\t\t\t\t\t<\/div>\n\t\t\t\t\t\t<\/div>\n\t\t\t\t\t<\/div>\n\t\t\t\t<\/div>\n\n\t\t\t<div\n\t\t\t\tclass=\"sow-accordion-panel-content\"\n\t\t\t\trole=\"region\"\n\t\t\t\taria-labelledby=\"accordion-label-tem%c3%a1ticas-contempor%c3%a2neas-da-contabilidade-a-partir-de-enfoques-sobre-a-%c3%a9tica-compliance-e-sustentabilidade-nos-neg%c3%b3cios-coordena%c3%a7%c3%a3o-professora-dra-rosaly-machado\"\n\t\t\t\tid=\"accordion-content-tem%c3%a1ticas-contempor%c3%a2neas-da-contabilidade-a-partir-de-enfoques-sobre-a-%c3%a9tica-compliance-e-sustentabilidade-nos-neg%c3%b3cios-coordena%c3%a7%c3%a3o-professora-dra-rosaly-machado\"\n\t\t\t\tstyle=\"display: none;\"\t\t\t>\n\t\t\t\t<div class=\"sow-accordion-panel-border\" tabindex=\"0\">\n\t\t\t\t\t<p>Resumo<\/p>\n<p>O espa\u00e7o da Contabilidade no mundo contempor\u00e2neo, caracterizado como um instrumento de media\u00e7\u00e3o econ\u00f4mico, social e ambiental, abrange sistemas funcionais de pr\u00e1tica, de ensino, e de pesquisa, como definidor do desenvolvimento dos neg\u00f3cios das organiza\u00e7\u00f5es e das solicitudes das atividades de postura \u00e9tica na sociedade contempor\u00e2nea. A Contabilidade n\u00e3o apenas segue uma prescri\u00e7\u00e3o, mas \u00e9 uma \u201cvoz\u201d p\u00fablica que tem o compromisso de anunciar as transa\u00e7\u00f5es econ\u00f4micas e financeiras em conformidade com as leis, normas, princ\u00edpios e regulamentos inseridos no mundo dos neg\u00f3cios. O objetivo deste projeto \u00e9 enunciar a Ci\u00eancia Cont\u00e1bil e suas ramifica\u00e7\u00f5es, como por exemplo: a Contabilidade Ambiental, Contabilidade P\u00fablica, Contabilidade do Terceiro Setor, Auditoria etc., em um cen\u00e1rio de pr\u00e1ticas aplicadas com base em normas \u00e9ticas, compliance, e de sustentabilidade nos neg\u00f3cios. Nos \u00faltimos anos, o papel da Contabilidade e suas responsabilidades para com a sociedade tem sido motivo de debates. Neste contexto, o papel das universidades \u00e9 crucial pois t\u00eam a oportunidade de ensinar aos estudantes de Contabilidade o compromisso de fazer uma Contabilidade com resultados precisos, intelig\u00edveis, e eticamente corretos, sendo assistas todas as ramifica\u00e7\u00f5es organizacionais, sob o enfoque econ\u00f4mico, social e ambiental.<\/p>\n\t\t\t\t<\/div>\n\t\t\t<\/div>\n\t\t<\/div>\n\t\t\t<div class=\"sow-accordion-panel\"\n\t\t\t data-anchor=\"%e2%80%a2estudos-sobre-contabilidade-sustentabilidade-e-suas-implica%c3%a7%c3%b5es-%c3%a9ticas-no-contexto-organizacional-pesquisador-coordenador-dra-franciele-machado-de-souza\">\n\t\t\t\t<div class=\"sow-accordion-panel-header-container\" role=\"heading\" aria-level=\"2\">\n\t\t\t\t\t<div class=\"sow-accordion-panel-header\" tabindex=\"0\" role=\"button\" id=\"accordion-label-%e2%80%a2estudos-sobre-contabilidade-sustentabilidade-e-suas-implica%c3%a7%c3%b5es-%c3%a9ticas-no-contexto-organizacional-pesquisador-coordenador-dra-franciele-machado-de-souza\" aria-controls=\"accordion-content-%e2%80%a2estudos-sobre-contabilidade-sustentabilidade-e-suas-implica%c3%a7%c3%b5es-%c3%a9ticas-no-contexto-organizacional-pesquisador-coordenador-dra-franciele-machado-de-souza\" aria-expanded=\"false\">\n\t\t\t\t\t\t<div class=\"sow-accordion-title sow-accordion-title-icon-left\">\n\t\t\t\t\t\t\t\t\t\t\t\t\t\t\u2022\tEstudos sobre Contabilidade, Sustentabilidade e suas implica\u00e7\u00f5es \u00c9ticas no contexto organizacional PESQUISADOR COORDENADOR: Dra. FRANCIELE MACHADO DE SOUZA\t\t\t\t\t\t\t\t\t\t\t\t\t<\/div>\n\t\t\t\t\t\t<div class=\"sow-accordion-open-close-button\">\n\t\t\t\t\t\t\t<div class=\"sow-accordion-open-button\">\n\t\t\t\t\t\t\t\t<span class=\"sow-icon-ionicons\" data-sow-icon=\"&#xf218;\"\n\t\t \n\t\taria-hidden=\"true\"><\/span>\t\t\t\t\t\t\t<\/div>\n\t\t\t\t\t\t\t<div class=\"sow-accordion-close-button\">\n\t\t\t\t\t\t\t\t<span class=\"sow-icon-ionicons\" data-sow-icon=\"&#xf209;\"\n\t\t \n\t\taria-hidden=\"true\"><\/span>\t\t\t\t\t\t\t<\/div>\n\t\t\t\t\t\t<\/div>\n\t\t\t\t\t<\/div>\n\t\t\t\t<\/div>\n\n\t\t\t<div\n\t\t\t\tclass=\"sow-accordion-panel-content\"\n\t\t\t\trole=\"region\"\n\t\t\t\taria-labelledby=\"accordion-label-%e2%80%a2estudos-sobre-contabilidade-sustentabilidade-e-suas-implica%c3%a7%c3%b5es-%c3%a9ticas-no-contexto-organizacional-pesquisador-coordenador-dra-franciele-machado-de-souza\"\n\t\t\t\tid=\"accordion-content-%e2%80%a2estudos-sobre-contabilidade-sustentabilidade-e-suas-implica%c3%a7%c3%b5es-%c3%a9ticas-no-contexto-organizacional-pesquisador-coordenador-dra-franciele-machado-de-souza\"\n\t\t\t\tstyle=\"display: none;\"\t\t\t>\n\t\t\t\t<div class=\"sow-accordion-panel-border\" tabindex=\"0\">\n\t\t\t\t\t<p><strong>DESCRI\u00c7\u00c3O RESUMIDA:<\/strong><\/p>\n<p>Nas \u00faltimas d\u00e9cadas, o conceito de sustentabilidade ganhou destaque na literatura cont\u00e1bil e nos relat\u00f3rios corporativos. Neste contexto, diversas empresas complementaram sua divulga\u00e7\u00e3o financeira anual com relat\u00f3rios de sustentabilidade (RS), abrangendo aspectos ambientais e sociais. Diante disso, o\u00a0<em>International Integrated Reporting Council<\/em>\u00a0(IIRC) desenvolveu o Relato Integrado (RI), com objetivo de integrar informa\u00e7\u00f5es financeiras, socioambientais e de governan\u00e7a em um formato claro, conciso, consistente e compar\u00e1vel. Ademais, a inclus\u00e3o de informa\u00e7\u00f5es n\u00e3o financeiras tem sido criticada por apresentar conte\u00fado enganoso, vis\u00e3o parcial da sustentabilidade e ser parcialmente triviais. Pesquisas anteriores demonstram que os relat\u00f3rios organizacionais apresentam algum tipo de reformula\u00e7\u00e3o ou repeti\u00e7\u00e3o da mesma informa\u00e7\u00e3o, excluindo certos itens de informa\u00e7\u00e3o social e ambiental e que podem destoar da postura \u00e9tica esperada. Diante do exposto, o presente projeto de pesquisa continuada tem como temas de estudo a Contabilidade, Relat\u00f3rios de Sustentabilidade, Relato Integrado e a \u00c9tica Cont\u00e1bil. Para tanto, tem como objetivo geral: Desenvolver estudos que contemplem a interdisciplinaridade da Contabilidade, Sustentabilidade e as suas implica\u00e7\u00f5es \u00c9ticas no contexto organizacional.<\/p>\n<p><strong>PALAVRAS-CHAVE:<\/strong>\u00a0Contabilidade, Sustentabilidade, Relato Integrado, \u00c9tica Cont\u00e1bil<\/p>\n\t\t\t\t<\/div>\n\t\t\t<\/div>\n\t\t<\/div>\n\t\t<\/div>\n<\/div>\n<\/div><\/div><\/div><\/div><\/div>","protected":false},"excerpt":{"rendered":"<p>PESQUISAS EM ANDAMENTO NO DEPARTAMENTO Tem\u00e1ticas contempor\u00e2neas da Contabilidade a partir de enfoques sobre a \u00e9tica, compliance e sustentabilidade nos neg\u00f3cios. Coordena\u00e7\u00e3o: professora Dra. Rosaly Machado. Resumo O espa\u00e7o da Contabilidade no mundo contempor\u00e2neo, caracterizado como um instrumento de media\u00e7\u00e3o econ\u00f4mico, social e ambiental, abrange sistemas funcionais de pr\u00e1tica, de ensino, e de pesquisa, como&nbsp;&hellip;<\/p>\n","protected":false},"author":420,"featured_media":0,"parent":0,"menu_order":0,"comment_status":"closed","ping_status":"closed","template":"","meta":[],"_links":{"self":[{"href":"https:\/\/www2.uepg.br\/decon\/wp-json\/wp\/v2\/pages\/151"}],"collection":[{"href":"https:\/\/www2.uepg.br\/decon\/wp-json\/wp\/v2\/pages"}],"about":[{"href":"https:\/\/www2.uepg.br\/decon\/wp-json\/wp\/v2\/types\/page"}],"author":[{"embeddable":true,"href":"https:\/\/www2.uepg.br\/decon\/wp-json\/wp\/v2\/users\/420"}],"replies":[{"embeddable":true,"href":"https:\/\/www2.uepg.br\/decon\/wp-json\/wp\/v2\/comments?post=151"}],"version-history":[{"count":11,"href":"https:\/\/www2.uepg.br\/decon\/wp-json\/wp\/v2\/pages\/151\/revisions"}],"predecessor-version":[{"id":316,"href":"https:\/\/www2.uepg.br\/decon\/wp-json\/wp\/v2\/pages\/151\/revisions\/316"}],"wp:attachment":[{"href":"https:\/\/www2.uepg.br\/decon\/wp-json\/wp\/v2\/media?parent=151"}],"curies":[{"name":"wp","href":"https:\/\/api.w.org\/{rel}","templated":true}]}}