{"id":160,"date":"2022-02-04T10:52:29","date_gmt":"2022-02-04T13:52:29","guid":{"rendered":"https:\/\/www2.uepg.br\/decon\/?page_id=160"},"modified":"2022-06-13T08:56:38","modified_gmt":"2022-06-13T11:56:38","slug":"extensao","status":"publish","type":"page","link":"https:\/\/www2.uepg.br\/decon\/extensao\/","title":{"rendered":"Extens\u00e3o"},"content":{"rendered":"<div id=\"pl-160\"  class=\"panel-layout\" ><div id=\"pg-160-0\"  class=\"panel-grid panel-no-style\" ><div id=\"pgc-160-0-0\"  class=\"panel-grid-cell\" ><div id=\"panel-160-0-0-0\" class=\"so-panel widget widget_sow-accordion panel-first-child panel-last-child\" data-index=\"0\" ><div class=\"panel-widget-style panel-widget-style-for-160-0-0-0\" ><div\n\t\t\t\n\t\t\tclass=\"so-widget-sow-accordion so-widget-sow-accordion-default-99be652ed941-160\"\n\t\t\t\n\t\t><h3 class=\"widget-title\">PROJETOS DE EXTENS\u00c3O EM ANDAMENTO NO DEPARTAMENTO<\/h3><div>\n\t<div class=\"sow-accordion\">\n\t\t\t<div class=\"sow-accordion-panel\"\n\t\t\t data-anchor=\"%e2%80%a2projeto-proefin-%e2%80%93-educa%c3%a7%c3%a3o-financeira-pessoal-e-familiar-%e2%80%93-2021-a-2023-%e2%80%93-coordenador-professor-jocimar-donizeti-do-prado-%e2%80%93-jdpradouepg-br\">\n\t\t\t\t<div class=\"sow-accordion-panel-header-container\" role=\"heading\" aria-level=\"2\">\n\t\t\t\t\t<div class=\"sow-accordion-panel-header\" tabindex=\"0\" role=\"button\" id=\"accordion-label-%e2%80%a2projeto-proefin-%e2%80%93-educa%c3%a7%c3%a3o-financeira-pessoal-e-familiar-%e2%80%93-2021-a-2023-%e2%80%93-coordenador-professor-jocimar-donizeti-do-prado-%e2%80%93-jdpradouepg-br\" aria-controls=\"accordion-content-%e2%80%a2projeto-proefin-%e2%80%93-educa%c3%a7%c3%a3o-financeira-pessoal-e-familiar-%e2%80%93-2021-a-2023-%e2%80%93-coordenador-professor-jocimar-donizeti-do-prado-%e2%80%93-jdpradouepg-br\" aria-expanded=\"false\">\n\t\t\t\t\t\t<div class=\"sow-accordion-title sow-accordion-title-icon-left\">\n\t\t\t\t\t\t\t\t\t\t\t\t\t\t\u2022\tPROJETO PROEFIN \u2013 EDUCA\u00c7\u00c3O FINANCEIRA PESSOAL E FAMILIAR \u2013 2021 A 2023 \u2013 COORDENADOR PROFESSOR JOCIMAR DONIZETI DO PRADO \u2013 JDPRADO@UEPG.BR\t\t\t\t\t\t\t\t\t\t\t\t\t<\/div>\n\t\t\t\t\t\t<div class=\"sow-accordion-open-close-button\">\n\t\t\t\t\t\t\t<div class=\"sow-accordion-open-button\">\n\t\t\t\t\t\t\t\t<span class=\"sow-icon-ionicons\" data-sow-icon=\"&#xf218;\"\n\t\t \n\t\taria-hidden=\"true\"><\/span>\t\t\t\t\t\t\t<\/div>\n\t\t\t\t\t\t\t<div class=\"sow-accordion-close-button\">\n\t\t\t\t\t\t\t\t<span class=\"sow-icon-ionicons\" data-sow-icon=\"&#xf209;\"\n\t\t \n\t\taria-hidden=\"true\"><\/span>\t\t\t\t\t\t\t<\/div>\n\t\t\t\t\t\t<\/div>\n\t\t\t\t\t<\/div>\n\t\t\t\t<\/div>\n\n\t\t\t<div\n\t\t\t\tclass=\"sow-accordion-panel-content\"\n\t\t\t\trole=\"region\"\n\t\t\t\taria-labelledby=\"accordion-label-%e2%80%a2projeto-proefin-%e2%80%93-educa%c3%a7%c3%a3o-financeira-pessoal-e-familiar-%e2%80%93-2021-a-2023-%e2%80%93-coordenador-professor-jocimar-donizeti-do-prado-%e2%80%93-jdpradouepg-br\"\n\t\t\t\tid=\"accordion-content-%e2%80%a2projeto-proefin-%e2%80%93-educa%c3%a7%c3%a3o-financeira-pessoal-e-familiar-%e2%80%93-2021-a-2023-%e2%80%93-coordenador-professor-jocimar-donizeti-do-prado-%e2%80%93-jdpradouepg-br\"\n\t\t\t\tstyle=\"display: none;\"\t\t\t>\n\t\t\t\t<div class=\"sow-accordion-panel-border\" tabindex=\"0\">\n\t\t\t\t\t<p><strong>RESUMO<\/strong><\/p>\n<p>A gest\u00e3o adequada de suas finan\u00e7as garante que pessoas e fam\u00edlias n\u00e3o necessitem buscar recursos caros no mercado financeiro ou mesmo tornarem-se inadimplentes. Observa-se que a educa\u00e7\u00e3o financeira tem se tornado<br \/>\numa preocupa\u00e7\u00e3o mundial envolvendo entidades internacionais e governos que reconhecem que a boa gest\u00e3o das finan\u00e7as pessoais \u00e9 fator de inclus\u00e3o e de acesso a melhores condi\u00e7\u00f5es de vida. Assim, a presente proposta tem<br \/>\ncomo objetivos gerais (i)Demonstrar a estudantes de n\u00edvel m\u00e9dio de escolas p\u00fablicas a import\u00e2ncia da gest\u00e3o das finan\u00e7as familiares, levando-os a compreender seus princ\u00edpios b\u00e1sicos e tornando-os multiplicadores das<br \/>\nideias relativas \u00e0 gest\u00e3o da economia dom\u00e9stica;(ii) apresentar e aplicar junto aos estudantes participantes t\u00e9cnicas de gest\u00e3o financeira compat\u00edveis com a realizada de cada fam\u00edlia e (iii)Atuar junto aos familiares dos<br \/>\nalunos participantes mediante atendimento individualizado sobre quest\u00f5es que envolvam finan\u00e7as pessoais e dom\u00e9sticas. A metodologia, sucintamente, consiste em contatar as escolas p\u00fablicas da cidade de Ponta<br \/>\nGrossa (Pr.) onde haja ensino m\u00e9dio, cadastrar alunos e familiares interessados no projeto, tra\u00e7ar um cronograma de a\u00e7\u00f5es junto com a coordena\u00e7\u00e3o pedag\u00f3gica de cada escola e fazer atendimentos individualizados aos participantes. Assim, espera-se conscientizar os participantes sobre import\u00e2ncia da gest\u00e3o financeira pessoal, tornando-os multiplicadores da ideia.<\/p>\n<p>site do projeto: <a href=\"http:\/\/www.proefin.com.br\" target=\"_blank\" rel=\"noopener\">www.proefin.com.br<\/a><\/p>\n\t\t\t\t<\/div>\n\t\t\t<\/div>\n\t\t<\/div>\n\t\t\t<div class=\"sow-accordion-panel\"\n\t\t\t data-anchor=\"projeto-naf-%e2%80%93-n%c3%bacleo-de-apoio-fiscal-%e2%80%93-2021-2023-%e2%80%93-coordenador-professor-jess%c3%a9-alencar-%e2%80%93-jessesilvauepg-br\">\n\t\t\t\t<div class=\"sow-accordion-panel-header-container\" role=\"heading\" aria-level=\"2\">\n\t\t\t\t\t<div class=\"sow-accordion-panel-header\" tabindex=\"0\" role=\"button\" id=\"accordion-label-projeto-naf-%e2%80%93-n%c3%bacleo-de-apoio-fiscal-%e2%80%93-2021-2023-%e2%80%93-coordenador-professor-jess%c3%a9-alencar-%e2%80%93-jessesilvauepg-br\" aria-controls=\"accordion-content-projeto-naf-%e2%80%93-n%c3%bacleo-de-apoio-fiscal-%e2%80%93-2021-2023-%e2%80%93-coordenador-professor-jess%c3%a9-alencar-%e2%80%93-jessesilvauepg-br\" aria-expanded=\"false\">\n\t\t\t\t\t\t<div class=\"sow-accordion-title sow-accordion-title-icon-left\">\n\t\t\t\t\t\t\t\t\t\t\t\t\t\tPROJETO NAF \u2013 N\u00daCLEO DE APOIO FISCAL \u2013 2021-2023 \u2013 COORDENADOR PROFESSOR JESS\u00c9 ALENCAR \u2013 jessesilva@uepg.br\t\t\t\t\t\t\t\t\t\t\t\t\t<\/div>\n\t\t\t\t\t\t<div class=\"sow-accordion-open-close-button\">\n\t\t\t\t\t\t\t<div class=\"sow-accordion-open-button\">\n\t\t\t\t\t\t\t\t<span class=\"sow-icon-ionicons\" data-sow-icon=\"&#xf218;\"\n\t\t \n\t\taria-hidden=\"true\"><\/span>\t\t\t\t\t\t\t<\/div>\n\t\t\t\t\t\t\t<div class=\"sow-accordion-close-button\">\n\t\t\t\t\t\t\t\t<span class=\"sow-icon-ionicons\" data-sow-icon=\"&#xf209;\"\n\t\t \n\t\taria-hidden=\"true\"><\/span>\t\t\t\t\t\t\t<\/div>\n\t\t\t\t\t\t<\/div>\n\t\t\t\t\t<\/div>\n\t\t\t\t<\/div>\n\n\t\t\t<div\n\t\t\t\tclass=\"sow-accordion-panel-content\"\n\t\t\t\trole=\"region\"\n\t\t\t\taria-labelledby=\"accordion-label-projeto-naf-%e2%80%93-n%c3%bacleo-de-apoio-fiscal-%e2%80%93-2021-2023-%e2%80%93-coordenador-professor-jess%c3%a9-alencar-%e2%80%93-jessesilvauepg-br\"\n\t\t\t\tid=\"accordion-content-projeto-naf-%e2%80%93-n%c3%bacleo-de-apoio-fiscal-%e2%80%93-2021-2023-%e2%80%93-coordenador-professor-jess%c3%a9-alencar-%e2%80%93-jessesilvauepg-br\"\n\t\t\t\tstyle=\"display: none;\"\t\t\t>\n\t\t\t\t<div class=\"sow-accordion-panel-border\" tabindex=\"0\">\n\t\t\t\t\t<p>O <strong>N\u00facleo de Apoio Cont\u00e1bil e Fiscal - NAF<\/strong> \u00e9 uma Projeto de Extens\u00e3o Universit\u00e1ria do curso de Ci\u00eancias Cont\u00e1beis da UEPG, registrado e aprovado pela PROEX sob registro 00353.21.03743.03, que objetiva:<\/p>\n<ul>\n<li>Proporcionar aos estudantes forma\u00e7\u00e3o sobre a fun\u00e7\u00e3o social dos tributos e dos direitos e deveres associados \u00e0 tributa\u00e7\u00e3o;<\/li>\n<li>Qualificar o futuro profissional por meio de uma viv\u00eancia pr\u00e1tica, proporcionando a aplica\u00e7\u00e3o profissional do aprendizado, assim como a gera\u00e7\u00e3o de conhecimento acerca das obriga\u00e7\u00f5es tribut\u00e1rias por meio, por exemplo, de discuss\u00f5es, cria\u00e7\u00e3o de palestras, grupos de estudo, treinamentos e visitas guiadas \u00e0 Receita Federal;<\/li>\n<li>Disponibilizar orienta\u00e7\u00e3o cont\u00e1bil e fiscal pelos estudantes universit\u00e1rios a pessoas f\u00edsicas de baixa renda, bem como a microempresas, microempreendedores individuais e entidades sem fins lucrativos;<\/li>\n<\/ul>\n<p>O NAF desenvolver\u00e1 atividades de Extens\u00e3o na UEPG e est\u00e1 subordinado academicamente, ao curso de Ci\u00eancias Cont\u00e1beis, tendo um professor coordenador como respons\u00e1vel pela sua administra\u00e7\u00e3o. O NAF n\u00e3o \u00e9 componente curricular obrigat\u00f3rio do curso de Ci\u00eancias Cont\u00e1beis da UEPG.<\/p>\n<p>O NAF conta com o apoio da Receita Federal do Brasil atrav\u00e9s de acordo de coopera\u00e7\u00e3o entre a Secretaria Especial da Receita Federal do Brasil (RFB), representada pela Delegacia da Receita Federal do Brasil em Ponta Grossa-PR que e foi homologado pela Resolu\u00e7\u00e3o - CA - N\u00ba 2021.68 que Homologa o Acordo de Coopera\u00e7\u00e3o.<\/p>\n<p>A participa\u00e7\u00e3o regular do acad\u00eamico, em conformidade ao regulamento, confere o direito \u00e0 obten\u00e7\u00e3o de certificado de extens\u00e3o cujas horas de atividades poder\u00e3o ser aproveitadas para atividades complementares em acordo com o regulamento das atividades complementares do curso ao qual o(a) acad\u00eamico(a) esteja vinculado(a).<\/p>\n<p>O NAF tem por escopo desenvolver atividades que visam atender aos princ\u00edpios de responsabilidade social que norteiam a UEPG, expressando o compromisso social com a comunidade na qual est\u00e1 inserida. Mas o NAF n\u00e3o \u00e9 um posto de atendimento da Secretaria da Receita Federal do Brasil (RFB), assim como n\u00e3o \u00e9 um substituto de escrit\u00f3rios de contabilidade.<\/p>\n<p>As atividades a serem desenvolvidas no \u00e2mbito do NAF devem ser essencialmente orientativas e voltadas a proporcionar aos acad\u00eamicos a participa\u00e7\u00e3o em situa\u00e7\u00f5es reais de vida e trabalho, visando \u00e0 complementa\u00e7\u00e3o de sua forma\u00e7\u00e3o.<\/p>\n<p>Saiba mais sobre o NAF:<\/p>\n<p><a href=\"https:\/\/youtu.be\/Z8NfSq4H4Po\">V\u00eddeo sobre o NA \u2013 pela Receita Federal<\/a><\/p>\n<p><a href=\"https:\/\/www.youtube.com\/watch?v=Ry8b093h3Lw\">Conhe\u00e7a o projeto NAF - N\u00facleo de Apoio Cont\u00e1bil e Fiscal - YouTube<\/a><\/p>\n<p><a href=\"https:\/\/www.gov.br\/receitafederal\/pt-br\/assuntos\/educacao-fiscal\/educacao-fiscal\/naf\/perguntao-naf-divic20180510.pdf\">Perguntas e Respostas sobre o NAF (RFB)<\/a><\/p>\n<p><a href=\"https:\/\/drive.google.com\/file\/d\/1u16rXX-G0apLgMgqCt0nFHyHewOxWTYa\/view?usp=sharing\">Conhe\u00e7a o regulamento do NAF na UEPG<\/a><\/p>\n<p><a href=\"https:\/\/drive.google.com\/file\/d\/1x-LjCk7n-ePd3Y7qhwP4SmGRxkB2orV-\/view?usp=sharing\">EDITAL PARA PARTICIPAR DO NAF 02\/2022<\/a><\/p>\n<p><a href=\"https:\/\/forms.gle\/tDEa6v5PJmDgNAhA9\">ACESSE A FICHA E INSCREVA-SE PARA SER UM ACAD\u00caMICO EXTENSIONISTA<\/a><\/p>\n<p><a href=\"https:\/\/drive.google.com\/file\/d\/11PvPmIWnbp3KH_CZlikDe8RSOvxosVDX\/view?usp=sharing\" target=\"_blank\" rel=\"noopener\">VEJA O RESULTADO EDITAL NAF 02\/2022<\/a><\/p>\n\t\t\t\t<\/div>\n\t\t\t<\/div>\n\t\t<\/div>\n\t\t\t<div class=\"sow-accordion-panel\"\n\t\t\t data-anchor=\"projir-2022\">\n\t\t\t\t<div class=\"sow-accordion-panel-header-container\" role=\"heading\" aria-level=\"2\">\n\t\t\t\t\t<div class=\"sow-accordion-panel-header\" tabindex=\"0\" role=\"button\" id=\"accordion-label-projir-2022\" aria-controls=\"accordion-content-projir-2022\" aria-expanded=\"false\">\n\t\t\t\t\t\t<div class=\"sow-accordion-title sow-accordion-title-icon-left\">\n\t\t\t\t\t\t\t\t\t\t\t\t\t\tPROJIR 2022\t\t\t\t\t\t\t\t\t\t\t\t\t<\/div>\n\t\t\t\t\t\t<div class=\"sow-accordion-open-close-button\">\n\t\t\t\t\t\t\t<div class=\"sow-accordion-open-button\">\n\t\t\t\t\t\t\t\t<span class=\"sow-icon-ionicons\" data-sow-icon=\"&#xf218;\"\n\t\t \n\t\taria-hidden=\"true\"><\/span>\t\t\t\t\t\t\t<\/div>\n\t\t\t\t\t\t\t<div class=\"sow-accordion-close-button\">\n\t\t\t\t\t\t\t\t<span class=\"sow-icon-ionicons\" data-sow-icon=\"&#xf209;\"\n\t\t \n\t\taria-hidden=\"true\"><\/span>\t\t\t\t\t\t\t<\/div>\n\t\t\t\t\t\t<\/div>\n\t\t\t\t\t<\/div>\n\t\t\t\t<\/div>\n\n\t\t\t<div\n\t\t\t\tclass=\"sow-accordion-panel-content\"\n\t\t\t\trole=\"region\"\n\t\t\t\taria-labelledby=\"accordion-label-projir-2022\"\n\t\t\t\tid=\"accordion-content-projir-2022\"\n\t\t\t\tstyle=\"display: none;\"\t\t\t>\n\t\t\t\t<div class=\"sow-accordion-panel-border\" tabindex=\"0\">\n\t\t\t\t\t<p><strong>O PROJIR \u00e9 uma a\u00e7\u00e3o do Projeto de Extens\u00e3o Universit\u00e1ria NAF \u2013 N\u00facleo de Apoio Fiscal, do Departamento de Contabilidade da UEPG em pareceria com a Receita Federal, que tem por objetivo, entre outros, atender \u00e0 toda comunidade na orienta\u00e7\u00e3o, assessoria, consultoria, preenchimento e entrega da Declara\u00e7\u00e3o do Imposto de Renda para Pessoas F\u00edsicas. As pessoas que necessitarem dos servi\u00e7os prestados pelo projeto, poder\u00e3o entrar em contato para agendamento atrav\u00e9s do telefone n\u00ba 3220-3311 no hor\u00e1rio das 13:30 \u00e0s 17:30 de segunda \u00e0 sexta-feira. Vale lembrar que o per\u00edodo para entrega da Declara\u00e7\u00e3o do Imposto de Renda para Pessoas F\u00edsicas iniciou dia 07\/03\/2022 e encerrar\u00e1 dia 29\/04\/2022.<\/strong><\/p>\n\t\t\t\t<\/div>\n\t\t\t<\/div>\n\t\t<\/div>\n\t\t\t<div class=\"sow-accordion-panel\"\n\t\t\t data-anchor=\"apoio-cont%c3%a1bil-para-as-startups-incubadas-na-ag%c3%aancia-de-inova%c3%a7%c3%a3o-e-propriedade-intelectual-uepg-1%c2%aa-edi%c3%a7%c3%a3o-coordenador-prof-jocimar-prado-jdpradouepg-br\">\n\t\t\t\t<div class=\"sow-accordion-panel-header-container\" role=\"heading\" aria-level=\"2\">\n\t\t\t\t\t<div class=\"sow-accordion-panel-header\" tabindex=\"0\" role=\"button\" id=\"accordion-label-apoio-cont%c3%a1bil-para-as-startups-incubadas-na-ag%c3%aancia-de-inova%c3%a7%c3%a3o-e-propriedade-intelectual-uepg-1%c2%aa-edi%c3%a7%c3%a3o-coordenador-prof-jocimar-prado-jdpradouepg-br\" aria-controls=\"accordion-content-apoio-cont%c3%a1bil-para-as-startups-incubadas-na-ag%c3%aancia-de-inova%c3%a7%c3%a3o-e-propriedade-intelectual-uepg-1%c2%aa-edi%c3%a7%c3%a3o-coordenador-prof-jocimar-prado-jdpradouepg-br\" aria-expanded=\"false\">\n\t\t\t\t\t\t<div class=\"sow-accordion-title sow-accordion-title-icon-left\">\n\t\t\t\t\t\t\t\t\t\t\t\t\t\tAPOIO CONT\u00c1BIL PARA AS STARTUPS INCUBADAS NA AG\u00caNCIA DE INOVA\u00c7\u00c3O E PROPRIEDADE INTELECTUAL - UEPG 1\u00aa EDI\u00c7\u00c3O- COORDENADOR PROF.. JOCIMAR PRADO - JDPRADO@UEPG.BR\t\t\t\t\t\t\t\t\t\t\t\t\t<\/div>\n\t\t\t\t\t\t<div class=\"sow-accordion-open-close-button\">\n\t\t\t\t\t\t\t<div class=\"sow-accordion-open-button\">\n\t\t\t\t\t\t\t\t<span class=\"sow-icon-ionicons\" data-sow-icon=\"&#xf218;\"\n\t\t \n\t\taria-hidden=\"true\"><\/span>\t\t\t\t\t\t\t<\/div>\n\t\t\t\t\t\t\t<div class=\"sow-accordion-close-button\">\n\t\t\t\t\t\t\t\t<span class=\"sow-icon-ionicons\" data-sow-icon=\"&#xf209;\"\n\t\t \n\t\taria-hidden=\"true\"><\/span>\t\t\t\t\t\t\t<\/div>\n\t\t\t\t\t\t<\/div>\n\t\t\t\t\t<\/div>\n\t\t\t\t<\/div>\n\n\t\t\t<div\n\t\t\t\tclass=\"sow-accordion-panel-content\"\n\t\t\t\trole=\"region\"\n\t\t\t\taria-labelledby=\"accordion-label-apoio-cont%c3%a1bil-para-as-startups-incubadas-na-ag%c3%aancia-de-inova%c3%a7%c3%a3o-e-propriedade-intelectual-uepg-1%c2%aa-edi%c3%a7%c3%a3o-coordenador-prof-jocimar-prado-jdpradouepg-br\"\n\t\t\t\tid=\"accordion-content-apoio-cont%c3%a1bil-para-as-startups-incubadas-na-ag%c3%aancia-de-inova%c3%a7%c3%a3o-e-propriedade-intelectual-uepg-1%c2%aa-edi%c3%a7%c3%a3o-coordenador-prof-jocimar-prado-jdpradouepg-br\"\n\t\t\t\tstyle=\"display: none;\"\t\t\t>\n\t\t\t\t<div class=\"sow-accordion-panel-border\" tabindex=\"0\">\n\t\t\t\t\t<p>Consultoria cont\u00e1bil para empreendedores cadastrados na AGIPI-UEPG, bem como assessoria para determina\u00e7\u00e3o de enquadramento tribut\u00e1rio de pessoas jur\u00eddicas; acompanhamento do processo de formaliza\u00e7\u00e3o de empresas.<\/p>\n\t\t\t\t<\/div>\n\t\t\t<\/div>\n\t\t<\/div>\n\t\t<\/div>\n<\/div>\n<\/div><\/div><\/div><\/div><\/div><\/div>","protected":false},"excerpt":{"rendered":"<p>PROJETOS DE EXTENS\u00c3O EM ANDAMENTO NO DEPARTAMENTO \u2022 PROJETO PROEFIN \u2013 EDUCA\u00c7\u00c3O FINANCEIRA PESSOAL E FAMILIAR \u2013 2021 A 2023 \u2013 COORDENADOR PROFESSOR JOCIMAR DONIZETI DO PRADO \u2013 JDPRADO@UEPG.BR RESUMO A gest\u00e3o adequada de suas finan\u00e7as garante que pessoas e fam\u00edlias n\u00e3o necessitem buscar recursos caros no mercado financeiro ou mesmo tornarem-se inadimplentes. Observa-se que&nbsp;&hellip;<\/p>\n","protected":false},"author":420,"featured_media":0,"parent":0,"menu_order":0,"comment_status":"closed","ping_status":"closed","template":"","meta":[],"_links":{"self":[{"href":"https:\/\/www2.uepg.br\/decon\/wp-json\/wp\/v2\/pages\/160"}],"collection":[{"href":"https:\/\/www2.uepg.br\/decon\/wp-json\/wp\/v2\/pages"}],"about":[{"href":"https:\/\/www2.uepg.br\/decon\/wp-json\/wp\/v2\/types\/page"}],"author":[{"embeddable":true,"href":"https:\/\/www2.uepg.br\/decon\/wp-json\/wp\/v2\/users\/420"}],"replies":[{"embeddable":true,"href":"https:\/\/www2.uepg.br\/decon\/wp-json\/wp\/v2\/comments?post=160"}],"version-history":[{"count":17,"href":"https:\/\/www2.uepg.br\/decon\/wp-json\/wp\/v2\/pages\/160\/revisions"}],"predecessor-version":[{"id":197,"href":"https:\/\/www2.uepg.br\/decon\/wp-json\/wp\/v2\/pages\/160\/revisions\/197"}],"wp:attachment":[{"href":"https:\/\/www2.uepg.br\/decon\/wp-json\/wp\/v2\/media?parent=160"}],"curies":[{"name":"wp","href":"https:\/\/api.w.org\/{rel}","templated":true}]}}