{"id":162,"date":"2022-02-04T10:53:25","date_gmt":"2022-02-04T13:53:25","guid":{"rendered":"https:\/\/www2.uepg.br\/decon\/?page_id=162"},"modified":"2022-03-17T19:44:44","modified_gmt":"2022-03-17T22:44:44","slug":"laboratorios","status":"publish","type":"page","link":"https:\/\/www2.uepg.br\/decon\/laboratorios\/","title":{"rendered":"Laborat\u00f3rios"},"content":{"rendered":"<p align=\"center\"><strong>LABORAT\u00d3RIOS<\/strong><\/p>\n<ul>\n<li>Laborat\u00f3rio de Inform\u00e1tica (22 computadores) Campus Central &#8211; Bloco D &#8211; Sala 114<\/li>\n<\/ul>\n<p align=\"center\"><a href=\"https:\/\/www2.uepg.br\/decon\/laboratorios\/whatsapp-image-2022-03-17-at-19-31-41\/\" rel=\"attachment wp-att-342\"><img loading=\"lazy\" class=\"alignleft wp-image-342\" src=\"https:\/\/www2.uepg.br\/decon\/wp-content\/uploads\/sites\/212\/2022\/03\/WhatsApp-Image-2022-03-17-at-19.31.41-300x169.jpeg\" alt=\"\" width=\"352\" height=\"198\" srcset=\"https:\/\/www2.uepg.br\/decon\/wp-content\/uploads\/sites\/212\/2022\/03\/WhatsApp-Image-2022-03-17-at-19.31.41-300x169.jpeg 300w, https:\/\/www2.uepg.br\/decon\/wp-content\/uploads\/sites\/212\/2022\/03\/WhatsApp-Image-2022-03-17-at-19.31.41-1024x576.jpeg 1024w, https:\/\/www2.uepg.br\/decon\/wp-content\/uploads\/sites\/212\/2022\/03\/WhatsApp-Image-2022-03-17-at-19.31.41-768x432.jpeg 768w, https:\/\/www2.uepg.br\/decon\/wp-content\/uploads\/sites\/212\/2022\/03\/WhatsApp-Image-2022-03-17-at-19.31.41.jpeg 1040w\" sizes=\"(max-width: 352px) 100vw, 352px\" \/><\/a><\/p>\n<p align=\"center\"><a href=\"https:\/\/www2.uepg.br\/decon\/laboratorios\/whatsapp-image-2022-03-17-at-19-33-26\/\" rel=\"attachment wp-att-344\"><img loading=\"lazy\" class=\"wp-image-344 alignright\" src=\"https:\/\/www2.uepg.br\/decon\/wp-content\/uploads\/sites\/212\/2022\/03\/WhatsApp-Image-2022-03-17-at-19.33.26-300x169.jpeg\" alt=\"\" width=\"357\" height=\"201\" srcset=\"https:\/\/www2.uepg.br\/decon\/wp-content\/uploads\/sites\/212\/2022\/03\/WhatsApp-Image-2022-03-17-at-19.33.26-300x169.jpeg 300w, https:\/\/www2.uepg.br\/decon\/wp-content\/uploads\/sites\/212\/2022\/03\/WhatsApp-Image-2022-03-17-at-19.33.26-1024x576.jpeg 1024w, https:\/\/www2.uepg.br\/decon\/wp-content\/uploads\/sites\/212\/2022\/03\/WhatsApp-Image-2022-03-17-at-19.33.26-768x432.jpeg 768w, https:\/\/www2.uepg.br\/decon\/wp-content\/uploads\/sites\/212\/2022\/03\/WhatsApp-Image-2022-03-17-at-19.33.26.jpeg 1040w\" sizes=\"(max-width: 357px) 100vw, 357px\" \/><\/a><\/p>\n<p align=\"center\">\n","protected":false},"excerpt":{"rendered":"<p>LABORAT\u00d3RIOS Laborat\u00f3rio de Inform\u00e1tica (22 computadores) Campus Central &#8211; Bloco D &#8211; Sala 114<\/p>\n","protected":false},"author":420,"featured_media":0,"parent":0,"menu_order":0,"comment_status":"closed","ping_status":"closed","template":"","meta":[],"_links":{"self":[{"href":"https:\/\/www2.uepg.br\/decon\/wp-json\/wp\/v2\/pages\/162"}],"collection":[{"href":"https:\/\/www2.uepg.br\/decon\/wp-json\/wp\/v2\/pages"}],"about":[{"href":"https:\/\/www2.uepg.br\/decon\/wp-json\/wp\/v2\/types\/page"}],"author":[{"embeddable":true,"href":"https:\/\/www2.uepg.br\/decon\/wp-json\/wp\/v2\/users\/420"}],"replies":[{"embeddable":true,"href":"https:\/\/www2.uepg.br\/decon\/wp-json\/wp\/v2\/comments?post=162"}],"version-history":[{"count":3,"href":"https:\/\/www2.uepg.br\/decon\/wp-json\/wp\/v2\/pages\/162\/revisions"}],"predecessor-version":[{"id":345,"href":"https:\/\/www2.uepg.br\/decon\/wp-json\/wp\/v2\/pages\/162\/revisions\/345"}],"wp:attachment":[{"href":"https:\/\/www2.uepg.br\/decon\/wp-json\/wp\/v2\/media?parent=162"}],"curies":[{"name":"wp","href":"https:\/\/api.w.org\/{rel}","templated":true}]}}