{"id":329,"date":"2022-03-14T20:29:13","date_gmt":"2022-03-14T23:29:13","guid":{"rendered":"https:\/\/www2.uepg.br\/decon\/?page_id=329"},"modified":"2022-04-13T11:33:55","modified_gmt":"2022-04-13T14:33:55","slug":"normativas","status":"publish","type":"page","link":"https:\/\/www2.uepg.br\/decon\/normativas\/","title":{"rendered":"Normativas emitidas pelo Colegiado de Curso"},"content":{"rendered":"<div id=\"pl-329\"  class=\"panel-layout\" ><div id=\"pg-329-0\"  class=\"panel-grid panel-no-style\" ><div id=\"pgc-329-0-0\"  class=\"panel-grid-cell\" ><div id=\"panel-329-0-0-0\" class=\"so-panel widget widget_sow-accordion panel-first-child\" data-index=\"0\" ><div\n\t\t\t\n\t\t\tclass=\"so-widget-sow-accordion so-widget-sow-accordion-default-2b55ed2807e6-329\"\n\t\t\t\n\t\t><div>\n\t<div class=\"sow-accordion\">\n\t\t\t<div class=\"sow-accordion-panel\"\n\t\t\t data-anchor=\"2022\">\n\t\t\t\t<div class=\"sow-accordion-panel-header-container\" role=\"heading\" aria-level=\"2\">\n\t\t\t\t\t<div class=\"sow-accordion-panel-header\" tabindex=\"0\" role=\"button\" id=\"accordion-label-2022\" aria-controls=\"accordion-content-2022\" aria-expanded=\"false\">\n\t\t\t\t\t\t<div class=\"sow-accordion-title sow-accordion-title-icon-left\">\n\t\t\t\t\t\t\t\t\t\t\t\t\t\t2022\t\t\t\t\t\t\t\t\t\t\t\t\t<\/div>\n\t\t\t\t\t\t<div class=\"sow-accordion-open-close-button\">\n\t\t\t\t\t\t\t<div class=\"sow-accordion-open-button\">\n\t\t\t\t\t\t\t\t<span class=\"sow-icon-ionicons\" data-sow-icon=\"&#xf218;\"\n\t\t \n\t\taria-hidden=\"true\"><\/span>\t\t\t\t\t\t\t<\/div>\n\t\t\t\t\t\t\t<div class=\"sow-accordion-close-button\">\n\t\t\t\t\t\t\t\t<span class=\"sow-icon-ionicons\" data-sow-icon=\"&#xf209;\"\n\t\t \n\t\taria-hidden=\"true\"><\/span>\t\t\t\t\t\t\t<\/div>\n\t\t\t\t\t\t<\/div>\n\t\t\t\t\t<\/div>\n\t\t\t\t<\/div>\n\n\t\t\t<div\n\t\t\t\tclass=\"sow-accordion-panel-content\"\n\t\t\t\trole=\"region\"\n\t\t\t\taria-labelledby=\"accordion-label-2022\"\n\t\t\t\tid=\"accordion-content-2022\"\n\t\t\t\tstyle=\"display: none;\"\t\t\t>\n\t\t\t\t<div class=\"sow-accordion-panel-border\" tabindex=\"0\">\n\t\t\t\t\t<p>Of\u00edcio Colegiado de Curso 002\/2022: PROCEDIMENTOS PARA FORMALIZA\u00c7\u00c3O DE REPOSI\u00c7\u00c3O DE AULAS EM FUN\u00c7\u00c3O DE FALTAS E\/OU ATRASOS<\/p>\n<p>Tendo por fundamenta\u00e7\u00e3o o Regimento Geral da UEPG artigo 90 e artigo 93 em seus itens III e XIII, o Colegiado do Curso de Ci\u00eancias Cont\u00e1beis vem por meio deste of\u00edcio levar ao conhecimento dos professores que ministrem disciplinas no Curso os procedimentos para comunica\u00e7\u00e3o da necessidade de reposi\u00e7\u00e3o de aulas motivadas por faltas e atrasos.<\/p>\n<p><a href=\"https:\/\/drive.google.com\/file\/d\/13VY8DNVy02n5AiOXd5OOtIDVSpXWZwDo\/view?usp=sharing\" target=\"_blank\" rel=\"noopener\">Leia o of\u00edcio completo<\/a><\/p>\n\t\t\t\t<\/div>\n\t\t\t<\/div>\n\t\t<\/div>\n\t\t<\/div>\n<\/div>\n<\/div><\/div><div id=\"panel-329-0-0-1\" class=\"so-panel widget widget_sow-cta panel-last-child\" data-index=\"1\" ><div\n\t\t\t\n\t\t\tclass=\"so-widget-sow-cta so-widget-sow-cta-default-6b0ca1af8355-329\"\n\t\t\t\n\t\t><div class=\"sow-cta-base\">\n\n\t<div class=\"sow-cta-wrapper\">\n\n\t\t<div class=\"sow-cta-text\">\n\t\t\t<h4 class=\"sow-cta-title\">MODELO PADR\u00c3O PARA PROGRAMAS DE DISCIPLINAS PROGRAD<\/h4>\n\t\t\t<h5 class=\"sow-cta-subtitle\"><\/h5>\n\t\t<\/div>\n\n\t\t<div\n\t\t\t\n\t\t\tclass=\"so-widget-sow-button so-widget-sow-button-atom-b4f6b6b19f96\"\n\t\t\t\n\t\t><div class=\"ow-button-base ow-button-align-center\">\n\t<a href=\"https:\/\/docs.google.com\/document\/d\/1VpndXZmR0z9Cx77XzRnrptBguTc6Uk4r\/edit?usp=sharing&#038;ouid=103605701706792201218&#038;rtpof=true&#038;sd=true\" class=\"ow-icon-placement-left ow-button-hover\" target=\"_blank\" rel=\"noopener noreferrer\" \t\t>\n\t\t<span>\n\t\t\t\n\t\t\tPROGRAMAS\t\t<\/span>\n\t<\/a>\n<\/div>\n<\/div>\n\t<\/div>\n\n<\/div>\n<\/div><\/div><\/div><\/div><\/div>","protected":false},"excerpt":{"rendered":"<p>2022 Of\u00edcio Colegiado de Curso 002\/2022: PROCEDIMENTOS PARA FORMALIZA\u00c7\u00c3O DE REPOSI\u00c7\u00c3O DE AULAS EM FUN\u00c7\u00c3O DE FALTAS E\/OU ATRASOS Tendo por fundamenta\u00e7\u00e3o o Regimento Geral da UEPG artigo 90 e artigo 93 em seus itens III e XIII, o Colegiado do Curso de Ci\u00eancias Cont\u00e1beis vem por meio deste of\u00edcio levar ao conhecimento dos professores&nbsp;&hellip;<\/p>\n","protected":false},"author":432,"featured_media":0,"parent":0,"menu_order":0,"comment_status":"closed","ping_status":"closed","template":"","meta":[],"_links":{"self":[{"href":"https:\/\/www2.uepg.br\/decon\/wp-json\/wp\/v2\/pages\/329"}],"collection":[{"href":"https:\/\/www2.uepg.br\/decon\/wp-json\/wp\/v2\/pages"}],"about":[{"href":"https:\/\/www2.uepg.br\/decon\/wp-json\/wp\/v2\/types\/page"}],"author":[{"embeddable":true,"href":"https:\/\/www2.uepg.br\/decon\/wp-json\/wp\/v2\/users\/432"}],"replies":[{"embeddable":true,"href":"https:\/\/www2.uepg.br\/decon\/wp-json\/wp\/v2\/comments?post=329"}],"version-history":[{"count":3,"href":"https:\/\/www2.uepg.br\/decon\/wp-json\/wp\/v2\/pages\/329\/revisions"}],"predecessor-version":[{"id":373,"href":"https:\/\/www2.uepg.br\/decon\/wp-json\/wp\/v2\/pages\/329\/revisions\/373"}],"wp:attachment":[{"href":"https:\/\/www2.uepg.br\/decon\/wp-json\/wp\/v2\/media?parent=329"}],"curies":[{"name":"wp","href":"https:\/\/api.w.org\/{rel}","templated":true}]}}