{"id":6,"date":"2020-04-20T14:56:52","date_gmt":"2020-04-20T17:56:52","guid":{"rendered":"http:\/\/www2.uepg.br\/decon\/?page_id=6"},"modified":"2025-07-30T22:49:16","modified_gmt":"2025-07-31T01:49:16","slug":"home","status":"publish","type":"page","link":"https:\/\/www2.uepg.br\/decon\/","title":{"rendered":"Home"},"content":{"rendered":"<div id=\"pl-6\"  class=\"panel-layout\" ><div id=\"pg-6-0\"  class=\"panel-grid panel-no-style\" ><div id=\"pgc-6-0-0\"  class=\"panel-grid-cell panel-grid-cell-empty\" ><\/div><\/div><div id=\"pg-6-1\"  class=\"panel-grid panel-no-style\" ><div id=\"pgc-6-1-0\"  class=\"panel-grid-cell panel-grid-cell-empty panel-grid-cell-mobile-last\" ><\/div><div id=\"pgc-6-1-1\"  class=\"panel-grid-cell panel-grid-cell-empty\" ><\/div><\/div><div id=\"pg-6-2\"  class=\"panel-grid panel-no-style\" ><div id=\"pgc-6-2-0\"  class=\"panel-grid-cell panel-grid-cell-empty\" ><\/div><\/div><div id=\"pg-6-3\"  class=\"panel-grid panel-no-style\" ><div id=\"pgc-6-3-0\"  class=\"panel-grid-cell\" ><div id=\"panel-6-3-0-0\" class=\"so-panel widget widget_media_audio panel-first-child\" data-index=\"0\" ><h3 class=\"widget-title\">Quantos planetas s\u00e3o necess\u00e1rios para voc\u00ea viver? Pegada Ecol\u00f3gica de estudantes de Ci\u00eancias Cont\u00e1beis<\/h3><!--[if lt IE 9]><script>document.createElement('audio');<\/script><![endif]-->\n<audio class=\"wp-audio-shortcode\" id=\"audio-6-1\" preload=\"none\" style=\"width: 100%;\" controls=\"controls\"><source type=\"audio\/wav\" src=\"https:\/\/www2.uepg.br\/decon\/wp-content\/uploads\/sites\/212\/2025\/07\/Student-Ecological-Footprint_-Accounting-for-Sustainability-3.wav?_=1\" \/><source type=\"audio\/wav\" src=\"https:\/\/www2.uepg.br\/decon\/wp-content\/uploads\/sites\/212\/2025\/07\/Student-Ecological-Footprint_-Accounting-for-Sustainability-3.wav?_=1\" \/><a href=\"https:\/\/www2.uepg.br\/decon\/wp-content\/uploads\/sites\/212\/2025\/07\/Student-Ecological-Footprint_-Accounting-for-Sustainability-3.wav\">https:\/\/www2.uepg.br\/decon\/wp-content\/uploads\/sites\/212\/2025\/07\/Student-Ecological-Footprint_-Accounting-for-Sustainability-3.wav<\/a><\/audio><\/div><div id=\"panel-6-3-0-1\" class=\"so-panel widget widget_media_audio\" data-index=\"1\" ><h3 class=\"widget-title\">O rompimento da barragem de Mariana (MG): Mudan\u00e7as no Disclosure Ambiental do Setor de Minera\u00e7\u00e3o\u200b<\/h3><audio class=\"wp-audio-shortcode\" id=\"audio-6-2\" preload=\"none\" style=\"width: 100%;\" controls=\"controls\"><source type=\"audio\/wav\" src=\"https:\/\/www2.uepg.br\/decon\/wp-content\/uploads\/sites\/212\/2025\/07\/Mariana-Dam-Disaster_-Mining-Environmental-Disclosure-Changes-1.wav?_=2\" \/><source type=\"audio\/wav\" src=\"https:\/\/www2.uepg.br\/decon\/wp-content\/uploads\/sites\/212\/2025\/07\/Mariana-Dam-Disaster_-Mining-Environmental-Disclosure-Changes-1.wav?_=2\" \/><a href=\"https:\/\/www2.uepg.br\/decon\/wp-content\/uploads\/sites\/212\/2025\/07\/Mariana-Dam-Disaster_-Mining-Environmental-Disclosure-Changes-1.wav\">https:\/\/www2.uepg.br\/decon\/wp-content\/uploads\/sites\/212\/2025\/07\/Mariana-Dam-Disaster_-Mining-Environmental-Disclosure-Changes-1.wav<\/a><\/audio><\/div><div id=\"panel-6-3-0-2\" class=\"so-panel widget widget_media_audio\" data-index=\"2\" ><h3 class=\"widget-title\">N\u00edvel de Evidencia\u00e7\u00e3o e Legibilidade Socioambiental das Cooperativas Agropecu\u00e1rias Paranaenses<\/h3><audio class=\"wp-audio-shortcode\" id=\"audio-6-3\" preload=\"none\" style=\"width: 100%;\" controls=\"controls\"><source type=\"audio\/wav\" src=\"https:\/\/www2.uepg.br\/decon\/wp-content\/uploads\/sites\/212\/2025\/07\/Socio-Environmental-Disclosure-in-Paranas-Agricultural-Cooperatives-1.wav?_=3\" \/><source type=\"audio\/wav\" src=\"https:\/\/www2.uepg.br\/decon\/wp-content\/uploads\/sites\/212\/2025\/07\/Socio-Environmental-Disclosure-in-Paranas-Agricultural-Cooperatives-1.wav?_=3\" \/><a href=\"https:\/\/www2.uepg.br\/decon\/wp-content\/uploads\/sites\/212\/2025\/07\/Socio-Environmental-Disclosure-in-Paranas-Agricultural-Cooperatives-1.wav\">https:\/\/www2.uepg.br\/decon\/wp-content\/uploads\/sites\/212\/2025\/07\/Socio-Environmental-Disclosure-in-Paranas-Agricultural-Cooperatives-1.wav<\/a><\/audio><\/div><div id=\"panel-6-3-0-3\" class=\"so-panel widget widget_media_audio panel-last-child\" data-index=\"3\" ><h3 class=\"widget-title\">Contabilidade Ambiental nas Institui\u00e7\u00f5es P\u00fablicas De Ensino Superior do Estado do Paran\u00e1: Um Estudo do Cen\u00e1rio Curricular\u200b<\/h3><audio class=\"wp-audio-shortcode\" id=\"audio-6-4\" preload=\"none\" style=\"width: 100%;\" controls=\"controls\"><source type=\"audio\/wav\" src=\"https:\/\/www2.uepg.br\/decon\/wp-content\/uploads\/sites\/212\/2025\/07\/Environmental-Accounting-in-Paranas-Higher-Education-Curriculum.wav?_=4\" \/><source type=\"audio\/wav\" src=\"https:\/\/www2.uepg.br\/decon\/wp-content\/uploads\/sites\/212\/2025\/07\/Environmental-Accounting-in-Paranas-Higher-Education-Curriculum.wav?_=4\" \/><a href=\"https:\/\/www2.uepg.br\/decon\/wp-content\/uploads\/sites\/212\/2025\/07\/Environmental-Accounting-in-Paranas-Higher-Education-Curriculum.wav\">https:\/\/www2.uepg.br\/decon\/wp-content\/uploads\/sites\/212\/2025\/07\/Environmental-Accounting-in-Paranas-Higher-Education-Curriculum.wav<\/a><\/audio><\/div><\/div><\/div><\/div>","protected":false},"excerpt":{"rendered":"<p>Quantos planetas s\u00e3o necess\u00e1rios para voc\u00ea viver? Pegada Ecol\u00f3gica de estudantes de Ci\u00eancias Cont\u00e1beishttps:\/\/www2.uepg.br\/decon\/wp-content\/uploads\/sites\/212\/2025\/07\/Student-Ecological-Footprint_-Accounting-for-Sustainability-3.wavO rompimento da barragem de Mariana (MG): Mudan\u00e7as no Disclosure Ambiental do Setor de Minera\u00e7\u00e3o\u200bhttps:\/\/www2.uepg.br\/decon\/wp-content\/uploads\/sites\/212\/2025\/07\/Mariana-Dam-Disaster_-Mining-Environmental-Disclosure-Changes-1.wavN\u00edvel de Evidencia\u00e7\u00e3o e Legibilidade Socioambiental das Cooperativas Agropecu\u00e1rias Paranaenseshttps:\/\/www2.uepg.br\/decon\/wp-content\/uploads\/sites\/212\/2025\/07\/Socio-Environmental-Disclosure-in-Paranas-Agricultural-Cooperatives-1.wavContabilidade Ambiental nas Institui\u00e7\u00f5es P\u00fablicas De Ensino Superior do Estado do Paran\u00e1: Um Estudo do Cen\u00e1rio Curricular\u200bhttps:\/\/www2.uepg.br\/decon\/wp-content\/uploads\/sites\/212\/2025\/07\/Environmental-Accounting-in-Paranas-Higher-Education-Curriculum.wav<\/p>\n","protected":false},"author":24,"featured_media":0,"parent":0,"menu_order":0,"comment_status":"closed","ping_status":"closed","template":"","meta":[],"_links":{"self":[{"href":"https:\/\/www2.uepg.br\/decon\/wp-json\/wp\/v2\/pages\/6"}],"collection":[{"href":"https:\/\/www2.uepg.br\/decon\/wp-json\/wp\/v2\/pages"}],"about":[{"href":"https:\/\/www2.uepg.br\/decon\/wp-json\/wp\/v2\/types\/page"}],"author":[{"embeddable":true,"href":"https:\/\/www2.uepg.br\/decon\/wp-json\/wp\/v2\/users\/24"}],"replies":[{"embeddable":true,"href":"https:\/\/www2.uepg.br\/decon\/wp-json\/wp\/v2\/comments?post=6"}],"version-history":[{"count":74,"href":"https:\/\/www2.uepg.br\/decon\/wp-json\/wp\/v2\/pages\/6\/revisions"}],"predecessor-version":[{"id":532,"href":"https:\/\/www2.uepg.br\/decon\/wp-json\/wp\/v2\/pages\/6\/revisions\/532"}],"wp:attachment":[{"href":"https:\/\/www2.uepg.br\/decon\/wp-json\/wp\/v2\/media?parent=6"}],"curies":[{"name":"wp","href":"https:\/\/api.w.org\/{rel}","templated":true}]}}