{"id":121,"date":"2021-05-26T14:49:56","date_gmt":"2021-05-26T17:49:56","guid":{"rendered":"https:\/\/www2.uepg.br\/dedufis\/?page_id=121"},"modified":"2021-10-14T10:08:11","modified_gmt":"2021-10-14T13:08:11","slug":"historico","status":"publish","type":"page","link":"https:\/\/www2.uepg.br\/dedufis\/historico\/","title":{"rendered":"Hist\u00f3rico"},"content":{"rendered":"<p align=\"justify\"><strong>A NOSSA HIST\u00d3RIA<\/strong><\/p>\n<p align=\"justify\">A cria\u00e7\u00e3o e autoriza\u00e7\u00e3o de funcionamento do curso de Licenciatura em Educa\u00e7\u00e3o F\u00edsica, pelos Conselhos de Ensino Pesquisa e Extens\u00e3o e Universit\u00e1rio da Universidade Estadual de Ponta Grossa, aconteceram no ano de 1973. As justificavas utilizadas foram as seguintes: necessidade de atender \u00e0 demanda existente; preencher um campo que era carente, \u00e0 medida que existia uma falta de profissionais habilitados para ministrarem aulas nos col\u00e9gios de Ponta Grossa e regi\u00e3o; e, por fim, formar profissionais habilitados para dirigirem as equipes esportivas da cidade e da regi\u00e3o, visto que a participa\u00e7\u00e3o de Ponta Grossa no cen\u00e1rio esportivo Estadual e Nacional era significativa.<br \/>\nAp\u00f3s a tramita\u00e7\u00e3o junto aos Conselhos Superiores da Universidade, a proposta de cria\u00e7\u00e3o do Curso recebeu aprova\u00e7\u00e3o por unanimidade, cabendo ent\u00e3o ao Reitor Professor \u00c1lvaro Augusto da Cunha Rocha determinar o funcionamento do Curso de Licenciatura em Educa\u00e7\u00e3o F\u00edsica Masculino e o Curso de Licenciatura em Educa\u00e7\u00e3o F\u00edsica Feminino, a partir do ano de 1974.<\/p>\n<p align=\"justify\">\nO reconhecimento dos cursos aconteceu com o Decreto n. 82.413 de 16 de outubro de 1978, publicado no Di\u00e1rio Oficial da Uni\u00e3o, n. 16.716 de 17 de outubro do mesmo ano. Inicialmente os cursos foram instalados junto ao Departamento de Biologia do Setor de Ci\u00eancias Biol\u00f3gicas e da Sa\u00fade para posteriormente, em fun\u00e7\u00e3o de uma reestrutura\u00e7\u00e3o departamental serem transferidos para o Departamento de Educa\u00e7\u00e3o do Setor de Letras e Ci\u00eancias Humanas, juntamente com os Cursos de Pedagogia e Servi\u00e7o Social. Entretanto, com a cria\u00e7\u00e3o do Departamento de Educa\u00e7\u00e3o F\u00edsica em 1987, o Conselho de Ensino Pesquisa e Extens\u00e3o entendeu por bem retorn\u00e1-lo para o Setor de Ci\u00eancias Biol\u00f3gicas e da Sa\u00fade, por consider\u00e1-lo um curso com caracter\u00edsticas afetas a esse Setor.<\/p>\n<p align=\"justify\">\nTodavia, a Universidade n\u00e3o possu\u00eda instala\u00e7\u00f5es pr\u00f3prias e nem apropriadas para atender ao seu funcionamento. As depend\u00eancias inicialmente foram alugadas ou cedidas por clubes, quart\u00e9is, estabelecimentos de ensino ou por particulares, o que as vezes n\u00e3o se prestavam para o apropriado desenvolvimento das atividades did\u00e1tico-pedag\u00f3gicas.<\/p>\n<p align=\"justify\">\nAtualmente, ap\u00f3s as dificuldades iniciais, o quadro \u00e9 bastante distinto. As instala\u00e7\u00f5es f\u00edsicas localizadas no Campus de Uvaranas &#8211; tais como piscina, pista de atletismo, gin\u00e1sio de esportes, pavilh\u00e3o did\u00e1tico, campo de futebol, biblioteca, salas de aula e laborat\u00f3rios devidamente aparelhados &#8211; podem ser consideradas como uma das melhores do Estado do Paran\u00e1. Seu corpo docente \u00e9 constitu\u00eddo por profissionais qualificados para o trabalho acad\u00eamico, possibilitando uma forma\u00e7\u00e3o adequada aos seus acad\u00eamicos para o exerc\u00edcio condigno da profiss\u00e3o.<\/p>\n<p align=\"justify\">\n<p align=\"justify\"><strong>V\u00cdDEO INSTITUCIONAL SOBRE OS 40 ANOS DO CURSO DE EDUCA\u00c7\u00c3O F\u00cdSICA DA UEPG<\/strong><\/p>\n<div class='embed-container'><iframe loading=\"lazy\" title=\"40 ANOS - EDUCA\u00c7\u00c3O F\u00cdSICA UEPG\" width=\"1778\" height=\"1000\" src=\"https:\/\/www.youtube.com\/embed\/g3Li1ZP2LdM?feature=oembed\" frameborder=\"0\" allow=\"accelerometer; autoplay; clipboard-write; encrypted-media; gyroscope; picture-in-picture\" allowfullscreen><\/iframe><\/div>\n<div class=\"CjVfdc\"><\/div>\n<p class=\"CDt4Ke zfr3Q\" dir=\"ltr\">A hist\u00f3ria dos 40 anos do curso\u00a0\u00e9\u00a0apresentada por meio de um v\u00eddeo produzido pelo professor Cl\u00e1udio Jorge Guimar\u00e3es (Departamento de Educa\u00e7\u00e3o F\u00edsica), editado pelo est\u00fadio Cleon Costa e patrocinado pelo Posto Rio Branco (s\u00f3cios propriet\u00e1rios Geraldo Fanchin e F\u00e1bio Fanchin). No v\u00eddeo que passa a fazer parte do acervo hist\u00f3rico do curso e da UEPG, os pioneiros (professores e alunos) deram depoimentos emocionantes sobre os primeiros passos, dificuldades e conquistas que marcaram a implanta\u00e7\u00e3o do curso.<\/p>\n<p class=\"CDt4Ke zfr3Q\" dir=\"ltr\">De acordo com os relatos apresentados, a cria\u00e7\u00e3o do curso se imp\u00f4s por for\u00e7a de lei, que obrigava a oferta da Educa\u00e7\u00e3o F\u00edsica em todos os graus de ensino. Criou-se ent\u00e3o na UEPG a estrutura do Centro de Desportos e Recrea\u00e7\u00e3o (CDR), \u00f3rg\u00e3o respons\u00e1vel pela disciplina de Pr\u00e1tica Desportiva, obrigat\u00f3ria a todos os cursos da institui\u00e7\u00e3o. O coordenador do CDR na \u00e9poca, Nelson Pereira Jorge, conhecido como professor Tito, seria um dos idealizadores e fundadores do curso, convidando para auxili\u00e1-lo nessa miss\u00e3o os professores Alfredo de Oliveira Gomes (coronel Gomes) e Valter Branzin.<\/p>\n<p class=\"CDt4Ke zfr3Q\" dir=\"ltr\">Al\u00e9m da quest\u00e3o legal, existiam outras raz\u00f5es para a cria\u00e7\u00e3o do curso. Entre elas atender \u00e0 demanda por professores com forma\u00e7\u00e3o superior; preencher uma \u00e1rea carente, devido \u00e0 falta de profissionais habilitados para lecionar nos col\u00e9gios e escolas de Ponta Grossa e regi\u00e3o; e, por fim, formar profissionais capacitados para o comando t\u00e9cnico das equipes esportivas da cidade. Na \u00e9poca, a participa\u00e7\u00e3o ponta-grossense no cen\u00e1rio esportivo estadual e nacional era significativa.<\/p>\n<p class=\"CDt4Ke zfr3Q\" dir=\"ltr\">Nelson Pereira Jorge delegou aos professores Alfredo Oliveira Gomes e Valter Branzin a miss\u00e3o de buscar subs\u00eddios para a implanta\u00e7\u00e3o do curso. Foi assim que eles colocaram a lend\u00e1ria nadadora brasileira Maria Lenk na hist\u00f3ria da Educa\u00e7\u00e3o F\u00edsica da UEPG. Entre outras institui\u00e7\u00f5es, eles visitaram a Universidade de S\u00e3o Paulo (USP) e a Universidade Federal do Rio de Janeiro (UFRJ). No Rio, tiveram contato com Maria Lenk, que havia contribu\u00eddo para a funda\u00e7\u00e3o da Escola Nacional de Educa\u00e7\u00e3o F\u00edsica, na d\u00e9cada de 40. Ela abriu aos enviados da UEPG toda a documenta\u00e7\u00e3o que dispunha, tendo significativa participa\u00e7\u00e3o no projeto de cria\u00e7\u00e3o do curso.<\/p>\n<p class=\"CDt4Ke zfr3Q\" dir=\"ltr\">A cria\u00e7\u00e3o e autoriza\u00e7\u00e3o de funcionamento do curso, pelo Conselho de Ensino Pesquisa e Extens\u00e3o e Conselho Universit\u00e1rio ocorreu em 1973. O primeiro reitor da UEPG, Alvaro Augusto Cunha Rocha, determinou sua implanta\u00e7\u00e3o, em grau de licenciatura, com oferta de 50 vagas, sendo 25 para homens e 25 para mulheres, a partir de 1974. Caberia \u00e0 gest\u00e3o do reitor Odeni Vilaca Mongruel, tendo como vice-reitor o professor Daniel Albach Tavares, dotar o curso das condi\u00e7\u00f5es para uma forma\u00e7\u00e3o de qualidade.<\/p>\n<p class=\"CDt4Ke zfr3Q\" dir=\"ltr\">Como a UEPG n\u00e3o possu\u00eda instala\u00e7\u00f5es esportivas, para atender \u00e0s primeiras turmas foram locados espa\u00e7os e estabelecidos conv\u00eanios com diversas entidades, para a cess\u00e3o de quadras, pistas, campos e piscinas. Os primeiros alunos relatam a maratona pela cidade, com aulas pr\u00e1ticas de cada modalidade esportiva em locais diferentes, distantes e muitas vezes adaptados. Sacrif\u00edcio que contribuiu para sua forma\u00e7\u00e3o, a partir de uma vis\u00e3o da realidade dos esportes na cidade, carente de espa\u00e7os pr\u00f3prios \u00e0 pr\u00e1tica esportiva.<\/p>\n<p class=\"CDt4Ke zfr3Q\" dir=\"ltr\">O reconhecimento do curso ocorreu em 1978. Primeiro foi abrigado no Departamento de Biologia, no Setor de Ci\u00eancias Biol\u00f3gicas e da Sa\u00fade. Posteriormente, passou para estrutura do Departamento de Educa\u00e7\u00e3o, Setor de Ci\u00eancias Humanas, Letras e Artes, junto com os cursos de Pedagogia e Servi\u00e7o Social. Em 1987, com a cria\u00e7\u00e3o do Departamento de Educa\u00e7\u00e3o F\u00edsica, voltou ao Setor de Ci\u00eancias Biol\u00f3gicas e da Sa\u00fade.<\/p>\n<p class=\"CDt4Ke zfr3Q\" dir=\"ltr\">Atualmente oferta os cursos de bacharelado e licenciatura (integral e noturno) e licenciatura, modalidade a dist\u00e2ncia. As instala\u00e7\u00f5es est\u00e3o localizadas no Campus de Uvaranas, contando com infraestrutura de piscina, pista de atletismo, gin\u00e1sio de esportes, pavilh\u00e3o did\u00e1tico, campo de futebol, biblioteca, salas de aula e laborat\u00f3rios. O corpo docente \u00e9 constitu\u00eddo de mestres e doutores qualificados para a pesquisa acad\u00eamica e a forma\u00e7\u00e3o adequada ao exerc\u00edcio \u00e9tico e respons\u00e1vel da Educa\u00e7\u00e3o F\u00edsica.<\/p>\n<p class=\"CDt4Ke zfr3Q\" dir=\"ltr\">Fonte: Site Oficial da UEPG. Dispon\u00edvel em:&lt;<span class=\" aw5Odc\"><a class=\"XqQF9c\" href=\"https:\/\/www.google.com\/url?q=https%3A%2F%2Fportal.uepg.br%2Fnoticias.php%3Fid%3D6901&amp;sa=D&amp;sntz=1&amp;usg=AFQjCNGHO4q8NBUhNEhUIsTzTxNVrrl-Yg\" target=\"_blank\" rel=\"noopener\">UEPG Not\u00edcias | Educa\u00e7\u00e3o F\u00edsica presta homenagem a pioneiros do curso<\/a><\/span>&gt;.<\/p>\n","protected":false},"excerpt":{"rendered":"<p>A NOSSA HIST\u00d3RIA A cria\u00e7\u00e3o e autoriza\u00e7\u00e3o de funcionamento do curso de Licenciatura em Educa\u00e7\u00e3o F\u00edsica, pelos Conselhos de Ensino Pesquisa e Extens\u00e3o e Universit\u00e1rio da Universidade Estadual de Ponta Grossa, aconteceram no ano de 1973. As justificavas utilizadas foram as seguintes: necessidade de atender \u00e0 demanda existente; preencher um campo que era carente, \u00e0&nbsp;&hellip;<\/p>\n","protected":false},"author":204,"featured_media":0,"parent":0,"menu_order":0,"comment_status":"closed","ping_status":"closed","template":"","meta":[],"_links":{"self":[{"href":"https:\/\/www2.uepg.br\/dedufis\/wp-json\/wp\/v2\/pages\/121"}],"collection":[{"href":"https:\/\/www2.uepg.br\/dedufis\/wp-json\/wp\/v2\/pages"}],"about":[{"href":"https:\/\/www2.uepg.br\/dedufis\/wp-json\/wp\/v2\/types\/page"}],"author":[{"embeddable":true,"href":"https:\/\/www2.uepg.br\/dedufis\/wp-json\/wp\/v2\/users\/204"}],"replies":[{"embeddable":true,"href":"https:\/\/www2.uepg.br\/dedufis\/wp-json\/wp\/v2\/comments?post=121"}],"version-history":[{"count":5,"href":"https:\/\/www2.uepg.br\/dedufis\/wp-json\/wp\/v2\/pages\/121\/revisions"}],"predecessor-version":[{"id":278,"href":"https:\/\/www2.uepg.br\/dedufis\/wp-json\/wp\/v2\/pages\/121\/revisions\/278"}],"wp:attachment":[{"href":"https:\/\/www2.uepg.br\/dedufis\/wp-json\/wp\/v2\/media?parent=121"}],"curies":[{"name":"wp","href":"https:\/\/api.w.org\/{rel}","templated":true}]}}