{"id":124,"date":"2021-05-26T14:56:41","date_gmt":"2021-05-26T17:56:41","guid":{"rendered":"https:\/\/www2.uepg.br\/dedufis\/?page_id=124"},"modified":"2026-04-01T08:44:01","modified_gmt":"2026-04-01T11:44:01","slug":"estrutura","status":"publish","type":"page","link":"https:\/\/www2.uepg.br\/dedufis\/estrutura\/","title":{"rendered":"Estrutura"},"content":{"rendered":"<h4 style=\"text-align: center\"><strong>CHEFE DO DEPARTAMENTO DE EDUCA\u00c7\u00c3O F\u00cdSICA<\/strong><\/h4>\n<h4 style=\"text-align: center\">Prof. Dr. Paulo S\u00e9rgio Ribeiro<\/h4>\n<h4 style=\"text-align: center\"><a href=\"psribeiro@uepg.br\">psribeiro@uepg.br<\/a><\/h4>\n<p style=\"text-align: center\">(42) 3220-3140<\/p>\n<p>&nbsp;<\/p>\n<h4><\/h4>\n<h4 style=\"text-align: center\"><strong>CHEFE-ADJUNTO DO DEPARTAMENTO\u00a0<\/strong><strong>DE EDUCA\u00c7\u00c3O F\u00cdSICA<\/strong><\/h4>\n<h4 style=\"text-align: center\">\u00a0Prof. Dr. Leandro Martinez Vargas<\/h4>\n<h4 style=\"text-align: center\"><a href=\"mailto:gcassins@uepg.br\">lmvargas@uepg.br<\/a><\/h4>\n<p>&nbsp;<\/p>\n<h4 style=\"text-align: center\"><strong>SECRET\u00c1RIO DO DEPARTAMENTO<\/strong><\/h4>\n<h4 style=\"text-align: center\">Dirceu Gon\u00e7alves da Silva<\/h4>\n<h4 style=\"text-align: center\"><a href=\"dedufis@uepg.br\">dedufis@uepg.br<\/a><\/h4>\n<p style=\"text-align: center\">(42) 3220-3141<\/p>\n<p>&nbsp;<\/p>\n<h4 style=\"text-align: center\"><strong>AUXILIARES DE SALA DE AULA<\/strong><\/h4>\n<h4 style=\"text-align: center\">Alexandre Ferreira<\/h4>\n<h4 style=\"text-align: center\">Robson Gruvald<\/h4>\n<p>&nbsp;<\/p>\n<h3 style=\"text-align: center\"><strong>Curso de Bacharelado em Educa\u00e7\u00e3o F\u00edsica<\/strong><\/h3>\n<table class=\" aligncenter\" style=\"height: 166px\" width=\"782\">\n<tbody>\n<tr>\n<td style=\"text-align: center\" width=\"259\">Coordenador<\/td>\n<td style=\"text-align: center\" width=\"219\">Prof. Dr. Nilo Massaru Okuno<\/td>\n<td style=\"text-align: center\" width=\"110\"><a href=\"mailto:%20nmokuno@uepg.br\">nmokuno@uepg.br<\/a><\/td>\n<td style=\"text-align: center\" width=\"99\">(42) 3220-3730<\/td>\n<\/tr>\n<tr>\n<td style=\"text-align: center\">Vice-Coordenador<\/td>\n<td style=\"text-align: center\">Prof. Dr. Rodolfo Andr\u00e9 Dellagrana<\/td>\n<td style=\"text-align: center\"><a href=\"mailto:%20psribeiro@uepg.br\">radellagrana@uepg.br<\/a><\/td>\n<td style=\"text-align: center\"><\/td>\n<\/tr>\n<tr>\n<td style=\"text-align: center\">Coordenador do Est\u00e1gio Supervisionado<\/td>\n<td style=\"text-align: center\">Prof\u00aa. Dr\u00aa. Heleise Faria dos Reis de Oliveira<\/td>\n<td style=\"text-align: center\"><a href=\"heleise@oliveiras.com.br\">heleise@oliveiras.com.br<\/a><\/td>\n<td style=\"text-align: center\"><\/td>\n<\/tr>\n<\/tbody>\n<\/table>\n<h2><\/h2>\n<p>&nbsp;<\/p>\n<h3><\/h3>\n<h3 style=\"text-align: center\"><strong>Curso de Licenciatura em Educa\u00e7\u00e3o F\u00edsica<\/strong><\/h3>\n<table class=\" aligncenter\" style=\"height: 163px\" width=\"792\">\n<tbody>\n<tr>\n<td style=\"text-align: center\" width=\"259\">Coordenador<\/td>\n<td style=\"text-align: center\" width=\"219\">Prof\u00aa. Dr\u00aa. Danilla Icassatti Corazza<\/td>\n<td style=\"text-align: center\" width=\"110\"><a href=\"danillacorazza@gmail.com\">danillacorazza@gmail.com<\/a><\/td>\n<td style=\"text-align: center\" width=\"99\">(42) 3220-3347<\/td>\n<\/tr>\n<tr>\n<td style=\"text-align: center\">Vice-Coordenador<\/td>\n<td style=\"text-align: center\">Prof. Dr. Moacir \u00c1vila de Matos Junior<\/td>\n<td style=\"text-align: center\"><a href=\"moacirmatosjr@uepg.br\">moacirmatosjr@uepg.br<\/a><\/td>\n<td style=\"text-align: center\"><\/td>\n<\/tr>\n<tr>\n<td style=\"text-align: center\">Coordenador do Est\u00e1gio Supervisionado<\/td>\n<td style=\"text-align: center\">Prof. Dr. Nei Alberto Salles Filho<\/td>\n<td style=\"text-align: center\"><a href=\"mailto:nsalles@uepg.br\">nsalles@uepg.br<\/a><\/td>\n<td style=\"text-align: center\"><\/td>\n<\/tr>\n<\/tbody>\n<\/table>\n<p>&nbsp;<\/p>\n<p>&nbsp;<\/p>\n<p>&nbsp;<\/p>\n<h3 style=\"text-align: center\"><strong>Curso de <\/strong><strong>Licenciatura\u00a0<\/strong><strong>em Educa\u00e7\u00e3o F\u00edsica EaD<\/strong><\/h3>\n<table class=\" aligncenter\" style=\"height: 84px\" width=\"689\">\n<tbody>\n<tr>\n<td style=\"text-align: center\" width=\"259\"><\/td>\n<td style=\"text-align: center\" width=\"219\"><\/td>\n<td style=\"text-align: center\" width=\"110\"><\/td>\n<td style=\"text-align: center\" width=\"99\"><\/td>\n<\/tr>\n<tr>\n<td style=\"text-align: center\">Coordenador<\/td>\n<td style=\"text-align: center\">Prof. Dr. Paulo S\u00e9rgio Ribeiro<\/td>\n<td style=\"text-align: center\"><a href=\"mailto:%20psribeiro@uepg.br\">psribeiro@uepg.br<\/a><\/td>\n<td style=\"text-align: center\">(42) 3220-3730<\/td>\n<\/tr>\n<\/tbody>\n<\/table>\n","protected":false},"excerpt":{"rendered":"<p>CHEFE DO DEPARTAMENTO DE EDUCA\u00c7\u00c3O F\u00cdSICA Prof. Dr. Paulo S\u00e9rgio Ribeiro psribeiro@uepg.br (42) 3220-3140 &nbsp; CHEFE-ADJUNTO DO DEPARTAMENTO\u00a0DE EDUCA\u00c7\u00c3O F\u00cdSICA \u00a0Prof. Dr. Leandro Martinez Vargas lmvargas@uepg.br &nbsp; SECRET\u00c1RIO DO DEPARTAMENTO Dirceu Gon\u00e7alves da Silva dedufis@uepg.br (42) 3220-3141 &nbsp; AUXILIARES DE SALA DE AULA Alexandre Ferreira Robson Gruvald &nbsp; Curso de Bacharelado em Educa\u00e7\u00e3o F\u00edsica Coordenador&nbsp;&hellip;<\/p>\n","protected":false},"author":204,"featured_media":0,"parent":0,"menu_order":0,"comment_status":"closed","ping_status":"closed","template":"","meta":[],"_links":{"self":[{"href":"https:\/\/www2.uepg.br\/dedufis\/wp-json\/wp\/v2\/pages\/124"}],"collection":[{"href":"https:\/\/www2.uepg.br\/dedufis\/wp-json\/wp\/v2\/pages"}],"about":[{"href":"https:\/\/www2.uepg.br\/dedufis\/wp-json\/wp\/v2\/types\/page"}],"author":[{"embeddable":true,"href":"https:\/\/www2.uepg.br\/dedufis\/wp-json\/wp\/v2\/users\/204"}],"replies":[{"embeddable":true,"href":"https:\/\/www2.uepg.br\/dedufis\/wp-json\/wp\/v2\/comments?post=124"}],"version-history":[{"count":33,"href":"https:\/\/www2.uepg.br\/dedufis\/wp-json\/wp\/v2\/pages\/124\/revisions"}],"predecessor-version":[{"id":625,"href":"https:\/\/www2.uepg.br\/dedufis\/wp-json\/wp\/v2\/pages\/124\/revisions\/625"}],"wp:attachment":[{"href":"https:\/\/www2.uepg.br\/dedufis\/wp-json\/wp\/v2\/media?parent=124"}],"curies":[{"name":"wp","href":"https:\/\/api.w.org\/{rel}","templated":true}]}}