{"id":138,"date":"2021-05-26T15:24:40","date_gmt":"2021-05-26T18:24:40","guid":{"rendered":"https:\/\/www2.uepg.br\/dedufis\/?page_id=138"},"modified":"2026-03-31T09:42:20","modified_gmt":"2026-03-31T12:42:20","slug":"colegiado","status":"publish","type":"page","link":"https:\/\/www2.uepg.br\/dedufis\/colegiado\/","title":{"rendered":"Colegiado"},"content":{"rendered":"<h2 style=\"text-align: center\"><strong>Curso de Bacharelado em Educa\u00e7\u00e3o F\u00edsica<\/strong><\/h2>\n<p style=\"text-align: center\">Prof. Dr. Nilo Massaru Okuno &#8211; <strong>Coordenador do Curso<\/strong><\/p>\n<p dir=\"ltr\" style=\"text-align: center\">Prof. Dr. Rodolfo Andr\u00e9 Dellagrana &#8211; <strong>Vice-Coordenador do Curso<\/strong><\/p>\n<p>&nbsp;<\/p>\n<p style=\"text-align: center\"><strong>MEMBROS DO COLEGIADO<\/strong><\/p>\n<p style=\"text-align: center\">Prof\u00aa. Dr\u00aa. Heleise Faria dos Reis de Oliveira<\/p>\n<p style=\"text-align: center\">Prof\u00aa. Dr\u00aa. Silvia Regina Ribeiro<\/p>\n<p dir=\"ltr\" style=\"text-align: center\">Prof. Dr. Miguel Archanjo de Freitas Junior<\/p>\n<p dir=\"ltr\" style=\"text-align: center\">Prof\u00aa. Dr\u00aa. Natasha Santos Lise<\/p>\n<p dir=\"ltr\" style=\"text-align: center\">Prof\u00aa. Dr\u00aa. Rosimeide Francisco dos Santos Legnani<\/p>\n<p>&nbsp;<\/p>\n<p style=\"text-align: center\"><strong>MEMBROS DO N\u00daCLEO DOCENTE ESTRUTURANTE<\/strong><\/p>\n<p style=\"text-align: center\">Prof. Dr. Nilo Massaru Okuno<\/p>\n<p style=\"text-align: center\">Prof\u00aa. Dr\u00aa. Carolina Paioli Tavares<\/p>\n<p style=\"text-align: center\">Prof. Dr. Gon\u00e7alo Cassins Moreira do Carmo<\/p>\n<p style=\"text-align: center\">Prof. Dr. Leandro Martinez Vargas<\/p>\n<p style=\"text-align: center\">Prof\u00aa. Dr\u00aa. Natasha Santos Lise<\/p>\n<p style=\"text-align: center\">Prof\u00aa. Dr\u00aa. M\u00e1rcia Helena Appel &#8211; DEBIOGEM<\/p>\n<p>&nbsp;<\/p>\n<h2 style=\"text-align: center\"><strong>Curso de Licenciatura em Educa\u00e7\u00e3o F\u00edsica<\/strong><\/h2>\n<p style=\"text-align: center\">Prof\u00aa. Dr\u00aa. Danilla Icassatti Corazza \u00a0&#8211; <strong>Coordenadora do Curso<\/strong><\/p>\n<p dir=\"ltr\" style=\"text-align: center\">Prof. Dr. Moacir \u00c1vila de Matos Junior &#8211; <strong>Vice-Coordenador do Curso<\/strong><\/p>\n<p>&nbsp;<\/p>\n<p dir=\"ltr\" style=\"text-align: center\"><strong>MEMBROS<\/strong><\/p>\n<p dir=\"ltr\" style=\"text-align: center\">Prof. Dr. Paulo S\u00e9rgio Ribeiro \u2013 <strong>Coordenador do Curso de Licenciatura em Educa\u00e7\u00e3o F\u00edsica &#8211; EAD<\/strong><\/p>\n<p dir=\"ltr\" style=\"text-align: center\">Prof. Dr. Constantino de Oliveira Junior<\/p>\n<p dir=\"ltr\" style=\"text-align: center\">Prof. Dr. Alfredo Cesar Antunes<\/p>\n<p dir=\"ltr\" style=\"text-align: center\">Prof\u00aa. Dr\u00aa. Natasha Santos Lise<\/p>\n<p style=\"text-align: center\">Prof\u00aa. Dr\u00aa. M\u00e1rcia Helena Appel &#8211; DEBIOGEM<\/p>\n<p>&nbsp;<\/p>\n<p style=\"text-align: center\"><strong>MEMBROS DO N\u00daCLEO DOCENTE ESTRUTURANTE<\/strong><\/p>\n<p>&nbsp;<\/p>\n<p>&nbsp;<\/p>\n<h1 style=\"text-align: center\"><a href=\"https:\/\/www2.uepg.br\/dedufis\/servicos\/\">Servi\u00e7os<\/a><\/h1>\n","protected":false},"excerpt":{"rendered":"<p>Curso de Bacharelado em Educa\u00e7\u00e3o F\u00edsica Prof. Dr. Nilo Massaru Okuno &#8211; Coordenador do Curso Prof. Dr. Rodolfo Andr\u00e9 Dellagrana &#8211; Vice-Coordenador do Curso &nbsp; MEMBROS DO COLEGIADO Prof\u00aa. Dr\u00aa. Heleise Faria dos Reis de Oliveira Prof\u00aa. Dr\u00aa. Silvia Regina Ribeiro Prof. Dr. Miguel Archanjo de Freitas Junior Prof\u00aa. Dr\u00aa. Natasha Santos Lise Prof\u00aa. Dr\u00aa.&nbsp;&hellip;<\/p>\n","protected":false},"author":204,"featured_media":0,"parent":0,"menu_order":0,"comment_status":"closed","ping_status":"closed","template":"","meta":[],"_links":{"self":[{"href":"https:\/\/www2.uepg.br\/dedufis\/wp-json\/wp\/v2\/pages\/138"}],"collection":[{"href":"https:\/\/www2.uepg.br\/dedufis\/wp-json\/wp\/v2\/pages"}],"about":[{"href":"https:\/\/www2.uepg.br\/dedufis\/wp-json\/wp\/v2\/types\/page"}],"author":[{"embeddable":true,"href":"https:\/\/www2.uepg.br\/dedufis\/wp-json\/wp\/v2\/users\/204"}],"replies":[{"embeddable":true,"href":"https:\/\/www2.uepg.br\/dedufis\/wp-json\/wp\/v2\/comments?post=138"}],"version-history":[{"count":22,"href":"https:\/\/www2.uepg.br\/dedufis\/wp-json\/wp\/v2\/pages\/138\/revisions"}],"predecessor-version":[{"id":575,"href":"https:\/\/www2.uepg.br\/dedufis\/wp-json\/wp\/v2\/pages\/138\/revisions\/575"}],"wp:attachment":[{"href":"https:\/\/www2.uepg.br\/dedufis\/wp-json\/wp\/v2\/media?parent=138"}],"curies":[{"name":"wp","href":"https:\/\/api.w.org\/{rel}","templated":true}]}}