{"id":158,"date":"2021-05-26T15:38:47","date_gmt":"2021-05-26T18:38:47","guid":{"rendered":"https:\/\/www2.uepg.br\/dedufis\/?page_id=158"},"modified":"2021-10-25T10:20:11","modified_gmt":"2021-10-25T13:20:11","slug":"eventos","status":"publish","type":"page","link":"https:\/\/www2.uepg.br\/dedufis\/noticias\/eventos\/","title":{"rendered":"Eventos"},"content":{"rendered":"<div id=\"pl-158\"  class=\"panel-layout\" ><div id=\"pg-158-0\"  class=\"panel-grid panel-no-style\" ><div id=\"pgc-158-0-0\"  class=\"panel-grid-cell\" ><div id=\"panel-158-0-0-0\" class=\"so-panel widget widget_sow-editor panel-first-child\" data-index=\"0\" ><div\n\t\t\t\n\t\t\tclass=\"so-widget-sow-editor so-widget-sow-editor-base\"\n\t\t\t\n\t\t><h3 class=\"widget-title\">VI F\u00f3rum Multiprofissional SEBISA<\/h3>\n<div class=\"siteorigin-widget-tinymce textwidget\">\n\t<h4><img loading=\"lazy\" class=\"wp-image-393 alignleft\" src=\"https:\/\/www2.uepg.br\/dedufis\/wp-content\/uploads\/sites\/193\/2021\/10\/WhatsApp-Image-2021-10-21-at-21.25.33-212x300.jpeg\" alt=\"\" width=\"394\" height=\"558\" srcset=\"https:\/\/www2.uepg.br\/dedufis\/wp-content\/uploads\/sites\/193\/2021\/10\/WhatsApp-Image-2021-10-21-at-21.25.33-212x300.jpeg 212w, https:\/\/www2.uepg.br\/dedufis\/wp-content\/uploads\/sites\/193\/2021\/10\/WhatsApp-Image-2021-10-21-at-21.25.33-723x1024.jpeg 723w, https:\/\/www2.uepg.br\/dedufis\/wp-content\/uploads\/sites\/193\/2021\/10\/WhatsApp-Image-2021-10-21-at-21.25.33-768x1087.jpeg 768w, https:\/\/www2.uepg.br\/dedufis\/wp-content\/uploads\/sites\/193\/2021\/10\/WhatsApp-Image-2021-10-21-at-21.25.33-763x1080.jpeg 763w, https:\/\/www2.uepg.br\/dedufis\/wp-content\/uploads\/sites\/193\/2021\/10\/WhatsApp-Image-2021-10-21-at-21.25.33.jpeg 904w\" sizes=\"(max-width: 394px) 100vw, 394px\" \/><\/h4>\n<h4 class=\"my-3 mobilenao\"><span class=\"text-primary acessibilidade transicao\" style=\"color: #000000\">O que voc\u00ea vai aprender<\/span><\/h4>\n<p><span class=\"acessibilidade transicao\" style=\"color: #000000\">OBJETIVO GERAL: Oportunizar aprendizado atual sobre a Sa\u00fade \u00danica no contexto das ci\u00eancias biol\u00f3gicas e da sa\u00fade. <\/span><\/p>\n<p><span class=\"acessibilidade transicao\" style=\"color: #000000\">OBJETIVOS ESPEC\u00cdFICOS: Discutir novas atua\u00e7\u00f5es dos profissionais das \u00e1reas das ci\u00eancias biol\u00f3gicas e da sa\u00fade frente a Sa\u00fade \u00danica; Oportunizar um novo olhar sobre a forma\u00e7\u00e3o.<\/span><\/p>\n<h4><span style=\"color: #000000\">Ementa<\/span><\/h4>\n<p><span style=\"color: #000000\">VI F\u00f3rum Multiprofissional SEBISA (08 a 12\/11\/2021)<\/span><\/p>\n<p><span style=\"color: #000000\">XXXIII Semana Acad\u00eamica de Estudos em Biologia (SAEB-UEPG) (09 a 12\/11\/2021)<\/span><\/p>\n<p><span style=\"color: #000000\">II Jornada Virtual e XVII Semana Acad\u00eamica de Farm\u00e1cia (SAF - UEPG) (10 a 12\/11\/2021)\u00a0<\/span><\/p>\n<p><span style=\"color: #000000\">V Semana Acad\u00eamica de Odontologia da UEPG (SAO-UEPG) (8 a 12\/11\/2021)<\/span><\/p>\n<p><span style=\"color: #000000\">IV Semana Acad\u00eamica de Medicina (SAM-UEPG) (10 a 12\/11\/2021)<\/span><\/p>\n<p><span style=\"color: #000000\">II Simp\u00f3sio da P\u00f3s-Gradua\u00e7\u00e3o em Ci\u00eancias Biom\u00e9dicas e da Sa\u00fade (10 a 12\/11\/2021)<\/span><\/p>\n<p><span style=\"color: #000000\">VI Semana de Educa\u00e7\u00e3o F\u00edsica (SEF) (10 e 11\/11)<\/span><\/p>\n<p><span style=\"color: #000000\">VI Semana Academica de Enfermagem<\/span><\/p>\n<h4><span style=\"color: #000000\">Informa\u00e7\u00f5es Adicionais<\/span><\/h4>\n<ul class=\"list-group animate\" data-anime=\"down\">\n<li class=\"list-group-item text-left lead\"><span class=\"acessibilidade transicao\" style=\"color: #000000\">Atrav\u00e9s de Palestras apresentadas por via remota, e disponibilizadas atrav\u00e9s do Canal do YouTube da @oficialuepg. Dia 08 de novembro de 2021: 19:00 horas abertura, apresenta\u00e7\u00e3o cultural; 19:30 horas Palestra:Abordagem em sa\u00fade \u00fanica: conceitos e hist\u00f3rico no Brasil e na Am\u00e9rica Latina; 20:30 horas Palestra:Manejo de res\u00edduos em ci\u00eancias biol\u00f3gicas e sa\u00fade: abordagem em sa\u00fade \u00fanica; Dia 09 de novembro de 2021: 19:00 horas apresenta\u00e7\u00e3o cultural; 19:30 horas Mesa Redonda:Atua\u00e7\u00e3o dos profissionais das \u00e1reas das ci\u00eancias biol\u00f3gicas e da sa\u00fade no contexto da Sa\u00fade \u00danica; Dia 12 de novembro de 2021: 21:00 horas encerramento, apresenta\u00e7\u00e3o cultural.<\/span><\/li>\n<\/ul>\n<h6 style=\"text-align: center\"><span style=\"color: #000000\"><a style=\"color: #000000\" href=\"https:\/\/ead.uepg.br\/site\/moocs\/251\">Acesso o site do evento clicando aqui!<\/a><\/span><\/h6>\n<\/div>\n<\/div><\/div><div id=\"panel-158-0-0-1\" class=\"so-panel widget widget_sow-editor panel-last-child\" data-index=\"1\" ><div\n\t\t\t\n\t\t\tclass=\"so-widget-sow-editor so-widget-sow-editor-base\"\n\t\t\t\n\t\t><h3 class=\"widget-title\">Semin\u00e1rio - Conversando sobre Gest\u00e3o Esportiva - 1a. Edi\u00e7\u00e3o<\/h3>\n<div class=\"siteorigin-widget-tinymce textwidget\">\n\t<p><img loading=\"lazy\" class=\" wp-image-367 alignleft\" src=\"https:\/\/www2.uepg.br\/dedufis\/wp-content\/uploads\/sites\/193\/2021\/10\/logo-evento-2-Carolina-Paioli-Tavares-300x300.png\" alt=\"\" width=\"292\" height=\"292\" srcset=\"https:\/\/www2.uepg.br\/dedufis\/wp-content\/uploads\/sites\/193\/2021\/10\/logo-evento-2-Carolina-Paioli-Tavares-300x300.png 300w, https:\/\/www2.uepg.br\/dedufis\/wp-content\/uploads\/sites\/193\/2021\/10\/logo-evento-2-Carolina-Paioli-Tavares-1024x1024.png 1024w, https:\/\/www2.uepg.br\/dedufis\/wp-content\/uploads\/sites\/193\/2021\/10\/logo-evento-2-Carolina-Paioli-Tavares-150x150.png 150w, https:\/\/www2.uepg.br\/dedufis\/wp-content\/uploads\/sites\/193\/2021\/10\/logo-evento-2-Carolina-Paioli-Tavares-768x768.png 768w, https:\/\/www2.uepg.br\/dedufis\/wp-content\/uploads\/sites\/193\/2021\/10\/logo-evento-2-Carolina-Paioli-Tavares.png 1080w\" sizes=\"(max-width: 292px) 100vw, 292px\" \/> O Semin\u00e1rio Conversando sobre Gest\u00e3o Esportiva tem por objetivo oportunizar o di\u00e1logo entre gestores p\u00fablicos e de organiza\u00e7\u00f5es privadas sobre a Gest\u00e3o no Esporte. Al\u00e9m disso, ofertar espa\u00e7o para o amplo debate e conhecimento de publica\u00e7\u00f5es nas \u00e1reas de gest\u00e3o e administra\u00e7\u00e3o esportiva atrav\u00e9s de estudos desenvolvidos por profissionais da \u00e1rea.<\/p>\n<p>&nbsp;<\/p>\n<h6 style=\"text-align: center\"><a href=\"https:\/\/siseve.apps.uepg.br\/pt_BR\/gestaoesportiva2021\">Acesso o site do evento clicando aqui!<\/a><\/h6>\n<\/div>\n<\/div><\/div><\/div><\/div><\/div>","protected":false},"excerpt":{"rendered":"<p>O que voc\u00ea vai aprender OBJETIVO GERAL: Oportunizar aprendizado atual sobre a Sa\u00fade \u00danica no contexto das ci\u00eancias biol\u00f3gicas e da sa\u00fade. OBJETIVOS ESPEC\u00cdFICOS: Discutir novas atua\u00e7\u00f5es dos profissionais das \u00e1reas das ci\u00eancias biol\u00f3gicas e da sa\u00fade frente a Sa\u00fade \u00danica; Oportunizar um novo olhar sobre a forma\u00e7\u00e3o. Ementa VI F\u00f3rum Multiprofissional SEBISA (08 a&nbsp;&hellip;<\/p>\n","protected":false},"author":204,"featured_media":0,"parent":9,"menu_order":0,"comment_status":"closed","ping_status":"closed","template":"","meta":[],"_links":{"self":[{"href":"https:\/\/www2.uepg.br\/dedufis\/wp-json\/wp\/v2\/pages\/158"}],"collection":[{"href":"https:\/\/www2.uepg.br\/dedufis\/wp-json\/wp\/v2\/pages"}],"about":[{"href":"https:\/\/www2.uepg.br\/dedufis\/wp-json\/wp\/v2\/types\/page"}],"author":[{"embeddable":true,"href":"https:\/\/www2.uepg.br\/dedufis\/wp-json\/wp\/v2\/users\/204"}],"replies":[{"embeddable":true,"href":"https:\/\/www2.uepg.br\/dedufis\/wp-json\/wp\/v2\/comments?post=158"}],"version-history":[{"count":4,"href":"https:\/\/www2.uepg.br\/dedufis\/wp-json\/wp\/v2\/pages\/158\/revisions"}],"predecessor-version":[{"id":394,"href":"https:\/\/www2.uepg.br\/dedufis\/wp-json\/wp\/v2\/pages\/158\/revisions\/394"}],"up":[{"embeddable":true,"href":"https:\/\/www2.uepg.br\/dedufis\/wp-json\/wp\/v2\/pages\/9"}],"wp:attachment":[{"href":"https:\/\/www2.uepg.br\/dedufis\/wp-json\/wp\/v2\/media?parent=158"}],"curies":[{"name":"wp","href":"https:\/\/api.w.org\/{rel}","templated":true}]}}