{"id":160,"date":"2021-05-26T15:39:55","date_gmt":"2021-05-26T18:39:55","guid":{"rendered":"https:\/\/www2.uepg.br\/dedufis\/?page_id=160"},"modified":"2024-02-20T14:29:03","modified_gmt":"2024-02-20T17:29:03","slug":"pesquisa","status":"publish","type":"page","link":"https:\/\/www2.uepg.br\/dedufis\/pesquisa\/","title":{"rendered":"Pesquisa"},"content":{"rendered":"<h3 style=\"text-align: center\"><strong>GRUPOS DE PESQUISAS<\/strong><\/h3>\n<ul>\n<li>\n<h4><strong>Gerafisio &#8211; Grupo de Estudos em Fisiologia da Atividade F\u00edsica<\/strong><\/h4>\n<ul>\n<li><strong>Coordena\u00e7\u00e3o<\/strong>: Prof. Dr. Nilo Massaru Okuno<\/li>\n<li><strong>Integrantes<\/strong>: Prof. Dr. Leandro Martinez Vargas.<\/li>\n<\/ul>\n<\/li>\n<\/ul>\n<p>&nbsp;<\/p>\n<ul>\n<li>\n<h4><strong>Cultura de Paz, Direitos Humanos e Desenvolvimento Sustent\u00e1vel<\/strong><\/h4>\n<ul>\n<li><strong>Coordena\u00e7\u00e3o:<\/strong> Prof. Dr. Nei Alberto Salles Filho<\/li>\n<\/ul>\n<\/li>\n<\/ul>\n<ul>\n<li>\n<h4><strong>Esporte, Lazer e Sociedade &#8211; Linha de A\u00e7\u00e3o 1<\/strong><\/h4>\n<ul>\n<li><strong>Coordena\u00e7\u00e3o:<\/strong> Prof. LD Bruno Pedroso; Prof. Dr. Miguel Archanjo de Freitas Jr.<\/li>\n<li><strong>Integrantes:<\/strong> Prof. Dr. Gon\u00e7alo Cassins Moreira do Carmo; Prof. Dr. Leandro Martinez Vargas; Prof\u00aa. Dr\u00aa. Natasha Santos Lise; Prof. Dr. Guilherme Moreira Caetano Pinto; Prof. Dr. Edilson de Oliveira<\/li>\n<\/ul>\n<\/li>\n<\/ul>\n<ul>\n<li>\n<h4><strong>Esporte, Lazer e Sociedade &#8211; Linha de A\u00e7\u00e3o 2<\/strong><\/h4>\n<ul>\n<li><strong>Coordena\u00e7\u00e3o:<\/strong> Prof. Dr. Alfredo C\u00e9sar Antunes; Prof. Dr. Constantino Ribeiro de Oliveira Jr.<\/li>\n<li><strong>Integrantes:<\/strong> Prof. Me. Carlos Maur\u00edcio Zaremba; Prof. Dr. Diego Petyk de Sousa<\/li>\n<\/ul>\n<\/li>\n<\/ul>\n<ul>\n<li>\n<h4><strong>Estudos relacionados sobre comportamentos ativos e saud\u00e1veis &#8211; CAS<\/strong><\/h4>\n<ul>\n<li><strong>Coordena\u00e7\u00e3o:<\/strong> Prof\u00aa Dr\u00aa Rosimeide Francisco dos Santos Legnani<\/li>\n<li><strong>Integrantes:<\/strong> Prof. Dr. Gon\u00e7alo Cassins Moreira do Carmo; Prof. Dr. Marcus William Hauser<\/li>\n<\/ul>\n<\/li>\n<\/ul>\n<ul>\n<li>\n<h4><strong>Futebol e Sociedade<\/strong><\/h4>\n<ul>\n<li><strong>Coordena\u00e7\u00e3o:<\/strong> Prof. Dr. Miguel Archanjo de Freitas Jr.<\/li>\n<\/ul>\n<\/li>\n<\/ul>\n<ul>\n<li>\n<h4><strong>N\u00facleo em Sa\u00fade e Qualidade de Vida Integrativa<\/strong><\/h4>\n<ul>\n<li><strong>Coordena\u00e7\u00e3o<\/strong>: Prof\u00aa Dr\u00aa Heleise Faria dos Reis de Oliveira<\/li>\n<\/ul>\n<\/li>\n<\/ul>\n<p>&nbsp;<\/p>\n<h3 style=\"text-align: center\"><strong>PROJETOS DE PESQUISAS \/ PESQUISAS CONTINUADAS<\/strong><\/h3>\n<ul>\n<li>\n<h4><strong>Artes Marciais, Lutas e Esportes de Combate<\/strong><\/h4>\n<\/li>\n<\/ul>\n<p style=\"padding-left: 80px\"><strong>Coordenador:<\/strong> Prof. Dr. Gon\u00e7alo Cassins Moreira do Carmo<\/p>\n<p>&nbsp;<\/p>\n<ul>\n<li>\n<h4><strong>Avalia\u00e7\u00e3o da qualidade de vida e qualidade de vida no trabalho na sociedade hodierna \/\u00a0Estudos bibliom\u00e9tricos e cientom\u00e9tricos na produ\u00e7\u00e3o do conhecimento.<\/strong><\/h4>\n<\/li>\n<\/ul>\n<p style=\"padding-left: 80px\"><strong>Coordenador:<\/strong> Prof. LD Bruno Pedroso<\/p>\n<p>&nbsp;<\/p>\n<ul>\n<li>\n<h4><strong>Direitos Humanos, Desenvolvimento Sustent\u00e1vel e Cultura de Paz: an\u00e1lise dos documentos de Organismos Internacionais \u00e0 luz das Ci\u00eancias Sociais.<\/strong><\/h4>\n<\/li>\n<\/ul>\n<p style=\"padding-left: 80px\"><strong>Coordena\u00e7\u00e3o:<\/strong> Prof. Dr. Nei Alberto Salles Filho<\/p>\n<p>&nbsp;<\/p>\n<ul>\n<li>\n<h4><strong>Estudos sobre n\u00edvel de desempenho motor, atividade f\u00edsica e aptid\u00e3o f\u00edsica de praticantes de exerc\u00edcios f\u00edsicos e esportes.<\/strong><\/h4>\n<\/li>\n<\/ul>\n<p><strong>\u00a0 \u00a0 \u00a0 \u00a0 \u00a0 \u00a0 \u00a0 \u00a0 \u00a0 \u00a0 Coordena\u00e7\u00e3o:<\/strong> Prof. Dr. Leandro Martinez Vargas<\/p>\n<p>&nbsp;<\/p>\n<ul>\n<li>\n<h4><strong>Fisiologia da Atividade F\u00edsica<\/strong><\/h4>\n<\/li>\n<\/ul>\n<p style=\"padding-left: 80px\"><strong>Coordena\u00e7\u00e3o:<\/strong> Prof. Dr. Nilo Massaru Okuno<\/p>\n<p style=\"padding-left: 80px\"><strong>Integrante:<\/strong> Prof. Dr. Leandro Martinez Vargas<\/p>\n<p>&nbsp;<\/p>\n<ul>\n<li>\n<h4><strong>Hist\u00f3ria, Cultura, Esportes e Sociedade<\/strong><\/h4>\n<\/li>\n<\/ul>\n<p style=\"padding-left: 80px\"><strong>Coordena\u00e7\u00e3o:<\/strong> Prof. Dr. Cl\u00e1udio Jorge Guimar\u00e3es; Prof. Dr. Constantino Ribeiro de Oliveira Jr.<\/p>\n<p>&nbsp;<\/p>\n<ul>\n<li>\n<h4><strong>Qualidade de Vida e Sa\u00fade Integrativa<\/strong><\/h4>\n<\/li>\n<\/ul>\n<p style=\"padding-left: 80px\"><strong>Coordenadora:<\/strong> Prof\u00aa Dr\u00aa Heleise Faria dos Reis de Oliveira<\/p>\n","protected":false},"excerpt":{"rendered":"<p>GRUPOS DE PESQUISAS Gerafisio &#8211; Grupo de Estudos em Fisiologia da Atividade F\u00edsica Coordena\u00e7\u00e3o: Prof. Dr. Nilo Massaru Okuno Integrantes: Prof. Dr. Leandro Martinez Vargas. &nbsp; Cultura de Paz, Direitos Humanos e Desenvolvimento Sustent\u00e1vel Coordena\u00e7\u00e3o: Prof. Dr. Nei Alberto Salles Filho Esporte, Lazer e Sociedade &#8211; Linha de A\u00e7\u00e3o 1 Coordena\u00e7\u00e3o: Prof. LD Bruno Pedroso;&nbsp;&hellip;<\/p>\n","protected":false},"author":204,"featured_media":0,"parent":0,"menu_order":0,"comment_status":"closed","ping_status":"closed","template":"","meta":[],"_links":{"self":[{"href":"https:\/\/www2.uepg.br\/dedufis\/wp-json\/wp\/v2\/pages\/160"}],"collection":[{"href":"https:\/\/www2.uepg.br\/dedufis\/wp-json\/wp\/v2\/pages"}],"about":[{"href":"https:\/\/www2.uepg.br\/dedufis\/wp-json\/wp\/v2\/types\/page"}],"author":[{"embeddable":true,"href":"https:\/\/www2.uepg.br\/dedufis\/wp-json\/wp\/v2\/users\/204"}],"replies":[{"embeddable":true,"href":"https:\/\/www2.uepg.br\/dedufis\/wp-json\/wp\/v2\/comments?post=160"}],"version-history":[{"count":21,"href":"https:\/\/www2.uepg.br\/dedufis\/wp-json\/wp\/v2\/pages\/160\/revisions"}],"predecessor-version":[{"id":320,"href":"https:\/\/www2.uepg.br\/dedufis\/wp-json\/wp\/v2\/pages\/160\/revisions\/320"}],"wp:attachment":[{"href":"https:\/\/www2.uepg.br\/dedufis\/wp-json\/wp\/v2\/media?parent=160"}],"curies":[{"name":"wp","href":"https:\/\/api.w.org\/{rel}","templated":true}]}}