{"id":174,"date":"2021-05-26T16:49:51","date_gmt":"2021-05-26T19:49:51","guid":{"rendered":"https:\/\/www2.uepg.br\/dedufis\/?page_id=174"},"modified":"2025-11-04T20:56:21","modified_gmt":"2025-11-04T23:56:21","slug":"editais","status":"publish","type":"page","link":"https:\/\/www2.uepg.br\/dedufis\/editais\/","title":{"rendered":"Editais"},"content":{"rendered":"<h1>2025<\/h1>\n<p><a href=\"https:\/\/www2.uepg.br\/dedufis\/wp-content\/uploads\/sites\/193\/2025\/11\/Edital_selecao_alunos_NAPI_corpo_em_movimento_assinado.pdf\">04\/11\/2025 &#8211; EDITAL <span class=\"fontstyle0\">03\/2025 &#8211; Conv\u00eanio 733\/2025<\/span><\/a>\u00a0&#8211; S<span class=\"fontstyle0\">ELE\u00c7\u00c3O DE BOLSISTA DE INICIA\u00c7\u00c3O CIENT\u00cdFICA E\/OU BOLSA DE INICIA\u00c7\u00c3O EXTENSIONISTA (FUNDA\u00c7\u00c3O ARAUC\u00c1RIA) &#8211; <\/span><span class=\"fontstyle0\">NAPI CORPO EM MOVIMENTO: FORMA\u00c7\u00c3O CIDAD\u00c3 EM REDE POR MEIO DE LUTAS CORPORAIS<\/span><\/p>\n<p><a href=\"https:\/\/www2.uepg.br\/dedufis\/wp-content\/uploads\/sites\/193\/2025\/11\/Edital_selecao_Tecnico_II_NAPI_assinado.pdf\">04\/11\/2025 &#8211; EDITAL 02\/2025 &#8211; Conv\u00eanio 733\/2025<\/a> &#8211;\u00a0<span class=\"fontstyle0\">SELE\u00c7\u00c3O DE BOLSISTA T\u00c9CNICO II (30\/40 HORAS) BT NS (FUNDA\u00c7\u00c3O ARAUC\u00c1RIA) NAPI CORPO EM MOVIMENTO: FORMA\u00c7\u00c3O CIDAD\u00c3 EM REDE POR MEIO DE LUTAS CORPORAIS<\/span><\/p>\n<p><a href=\"https:\/\/www2.uepg.br\/dedufis\/wp-content\/uploads\/sites\/193\/2025\/11\/Edital_Selecao_NAPI_CORPO_EM_MOVIMENTO_TECNICO_assinado.pdf\"><span class=\"fontstyle0\">04\/11\/2025 &#8211; EDITAL 01\/2025 &#8211; Conv\u00eanio 733\/2025<\/span><\/a>\u00a0&#8211;\u00a0<span class=\"fontstyle0\">SELE\u00c7\u00c3O DE BOLSISTA T\u00c9CNICO I (30\/40 HORAS) BT NM (FUNDA\u00c7\u00c3O ARAUC\u00c1RIA) &#8211; NAPI CORPO EM MOVIMENTO: FORMA\u00c7\u00c3O CIDAD\u00c3 EM REDE POR MEIO DE LUTAS CORPORAIS<\/span><\/p>\n<p><a href=\"https:\/\/www2.uepg.br\/dedufis\/wp-content\/uploads\/sites\/193\/2025\/04\/EDITAL_DEDUFIS_-_NC2BA_06-2025_assinado.pdf\">23\/04\/2025 &#8211; EDITAL_DEDUFIS_-_N_06-2025<\/a>\u00a0&#8211; SELE\u00c7\u00c3O DE ESTUDANTES \u2013 RESULTADO FINAL<\/p>\n<p><a href=\"https:\/\/www2.uepg.br\/dedufis\/wp-content\/uploads\/sites\/193\/2025\/04\/EDITAL_DEDUFIS_-_NBA_05-2025_assinado.pdf\">16\/04\/2025 &#8211; EDITAL_DEDUFIS_-_N\u00ba5-2025<\/a>&#8211; CONFER\u00caNCIA ESTADUAL DO ESPORTE MACRORREGINAL I \u2013 PONTA GROSSA &#8211; SELE\u00c7\u00c3O DE ESTUDANTES.<\/p>\n<p><a href=\"https:\/\/www2.uepg.br\/dedufis\/wp-content\/uploads\/sites\/193\/2025\/03\/Anexo-I.docx\">ANEXO I<\/a><\/p>\n<p>&nbsp;<\/p>\n","protected":false},"excerpt":{"rendered":"<p>2025 04\/11\/2025 &#8211; EDITAL 03\/2025 &#8211; Conv\u00eanio 733\/2025\u00a0&#8211; SELE\u00c7\u00c3O DE BOLSISTA DE INICIA\u00c7\u00c3O CIENT\u00cdFICA E\/OU BOLSA DE INICIA\u00c7\u00c3O EXTENSIONISTA (FUNDA\u00c7\u00c3O ARAUC\u00c1RIA) &#8211; NAPI CORPO EM MOVIMENTO: FORMA\u00c7\u00c3O CIDAD\u00c3 EM REDE POR MEIO DE LUTAS CORPORAIS 04\/11\/2025 &#8211; EDITAL 02\/2025 &#8211; Conv\u00eanio 733\/2025 &#8211;\u00a0SELE\u00c7\u00c3O DE BOLSISTA T\u00c9CNICO II (30\/40 HORAS) BT NS (FUNDA\u00c7\u00c3O ARAUC\u00c1RIA) NAPI CORPO&nbsp;&hellip;<\/p>\n","protected":false},"author":204,"featured_media":0,"parent":0,"menu_order":0,"comment_status":"closed","ping_status":"closed","template":"","meta":[],"_links":{"self":[{"href":"https:\/\/www2.uepg.br\/dedufis\/wp-json\/wp\/v2\/pages\/174"}],"collection":[{"href":"https:\/\/www2.uepg.br\/dedufis\/wp-json\/wp\/v2\/pages"}],"about":[{"href":"https:\/\/www2.uepg.br\/dedufis\/wp-json\/wp\/v2\/types\/page"}],"author":[{"embeddable":true,"href":"https:\/\/www2.uepg.br\/dedufis\/wp-json\/wp\/v2\/users\/204"}],"replies":[{"embeddable":true,"href":"https:\/\/www2.uepg.br\/dedufis\/wp-json\/wp\/v2\/comments?post=174"}],"version-history":[{"count":17,"href":"https:\/\/www2.uepg.br\/dedufis\/wp-json\/wp\/v2\/pages\/174\/revisions"}],"predecessor-version":[{"id":550,"href":"https:\/\/www2.uepg.br\/dedufis\/wp-json\/wp\/v2\/pages\/174\/revisions\/550"}],"wp:attachment":[{"href":"https:\/\/www2.uepg.br\/dedufis\/wp-json\/wp\/v2\/media?parent=174"}],"curies":[{"name":"wp","href":"https:\/\/api.w.org\/{rel}","templated":true}]}}