{"id":180,"date":"2021-05-26T16:53:00","date_gmt":"2021-05-26T19:53:00","guid":{"rendered":"https:\/\/www2.uepg.br\/dedufis\/?page_id=180"},"modified":"2024-03-25T15:22:01","modified_gmt":"2024-03-25T18:22:01","slug":"extensao","status":"publish","type":"page","link":"https:\/\/www2.uepg.br\/dedufis\/extensao\/","title":{"rendered":"Extens\u00e3o"},"content":{"rendered":"<h2 align=\"center\"><strong>PROJETOS DE EXTENS\u00c3O<\/strong><\/h2>\n<ul>\n<li>\n<h4><strong>Cinema e esportes: filmes\/document\u00e1rios como ferramenta de an\u00e1lise sobre a tem\u00e1tica esporte, cultura e sociedade<\/strong><\/h4>\n<\/li>\n<\/ul>\n<p style=\"padding-left: 80px\"><strong>Coordenador:<\/strong> Prof. Dr. Alfredo C\u00e9sar Antunes.<\/p>\n<p style=\"padding-left: 80px\"><strong>Integrantes<\/strong>: Prof. Dr. Cl\u00e1udio Jorge Guimar\u00e3es; Prof. Dr. Constantino Ribeiro de Oliveira Jr.<\/p>\n<p>&nbsp;<\/p>\n<ul>\n<li><strong>Dan\u00e7a na UEPG<\/strong><\/li>\n<\/ul>\n<p style=\"padding-left: 80px\"><strong>Site:<\/strong> <a href=\"https:\/\/www.instagram.com\/danca_uepg\/\">@danca_uepg (Instagram)<\/a><\/p>\n<p style=\"padding-left: 80px\"><strong>Coordena\u00e7\u00e3o:<\/strong> Prof\u00aa Dr\u00aa Silvia Regina Ribeiro<\/p>\n<p style=\"padding-left: 80px\"><strong>Integrantes externos:<\/strong> Prof\u00aa Me Carla Adriane Souza; Prof\u00aa Marcelle Marcelle Schoembaecler.<\/p>\n<p>&nbsp;<\/p>\n<ul>\n<li>\n<h4><strong>Emagrecendo com sa\u00fade<\/strong><\/h4>\n<\/li>\n<\/ul>\n<p style=\"padding-left: 80px\"><strong>Coordena\u00e7\u00e3o:<\/strong> Prof. Dr. Leandro Martinez Vargas<\/p>\n<p style=\"padding-left: 80px\"><strong>Integrantes:<\/strong> Prof. Dr. Nilo Massaru Okuno; Prof. Me. Marcos Salles Rosa.<\/p>\n<p>&nbsp;<\/p>\n<ul>\n<li>\n<h4><strong>N\u00facleo de Estudos e Forma\u00e7\u00e3o de Professores em Educa\u00e7\u00e3o para a Paz e Conviv\u00eancias<\/strong><\/h4>\n<\/li>\n<\/ul>\n<p style=\"padding-left: 80px\"><strong>Site:<\/strong>\u00a0<a href=\"http:\/\/www.uepg.br\/nep\" target=\"_blank\" rel=\"noopener\">www.uepg.br\/nep<\/a><\/p>\n<p style=\"padding-left: 80px\"><strong>Coordena\u00e7\u00e3o:<\/strong> Prof. Dr. Nei Alberto Salles Filho<\/p>\n<p>&nbsp;<\/p>\n<ul>\n<li>\n<h4><strong>Projeto Esportes de Aventura<\/strong><\/h4>\n<\/li>\n<\/ul>\n<p style=\"padding-left: 80px\"><strong>Coordenadora:<\/strong>\u00a0Prof\u00aa Dr\u00aa Danilla Icassati Corazza<\/p>\n<p>&nbsp;<\/p>\n<ul>\n<li>\n<h4><strong>Sa\u00fade e Qualidade de Vida no Trabalho<\/strong><\/h4>\n<\/li>\n<\/ul>\n<p style=\"padding-left: 80px\"><strong>Coordenadora:<\/strong>\u00a0Prof\u00aa Dr\u00aa Heleise Faria dos Reis de Oliveira<\/p>\n<p>&nbsp;<\/p>\n<ul>\n<li>\n<h4><strong>UEPG + Ativa \/ CDR<\/strong><\/h4>\n<\/li>\n<\/ul>\n<p style=\"padding-left: 80px\"><strong>Site:<\/strong> <a href=\"https:\/\/www.instagram.com\/cdr.uepg\/\">@cdr.uepg (Instagram)<\/a><\/p>\n<p style=\"padding-left: 80px\"><strong>Coordenador:<\/strong> Prof. Dr. Rodolfo Andr\u00e9 Dellagrana<\/p>\n<p>&nbsp;<\/p>\n<ul>\n<li><strong>Aurora-UEPG Natividade: Programa de Exerc\u00edcios F\u00edsicos para Pessoas 60+<\/strong><\/li>\n<\/ul>\n<p style=\"padding-left: 80px\"><strong>Site:<\/strong> <a href=\"https:\/\/www.instagram.com\/natividadeuepg\/\">@natividadeuepg (Instagram)<\/a><\/p>\n<p style=\"padding-left: 80px\"><strong>Coordena\u00e7\u00e3o:<\/strong> Prof\u00aa Dr\u00aa Danilla Icassatti Corazza<\/p>\n<p style=\"padding-left: 80px\"><strong>Integrantes:<\/strong> Prof\u00aa Dr\u00aa Luiza Herminia Gallo<\/p>\n<p>&nbsp;<\/p>\n<ul>\n<li><strong>Total Wellness<\/strong><\/li>\n<\/ul>\n<p style=\"padding-left: 80px\"><strong>Coordena\u00e7\u00e3o:<\/strong> Prof\u00aa Dr\u00aa Rosimeide Francisco dos Santos Legnani<\/p>\n<p style=\"padding-left: 80px\"><strong>Integrantes:<\/strong> Prof\u00aa Dr\u00aa \u00c9rica Fernanda de Paula<\/p>\n<p>&nbsp;<\/p>\n<ul>\n<li><strong>Jogos Estudantis da Primavera em Ponta Grossa &#8211; PR: hist\u00f3ria, mem\u00f3ria, esportes e sociedade<\/strong><\/li>\n<\/ul>\n<p style=\"padding-left: 80px\"><strong>Coordena\u00e7\u00e3o:<\/strong> Prof. Dr. Cl\u00e1udio Jorge Guimar\u00e3es<\/p>\n<p style=\"padding-left: 80px\"><strong>Integrantes:<\/strong> Prof. Dr. Alfredo Cesar Antunes, Prof. Dr. Constantino Ribeiro de Oliveira Jr., Prof. Dr. Carlos Maur\u00edcio Zaremba, Prof. Dr. Diego Petyk de Sousa, Prof. Dr.Gon\u00e7alo Cassins Morira do Carmo, Prof. Dr. Guilherme Moreira Caetano Pinto.<\/p>\n<p>&nbsp;<\/p>\n<h2 align=\"center\"><strong>PROJETOS DE EXTENS\u00c3O DESENVOLVIDOS EXCLUSIVAMENTE PELA CDR<\/strong><\/h2>\n<p>Atividades desenvolvidas com a comunidade acad\u00eamica, funcion\u00e1rios da UEPG e comunidade em geral<\/p>\n<ul>\n<li><strong>Jogos Estudantis da Primavera<\/strong><\/li>\n<li><strong>Mulher + Sa\u00fade<\/strong><\/li>\n<li><strong>Jogando Bola &#8211; Construindo Cidadania<\/strong><\/li>\n<li><strong>CTU (Centro de Treinamento Universit\u00e1rio)<\/strong><\/li>\n<li><strong>Jogos Universit\u00e1rios Paranaenses<\/strong><\/li>\n<\/ul>\n<p>&nbsp;<\/p>\n<p><em>OBS: As informa\u00e7\u00f5es referentes aos hor\u00e1rios e valores dos projetos de extens\u00e3o est\u00e3o dispon\u00edveis atrav\u00e9s dos seguintes contatos:<\/em><\/p>\n<p style=\"padding-left: 40px\">\u2022\u00a0\u00a0<strong>Coordenadoria de Desportos e Recrea\u00e7\u00e3o (CDR): (42) 3220-3162 ou cdr@uepg.br<\/strong><\/p>\n<p style=\"padding-left: 40px\">\u2022\u00a0\u00a0<strong>Departamento de Educa\u00e7\u00e3o F\u00edsica (DEDUFIS): (42) 3220-3141 ou dedufis@uepg.br<\/strong><\/p>\n","protected":false},"excerpt":{"rendered":"<p>PROJETOS DE EXTENS\u00c3O Cinema e esportes: filmes\/document\u00e1rios como ferramenta de an\u00e1lise sobre a tem\u00e1tica esporte, cultura e sociedade Coordenador: Prof. Dr. Alfredo C\u00e9sar Antunes. Integrantes: Prof. Dr. Cl\u00e1udio Jorge Guimar\u00e3es; Prof. Dr. Constantino Ribeiro de Oliveira Jr. &nbsp; Dan\u00e7a na UEPG Site: @danca_uepg (Instagram) Coordena\u00e7\u00e3o: Prof\u00aa Dr\u00aa Silvia Regina Ribeiro Integrantes externos: Prof\u00aa Me Carla&nbsp;&hellip;<\/p>\n","protected":false},"author":204,"featured_media":0,"parent":0,"menu_order":0,"comment_status":"closed","ping_status":"closed","template":"","meta":[],"_links":{"self":[{"href":"https:\/\/www2.uepg.br\/dedufis\/wp-json\/wp\/v2\/pages\/180"}],"collection":[{"href":"https:\/\/www2.uepg.br\/dedufis\/wp-json\/wp\/v2\/pages"}],"about":[{"href":"https:\/\/www2.uepg.br\/dedufis\/wp-json\/wp\/v2\/types\/page"}],"author":[{"embeddable":true,"href":"https:\/\/www2.uepg.br\/dedufis\/wp-json\/wp\/v2\/users\/204"}],"replies":[{"embeddable":true,"href":"https:\/\/www2.uepg.br\/dedufis\/wp-json\/wp\/v2\/comments?post=180"}],"version-history":[{"count":21,"href":"https:\/\/www2.uepg.br\/dedufis\/wp-json\/wp\/v2\/pages\/180\/revisions"}],"predecessor-version":[{"id":406,"href":"https:\/\/www2.uepg.br\/dedufis\/wp-json\/wp\/v2\/pages\/180\/revisions\/406"}],"wp:attachment":[{"href":"https:\/\/www2.uepg.br\/dedufis\/wp-json\/wp\/v2\/media?parent=180"}],"curies":[{"name":"wp","href":"https:\/\/api.w.org\/{rel}","templated":true}]}}