{"id":202,"date":"2021-05-26T17:19:29","date_gmt":"2021-05-26T20:19:29","guid":{"rendered":"https:\/\/www2.uepg.br\/dedufis\/?page_id=202"},"modified":"2021-10-14T16:37:51","modified_gmt":"2021-10-14T19:37:51","slug":"contato","status":"publish","type":"page","link":"https:\/\/www2.uepg.br\/dedufis\/contato\/","title":{"rendered":"Contato"},"content":{"rendered":"<div id=\"pl-202\"  class=\"panel-layout\" ><div id=\"pg-202-0\"  class=\"panel-grid panel-no-style\" ><div id=\"pgc-202-0-0\"  class=\"panel-grid-cell\" ><div id=\"panel-202-0-0-0\" class=\"so-panel widget widget_sow-editor panel-first-child\" data-index=\"0\" ><div\n\t\t\t\n\t\t\tclass=\"so-widget-sow-editor so-widget-sow-editor-base\"\n\t\t\t\n\t\t>\n<div class=\"siteorigin-widget-tinymce textwidget\">\n\t<p style=\"text-align: center;\">Hor\u00e1rio de Atendimento: 08:00 \u00e0s 12:00 e das 14:00 \u00e0s 22:00<\/p>\n<p style=\"text-align: center;\">Campus Uvaranas - Bloco G<\/p>\n<p style=\"text-align: center;\">Endere\u00e7o: Av. Carlos Cavalcanti, 4748 - Uvaranas - Ponta Grossa - PR - CEP: 84.030-900<\/p>\n<p style=\"text-align: center;\">Telefone: (42) 3220-3140 \/ 3220-3141<\/p>\n<p style=\"text-align: center;\">Site Oficial: <a href=\"http:\/\/www2.uepg.br\/dedufis\" target=\"_blank\" rel=\"noopener\">www2.uepg.br\/dedufis<\/a><\/p>\n<p style=\"text-align: center;\">E-Mail: <a href=\"mailto:dedufis@uepg.br\" target=\"_blank\" rel=\"noopener\">dedufis@uepg.br<\/a><\/p>\n<p>\u00a0<\/p>\n<p>\u00a0<\/p>\n<\/div>\n<\/div><\/div><div id=\"panel-202-0-0-1\" class=\"so-panel widget widget_sow-button panel-last-child\" data-index=\"1\" ><div\n\t\t\t\n\t\t\tclass=\"so-widget-sow-button so-widget-sow-button-atom-b4f6b6b19f96-202\"\n\t\t\t\n\t\t><div class=\"ow-button-base ow-button-align-center\">\n\t<a href=\"https:\/\/docs.google.com\/forms\/d\/e\/1FAIpQLSdmTwtAqP4bfpa-iGvqjmB9XsoBohpIfJAt9GSOKb_xoZTdCA\/viewform?usp=sf_link\" class=\"ow-icon-placement-left ow-button-hover\" target=\"_blank\" rel=\"noopener noreferrer\" \t\t>\n\t\t<span>\n\t\t\t<span class=\"sow-icon-fontawesome sow-far\" data-sow-icon=\"&#xf044;\"\n\t\tstyle=\"color: #ffffff\" \n\t\taria-hidden=\"true\"><\/span>\n\t\t\tSolicita\u00e7\u00f5es - apenas para professores do DEDUFIS\t\t<\/span>\n\t<\/a>\n<\/div>\n<\/div><\/div><\/div><\/div><\/div>","protected":false},"excerpt":{"rendered":"<p>Hor\u00e1rio de Atendimento: 08:00 \u00e0s 12:00 e das 14:00 \u00e0s 22:00Campus Uvaranas &#8211; Bloco GEndere\u00e7o: Av. Carlos Cavalcanti, 4748 &#8211; Uvaranas &#8211; Ponta Grossa &#8211; PR &#8211; CEP: 84.030-900Telefone: (42) 3220-3140 \/ 3220-3141Site Oficial: www2.uepg.br\/dedufisE-Mail: dedufis@uepg.br\u00a0\u00a0<\/p>\n","protected":false},"author":204,"featured_media":0,"parent":0,"menu_order":0,"comment_status":"closed","ping_status":"closed","template":"","meta":[],"_links":{"self":[{"href":"https:\/\/www2.uepg.br\/dedufis\/wp-json\/wp\/v2\/pages\/202"}],"collection":[{"href":"https:\/\/www2.uepg.br\/dedufis\/wp-json\/wp\/v2\/pages"}],"about":[{"href":"https:\/\/www2.uepg.br\/dedufis\/wp-json\/wp\/v2\/types\/page"}],"author":[{"embeddable":true,"href":"https:\/\/www2.uepg.br\/dedufis\/wp-json\/wp\/v2\/users\/204"}],"replies":[{"embeddable":true,"href":"https:\/\/www2.uepg.br\/dedufis\/wp-json\/wp\/v2\/comments?post=202"}],"version-history":[{"count":4,"href":"https:\/\/www2.uepg.br\/dedufis\/wp-json\/wp\/v2\/pages\/202\/revisions"}],"predecessor-version":[{"id":356,"href":"https:\/\/www2.uepg.br\/dedufis\/wp-json\/wp\/v2\/pages\/202\/revisions\/356"}],"wp:attachment":[{"href":"https:\/\/www2.uepg.br\/dedufis\/wp-json\/wp\/v2\/media?parent=202"}],"curies":[{"name":"wp","href":"https:\/\/api.w.org\/{rel}","templated":true}]}}