{"id":120,"date":"2021-04-30T08:54:46","date_gmt":"2021-04-30T11:54:46","guid":{"rendered":"https:\/\/www2.uepg.br\/deed\/?page_id=120"},"modified":"2021-05-07T09:07:15","modified_gmt":"2021-05-07T12:07:15","slug":"contato","status":"publish","type":"page","link":"https:\/\/www2.uepg.br\/deed\/contato\/","title":{"rendered":"Contato"},"content":{"rendered":"<p style=\"text-align: center;\"><strong>DEPARTAMENTO DE EDUCA\u00c7\u00c3O<\/strong><br \/>\nda Universidade Estadual de Ponta Grossa<\/p>\n<p align=\"center\">Hor\u00e1rio de Atendimento:<br \/>\nDe segunda \u00e0 sexta-feira, das 8h \u00e0s 12h e das 13h \u00e0s 17h<br \/>\nFone: 42-3220-3373<\/p>\n","protected":false},"excerpt":{"rendered":"<p>DEPARTAMENTO DE EDUCA\u00c7\u00c3O da Universidade Estadual de Ponta Grossa Hor\u00e1rio de Atendimento: De segunda \u00e0 sexta-feira, das 8h \u00e0s 12h e das 13h \u00e0s 17h Fone: 42-3220-3373<\/p>\n","protected":false},"author":305,"featured_media":0,"parent":0,"menu_order":0,"comment_status":"closed","ping_status":"closed","template":"","meta":[],"_links":{"self":[{"href":"https:\/\/www2.uepg.br\/deed\/wp-json\/wp\/v2\/pages\/120"}],"collection":[{"href":"https:\/\/www2.uepg.br\/deed\/wp-json\/wp\/v2\/pages"}],"about":[{"href":"https:\/\/www2.uepg.br\/deed\/wp-json\/wp\/v2\/types\/page"}],"author":[{"embeddable":true,"href":"https:\/\/www2.uepg.br\/deed\/wp-json\/wp\/v2\/users\/305"}],"replies":[{"embeddable":true,"href":"https:\/\/www2.uepg.br\/deed\/wp-json\/wp\/v2\/comments?post=120"}],"version-history":[{"count":4,"href":"https:\/\/www2.uepg.br\/deed\/wp-json\/wp\/v2\/pages\/120\/revisions"}],"predecessor-version":[{"id":212,"href":"https:\/\/www2.uepg.br\/deed\/wp-json\/wp\/v2\/pages\/120\/revisions\/212"}],"wp:attachment":[{"href":"https:\/\/www2.uepg.br\/deed\/wp-json\/wp\/v2\/media?parent=120"}],"curies":[{"name":"wp","href":"https:\/\/api.w.org\/{rel}","templated":true}]}}