{"id":122,"date":"2021-04-30T08:54:58","date_gmt":"2021-04-30T11:54:58","guid":{"rendered":"https:\/\/www2.uepg.br\/deed\/?page_id=122"},"modified":"2021-05-07T09:08:13","modified_gmt":"2021-05-07T12:08:13","slug":"links","status":"publish","type":"page","link":"https:\/\/www2.uepg.br\/deed\/links\/","title":{"rendered":"Links"},"content":{"rendered":"<p style=\"text-align: center;\"><strong>LINKS \u00daTEIS<\/strong><\/p>\n<p align=\"center\"><a href=\"http:\/\/www.cnpq.br\/\" target=\"_blank\" rel=\"noopener\">CNPq<\/a><\/p>\n<p align=\"center\"><a href=\"http:\/\/www.endipe.org.br\/\" target=\"_blank\" rel=\"noopener\">ENDIPE<\/a><\/p>\n<p align=\"center\"><a href=\"http:\/\/www.mec.gov.br\/\" target=\"_blank\" rel=\"noopener\">Minist\u00e9rio da Educa\u00e7\u00e3o<\/a><\/p>\n<h1 class=\"title\"><\/h1>\n","protected":false},"excerpt":{"rendered":"<p>LINKS \u00daTEIS CNPq ENDIPE Minist\u00e9rio da Educa\u00e7\u00e3o<\/p>\n","protected":false},"author":305,"featured_media":0,"parent":0,"menu_order":0,"comment_status":"closed","ping_status":"closed","template":"","meta":[],"_links":{"self":[{"href":"https:\/\/www2.uepg.br\/deed\/wp-json\/wp\/v2\/pages\/122"}],"collection":[{"href":"https:\/\/www2.uepg.br\/deed\/wp-json\/wp\/v2\/pages"}],"about":[{"href":"https:\/\/www2.uepg.br\/deed\/wp-json\/wp\/v2\/types\/page"}],"author":[{"embeddable":true,"href":"https:\/\/www2.uepg.br\/deed\/wp-json\/wp\/v2\/users\/305"}],"replies":[{"embeddable":true,"href":"https:\/\/www2.uepg.br\/deed\/wp-json\/wp\/v2\/comments?post=122"}],"version-history":[{"count":3,"href":"https:\/\/www2.uepg.br\/deed\/wp-json\/wp\/v2\/pages\/122\/revisions"}],"predecessor-version":[{"id":213,"href":"https:\/\/www2.uepg.br\/deed\/wp-json\/wp\/v2\/pages\/122\/revisions\/213"}],"wp:attachment":[{"href":"https:\/\/www2.uepg.br\/deed\/wp-json\/wp\/v2\/media?parent=122"}],"curies":[{"name":"wp","href":"https:\/\/api.w.org\/{rel}","templated":true}]}}