{"id":124,"date":"2021-04-30T08:55:11","date_gmt":"2021-04-30T11:55:11","guid":{"rendered":"https:\/\/www2.uepg.br\/deed\/?page_id=124"},"modified":"2021-05-07T09:11:24","modified_gmt":"2021-05-07T12:11:24","slug":"historico","status":"publish","type":"page","link":"https:\/\/www2.uepg.br\/deed\/historico\/","title":{"rendered":"Hist\u00f3rico"},"content":{"rendered":"<h5 style=\"text-align: center;\"><strong>HIST\u00d3RICO<\/strong><\/h5>\n<p>O Departamento de Educa\u00e7\u00e3o foi criado em 12 de janeiro de 1972, sendo que o seu primeiro chefe foi o professor Marjan Pawloski.<\/p>\n<h5 style=\"text-align: center;\"><strong>COLEGIADO<\/strong><\/h5>\n<p>O Curso de Pedagogia j\u00e1 possui a maturidade dos 40 anos, tendo ofertado a primeira turma em 1962. Inicialmente a Coordena\u00e7\u00e3o esteve sob a responsabilidade do Departamento de Educa\u00e7\u00e3o. Em 1973 o Colegiado foi organizado, passando ent\u00e3o a assumir as atribui\u00e7\u00f5es inerentes ao funcionamento do Curso. Atualmente, o Colegiado congrega representantes dos Departamentos que oferecem disciplinas na grade curricular do Curso, ao longo dos 4 anos de forma\u00e7\u00e3o do Pedagogo. Est\u00e1 composto por um Coordenador e um Vice-Coordenador, eleitos para mandato de 2 anos, al\u00e9m de representantes dos Departamentos de M\u00e9todos e T\u00e9cnicas de Ensino, Educa\u00e7\u00e3o e Letras Vern\u00e1culas.<\/p>\n<p>O trabalho do Colegiado objetiva subsidiar o corpo Docente quanto \u00e0 quest\u00f5es curriculares, avaliativas, discutindo ainda as dificuldades concernentes aos processo de ensino \u2013 aprendizagem.<\/p>\n<p>No aspecto de gest\u00e3o administrativa-pedag\u00f3gica, responsabiliza-se pela organiza\u00e7\u00e3o de hor\u00e1rios, acompanhamento do desempenho docente e discente, bem como pela proposi\u00e7\u00e3o e realiza\u00e7\u00e3o de cursos, e demais eventos de cunho te\u00f3rico-pr\u00e1tico, que propiciem embasamento de qualidade para o exerc\u00edcio profissional futuro.<\/p>\n<p>&nbsp;<\/p>\n<p>&nbsp;<\/p>\n<p>&nbsp;<\/p>\n<p>&nbsp;<\/p>\n","protected":false},"excerpt":{"rendered":"<p>HIST\u00d3RICO O Departamento de Educa\u00e7\u00e3o foi criado em 12 de janeiro de 1972, sendo que o seu primeiro chefe foi o professor Marjan Pawloski. COLEGIADO O Curso de Pedagogia j\u00e1 possui a maturidade dos 40 anos, tendo ofertado a primeira turma em 1962. Inicialmente a Coordena\u00e7\u00e3o esteve sob a responsabilidade do Departamento de Educa\u00e7\u00e3o. Em&nbsp;&hellip;<\/p>\n","protected":false},"author":305,"featured_media":0,"parent":0,"menu_order":0,"comment_status":"closed","ping_status":"closed","template":"","meta":[],"_links":{"self":[{"href":"https:\/\/www2.uepg.br\/deed\/wp-json\/wp\/v2\/pages\/124"}],"collection":[{"href":"https:\/\/www2.uepg.br\/deed\/wp-json\/wp\/v2\/pages"}],"about":[{"href":"https:\/\/www2.uepg.br\/deed\/wp-json\/wp\/v2\/types\/page"}],"author":[{"embeddable":true,"href":"https:\/\/www2.uepg.br\/deed\/wp-json\/wp\/v2\/users\/305"}],"replies":[{"embeddable":true,"href":"https:\/\/www2.uepg.br\/deed\/wp-json\/wp\/v2\/comments?post=124"}],"version-history":[{"count":9,"href":"https:\/\/www2.uepg.br\/deed\/wp-json\/wp\/v2\/pages\/124\/revisions"}],"predecessor-version":[{"id":217,"href":"https:\/\/www2.uepg.br\/deed\/wp-json\/wp\/v2\/pages\/124\/revisions\/217"}],"wp:attachment":[{"href":"https:\/\/www2.uepg.br\/deed\/wp-json\/wp\/v2\/media?parent=124"}],"curies":[{"name":"wp","href":"https:\/\/api.w.org\/{rel}","templated":true}]}}