{"id":131,"date":"2021-04-30T08:56:01","date_gmt":"2021-04-30T11:56:01","guid":{"rendered":"https:\/\/www2.uepg.br\/deed\/?page_id=131"},"modified":"2021-05-07T09:14:11","modified_gmt":"2021-05-07T12:14:11","slug":"professores","status":"publish","type":"page","link":"https:\/\/www2.uepg.br\/deed\/professores\/","title":{"rendered":"Professores"},"content":{"rendered":"<p style=\"text-align: center;\"><strong><span style=\"font-size: x-large;\">Departamento de Educa\u00e7\u00e3o<\/span><\/strong><\/p>\n<div><\/div>\n<table border=\"0\" width=\"100%\" cellspacing=\"0\" cellpadding=\"0\">\n<tbody>\n<tr>\n<td align=\"center\">Elenice Parise Foltran<\/td>\n<\/tr>\n<tr>\n<td align=\"center\">Chefe do Departamento de Educa\u00e7\u00e3o<\/td>\n<\/tr>\n<\/tbody>\n<\/table>\n<p style=\"text-align: center;\">\n<table border=\"0\" width=\"100%\" cellspacing=\"0\" cellpadding=\"0\">\n<tbody>\n<tr>\n<td align=\"center\">Vera Lucia Martiniak<\/td>\n<\/tr>\n<tr>\n<td align=\"center\">Chefe Adjunto<\/td>\n<\/tr>\n<\/tbody>\n<\/table>\n<p style=\"text-align: center;\">\n<table border=\"0\" width=\"100%\" cellspacing=\"0\" cellpadding=\"0\">\n<tbody>\n<tr>\n<td align=\"center\">Endere\u00e7o: Pra\u00e7a Santos Andrade, 01 &#8211; Centro &#8211; Ponta Grossa &#8211; PR &#8211; CEP: 84.010-919<\/td>\n<\/tr>\n<tr>\n<td align=\"center\">Telefone: (42) 3220-3373<\/td>\n<\/tr>\n<tr>\n<td align=\"center\">Site Oficial:\u00a0<a href=\"http:\/\/pitangui.uepg.br\/departamentos\/deed\/\" target=\"_blank\" rel=\"noopener\">http:\/\/pitangui.uepg.br\/departamentos\/deed\/<\/a><\/td>\n<\/tr>\n<tr>\n<td align=\"center\">E-Mail:\u00a0<a href=\"mailto:deed@uepg.br\" target=\"_blank\" rel=\"noopener\">deed@uepg.br<\/a><\/td>\n<\/tr>\n<tr>\n<td align=\"center\">Hor\u00e1rio de Atendimento: 8:00 as 12:00 e das 13:00 as 17:00<\/td>\n<\/tr>\n<\/tbody>\n<\/table>\n<p style=\"text-align: center;\">\n<table border=\"0\" width=\"100%\" cellspacing=\"0\" cellpadding=\"0\">\n<tbody>\n<tr>\n<td align=\"center\">Servidores Lotados<\/td>\n<\/tr>\n<\/tbody>\n<\/table>\n<p style=\"text-align: center;\">\n<table border=\"0\" width=\"100%\" cellspacing=\"0\" cellpadding=\"0\">\n<tbody>\n<tr>\n<td align=\"center\" width=\"35%\"><strong>Nome<\/strong><\/td>\n<td align=\"center\" width=\"35%\"><strong>Cargo<\/strong><\/td>\n<td align=\"center\" width=\"15%\"><strong>Titula\u00e7\u00e3o<\/strong><\/td>\n<td align=\"center\" width=\"15%\"><strong>Carga Hor\u00e1ria<\/strong><\/td>\n<\/tr>\n<\/tbody>\n<\/table>\n<p style=\"text-align: center;\">\n<table border=\"1\" width=\"100%\" cellspacing=\"0\" cellpadding=\"0\">\n<tbody>\n<tr>\n<td align=\"left\" width=\"35%\">Ana Flavia Braun Vieira<\/td>\n<td align=\"left\" width=\"35%\">Professor de Ens. Superior &#8211; Colaborador<\/td>\n<td align=\"left\" width=\"15%\">Doutorado<\/td>\n<td align=\"left\" width=\"15%\">20 Horas<\/td>\n<\/tr>\n<tr>\n<td align=\"left\" width=\"35%\">Ana Paola Sganderla<\/td>\n<td align=\"left\" width=\"35%\">Professor de Ens. Superior &#8211; Colaborador<\/td>\n<td align=\"left\" width=\"15%\">Doutorado<\/td>\n<td align=\"left\" width=\"15%\">20 Horas<\/td>\n<\/tr>\n<tr>\n<td align=\"left\" width=\"35%\">Audrey Pietrobelli de Souza<\/td>\n<td align=\"left\" width=\"35%\">Professor de Ensino Superior &#8211; Carreira<\/td>\n<td align=\"left\" width=\"15%\">Doutorado<\/td>\n<td align=\"left\" width=\"15%\">Dedica\u00e7\u00e3o Excl.<\/td>\n<\/tr>\n<tr>\n<td align=\"left\" width=\"35%\">Carina Alves da Silva Darcoleto<\/td>\n<td align=\"left\" width=\"35%\">Professor de Ensino Superior &#8211; Carreira<\/td>\n<td align=\"left\" width=\"15%\">Doutorado<\/td>\n<td align=\"left\" width=\"15%\">Dedica\u00e7\u00e3o Excl.<\/td>\n<\/tr>\n<tr>\n<td align=\"left\" width=\"35%\">Carlos Willians Jaques Morais<\/td>\n<td align=\"left\" width=\"35%\">Professor de Ensino Superior &#8211; Carreira<\/td>\n<td align=\"left\" width=\"15%\">Doutorado<\/td>\n<td align=\"left\" width=\"15%\">Dedica\u00e7\u00e3o Excl.<\/td>\n<\/tr>\n<tr>\n<td align=\"left\" width=\"35%\">Donizeti Pessi<\/td>\n<td align=\"left\" width=\"35%\">Professor de Ens. Superior &#8211; Colaborador<\/td>\n<td align=\"left\" width=\"15%\">Doutorado<\/td>\n<td align=\"left\" width=\"15%\">20 Horas<\/td>\n<\/tr>\n<tr>\n<td align=\"left\" width=\"35%\">Donizeti Pessi<\/td>\n<td align=\"left\" width=\"35%\">Professor de Ens. Superior &#8211; Colaborador<\/td>\n<td align=\"left\" width=\"15%\">Doutorado<\/td>\n<td align=\"left\" width=\"15%\">20 Horas<\/td>\n<\/tr>\n<tr>\n<td align=\"left\" width=\"35%\">Elenice Parise Foltran<\/td>\n<td align=\"left\" width=\"35%\">Professor de Ensino Superior &#8211; Carreira<\/td>\n<td align=\"left\" width=\"15%\">Doutorado<\/td>\n<td align=\"left\" width=\"15%\">Dedica\u00e7\u00e3o Excl.<\/td>\n<\/tr>\n<tr>\n<td align=\"left\" width=\"35%\">Erico Ribas Machado<\/td>\n<td align=\"left\" width=\"35%\">Professor de Ensino Superior &#8211; Carreira<\/td>\n<td align=\"left\" width=\"15%\">Doutorado<\/td>\n<td align=\"left\" width=\"15%\">Dedica\u00e7\u00e3o Excl.<\/td>\n<\/tr>\n<tr>\n<td align=\"left\" width=\"35%\">Gisele Masson<\/td>\n<td align=\"left\" width=\"35%\">Professor de Ensino Superior &#8211; Carreira<\/td>\n<td align=\"left\" width=\"15%\">Doutorado<\/td>\n<td align=\"left\" width=\"15%\">Dedica\u00e7\u00e3o Excl.<\/td>\n<\/tr>\n<tr>\n<td align=\"left\" width=\"35%\">Jaine dos Santos Floriano<\/td>\n<td align=\"left\" width=\"35%\">Professor de Ens. Superior &#8211; Colaborador<\/td>\n<td align=\"left\" width=\"15%\">Mestrado<\/td>\n<td align=\"left\" width=\"15%\">20 Horas<\/td>\n<\/tr>\n<tr>\n<td align=\"left\" width=\"35%\">Janete de Fatima Ferreira Caldas<\/td>\n<td align=\"left\" width=\"35%\">Professor de Ens. Superior &#8211; Colaborador<\/td>\n<td align=\"left\" width=\"15%\">Mestrado<\/td>\n<td align=\"left\" width=\"15%\">20 Horas<\/td>\n<\/tr>\n<tr>\n<td align=\"left\" width=\"35%\">Jefferson Mainardes<\/td>\n<td align=\"left\" width=\"35%\">Professor de Ensino Superior &#8211; Carreira<\/td>\n<td align=\"left\" width=\"15%\">Doutorado<\/td>\n<td align=\"left\" width=\"15%\">Dedica\u00e7\u00e3o Excl.<\/td>\n<\/tr>\n<tr>\n<td align=\"left\" width=\"35%\">Jos\u00e9 Rog\u00e9rio Vitkowski<\/td>\n<td align=\"left\" width=\"35%\">Professor de Ensino Superior &#8211; Carreira<\/td>\n<td align=\"left\" width=\"15%\">Doutorado<\/td>\n<td align=\"left\" width=\"15%\">Dedica\u00e7\u00e3o Excl.<\/td>\n<\/tr>\n<tr>\n<td align=\"left\" width=\"35%\">Lucia Mara de Lima Padilha<\/td>\n<td align=\"left\" width=\"35%\">Professor de Ens. Superior &#8211; Colaborador<\/td>\n<td align=\"left\" width=\"15%\">Doutorado<\/td>\n<td align=\"left\" width=\"15%\">20 Horas<\/td>\n<\/tr>\n<tr>\n<td align=\"left\" width=\"35%\">Luciana Kubaski Alves<\/td>\n<td align=\"left\" width=\"35%\">Professor de Ens. Superior &#8211; Colaborador<\/td>\n<td align=\"left\" width=\"15%\">Mestrado<\/td>\n<td align=\"left\" width=\"15%\">20 Horas<\/td>\n<\/tr>\n<tr>\n<td align=\"left\" width=\"35%\">Marcelo Ubiali Ferracioli<\/td>\n<td align=\"left\" width=\"35%\">Professor de Ensino Superior &#8211; Carreira<\/td>\n<td align=\"left\" width=\"15%\">Doutorado<\/td>\n<td align=\"left\" width=\"15%\">Dedica\u00e7\u00e3o Excl.<\/td>\n<\/tr>\n<tr>\n<td align=\"left\" width=\"35%\">Maria Isabel Moura Nascimento<\/td>\n<td align=\"left\" width=\"35%\">Professor de Ensino Superior &#8211; Carreira<\/td>\n<td align=\"left\" width=\"15%\">Doutorado<\/td>\n<td align=\"left\" width=\"15%\">Dedica\u00e7\u00e3o Excl.<\/td>\n<\/tr>\n<tr>\n<td align=\"left\" width=\"35%\">Maria Julieta Weber Cordova<\/td>\n<td align=\"left\" width=\"35%\">Professor de Ensino Superior &#8211; Carreira<\/td>\n<td align=\"left\" width=\"15%\">Doutorado<\/td>\n<td align=\"left\" width=\"15%\">Dedica\u00e7\u00e3o Excl.<\/td>\n<\/tr>\n<tr>\n<td align=\"left\" width=\"35%\">Maria Marce Moliani<\/td>\n<td align=\"left\" width=\"35%\">Professor de Ensino Superior &#8211; Carreira<\/td>\n<td align=\"left\" width=\"15%\">Doutorado<\/td>\n<td align=\"left\" width=\"15%\">Dedica\u00e7\u00e3o Excl.<\/td>\n<\/tr>\n<tr>\n<td align=\"left\" width=\"35%\">Marli de F\u00e1tima Rodrigues<\/td>\n<td align=\"left\" width=\"35%\">Professor de Ensino Superior &#8211; Carreira<\/td>\n<td align=\"left\" width=\"15%\">Doutorado<\/td>\n<td align=\"left\" width=\"15%\">Dedica\u00e7\u00e3o Excl.<\/td>\n<\/tr>\n<tr>\n<td align=\"left\" width=\"35%\">Mauricio Wisniewski<\/td>\n<td align=\"left\" width=\"35%\">Professor de Ens. Superior &#8211; Colaborador<\/td>\n<td align=\"left\" width=\"15%\">Doutorado<\/td>\n<td align=\"left\" width=\"15%\">20 Horas<\/td>\n<\/tr>\n<tr>\n<td align=\"left\" width=\"35%\">Michelle Barreto Justus<\/td>\n<td align=\"left\" width=\"35%\">Professor de Ens. Superior &#8211; Colaborador<\/td>\n<td align=\"left\" width=\"15%\">Mestrado<\/td>\n<td align=\"left\" width=\"15%\">20 Horas<\/td>\n<\/tr>\n<tr>\n<td align=\"left\" width=\"35%\">Nelba Maria Teixeira Pisacco<\/td>\n<td align=\"left\" width=\"35%\">Professor de Ensino Superior &#8211; Carreira<\/td>\n<td align=\"left\" width=\"15%\">Doutorado<\/td>\n<td align=\"left\" width=\"15%\">Dedica\u00e7\u00e3o Excl.<\/td>\n<\/tr>\n<tr>\n<td align=\"left\" width=\"35%\">N\u00e9vio de Campos<\/td>\n<td align=\"left\" width=\"35%\">Professor de Ensino Superior &#8211; Carreira<\/td>\n<td align=\"left\" width=\"15%\">Doutorado<\/td>\n<td align=\"left\" width=\"15%\">Dedica\u00e7\u00e3o Excl.<\/td>\n<\/tr>\n<tr>\n<td align=\"left\" width=\"35%\">Oriomar Skalinski J\u00fanior<\/td>\n<td align=\"left\" width=\"35%\">Professor de Ensino Superior &#8211; Carreira<\/td>\n<td align=\"left\" width=\"15%\">Doutorado<\/td>\n<td align=\"left\" width=\"15%\">Dedica\u00e7\u00e3o Excl.<\/td>\n<\/tr>\n<tr>\n<td align=\"left\" width=\"35%\">Oscar Edgardo Navarro Escobar<\/td>\n<td align=\"left\" width=\"35%\">Professor de Ensino Superior &#8211; Carreira<\/td>\n<td align=\"left\" width=\"15%\">Doutorado<\/td>\n<td align=\"left\" width=\"15%\">Dedica\u00e7\u00e3o Excl.<\/td>\n<\/tr>\n<tr>\n<td align=\"left\" width=\"35%\">Regina Aparecida Messias Guilherme<\/td>\n<td align=\"left\" width=\"35%\">Professor de Ensino Superior &#8211; Carreira<\/td>\n<td align=\"left\" width=\"15%\">Mestrado<\/td>\n<td align=\"left\" width=\"15%\">Dedica\u00e7\u00e3o Excl.<\/td>\n<\/tr>\n<tr>\n<td align=\"left\" width=\"35%\">Regis Clemente da Costa<\/td>\n<td align=\"left\" width=\"35%\">Professor de Ens. Superior &#8211; Colaborador<\/td>\n<td align=\"left\" width=\"15%\">Doutorado<\/td>\n<td align=\"left\" width=\"15%\">20 Horas<\/td>\n<\/tr>\n<tr>\n<td align=\"left\" width=\"35%\">Rita de Cassia da Silva Oliveira<\/td>\n<td align=\"left\" width=\"35%\">Professor de Ensino Superior &#8211; Carreira<\/td>\n<td align=\"left\" width=\"15%\">Doutorado<\/td>\n<td align=\"left\" width=\"15%\">Dedica\u00e7\u00e3o Excl.<\/td>\n<\/tr>\n<tr>\n<td align=\"left\" width=\"35%\">Rodrigo Ricardo Mayer<\/td>\n<td align=\"left\" width=\"35%\">Professor de Ens. Superior &#8211; Colaborador<\/td>\n<td align=\"left\" width=\"15%\">Doutorado<\/td>\n<td align=\"left\" width=\"15%\">20 Horas<\/td>\n<\/tr>\n<tr>\n<td align=\"left\" width=\"35%\">Silmara de Oliveira Gomes Papi<\/td>\n<td align=\"left\" width=\"35%\">Professor de Ensino Superior &#8211; Carreira<\/td>\n<td align=\"left\" width=\"15%\">Doutorado<\/td>\n<td align=\"left\" width=\"15%\">Dedica\u00e7\u00e3o Excl.<\/td>\n<\/tr>\n<tr>\n<td align=\"left\" width=\"35%\">Simone de Fatima Flach<\/td>\n<td align=\"left\" width=\"35%\">Professor de Ensino Superior &#8211; Carreira<\/td>\n<td align=\"left\" width=\"15%\">Doutorado<\/td>\n<td align=\"left\" width=\"15%\">Dedica\u00e7\u00e3o Excl.<\/td>\n<\/tr>\n<tr>\n<td align=\"left\" width=\"35%\">Susana Soares Tozetto<\/td>\n<td align=\"left\" width=\"35%\">Professor de Ensino Superior &#8211; Carreira<\/td>\n<td align=\"left\" width=\"15%\">Doutorado<\/td>\n<td align=\"left\" width=\"15%\">Dedica\u00e7\u00e3o Excl.<\/td>\n<\/tr>\n<tr>\n<td align=\"left\" width=\"35%\">Thais Rodrigues dos Santos<\/td>\n<td align=\"left\" width=\"35%\">Professor de Ens. Superior &#8211; Colaborador<\/td>\n<td align=\"left\" width=\"15%\">Mestrado<\/td>\n<td align=\"left\" width=\"15%\">20 Horas<\/td>\n<\/tr>\n<tr>\n<td align=\"left\" width=\"35%\">Vera Lucia Martiniak<\/td>\n<td align=\"left\" width=\"35%\">Professor de Ensino Superior &#8211; Carreira<\/td>\n<td align=\"left\" width=\"15%\">Doutorado<\/td>\n<td align=\"left\" width=\"15%\">Dedica\u00e7\u00e3o Excl.<\/td>\n<\/tr>\n<\/tbody>\n<\/table>\n<p style=\"text-align: center;\">\n","protected":false},"excerpt":{"rendered":"<p>Departamento de Educa\u00e7\u00e3o Elenice Parise Foltran Chefe do Departamento de Educa\u00e7\u00e3o Vera Lucia Martiniak Chefe Adjunto Endere\u00e7o: Pra\u00e7a Santos Andrade, 01 &#8211; Centro &#8211; Ponta Grossa &#8211; PR &#8211; CEP: 84.010-919 Telefone: (42) 3220-3373 Site Oficial:\u00a0http:\/\/pitangui.uepg.br\/departamentos\/deed\/ E-Mail:\u00a0deed@uepg.br Hor\u00e1rio de Atendimento: 8:00 as 12:00 e das 13:00 as 17:00 Servidores Lotados Nome Cargo Titula\u00e7\u00e3o Carga Hor\u00e1ria&nbsp;&hellip;<\/p>\n","protected":false},"author":305,"featured_media":0,"parent":0,"menu_order":0,"comment_status":"closed","ping_status":"closed","template":"","meta":[],"_links":{"self":[{"href":"https:\/\/www2.uepg.br\/deed\/wp-json\/wp\/v2\/pages\/131"}],"collection":[{"href":"https:\/\/www2.uepg.br\/deed\/wp-json\/wp\/v2\/pages"}],"about":[{"href":"https:\/\/www2.uepg.br\/deed\/wp-json\/wp\/v2\/types\/page"}],"author":[{"embeddable":true,"href":"https:\/\/www2.uepg.br\/deed\/wp-json\/wp\/v2\/users\/305"}],"replies":[{"embeddable":true,"href":"https:\/\/www2.uepg.br\/deed\/wp-json\/wp\/v2\/comments?post=131"}],"version-history":[{"count":5,"href":"https:\/\/www2.uepg.br\/deed\/wp-json\/wp\/v2\/pages\/131\/revisions"}],"predecessor-version":[{"id":222,"href":"https:\/\/www2.uepg.br\/deed\/wp-json\/wp\/v2\/pages\/131\/revisions\/222"}],"wp:attachment":[{"href":"https:\/\/www2.uepg.br\/deed\/wp-json\/wp\/v2\/media?parent=131"}],"curies":[{"name":"wp","href":"https:\/\/api.w.org\/{rel}","templated":true}]}}