{"id":133,"date":"2021-04-30T08:56:14","date_gmt":"2021-04-30T11:56:14","guid":{"rendered":"https:\/\/www2.uepg.br\/deed\/?page_id=133"},"modified":"2025-06-03T08:26:52","modified_gmt":"2025-06-03T11:26:52","slug":"onde-atua","status":"publish","type":"page","link":"https:\/\/www2.uepg.br\/deed\/onde-atua\/","title":{"rendered":"Onde Atua"},"content":{"rendered":"<div align=\"justify\">\n<p>&nbsp;<\/p>\n<div style=\"text-align: center;\" align=\"justify\"><span style=\"color: #000000;\"><strong>ONDE ATUA<\/strong><\/span><\/div>\n<div align=\"justify\">\n<blockquote>\n<p align=\"left\">O Departamento de Educa\u00e7\u00e3o atua com seus docentes junto aos Cursos de:<\/p>\n<\/blockquote>\n<p style=\"text-align: center;\"><span style=\"color: #000000;\"><strong>GRADUA\u00c7\u00c3O<\/strong><\/span><\/p>\n<ul>\n<li><a href=\"\/Catalogo\/setor4\/adm.pdf\" target=\"_blank\" rel=\"noopener\">Administra\u00e7\u00e3o<\/a><\/li>\n<li><a href=\"http:\/\/www.uepg.br\/Catalogo\/setor2\/agronomia.pdf\" target=\"_blank\" rel=\"noopener\">Agronomia<\/a><\/li>\n<li><a href=\"http:\/\/www.uepg.br\/Catalogo\/setor4\/contabeis.pdf\" target=\"_blank\" rel=\"noopener\">Ci\u00eancias Cont\u00e1beis<\/a><\/li>\n<li><a href=\"http:\/\/www.uepg.br\/Catalogo\/setor4\/economia.pdf\" target=\"_blank\" rel=\"noopener\">Ci\u00eancias Econ\u00f4micas<\/a><\/li>\n<li><a href=\"http:\/\/www.uepg.br\/Catalogo\/setor4\/comercioexterior.pdf\" target=\"_blank\" rel=\"noopener\">Com\u00e9rcio Exterior<\/a><\/li>\n<li><a href=\"http:\/\/www.uepg.br\/Catalogo\/setor4\/jornalismo.pdf\" target=\"_blank\" rel=\"noopener\">Comunica\u00e7\u00e3o Social<\/a><\/li>\n<li><a href=\"http:\/\/www.uepg.br\/Catalogo\/setor6\/direito.pdf\" target=\"_blank\" rel=\"noopener\">Direito<\/a><\/li>\n<li><a href=\"http:\/\/www.uepg.br\/Catalogo\/setor2\/engenhariadealimentos.pdf\" target=\"_blank\" rel=\"noopener\">Engenharia de Alimentos<\/a><\/li>\n<li><a href=\"http:\/\/www.uepg.br\/Catalogo\/setor3\/enfermagembacharelado.pdf\" target=\"_blank\" rel=\"noopener\">Enfermagem<\/a><\/li>\n<li>Medicina<\/li>\n<li><a href=\"http:\/\/www.uepg.br\/Catalogo\/setor5\/artesvisuais.pdf\" target=\"_blank\" rel=\"noopener\">Licenciatura em Artes (M\u00fasica\/Artes Visuais)<\/a><\/li>\n<li><a href=\"http:\/\/www.uepg.br\/Catalogo\/setor3\/licenciaturabiologia.pdf\" target=\"_blank\" rel=\"noopener\">Licenciatura em Ci\u00eancias Biol\u00f3gicas<\/a><\/li>\n<li><a href=\"https:\/\/www2.uepg.br\/leei\">Licenciatura em Educa\u00e7\u00e3o Especial Inclusiva &#8211; LEEI<\/a><\/li>\n<li><a href=\"http:\/\/www.uepg.br\/Catalogo\/setor3\/licenciaturaedfisica.pdf\" target=\"_blank\" rel=\"noopener\">Licenciatura em Educa\u00e7\u00e3o F\u00edsica<\/a><\/li>\n<li><a href=\"http:\/\/www.uepg.br\/Catalogo\/setor1\/licenciaturafisica.pdf\" target=\"_blank\" rel=\"noopener\">Licenciatura em F\u00edsica<\/a><\/li>\n<li><a href=\"http:\/\/www.uepg.br\/Catalogo\/setor1\/licenciaturageografia.pdf\" target=\"_blank\" rel=\"noopener\">Licenciatura em Geografia<\/a><\/li>\n<li><a href=\"http:\/\/www.uepg.br\/Catalogo\/setor5\/licenhistoria.pdf\" target=\"_blank\" rel=\"noopener\">Licenciatura em Hist\u00f3ria<\/a><\/li>\n<li><a href=\"http:\/\/www.uepg.br\/Catalogo\/setor5\/letras.pdf\" target=\"_blank\" rel=\"noopener\">Licenciatura em Letras<\/a><\/li>\n<li><a href=\"http:\/\/www.uepg.br\/Catalogo\/setor1\/matematica.pdf\" target=\"_blank\" rel=\"noopener\">Licenciatura em Matem\u00e1tica<\/a><\/li>\n<li><a href=\"http:\/\/www.uepg.br\/Catalogo\/setor5\/pedagogo.pdf\" target=\"_blank\" rel=\"noopener\">Licenciatura em Pedagogia<\/a><\/li>\n<li><a href=\"http:\/\/www.uepg.br\/Catalogo\/setor1\/licenciaturaquimica.pdf\" target=\"_blank\" rel=\"noopener\">Licenciatura em Qu\u00edmica<\/a><\/li>\n<li>Psicologia<\/li>\n<li><a href=\"http:\/\/www.uepg.br\/Catalogo\/setor3\/odonto.pdf\" target=\"_blank\" rel=\"noopener\">Odontologia<\/a><\/li>\n<li>Zootecnia<\/li>\n<\/ul>\n<div align=\"justify\">\n<div style=\"text-align: center;\" align=\"justify\">\n<p><span style=\"color: #000000;\"><strong>P\u00d3S-GRADUA\u00c7\u00c3O<\/strong><\/span><\/p>\n<ul>\n<li>\n<div align=\"left\"><a href=\"http:\/\/www.uepg.br\/especializa\/psicodagogia\/psicopedag.htm\" target=\"_blank\" rel=\"noopener\">Curso de Especializa\u00e7\u00e3o em Ensino de Sociologia no Ensino M\u00e9dio \u2013 Modalidade EaD, sob Coordena\u00e7\u00e3o da Prof\u00aa Dr\u00aa Maria Marce Moliani<\/a><\/div>\n<\/li>\n<li>\n<div align=\"left\"><a href=\"http:\/\/www.uepg.br\/especializa\/espalfab\/index.htm\">Curso de Especializa\u00e7\u00e3o em Ensino de Filosofia no Ensino M\u00e9dio \u2013 Modalidade EaD, sob Coordena\u00e7\u00e3o da Prof\u00aa Dr\u00aa Maria Isabel Moura Nascimento<\/a><\/div>\n<\/li>\n<\/ul>\n<\/div>\n<\/div>\n<\/div>\n<p align=\"justify\">Obs: Clique sobre os cursos para obter informa\u00e7\u00f5es referentes a grade curricular, \u00e1reas de atua\u00e7\u00e3o, entre outras informa\u00e7\u00f5es.<\/p>\n<\/div>\n","protected":false},"excerpt":{"rendered":"<p>&nbsp; ONDE ATUA O Departamento de Educa\u00e7\u00e3o atua com seus docentes junto aos Cursos de: GRADUA\u00c7\u00c3O Administra\u00e7\u00e3o Agronomia Ci\u00eancias Cont\u00e1beis Ci\u00eancias Econ\u00f4micas Com\u00e9rcio Exterior Comunica\u00e7\u00e3o Social Direito Engenharia de Alimentos Enfermagem Medicina Licenciatura em Artes (M\u00fasica\/Artes Visuais) Licenciatura em Ci\u00eancias Biol\u00f3gicas Licenciatura em Educa\u00e7\u00e3o Especial Inclusiva &#8211; LEEI Licenciatura em Educa\u00e7\u00e3o F\u00edsica Licenciatura em F\u00edsica&nbsp;&hellip;<\/p>\n","protected":false},"author":305,"featured_media":0,"parent":0,"menu_order":0,"comment_status":"closed","ping_status":"closed","template":"","meta":[],"_links":{"self":[{"href":"https:\/\/www2.uepg.br\/deed\/wp-json\/wp\/v2\/pages\/133"}],"collection":[{"href":"https:\/\/www2.uepg.br\/deed\/wp-json\/wp\/v2\/pages"}],"about":[{"href":"https:\/\/www2.uepg.br\/deed\/wp-json\/wp\/v2\/types\/page"}],"author":[{"embeddable":true,"href":"https:\/\/www2.uepg.br\/deed\/wp-json\/wp\/v2\/users\/305"}],"replies":[{"embeddable":true,"href":"https:\/\/www2.uepg.br\/deed\/wp-json\/wp\/v2\/comments?post=133"}],"version-history":[{"count":9,"href":"https:\/\/www2.uepg.br\/deed\/wp-json\/wp\/v2\/pages\/133\/revisions"}],"predecessor-version":[{"id":240,"href":"https:\/\/www2.uepg.br\/deed\/wp-json\/wp\/v2\/pages\/133\/revisions\/240"}],"wp:attachment":[{"href":"https:\/\/www2.uepg.br\/deed\/wp-json\/wp\/v2\/media?parent=133"}],"curies":[{"name":"wp","href":"https:\/\/api.w.org\/{rel}","templated":true}]}}