{"id":137,"date":"2021-04-30T08:57:08","date_gmt":"2021-04-30T11:57:08","guid":{"rendered":"https:\/\/www2.uepg.br\/deed\/?page_id=137"},"modified":"2021-05-07T09:18:26","modified_gmt":"2021-05-07T12:18:26","slug":"pesquisa","status":"publish","type":"page","link":"https:\/\/www2.uepg.br\/deed\/pesquisa\/","title":{"rendered":"Pesquisa"},"content":{"rendered":"<p style=\"text-align: center;\"><span style=\"color: #000000;\"><strong>PESQUISAS<\/strong><\/span><\/p>\n<ul>\n<li><strong>Prof. Dr. Antonio Marques do Vale<\/strong><br \/>\n\u201cIndividualismo e exclus\u00f5es a partir da escola da atividade (raiz europ\u00e9ia) e da escola nova (raiz norte-americana)\u201d.<br \/>\nIn\u00edcio: 12\/12\/2014 &#8211; T\u00e9rmino: 12\/12\/2016.<\/li>\n<li><strong>Prof\u00aa Dr\u00aa\u00a0<\/strong><strong>Carina Alves da Silva Darcoleto<\/strong><br \/>\n\u201cMedia\u00e7\u00e3o e Educa\u00e7\u00e3o: Uma Aprecia\u00e7\u00e3o das Pesquisas na \u00c1rea da Educa\u00e7\u00e3o\u201d.<br \/>\nIn\u00edcio: 24\/07\/2014 \u2013 T\u00e9rmino:24\/07\/2016.<\/li>\n<li><strong>Prof. Dr. Carlos Willians Jaques Morais<\/strong><br \/>\n\u201cFilosofia, arte e comunica\u00e7\u00e3o: racionalidade moderna e forma\u00e7\u00e3o cultural\u201d.<br \/>\nIn\u00edcio: 02\/12\/2014 \u2013 T\u00e9rmino: 02\/12\/2017.<\/li>\n<li><strong>Prof. Dr. \u00c9rico Ribas Machado<\/strong><br \/>\n\u201cOs processos educativos sociais na Am\u00e9rica Latina\u201d.<br \/>\nIn\u00edcio: 10\/09\/2015 \u2013 T\u00e9rmino: 10\/09\/2018.<\/li>\n<li><strong>Prof\u00aa Dr\u00aa Gisele Masson<\/strong><br \/>\n\u201cRela\u00e7\u00f5es entre capital, trabalho, estado e educa\u00e7\u00e3o: media\u00e7\u00f5es, antagonismos e contradi\u00e7\u00f5es nas pol\u00edticas educacionais\u201d.<br \/>\nIn\u00edcio: 01\/08\/2013\u00a0\u00a0\u00a0\u00a0\u00a0 &#8211; T\u00e9rmino: 01\/08\/2016.<\/li>\n<li><strong>Prof. Dr. Jefferson Mainardes<\/strong><br \/>\n\u201cAn\u00e1lise epistemol\u00f3gica de pol\u00edticas educacionais: explorando as contribui\u00e7\u00f5es e as possibilidades da meta-an\u00e1lise\u201d.<br \/>\nIn\u00edcio: 01\/01\/2013 \u2013 T\u00e9rmino: 01\/01\/2016.<br \/>\n\u201cA produ\u00e7\u00e3o de conhecimento no campo da pol\u00edtica educacional no Brasil: An\u00e1lise epistemol\u00f3gica\u201d.<br \/>\nIn\u00edcio: 01\/03\/2013 \u2013 T\u00e9rmino: 29\/02\/2016.<\/li>\n<li><strong>Prof. Dr. Jos\u00e9 Rog\u00e9rio Vitkowski<\/strong><br \/>\n\u201cFilosofia(s) da diferen\u00e7a: interfaces educacionais\u201d.<br \/>\nIn\u00edcio: 15\/05\/2014 \u2013 T\u00e9rmino: 15\/05\/2016.<\/li>\n<li><strong>Prof. Ms. Marcelo Ubiali Ferracioli<\/strong><br \/>\n\u201cSuscetibilidade ao estresse entre acad\u00eamicos de Odontologia da Universidade Estadual de Ponta Grossa\/PR\u201d .<br \/>\nIn\u00edcio: 08\/05\/2013 \u2013 T\u00e9rmino: 08\/05\/2015.<br \/>\n\u201cRetrato da medicaliza\u00e7\u00e3o da inf\u00e2ncia no estado do Paran\u00e1\u201d.<br \/>\nIn\u00edcio: 01\/10\/2014 \u2013 T\u00e9rmino: 01\/10\/2016.<\/li>\n<li><strong>Prof\u00aa Dr\u00aa Maria Isabel Moura Nascimento<\/strong><br \/>\n\u201cReconstru\u00e7\u00e3o hist\u00f3rica da educa\u00e7\u00e3o em comunidades quilombolas do Paran\u00e1\u201d<br \/>\nIn\u00edcio: 19\/06\/2012 \u2013 T\u00e9rmino: 19\/06\/2015.<br \/>\n\u201cO Negro e a Educa\u00e7\u00e3o nos Jornais Paranaenses do S\u00e9culo XIX\u201d<br \/>\nIn\u00edcio: 01\/12\/2013 \u2013 T\u00e9rmino: 01\/12\/2015.<\/li>\n<li><strong>Prof\u00aa Dr\u00aa Maria Julieta Weber Cordova<\/strong><br \/>\n\u201cA teoria sociol\u00f3gica de \u00camile Durkheim e suas implica\u00e7\u00f5es no pensamento educacional a partir do contexto hist\u00f3rico Ge&#8230;\u201d.<br \/>\nIn\u00edcio: 05\/10\/2012 \u2013 T\u00e9rmino: 05\/10\/2015.<br \/>\n\u201cO discurso de forma\u00e7\u00e3o hist\u00f3rica de Brasil Pinheiro Machado e a disciplina de hist\u00f3ria do Paran\u00e1 na Universidade Estadual de Ponta Grossa\u201d<br \/>\nIn\u00edcio: 02\/07\/2015 \u2013 T\u00e9rmino: 02\/07\/2017.<\/li>\n<li><strong>Prof\u00aa Dr\u00aa Maria Marce Moliani<\/strong><br \/>\n\u201cTradi\u00e7\u00e3o e inova\u00e7\u00e3o na forma\u00e7\u00e3o em sa\u00fade\u201d.<br \/>\nIn\u00edcio: 11\/11\/2013 \u2013 T\u00e9rmino: 11\/11\/2015.<br \/>\n\u201cIntegra\u00e7\u00e3o IES &#8211; SUS atrav\u00e9s do PET-Sa\u00fade\u201d.<br \/>\nIn\u00edcio:13\/11\/2015 \u2013 T\u00e9rmino:13\/11\/2017.<\/li>\n<li><strong>Prof\u00aa Dr\u00aa Maria Odete Vieira Tenreiro<\/strong><br \/>\n\u201cPIBID &#8211; Universidade e Educa\u00e7\u00e3o B\u00e1sica: parceria necess\u00e1ria na forma\u00e7\u00e3o de professores\u201d.<br \/>\nIn\u00edcio: 03\/02\/2014 \u2013 T\u00e9rmino: 03\/02\/2018.<\/li>\n<li><strong>Prof\u00aa Dr\u00aa Marli de F\u00e1tima Rodrigues<\/strong><br \/>\n\u201cPedagogia: epistemologia, curr\u00edculo e forma\u00e7\u00e3o\u201d.<br \/>\nIn\u00edcio: 04\/04\/2014 \u2013 T\u00e9rmino: 04\/04\/2016.<\/li>\n<li><strong>Prof. Dr. N\u00e9vio de Campos<\/strong><br \/>\n\u201cExpans\u00e3o das experi\u00eancias universit\u00e1rias no Paran\u00e1: intelectuais e ensino superior em Ponta Grossa\u201d.<br \/>\nIn\u00edcio: 01\/03\/2013 \u2013 T\u00e9rmino: 01\/03\/2016.<\/li>\n<li><strong>Prof. Dr. Oriomar Skalinski J\u00fanior<\/strong><br \/>\n\u201cAlceu Amoroso Lima e o processo de moderniza\u00e7\u00e3o da pedagogia cat\u00f3lica no Brasil (1931-1944)\u201d. In\u00edcio: 10\/04\/2013 \u2013 T\u00e9rmino: 10\/04\/2016.<\/li>\n<li><strong>Prof\u00aa Dr\u00aa Priscila Larocca<\/strong><br \/>\n\u201cCompreens\u00f5es da adolesc\u00eancia para a forma\u00e7\u00e3o de professores: buscando abordagens baseadas na psicologia hist\u00f3rico cultural\u201d.<br \/>\nIn\u00edcio: 02\/12\/2014 \u2013 T\u00e9rmino: 02\/12\/2016.<\/li>\n<li><strong>Prof\u00aa Dr\u00aa Rita de Cassia da Silva Oliveira<\/strong><br \/>\n\u201cPol\u00edtica Educacional e Forma\u00e7\u00e3o de Professores\u201d<br \/>\nIn\u00edcio: 08\/05\/2012 \u2013 T\u00e9rmino: 08\/05\/2015.<br \/>\n\u201cA educa\u00e7\u00e3o permanente para a pessoa idosa nos Projetos\/Cursos educacionais oferecidos pelas Universidades Brasileiras\u201d.<br \/>\nIn\u00edcio: 01\/12\/2012 \u2013 T\u00e9rmino: 01\/01\/2016.<br \/>\n\u201cA educa\u00e7\u00e3o na terceira idade: conhecimentos a partir da an\u00e1lise das produ\u00e7\u00f5es (2003-2013)\u201d. In\u00edcio: 01\/03\/2014 \u2013 T\u00e9rmino: 28\/02\/2017.<br \/>\n\u201cO gestor nas universidades abertas para a terceira idade no Paran\u00e1\u201d.<br \/>\nIn\u00edcio: 03\/11\/2015 \u2013 T\u00e9rmino: 03\/11\/2017.<br \/>\n\u201cPol\u00edticas p\u00fablicas e educa\u00e7\u00e3o de jovens, adultos e idosos: pr\u00e1ticas educativas, espa\u00e7os pedag\u00f3gicos e suas interfaces\u201d.<br \/>\nIn\u00edcio: 10\/09\/2015 \u2013 T\u00e9rmino: 10\/09\/2018.<\/li>\n<\/ul>\n<ul>\n<li><strong>Prof\u00aa Dr\u00aa Silmara de Oliveira Gomes Papi<\/strong><br \/>\n\u201cPol\u00edtica Educacional e Forma\u00e7\u00e3o de Professores\u201d<br \/>\nIn\u00edcio: 08\/05\/2012 \u2013 T\u00e9rmino: 08\/05\/2015.<br \/>\n\u201cDesenvolvimento profissional docente e inclus\u00e3o escolar: considera\u00e7\u00f5es sobre a experi\u00eancia de professores do Brasil, &#8230;\u201d<br \/>\nIn\u00edcio: 01\/12\/2014 \u2013 T\u00e9rmino: 01\/12\/2017.<br \/>\n\u201cPol\u00edtica educacional e forma\u00e7\u00e3o de professores\u201d.<br \/>\nIn\u00edcio: 05\/08\/2015 \u2013 T\u00e9rmino: 05\/08\/2018.<\/li>\n<li><strong>Prof\u00aa Dr\u00aa Simone de Fatima Flach<\/strong><br \/>\n\u201cDesenvolvimento da autonomia e sua rela\u00e7\u00e3o com a gest\u00e3o democr\u00e1tica: impactos na organiza\u00e7\u00e3o da escola e no trabalho &#8230;\u201d.<br \/>\nIn\u00edcio: 01\/05\/2013 \u2013 T\u00e9rmino: 01\/09\/2015.<br \/>\n\u201cGest\u00e3o democr\u00e1tica do ensino p\u00fablico: mapeamento das bases normativas e das condi\u00e7\u00f5es pol\u00edtico institucionais dos sis&#8230;\u201d<br \/>\nIn\u00edcio: 02\/06\/2015 \u2013 T\u00e9rmino: 02\/06\/2017.<\/li>\n<li><strong>Prof\u00aa Dr\u00aa Susana Soares Tozetto<\/strong><br \/>\n\u201cForma\u00e7\u00e3o de professores: pr\u00e1ticas e saberes\u201d.<br \/>\nIn\u00edcio: 15\/05\/2014 \u2013 T\u00e9rmino: 15\/05\/2017.<\/li>\n<li><strong>Prof\u00aa Dr\u00aa Vera Lucia Martiniak<\/strong><br \/>\n\u201cO Negro e a Educa\u00e7\u00e3o nos Jornais Paranaenses do S\u00e9culo XIX\u201d.<br \/>\nIn\u00edcio: 01\/12\/2013 \u2013 T\u00e9rmino: 01\/12\/2015.<br \/>\n\u201cHist\u00f3ria das Institui\u00e7\u00f5es Escolares nos Campos Gerais \u2013 Paran\u00e1\u201d.<br \/>\nIn\u00edcio: 13\/05\/2013 \u2013 T\u00e9rmino: 13\/05\/2016.<\/li>\n<\/ul>\n<p>&nbsp;<\/p>\n","protected":false},"excerpt":{"rendered":"<p>PESQUISAS Prof. Dr. Antonio Marques do Vale \u201cIndividualismo e exclus\u00f5es a partir da escola da atividade (raiz europ\u00e9ia) e da escola nova (raiz norte-americana)\u201d. In\u00edcio: 12\/12\/2014 &#8211; T\u00e9rmino: 12\/12\/2016. Prof\u00aa Dr\u00aa\u00a0Carina Alves da Silva Darcoleto \u201cMedia\u00e7\u00e3o e Educa\u00e7\u00e3o: Uma Aprecia\u00e7\u00e3o das Pesquisas na \u00c1rea da Educa\u00e7\u00e3o\u201d. In\u00edcio: 24\/07\/2014 \u2013 T\u00e9rmino:24\/07\/2016. Prof. Dr. Carlos Willians Jaques&nbsp;&hellip;<\/p>\n","protected":false},"author":305,"featured_media":0,"parent":0,"menu_order":0,"comment_status":"closed","ping_status":"closed","template":"","meta":[],"_links":{"self":[{"href":"https:\/\/www2.uepg.br\/deed\/wp-json\/wp\/v2\/pages\/137"}],"collection":[{"href":"https:\/\/www2.uepg.br\/deed\/wp-json\/wp\/v2\/pages"}],"about":[{"href":"https:\/\/www2.uepg.br\/deed\/wp-json\/wp\/v2\/types\/page"}],"author":[{"embeddable":true,"href":"https:\/\/www2.uepg.br\/deed\/wp-json\/wp\/v2\/users\/305"}],"replies":[{"embeddable":true,"href":"https:\/\/www2.uepg.br\/deed\/wp-json\/wp\/v2\/comments?post=137"}],"version-history":[{"count":3,"href":"https:\/\/www2.uepg.br\/deed\/wp-json\/wp\/v2\/pages\/137\/revisions"}],"predecessor-version":[{"id":228,"href":"https:\/\/www2.uepg.br\/deed\/wp-json\/wp\/v2\/pages\/137\/revisions\/228"}],"wp:attachment":[{"href":"https:\/\/www2.uepg.br\/deed\/wp-json\/wp\/v2\/media?parent=137"}],"curies":[{"name":"wp","href":"https:\/\/api.w.org\/{rel}","templated":true}]}}