{"id":140,"date":"2021-04-30T08:58:00","date_gmt":"2021-04-30T11:58:00","guid":{"rendered":"https:\/\/www2.uepg.br\/deed\/?page_id=140"},"modified":"2021-05-07T09:19:13","modified_gmt":"2021-05-07T12:19:13","slug":"extensao","status":"publish","type":"page","link":"https:\/\/www2.uepg.br\/deed\/extensao\/","title":{"rendered":"Extens\u00e3o"},"content":{"rendered":"<p style=\"text-align: center;\"><span style=\"color: #000000;\"><strong>PROJETOS EXTENS\u00c3O<\/strong><\/span><\/p>\n<ul>\n<li><strong>Prof\u00aa Dr\u00aa Audrey Pietrobelli de Souza<\/strong><br \/>\n\u201cProjeto: Conectividade e Aprendizagem\u201d.<br \/>\nIn\u00edcio: 01\/04\/2015 \u2013 T\u00e9rmino: 31\/12\/2016.<br \/>\n\u201cProjeto: Brinquedoteca Escolar: espa\u00e7o de aprendizagem l\u00fadica e o livre brincar\u201d.<br \/>\nIn\u00edcio: 01\/04\/2015 \u2013 T\u00e9rmino: 31\/12\/2016.<br \/>\n\u201cProjeto: O Jornal na Sala de Aula\u201d<br \/>\nIn\u00edcio: 01\/05\/2015 \u2013 T\u00e9rmino: 30\/04\/2017.<\/li>\n<li><strong>Prof\u00aa Dr\u00aa Carina Alves da Silva Darcoleto<\/strong><br \/>\n\u201cProjeto Programa de Desenvolvimento Educacional-PDE\u201d.<br \/>\nIn\u00edcio: 11\/12\/2012 \u2013 T\u00e9rmino: 31\/12\/2018.<\/li>\n<\/ul>\n<ul>\n<li><strong>Prof\u00aa Ms. Elenice Parise Foltran<\/strong><br \/>\n\u201cProjeto LALUPE &#8211; Laborat\u00f3rio L\u00fadico Pedag\u00f3gico\u201d.<br \/>\nIn\u00edcio: 01\/03\/2015 \u2013 T\u00e9rmino: 01\/03\/2017.<\/li>\n<\/ul>\n<ul>\n<li><strong>Prof. Dr. Erico Ribas Machado<\/strong><br \/>\n\u201cProjeto Universidade e Sociedade &#8211; perspectivas ap\u00f3s 29 de abril\u201d.<br \/>\nIn\u00edcio: 29\/07\/2015 \u2013 T\u00e9rmino: 28\/07\/2017.<\/li>\n<\/ul>\n<ul>\n<li><strong>Prof\u00aa Dr\u00aa Gisele Masson<\/strong><br \/>\n\u201cProjeto Universidade e Sociedade &#8211; perspectivas ap\u00f3s 29 de abril\u201d.<br \/>\nIn\u00edcio: 29\/07\/2015 \u2013 T\u00e9rmino: 28\/07\/2017.<\/li>\n<\/ul>\n<ul>\n<li><strong>Prof\u00aa Dr\u00aa Marli de F\u00e1tima Rodrigues<\/strong><br \/>\n\u201cProjeto Educa\u00e7\u00e3o dos Assistidos pelo Patronato Ponta Grossa\u201d.<br \/>\nIn\u00edcio: 01\/12\/2013 \u2013 T\u00e9rmino: 28\/02\/2016.<\/li>\n<\/ul>\n<ul>\n<li><strong>Prof\u00aa Ms. Regina Aparecida Messias Guilherme<\/strong><br \/>\n\u201cProjeto Ajudando o Adolescente Aprendiz a se Comunicar Melhor\u201d.<br \/>\nIn\u00edcio: 01\/09\/2014 \u2013 T\u00e9rmino: 31\/08\/2016.<br \/>\n\u201cProjeto Preparat\u00f3rio para Vestibular\/PSS: L\u00edngua Espanhola e Portuguesa\u201d.<br \/>\nIn\u00edcio: 16\/03\/2015 \u2013 T\u00e9rmino: 14\/03\/2017.<br \/>\n\u201cProjeto Educa\u00e7\u00e3o Semi\u00f3tica em Perspectivas Interdisciplinares e Interculturais\u201d.<br \/>\nIn\u00edcio: 01\/08\/2015 \u2013 T\u00e9rmino: 31\/08\/2017.<\/li>\n<li><strong>Prof\u00aa Dr\u00aa Rita de Cassia da Silva Oliveira<\/strong><br \/>\n\u201cProjeto Universidade Aberta da Terceira Idade\u201d.<br \/>\nIn\u00edcio: 01\/11\/2012 \u2013 T\u00e9rmino: 31\/12\/2016.<br \/>\n\u201cProjeto Jornal UATI\u201d<br \/>\nIn\u00edcio: 01\/12\/2012 \u2013 T\u00e9rmino: 01\/12\/2015.<br \/>\n\u201dProjeto Jornal UATI\u201d.<br \/>\nIn\u00edcio: 01\/11\/2014 \u2013 T\u00e9rmino: 01\/12\/2015.<br \/>\n\u201cProjeto Um conto, um causo da carochinha a vovozinha: a gente conta e encanta\u201d.<br \/>\nIn\u00edcio: 27\/07\/2015 &#8211;\u00a0 t\u00e9rmino: 27\/07\/2016.<\/li>\n<\/ul>\n<ul>\n<li><strong>Prof\u00aa Dr\u00aa Vera Lucia Martiniak<\/strong><br \/>\n\u201cProjeto Pacto Nacional pela Alfabetiza\u00e7\u00e3o na Idade Certa\u201d.<br \/>\nIn\u00edcio: 01\/03\/2014 &#8211;\u00a0 T\u00e9rmino: 01\/03\/2016.<\/li>\n<\/ul>\n","protected":false},"excerpt":{"rendered":"<p>PROJETOS EXTENS\u00c3O Prof\u00aa Dr\u00aa Audrey Pietrobelli de Souza \u201cProjeto: Conectividade e Aprendizagem\u201d. In\u00edcio: 01\/04\/2015 \u2013 T\u00e9rmino: 31\/12\/2016. \u201cProjeto: Brinquedoteca Escolar: espa\u00e7o de aprendizagem l\u00fadica e o livre brincar\u201d. In\u00edcio: 01\/04\/2015 \u2013 T\u00e9rmino: 31\/12\/2016. \u201cProjeto: O Jornal na Sala de Aula\u201d In\u00edcio: 01\/05\/2015 \u2013 T\u00e9rmino: 30\/04\/2017. Prof\u00aa Dr\u00aa Carina Alves da Silva Darcoleto \u201cProjeto Programa de&nbsp;&hellip;<\/p>\n","protected":false},"author":305,"featured_media":0,"parent":0,"menu_order":0,"comment_status":"closed","ping_status":"closed","template":"","meta":[],"_links":{"self":[{"href":"https:\/\/www2.uepg.br\/deed\/wp-json\/wp\/v2\/pages\/140"}],"collection":[{"href":"https:\/\/www2.uepg.br\/deed\/wp-json\/wp\/v2\/pages"}],"about":[{"href":"https:\/\/www2.uepg.br\/deed\/wp-json\/wp\/v2\/types\/page"}],"author":[{"embeddable":true,"href":"https:\/\/www2.uepg.br\/deed\/wp-json\/wp\/v2\/users\/305"}],"replies":[{"embeddable":true,"href":"https:\/\/www2.uepg.br\/deed\/wp-json\/wp\/v2\/comments?post=140"}],"version-history":[{"count":3,"href":"https:\/\/www2.uepg.br\/deed\/wp-json\/wp\/v2\/pages\/140\/revisions"}],"predecessor-version":[{"id":229,"href":"https:\/\/www2.uepg.br\/deed\/wp-json\/wp\/v2\/pages\/140\/revisions\/229"}],"wp:attachment":[{"href":"https:\/\/www2.uepg.br\/deed\/wp-json\/wp\/v2\/media?parent=140"}],"curies":[{"name":"wp","href":"https:\/\/api.w.org\/{rel}","templated":true}]}}