{"id":142,"date":"2021-04-30T08:58:21","date_gmt":"2021-04-30T11:58:21","guid":{"rendered":"https:\/\/www2.uepg.br\/deed\/?page_id=142"},"modified":"2021-05-07T09:20:45","modified_gmt":"2021-05-07T12:20:45","slug":"laboratorios","status":"publish","type":"page","link":"https:\/\/www2.uepg.br\/deed\/laboratorios\/","title":{"rendered":"Laborat\u00f3rios"},"content":{"rendered":"<p style=\"text-align: center;\"><span style=\"color: #000000;\"><strong>LABORAT\u00d3RIOS<\/strong><\/span><\/p>\n<p style=\"text-align: center;\">LALUPE \u2013\u00a0 Laborat\u00f3rio L\u00fadico Pedag\u00f3gic o<br \/>\nCoordena\u00e7\u00e3o Prof\u00aa Ms. Elenice Parise Foltran<br \/>\nhttp:\/\/eventos.uepg.br\/lalupe\/owl\/#principal<br \/>\nTelefone: 3220-3338<\/p>\n","protected":false},"excerpt":{"rendered":"<p>LABORAT\u00d3RIOS LALUPE \u2013\u00a0 Laborat\u00f3rio L\u00fadico Pedag\u00f3gic o Coordena\u00e7\u00e3o Prof\u00aa Ms. Elenice Parise Foltran http:\/\/eventos.uepg.br\/lalupe\/owl\/#principal Telefone: 3220-3338<\/p>\n","protected":false},"author":305,"featured_media":0,"parent":0,"menu_order":0,"comment_status":"closed","ping_status":"closed","template":"","meta":[],"_links":{"self":[{"href":"https:\/\/www2.uepg.br\/deed\/wp-json\/wp\/v2\/pages\/142"}],"collection":[{"href":"https:\/\/www2.uepg.br\/deed\/wp-json\/wp\/v2\/pages"}],"about":[{"href":"https:\/\/www2.uepg.br\/deed\/wp-json\/wp\/v2\/types\/page"}],"author":[{"embeddable":true,"href":"https:\/\/www2.uepg.br\/deed\/wp-json\/wp\/v2\/users\/305"}],"replies":[{"embeddable":true,"href":"https:\/\/www2.uepg.br\/deed\/wp-json\/wp\/v2\/comments?post=142"}],"version-history":[{"count":5,"href":"https:\/\/www2.uepg.br\/deed\/wp-json\/wp\/v2\/pages\/142\/revisions"}],"predecessor-version":[{"id":231,"href":"https:\/\/www2.uepg.br\/deed\/wp-json\/wp\/v2\/pages\/142\/revisions\/231"}],"wp:attachment":[{"href":"https:\/\/www2.uepg.br\/deed\/wp-json\/wp\/v2\/media?parent=142"}],"curies":[{"name":"wp","href":"https:\/\/api.w.org\/{rel}","templated":true}]}}