{"id":126,"date":"2021-04-23T13:27:59","date_gmt":"2021-04-23T16:27:59","guid":{"rendered":"https:\/\/www2.uepg.br\/deel\/?page_id=126"},"modified":"2021-05-05T09:24:46","modified_gmt":"2021-05-05T12:24:46","slug":"estrutura","status":"publish","type":"page","link":"https:\/\/www2.uepg.br\/deel\/estrutura\/","title":{"rendered":"Estrutura"},"content":{"rendered":"<p style=\"text-align: center;\"><strong>ESTRUTURA ADMINISTRATIVA<\/strong><\/p>\n<p style=\"text-align: center;\">Chefe do Departamento<br \/>\n<strong>Professora Jeane Silvane Eckert Mons<\/strong><\/p>\n<p style=\"text-align: center;\">Chefe Adjunto do Departamento<br \/>\n<strong>Professora Rita de C\u00e1ssia Silva Bergamasco Just<\/strong><\/p>\n<p style=\"text-align: center;\">Secret\u00e1ria<br \/>\n<strong>Ana Carolina Gerhards<\/strong><\/p>\n<p style=\"text-align: center;\">\u00a0\u00a0Estagi\u00e1rio:<\/p>\n<p style=\"text-align: center;\">Coordenadora do Colegiado dos Cursos em Licenciatura em Letras<br \/>\nProfessora Msc. Paola Scheifer<\/p>\n<p style=\"text-align: center;\">Vice Coordenadora do Colegiado dos Cursos em Licenciatura em Letras<br \/>\nProfessora Dra. Sulany Silveira dos Santos<\/p>\n<p style=\"text-align: center;\">Coordenadora do N\u00facleo Docente Estruturante \u2013 NDE<br \/>\nProf\u00aa Dr\u00aa Ligia Paula Couto<\/p>\n<p style=\"text-align: center;\">Membros do NDE<br \/>\nProfessoras Melissa Andres Freitas, Rita de C\u00e1ssia Silva Bergamasco Just, Silvana Oliveira, Rosita Maria Bastos dos Santos, Paola Scheifer e Marly Catarina Soares<\/p>\n<p style=\"text-align: center;\">Coordenadora do Curso de L\u00ednguas Estrangeiras para a Comunidade<br \/>\nProf\u00aa Dr\u00aa Valeska Gracioso Carlos<\/p>\n<p style=\"text-align: center;\">Coordenadora do N\u00facleo de Assessoria Pedag\u00f3gica &#8211; NAP<br \/>\nProf. Dr\u00aa Joana D&#8217;arc Martins Pupo<\/p>\n<p style=\"text-align: center;\">Coordenadora do N\u00facleo de Rela\u00e7\u00f5es \u00c9tnico-Raciais, de G\u00eanero e Sexualidade &#8211; NUREGS<br \/>\nProfessora Dra. Cloris Porto Torquato<\/p>\n<p style=\"text-align: center;\">Coordenadora do Laborat\u00f3rio de Estudos de Textos &#8211; LET<br \/>\nProfessora Dra. Rosita Maria Bastos dos Santos<\/p>\n<p style=\"text-align: center;\">Equipe<br \/>\nDjane Antonucci Correa; Eliane Santos Raupp; Let\u00edcia Fraga; L\u00edgia Paula Couto; Lucimar Ara\u00fajo Braga; Rosita Maria Bastos dos Santos.<\/p>\n<p style=\"text-align: center;\">Estagi\u00e1rias do LET:<\/p>\n<p style=\"text-align: center;\">Coordenadoras do PFI (Paran\u00e1 Fala Ingl\u00eas)<br \/>\nInstitucional: Prof\u00aa. Me. Mariza T\u00falio<br \/>\nPedag\u00f3gica: Prof\u00aa Dr\u00aa Sulany Silveira Santos<\/p>\n<p style=\"text-align: center;\">\n","protected":false},"excerpt":{"rendered":"<p>ESTRUTURA ADMINISTRATIVA Chefe do Departamento Professora Jeane Silvane Eckert Mons Chefe Adjunto do Departamento Professora Rita de C\u00e1ssia Silva Bergamasco Just Secret\u00e1ria Ana Carolina Gerhards \u00a0\u00a0Estagi\u00e1rio: Coordenadora do Colegiado dos Cursos em Licenciatura em Letras Professora Msc. Paola Scheifer Vice Coordenadora do Colegiado dos Cursos em Licenciatura em Letras Professora Dra. Sulany Silveira dos Santos&nbsp;&hellip;<\/p>\n","protected":false},"author":305,"featured_media":0,"parent":0,"menu_order":0,"comment_status":"closed","ping_status":"closed","template":"","meta":[],"_links":{"self":[{"href":"https:\/\/www2.uepg.br\/deel\/wp-json\/wp\/v2\/pages\/126"}],"collection":[{"href":"https:\/\/www2.uepg.br\/deel\/wp-json\/wp\/v2\/pages"}],"about":[{"href":"https:\/\/www2.uepg.br\/deel\/wp-json\/wp\/v2\/types\/page"}],"author":[{"embeddable":true,"href":"https:\/\/www2.uepg.br\/deel\/wp-json\/wp\/v2\/users\/305"}],"replies":[{"embeddable":true,"href":"https:\/\/www2.uepg.br\/deel\/wp-json\/wp\/v2\/comments?post=126"}],"version-history":[{"count":5,"href":"https:\/\/www2.uepg.br\/deel\/wp-json\/wp\/v2\/pages\/126\/revisions"}],"predecessor-version":[{"id":249,"href":"https:\/\/www2.uepg.br\/deel\/wp-json\/wp\/v2\/pages\/126\/revisions\/249"}],"wp:attachment":[{"href":"https:\/\/www2.uepg.br\/deel\/wp-json\/wp\/v2\/media?parent=126"}],"curies":[{"name":"wp","href":"https:\/\/api.w.org\/{rel}","templated":true}]}}