{"id":130,"date":"2021-04-23T13:29:10","date_gmt":"2021-04-23T16:29:10","guid":{"rendered":"https:\/\/www2.uepg.br\/deel\/?page_id=130"},"modified":"2021-05-05T08:52:28","modified_gmt":"2021-05-05T11:52:28","slug":"professores","status":"publish","type":"page","link":"https:\/\/www2.uepg.br\/deel\/professores\/","title":{"rendered":"Professores"},"content":{"rendered":"<p style=\"text-align: center;\"><strong><span style=\"font-size: x-large;\">Departamento de Estudos da Linguagem<\/span><\/strong><\/p>\n<div>\n<p>&nbsp;<\/p>\n<table border=\"0\" width=\"100%\" cellspacing=\"0\" cellpadding=\"0\">\n<tbody>\n<tr>\n<td align=\"center\">Andrea Correa Paraiso Muller<\/td>\n<\/tr>\n<tr>\n<td align=\"center\">Curso de Gradua\u00e7\u00e3o<\/td>\n<\/tr>\n<\/tbody>\n<\/table>\n<\/div>\n<p>&nbsp;<\/p>\n<table border=\"0\" width=\"100%\" cellspacing=\"0\" cellpadding=\"0\">\n<tbody>\n<tr>\n<td align=\"center\">Endere\u00e7o: Pra\u00e7a Santos Andrade, 01 &#8211; Centro &#8211; Ponta Grossa &#8211; PR &#8211; CEP: 84.010-919<\/td>\n<\/tr>\n<tr>\n<td align=\"center\">Telefone: 3220-3191<\/td>\n<\/tr>\n<tr>\n<td align=\"center\">Site Oficial:<\/td>\n<\/tr>\n<tr>\n<td align=\"center\">E-Mail:\u00a0<a href=\"mailto:deeli@uepg.br\" target=\"_blank\" rel=\"noopener\">deeli@uepg.br<\/a><\/td>\n<\/tr>\n<tr>\n<td align=\"center\">Hor\u00e1rio de Atendimento: 8h as 12h &#8211; 13h as 17h &#8211; 18h as 22h<\/td>\n<\/tr>\n<\/tbody>\n<\/table>\n<p>&nbsp;<\/p>\n<table border=\"0\" width=\"100%\" cellspacing=\"0\" cellpadding=\"0\">\n<tbody>\n<tr>\n<td align=\"center\">Servidores Lotados<\/td>\n<\/tr>\n<\/tbody>\n<\/table>\n<p>&nbsp;<\/p>\n<table border=\"0\" width=\"100%\" cellspacing=\"0\" cellpadding=\"0\">\n<tbody>\n<tr>\n<td align=\"center\" width=\"35%\"><strong>Nome<\/strong><\/td>\n<td align=\"center\" width=\"35%\"><strong>Cargo<\/strong><\/td>\n<td align=\"center\" width=\"15%\"><strong>Titula\u00e7\u00e3o<\/strong><\/td>\n<td align=\"center\" width=\"15%\"><strong>Carga Hor\u00e1ria<\/strong><\/td>\n<\/tr>\n<\/tbody>\n<\/table>\n<p>&nbsp;<\/p>\n<table border=\"1\" width=\"100%\" cellspacing=\"0\" cellpadding=\"0\">\n<tbody>\n<tr>\n<td align=\"left\" width=\"35%\">Alexandra Nunes Santana<\/td>\n<td align=\"left\" width=\"35%\">Professor de Ens. Superior &#8211; Colaborador<\/td>\n<td align=\"left\" width=\"15%\">Mestrado<\/td>\n<td align=\"left\" width=\"15%\">40 Horas<\/td>\n<\/tr>\n<tr>\n<td align=\"left\" width=\"35%\">Alice Eul\u00e1lia de Oliveira Lima<\/td>\n<td align=\"left\" width=\"35%\">Professor de Ens. Superior &#8211; Colaborador<\/td>\n<td align=\"left\" width=\"15%\">Especializa\u00e7\u00e3o<\/td>\n<td align=\"left\" width=\"15%\">40 Horas<\/td>\n<\/tr>\n<tr>\n<td align=\"left\" width=\"35%\">Alvaro Kasuaki Fujihara<\/td>\n<td align=\"left\" width=\"35%\">Professor de Ens. Superior &#8211; Colaborador<\/td>\n<td align=\"left\" width=\"15%\">Doutorado<\/td>\n<td align=\"left\" width=\"15%\">40 Horas<\/td>\n<\/tr>\n<tr>\n<td align=\"left\" width=\"35%\">Andrea Correa Paraiso Muller<\/td>\n<td align=\"left\" width=\"35%\">Professor de Ensino Superior &#8211; Carreira<\/td>\n<td align=\"left\" width=\"15%\">Doutorado<\/td>\n<td align=\"left\" width=\"15%\">Dedica\u00e7\u00e3o Excl.<\/td>\n<\/tr>\n<tr>\n<td align=\"left\" width=\"35%\">Andressa D Avila Fernandes<\/td>\n<td align=\"left\" width=\"35%\">Professor de Ens. Superior &#8211; Colaborador<\/td>\n<td align=\"left\" width=\"15%\">Mestrado<\/td>\n<td align=\"left\" width=\"15%\">20 Horas<\/td>\n<\/tr>\n<tr>\n<td align=\"left\" width=\"35%\">Aparecida de Jesus Ferreira<\/td>\n<td align=\"left\" width=\"35%\">Professor de Ensino Superior &#8211; Carreira<\/td>\n<td align=\"left\" width=\"15%\">Doutorado<\/td>\n<td align=\"left\" width=\"15%\">Dedica\u00e7\u00e3o Excl.<\/td>\n<\/tr>\n<tr>\n<td align=\"left\" width=\"35%\">Charlott Eloize Leviski<\/td>\n<td align=\"left\" width=\"35%\">Professor de Ens. Superior &#8211; Colaborador<\/td>\n<td align=\"left\" width=\"15%\">Doutorado<\/td>\n<td align=\"left\" width=\"15%\">40 Horas<\/td>\n<\/tr>\n<tr>\n<td align=\"left\" width=\"35%\">Cl\u00f3ris Porto Torquato<\/td>\n<td align=\"left\" width=\"35%\">Professor de Ensino Superior &#8211; Carreira<\/td>\n<td align=\"left\" width=\"15%\">Doutorado<\/td>\n<td align=\"left\" width=\"15%\">Dedica\u00e7\u00e3o Excl.<\/td>\n<\/tr>\n<tr>\n<td align=\"left\" width=\"35%\">Daniel de Oliveira Gomes<\/td>\n<td align=\"left\" width=\"35%\">Professor de Ensino Superior &#8211; Carreira<\/td>\n<td align=\"left\" width=\"15%\">Doutorado<\/td>\n<td align=\"left\" width=\"15%\">Dedica\u00e7\u00e3o Excl.<\/td>\n<\/tr>\n<tr>\n<td align=\"left\" width=\"35%\">Deborah Scheidt<\/td>\n<td align=\"left\" width=\"35%\">Professor de Ensino Superior &#8211; Carreira<\/td>\n<td align=\"left\" width=\"15%\">Doutorado<\/td>\n<td align=\"left\" width=\"15%\">Dedica\u00e7\u00e3o Excl.<\/td>\n<\/tr>\n<tr>\n<td align=\"left\" width=\"35%\">Diego Gomes do Valle<\/td>\n<td align=\"left\" width=\"35%\">Professor de Ens. Superior &#8211; Colaborador<\/td>\n<td align=\"left\" width=\"15%\">Doutorado<\/td>\n<td align=\"left\" width=\"15%\">20 Horas<\/td>\n<\/tr>\n<tr>\n<td align=\"left\" width=\"35%\">Dilma Heloisa Santos<\/td>\n<td align=\"left\" width=\"35%\">Professor de Ensino Superior &#8211; Carreira<\/td>\n<td align=\"left\" width=\"15%\">Mestrado<\/td>\n<td align=\"left\" width=\"15%\">Dedica\u00e7\u00e3o Excl.<\/td>\n<\/tr>\n<tr>\n<td align=\"left\" width=\"35%\">Djane Antonucci Correa<\/td>\n<td align=\"left\" width=\"35%\">Professor de Ensino Superior &#8211; Carreira<\/td>\n<td align=\"left\" width=\"15%\">Doutorado<\/td>\n<td align=\"left\" width=\"15%\">Dedica\u00e7\u00e3o Excl.<\/td>\n<\/tr>\n<tr>\n<td align=\"left\" width=\"35%\">Elaine Ferreira do Vale Borges<\/td>\n<td align=\"left\" width=\"35%\">Professor de Ensino Superior &#8211; Carreira<\/td>\n<td align=\"left\" width=\"15%\">Doutorado<\/td>\n<td align=\"left\" width=\"15%\">Dedica\u00e7\u00e3o Excl.<\/td>\n<\/tr>\n<tr>\n<td align=\"left\" width=\"35%\">Eliane Santos Raupp<\/td>\n<td align=\"left\" width=\"35%\">Professor de Ensino Superior &#8211; Carreira<\/td>\n<td align=\"left\" width=\"15%\">Mestrado<\/td>\n<td align=\"left\" width=\"15%\">Dedica\u00e7\u00e3o Excl.<\/td>\n<\/tr>\n<tr>\n<td align=\"left\" width=\"35%\">Eunice de Morais<\/td>\n<td align=\"left\" width=\"35%\">Professor de Ensino Superior &#8211; Carreira<\/td>\n<td align=\"left\" width=\"15%\">Doutorado<\/td>\n<td align=\"left\" width=\"15%\">Dedica\u00e7\u00e3o Excl.<\/td>\n<\/tr>\n<tr>\n<td align=\"left\" width=\"35%\">Evanir Pavloski<\/td>\n<td align=\"left\" width=\"35%\">Professor de Ensino Superior &#8211; Carreira<\/td>\n<td align=\"left\" width=\"15%\">Doutorado<\/td>\n<td align=\"left\" width=\"15%\">Dedica\u00e7\u00e3o Excl.<\/td>\n<\/tr>\n<tr>\n<td align=\"left\" width=\"35%\">F\u00e1bio Augusto Steyer<\/td>\n<td align=\"left\" width=\"35%\">Professor de Ensino Superior &#8211; Carreira<\/td>\n<td align=\"left\" width=\"15%\">Doutorado<\/td>\n<td align=\"left\" width=\"15%\">Dedica\u00e7\u00e3o Excl.<\/td>\n<\/tr>\n<tr>\n<td align=\"left\" width=\"35%\">Ione da Silva Jovino<\/td>\n<td align=\"left\" width=\"35%\">Professor de Ensino Superior &#8211; Carreira<\/td>\n<td align=\"left\" width=\"15%\">Doutorado<\/td>\n<td align=\"left\" width=\"15%\">Dedica\u00e7\u00e3o Excl.<\/td>\n<\/tr>\n<tr>\n<td align=\"left\" width=\"35%\">Isabel Cristina Vollet Marson<\/td>\n<td align=\"left\" width=\"35%\">Professor de Ensino Superior &#8211; Carreira<\/td>\n<td align=\"left\" width=\"15%\">Doutorado<\/td>\n<td align=\"left\" width=\"15%\">Dedica\u00e7\u00e3o Excl.<\/td>\n<\/tr>\n<tr>\n<td align=\"left\" width=\"35%\">Jane Kelly de Oliveira<\/td>\n<td align=\"left\" width=\"35%\">Professor de Ensino Superior &#8211; Carreira<\/td>\n<td align=\"left\" width=\"15%\">Doutorado<\/td>\n<td align=\"left\" width=\"15%\">Dedica\u00e7\u00e3o Excl.<\/td>\n<\/tr>\n<tr>\n<td align=\"left\" width=\"35%\">Jhony Adelio Skeika<\/td>\n<td align=\"left\" width=\"35%\">Professor de Ens. Superior &#8211; Colaborador<\/td>\n<td align=\"left\" width=\"15%\">Doutorado<\/td>\n<td align=\"left\" width=\"15%\">40 Horas<\/td>\n<\/tr>\n<tr>\n<td align=\"left\" width=\"35%\">Joana D&#8221;Arc Martins Pupo<\/td>\n<td align=\"left\" width=\"35%\">Professor de Ensino Superior &#8211; Carreira<\/td>\n<td align=\"left\" width=\"15%\">Doutorado<\/td>\n<td align=\"left\" width=\"15%\">Dedica\u00e7\u00e3o Excl.<\/td>\n<\/tr>\n<tr>\n<td align=\"left\" width=\"35%\">Keli Cristina Pacheco<\/td>\n<td align=\"left\" width=\"35%\">Professor de Ensino Superior &#8211; Carreira<\/td>\n<td align=\"left\" width=\"15%\">Doutorado<\/td>\n<td align=\"left\" width=\"15%\">Dedica\u00e7\u00e3o Excl.<\/td>\n<\/tr>\n<tr>\n<td align=\"left\" width=\"35%\">Larissa de C\u00e1ssia Antunes Ribeiro<\/td>\n<td align=\"left\" width=\"35%\">Professor de Ens. Superior &#8211; Colaborador<\/td>\n<td align=\"left\" width=\"15%\">Doutorado<\/td>\n<td align=\"left\" width=\"15%\">40 Horas<\/td>\n<\/tr>\n<tr>\n<td align=\"left\" width=\"35%\">Leticia Fraga<\/td>\n<td align=\"left\" width=\"35%\">Professor de Ensino Superior &#8211; Carreira<\/td>\n<td align=\"left\" width=\"15%\">Doutorado<\/td>\n<td align=\"left\" width=\"15%\">Dedica\u00e7\u00e3o Excl.<\/td>\n<\/tr>\n<tr>\n<td align=\"left\" width=\"35%\">L\u00edgia Paula Couto<\/td>\n<td align=\"left\" width=\"35%\">Professor de Ensino Superior &#8211; Carreira<\/td>\n<td align=\"left\" width=\"15%\">Doutorado<\/td>\n<td align=\"left\" width=\"15%\">Dedica\u00e7\u00e3o Excl.<\/td>\n<\/tr>\n<tr>\n<td align=\"left\" width=\"35%\">Lucimar Araujo Braga<\/td>\n<td align=\"left\" width=\"35%\">Professor de Ensino Superior &#8211; Carreira<\/td>\n<td align=\"left\" width=\"15%\">Doutorado<\/td>\n<td align=\"left\" width=\"15%\">Dedica\u00e7\u00e3o Excl.<\/td>\n<\/tr>\n<tr>\n<td align=\"left\" width=\"35%\">Manuel Jos\u00e9 Veronez de Sousa Junior<\/td>\n<td align=\"left\" width=\"35%\">Professor de Ens. Superior &#8211; Colaborador<\/td>\n<td align=\"left\" width=\"15%\">Doutorado<\/td>\n<td align=\"left\" width=\"15%\">20 Horas<\/td>\n<\/tr>\n<tr>\n<td align=\"left\" width=\"35%\">Marcelo El\u00edsio Vasicki<\/td>\n<td align=\"left\" width=\"35%\">Professor de Ens. Superior &#8211; Colaborador<\/td>\n<td align=\"left\" width=\"15%\">Especializa\u00e7\u00e3o<\/td>\n<td align=\"left\" width=\"15%\">40 Horas<\/td>\n<\/tr>\n<tr>\n<td align=\"left\" width=\"35%\">M\u00e1rcia Cristina do Carmo<\/td>\n<td align=\"left\" width=\"35%\">Professor de Ensino Superior &#8211; Carreira<\/td>\n<td align=\"left\" width=\"15%\">Doutorado<\/td>\n<td align=\"left\" width=\"15%\">Dedica\u00e7\u00e3o Excl.<\/td>\n<\/tr>\n<tr>\n<td align=\"left\" width=\"35%\">Marcos Barbosa Carreira<\/td>\n<td align=\"left\" width=\"35%\">Professor de Ensino Superior &#8211; Carreira<\/td>\n<td align=\"left\" width=\"15%\">Doutorado<\/td>\n<td align=\"left\" width=\"15%\">Dedica\u00e7\u00e3o Excl.<\/td>\n<\/tr>\n<tr>\n<td align=\"left\" width=\"35%\">Maria Isabel da Silveira Bordini<\/td>\n<td align=\"left\" width=\"35%\">Professor de Ens. Superior &#8211; Colaborador<\/td>\n<td align=\"left\" width=\"15%\">Doutorado<\/td>\n<td align=\"left\" width=\"15%\">40 Horas<\/td>\n<\/tr>\n<tr>\n<td align=\"left\" width=\"35%\">Marina Chiara Legroski<\/td>\n<td align=\"left\" width=\"35%\">Professor de Ensino Superior &#8211; Carreira<\/td>\n<td align=\"left\" width=\"15%\">Doutorado<\/td>\n<td align=\"left\" width=\"15%\">Dedica\u00e7\u00e3o Excl.<\/td>\n<\/tr>\n<tr>\n<td align=\"left\" width=\"35%\">Marina Xavier Ferreira<\/td>\n<td align=\"left\" width=\"35%\">Professor de Ens. Superior &#8211; Colaborador<\/td>\n<td align=\"left\" width=\"15%\">Mestrado<\/td>\n<td align=\"left\" width=\"15%\">20 Horas<\/td>\n<\/tr>\n<tr>\n<td align=\"left\" width=\"35%\">Marina Xavier Ferreira<\/td>\n<td align=\"left\" width=\"35%\">Professor de Ens. Superior &#8211; Colaborador<\/td>\n<td align=\"left\" width=\"15%\">Mestrado<\/td>\n<td align=\"left\" width=\"15%\">20 Horas<\/td>\n<\/tr>\n<tr>\n<td align=\"left\" width=\"35%\">Mariza Tulio<\/td>\n<td align=\"left\" width=\"35%\">Professor de Ensino Superior &#8211; Carreira<\/td>\n<td align=\"left\" width=\"15%\">Mestrado<\/td>\n<td align=\"left\" width=\"15%\">Dedica\u00e7\u00e3o Excl.<\/td>\n<\/tr>\n<tr>\n<td align=\"left\" width=\"35%\">Melissa Andres Freitas<\/td>\n<td align=\"left\" width=\"35%\">Professor de Ensino Superior &#8211; Carreira<\/td>\n<td align=\"left\" width=\"15%\">Mestrado<\/td>\n<td align=\"left\" width=\"15%\">Dedica\u00e7\u00e3o Excl.<\/td>\n<\/tr>\n<tr>\n<td align=\"left\" width=\"35%\">Miguel Sanches Neto<\/td>\n<td align=\"left\" width=\"35%\">Professor de Ensino Superior &#8211; Carreira<\/td>\n<td align=\"left\" width=\"15%\">Doutorado<\/td>\n<td align=\"left\" width=\"15%\">Dedica\u00e7\u00e3o Excl.<\/td>\n<\/tr>\n<tr>\n<td align=\"left\" width=\"35%\">Paola Scheifer<\/td>\n<td align=\"left\" width=\"35%\">Professor de Ensino Superior &#8211; Carreira<\/td>\n<td align=\"left\" width=\"15%\">Mestrado<\/td>\n<td align=\"left\" width=\"15%\">Dedica\u00e7\u00e3o Excl.<\/td>\n<\/tr>\n<tr>\n<td align=\"left\" width=\"35%\">Pascoalina Bailon de Oliveira Saleh<\/td>\n<td align=\"left\" width=\"35%\">Professor de Ensino Superior &#8211; Carreira<\/td>\n<td align=\"left\" width=\"15%\">Doutorado<\/td>\n<td align=\"left\" width=\"15%\">Dedica\u00e7\u00e3o Excl.<\/td>\n<\/tr>\n<tr>\n<td align=\"left\" width=\"35%\">Patricia Barreto Mainardi Maeso<\/td>\n<td align=\"left\" width=\"35%\">Professor de Ens. Superior &#8211; Colaborador<\/td>\n<td align=\"left\" width=\"15%\">Mestrado<\/td>\n<td align=\"left\" width=\"15%\">40 Horas<\/td>\n<\/tr>\n<tr>\n<td align=\"left\" width=\"35%\">Paulo Rog\u00e9rio de Almeida<\/td>\n<td align=\"left\" width=\"35%\">Professor de Ensino Superior &#8211; Carreira<\/td>\n<td align=\"left\" width=\"15%\">Especializa\u00e7\u00e3o<\/td>\n<td align=\"left\" width=\"15%\">Dedica\u00e7\u00e3o Excl.<\/td>\n<\/tr>\n<tr>\n<td align=\"left\" width=\"35%\">Renan Fagundes de Souza<\/td>\n<td align=\"left\" width=\"35%\">Professor de Ens. Superior &#8211; Colaborador<\/td>\n<td align=\"left\" width=\"15%\">Mestrado<\/td>\n<td align=\"left\" width=\"15%\">40 Horas<\/td>\n<\/tr>\n<tr>\n<td align=\"left\" width=\"35%\">Rita de Cassia Silva Bergamasco Just<\/td>\n<td align=\"left\" width=\"35%\">Professor de Ensino Superior &#8211; Carreira<\/td>\n<td align=\"left\" width=\"15%\">Mestrado<\/td>\n<td align=\"left\" width=\"15%\">Dedica\u00e7\u00e3o Excl.<\/td>\n<\/tr>\n<tr>\n<td align=\"left\" width=\"35%\">Rosana Apolonia Harmuch<\/td>\n<td align=\"left\" width=\"35%\">Professor de Ensino Superior &#8211; Carreira<\/td>\n<td align=\"left\" width=\"15%\">Doutorado<\/td>\n<td align=\"left\" width=\"15%\">Dedica\u00e7\u00e3o Excl.<\/td>\n<\/tr>\n<tr>\n<td align=\"left\" width=\"35%\">Rosangela Schardong<\/td>\n<td align=\"left\" width=\"35%\">Professor de Ensino Superior &#8211; Carreira<\/td>\n<td align=\"left\" width=\"15%\">Doutorado<\/td>\n<td align=\"left\" width=\"15%\">Dedica\u00e7\u00e3o Excl.<\/td>\n<\/tr>\n<tr>\n<td align=\"left\" width=\"35%\">Rosita Maria Bastos dos Santos<\/td>\n<td align=\"left\" width=\"35%\">Professor de Ensino Superior &#8211; Carreira<\/td>\n<td align=\"left\" width=\"15%\">Doutorado<\/td>\n<td align=\"left\" width=\"15%\">Dedica\u00e7\u00e3o Excl.<\/td>\n<\/tr>\n<tr>\n<td align=\"left\" width=\"35%\">Rubia Carla da Silva<\/td>\n<td align=\"left\" width=\"35%\">Professor de Ensino Superior &#8211; Carreira<\/td>\n<td align=\"left\" width=\"15%\">Mestrado<\/td>\n<td align=\"left\" width=\"15%\">Dedica\u00e7\u00e3o Excl.<\/td>\n<\/tr>\n<tr>\n<td align=\"left\" width=\"35%\">Sebasti\u00e3o Louren\u00e7o dos Santos<\/td>\n<td align=\"left\" width=\"35%\">Professor de Ensino Superior &#8211; Carreira<\/td>\n<td align=\"left\" width=\"15%\">Doutorado<\/td>\n<td align=\"left\" width=\"15%\">Dedica\u00e7\u00e3o Excl.<\/td>\n<\/tr>\n<tr>\n<td align=\"left\" width=\"35%\">Silvana Oliveira<\/td>\n<td align=\"left\" width=\"35%\">Professor de Ensino Superior &#8211; Carreira<\/td>\n<td align=\"left\" width=\"15%\">Doutorado<\/td>\n<td align=\"left\" width=\"15%\">Dedica\u00e7\u00e3o Excl.<\/td>\n<\/tr>\n<tr>\n<td align=\"left\" width=\"35%\">Sulany Silveira dos Santos<\/td>\n<td align=\"left\" width=\"35%\">Professor de Ensino Superior &#8211; Carreira<\/td>\n<td align=\"left\" width=\"15%\">Doutorado<\/td>\n<td align=\"left\" width=\"15%\">Dedica\u00e7\u00e3o Excl.<\/td>\n<\/tr>\n<tr>\n<td align=\"left\" width=\"35%\">Valeska Gracioso Carlos<\/td>\n<td align=\"left\" width=\"35%\">Professor de Ensino Superior &#8211; Carreira<\/td>\n<td align=\"left\" width=\"15%\">Doutorado<\/td>\n<td align=\"left\" width=\"15%\">Dedica\u00e7\u00e3o Excl.<\/td>\n<\/tr>\n<\/tbody>\n<\/table>\n","protected":false},"excerpt":{"rendered":"<p>Departamento de Estudos da Linguagem &nbsp; Andrea Correa Paraiso Muller Curso de Gradua\u00e7\u00e3o &nbsp; Endere\u00e7o: Pra\u00e7a Santos Andrade, 01 &#8211; Centro &#8211; Ponta Grossa &#8211; PR &#8211; CEP: 84.010-919 Telefone: 3220-3191 Site Oficial: E-Mail:\u00a0deeli@uepg.br Hor\u00e1rio de Atendimento: 8h as 12h &#8211; 13h as 17h &#8211; 18h as 22h &nbsp; Servidores Lotados &nbsp; Nome Cargo Titula\u00e7\u00e3o&nbsp;&hellip;<\/p>\n","protected":false},"author":305,"featured_media":0,"parent":0,"menu_order":0,"comment_status":"closed","ping_status":"closed","template":"","meta":[],"_links":{"self":[{"href":"https:\/\/www2.uepg.br\/deel\/wp-json\/wp\/v2\/pages\/130"}],"collection":[{"href":"https:\/\/www2.uepg.br\/deel\/wp-json\/wp\/v2\/pages"}],"about":[{"href":"https:\/\/www2.uepg.br\/deel\/wp-json\/wp\/v2\/types\/page"}],"author":[{"embeddable":true,"href":"https:\/\/www2.uepg.br\/deel\/wp-json\/wp\/v2\/users\/305"}],"replies":[{"embeddable":true,"href":"https:\/\/www2.uepg.br\/deel\/wp-json\/wp\/v2\/comments?post=130"}],"version-history":[{"count":6,"href":"https:\/\/www2.uepg.br\/deel\/wp-json\/wp\/v2\/pages\/130\/revisions"}],"predecessor-version":[{"id":216,"href":"https:\/\/www2.uepg.br\/deel\/wp-json\/wp\/v2\/pages\/130\/revisions\/216"}],"wp:attachment":[{"href":"https:\/\/www2.uepg.br\/deel\/wp-json\/wp\/v2\/media?parent=130"}],"curies":[{"name":"wp","href":"https:\/\/api.w.org\/{rel}","templated":true}]}}