{"id":133,"date":"2021-04-23T13:29:31","date_gmt":"2021-04-23T16:29:31","guid":{"rendered":"https:\/\/www2.uepg.br\/deel\/?page_id=133"},"modified":"2021-05-05T09:00:36","modified_gmt":"2021-05-05T12:00:36","slug":"onde-atua","status":"publish","type":"page","link":"https:\/\/www2.uepg.br\/deel\/onde-atua\/","title":{"rendered":"Onde Atua"},"content":{"rendered":"<div align=\"justify\">\n<h4 style=\"text-align: center;\">ONDE ATUA<\/h4>\n<blockquote>\n<p align=\"left\">O Departamento de Estudos da Linguagem \u2013 DEEL atua com seus docentes nos seguintes Cursos:<\/p>\n<p align=\"left\">\n<\/blockquote>\n<h4 style=\"text-align: center;\">GRADUA\u00c7\u00c3O<\/h4>\n<ul>\n<li><a href=\"http:\/\/www.uepg.br\/\/Catalogo\/setor2\/bachareleminformatica.pdf\" target=\"_blank\" rel=\"noopener\">Bacharelado em Inform\u00e1tica<\/a><\/li>\n<li><a href=\"http:\/\/www.uepg.br\/\/Catalogo\/setor5\/turismo.pdf\" target=\"_blank\" rel=\"noopener\">Bacharelado em Turismo<\/a><\/li>\n<li><a href=\"http:\/\/www.uepg.br\/\/Catalogo\/setor4\/jornalismo.pdf\" target=\"_blank\" rel=\"noopener\">Comunica\u00e7\u00e3o Social<\/a><\/li>\n<li><a href=\"http:\/\/www.uepg.br\/\/Catalogo\/setor2\/engenhariadacomputacao.pdf\" target=\"_blank\" rel=\"noopener\">Engenharia da Computa\u00e7\u00e3o<\/a><\/li>\n<li><a href=\"http:\/\/www.uepg.br\/\/Catalogo\/setor2\/engenhariademateriais.pdf\" target=\"_blank\" rel=\"noopener\">Engenharia de Materiais<\/a><\/li>\n<li><a href=\"http:\/\/www.uepg.br\/\/Catalogo\/setor3\/licenciaturabiologia.pdf\" target=\"_blank\" rel=\"noopener\">Licenciatura em Ci\u00eancias Biol\u00f3gicas<\/a><\/li>\n<li><a href=\"http:\/\/www.uepg.br\/\/Catalogo\/setor1\/licenciaturafisica.pdf\" target=\"_blank\" rel=\"noopener\">Licenciatura em F\u00edsica<\/a><\/li>\n<li><a href=\"http:\/\/www.uepg.br\/\/Catalogo\/setor5\/pedagogo.pdf\" target=\"_blank\" rel=\"noopener\">Licenciatura em Pedagogia<\/a><\/li>\n<li><a href=\"http:\/\/www.uepg.br\/\/Catalogo\/setor1\/licenciaturaquimica.pdf\" target=\"_blank\" rel=\"noopener\">Licenciatura em Qu\u00edmica<\/a><\/li>\n<li><a href=\"http:\/\/www.uepg.br\/\/Catalogo\/setor5\/licenhistoria_7.pdf\" target=\"_blank\" rel=\"noopener\">Licenciatura em Hist\u00f3ria<\/a><\/li>\n<li><a href=\"http:\/\/www.uepg.br\/\/Catalogo\/setor1\/licenciaturageografia.pdf\">Licenciatura em Geografia<\/a><\/li>\n<li><a href=\"http:\/\/www.uepg.br\/\/Catalogo\/setor3\/odonto.pdf\" target=\"_blank\" rel=\"noopener\">Odontologia<\/a><\/li>\n<\/ul>\n<\/div>\n<h4 style=\"text-align: center;\">P\u00d3S-GRADUA\u00c7\u00c3O<\/h4>\n<ul>\n<li><a href=\"http:\/\/www.uepg.br\/mestrados\/mestradolinguagem\/\" target=\"_blank\" rel=\"noopener\">Mestrado em Estudos da Linguagem. Campus Central, Bloco B, sala B102 (Pr\u00f3ximo ao DEEL)<\/a><\/li>\n<\/ul>\n<p align=\"justify\">Obs: Clique sobre os cursos para obter informa\u00e7\u00f5es referentes a grade curricular, \u00e1reas de atua\u00e7\u00e3o, entre outras informa\u00e7\u00f5es.<\/p>\n","protected":false},"excerpt":{"rendered":"<p>ONDE ATUA O Departamento de Estudos da Linguagem \u2013 DEEL atua com seus docentes nos seguintes Cursos: GRADUA\u00c7\u00c3O Bacharelado em Inform\u00e1tica Bacharelado em Turismo Comunica\u00e7\u00e3o Social Engenharia da Computa\u00e7\u00e3o Engenharia de Materiais Licenciatura em Ci\u00eancias Biol\u00f3gicas Licenciatura em F\u00edsica Licenciatura em Pedagogia Licenciatura em Qu\u00edmica Licenciatura em Hist\u00f3ria Licenciatura em Geografia Odontologia P\u00d3S-GRADUA\u00c7\u00c3O Mestrado em&nbsp;&hellip;<\/p>\n","protected":false},"author":305,"featured_media":0,"parent":0,"menu_order":0,"comment_status":"closed","ping_status":"closed","template":"","meta":[],"_links":{"self":[{"href":"https:\/\/www2.uepg.br\/deel\/wp-json\/wp\/v2\/pages\/133"}],"collection":[{"href":"https:\/\/www2.uepg.br\/deel\/wp-json\/wp\/v2\/pages"}],"about":[{"href":"https:\/\/www2.uepg.br\/deel\/wp-json\/wp\/v2\/types\/page"}],"author":[{"embeddable":true,"href":"https:\/\/www2.uepg.br\/deel\/wp-json\/wp\/v2\/users\/305"}],"replies":[{"embeddable":true,"href":"https:\/\/www2.uepg.br\/deel\/wp-json\/wp\/v2\/comments?post=133"}],"version-history":[{"count":7,"href":"https:\/\/www2.uepg.br\/deel\/wp-json\/wp\/v2\/pages\/133\/revisions"}],"predecessor-version":[{"id":224,"href":"https:\/\/www2.uepg.br\/deel\/wp-json\/wp\/v2\/pages\/133\/revisions\/224"}],"wp:attachment":[{"href":"https:\/\/www2.uepg.br\/deel\/wp-json\/wp\/v2\/media?parent=133"}],"curies":[{"name":"wp","href":"https:\/\/api.w.org\/{rel}","templated":true}]}}