{"id":145,"date":"2021-04-23T13:31:18","date_gmt":"2021-04-23T16:31:18","guid":{"rendered":"https:\/\/www2.uepg.br\/deel\/?page_id=145"},"modified":"2021-05-05T09:07:39","modified_gmt":"2021-05-05T12:07:39","slug":"servicos","status":"publish","type":"page","link":"https:\/\/www2.uepg.br\/deel\/servicos\/","title":{"rendered":"Servi\u00e7os"},"content":{"rendered":"<p style=\"text-align: center;\"><strong>SERVI\u00c7OS<\/strong><\/p>\n<p>O DEEL proporciona por meio do Programa L\u00ednguas Estrangeiras para a Comunidade cursos de: Ingl\u00eas, Espanhol, Franc\u00eas.<\/p>\n<p>Contato com a L\u00edngua Alem\u00e3 via Projeto de Extens\u00e3o e outras a\u00e7\u00f5es por meio de Projetos de Ensino, Pesquisa e\/ou Extens\u00e3o.<\/p>\n<p align=\"left\">Para maiores informa\u00e7\u00f5es, acesse o site:\u00a0<a href=\"http:\/\/www3.uepg.br\/letras\/\" target=\"_blank\" rel=\"noopener\">http:\/\/www3.uepg.br\/letras\/<\/a><\/p>\n","protected":false},"excerpt":{"rendered":"<p>SERVI\u00c7OS O DEEL proporciona por meio do Programa L\u00ednguas Estrangeiras para a Comunidade cursos de: Ingl\u00eas, Espanhol, Franc\u00eas. Contato com a L\u00edngua Alem\u00e3 via Projeto de Extens\u00e3o e outras a\u00e7\u00f5es por meio de Projetos de Ensino, Pesquisa e\/ou Extens\u00e3o. Para maiores informa\u00e7\u00f5es, acesse o site:\u00a0http:\/\/www3.uepg.br\/letras\/<\/p>\n","protected":false},"author":305,"featured_media":0,"parent":0,"menu_order":0,"comment_status":"closed","ping_status":"closed","template":"","meta":[],"_links":{"self":[{"href":"https:\/\/www2.uepg.br\/deel\/wp-json\/wp\/v2\/pages\/145"}],"collection":[{"href":"https:\/\/www2.uepg.br\/deel\/wp-json\/wp\/v2\/pages"}],"about":[{"href":"https:\/\/www2.uepg.br\/deel\/wp-json\/wp\/v2\/types\/page"}],"author":[{"embeddable":true,"href":"https:\/\/www2.uepg.br\/deel\/wp-json\/wp\/v2\/users\/305"}],"replies":[{"embeddable":true,"href":"https:\/\/www2.uepg.br\/deel\/wp-json\/wp\/v2\/comments?post=145"}],"version-history":[{"count":6,"href":"https:\/\/www2.uepg.br\/deel\/wp-json\/wp\/v2\/pages\/145\/revisions"}],"predecessor-version":[{"id":235,"href":"https:\/\/www2.uepg.br\/deel\/wp-json\/wp\/v2\/pages\/145\/revisions\/235"}],"wp:attachment":[{"href":"https:\/\/www2.uepg.br\/deel\/wp-json\/wp\/v2\/media?parent=145"}],"curies":[{"name":"wp","href":"https:\/\/api.w.org\/{rel}","templated":true}]}}