{"id":298,"date":"2019-04-04T10:37:30","date_gmt":"2019-04-04T13:37:30","guid":{"rendered":"http:\/\/www2.uepg.br\/defis\/?page_id=298"},"modified":"2019-04-05T10:11:04","modified_gmt":"2019-04-05T13:11:04","slug":"ensino","status":"publish","type":"page","link":"https:\/\/www2.uepg.br\/defis\/ensino\/","title":{"rendered":"Ensino"},"content":{"rendered":"<div id=\"pl-298\"  class=\"panel-layout\" ><div id=\"pg-298-0\"  class=\"panel-grid panel-no-style\" ><div id=\"pgc-298-0-0\"  class=\"panel-grid-cell\" ><div id=\"panel-298-0-0-0\" class=\"so-panel widget widget_sow-editor panel-first-child panel-last-child\" data-index=\"0\" ><div\n\t\t\t\n\t\t\tclass=\"so-widget-sow-editor so-widget-sow-editor-base\"\n\t\t\t\n\t\t>\n<div class=\"siteorigin-widget-tinymce textwidget\">\n\t<h3 style=\"text-align: center\"><a href=\"\/\/www2.uepg.br\/defis\/ensino\/graduacao\/\">Gradua\u00e7\u00e3o<\/a><\/h3>\n<p style=\"text-align: center\">\n<h6 style=\"text-align: center\"><a href=\"http:\/\/www2.uepg.br\/defis\/ensino\/graduacao\/bacharelado-em-fisica\/\">-Bacharelado em F\u00edsica<\/a><\/h6>\n<\/p>\n<p style=\"text-align: center\">\n<h6 style=\"text-align: center\"><a href=\"http:\/\/www2.uepg.br\/defis\/ensino\/graduacao\/licenciatura-em-fisica\/\">-Licenciatura em F\u00edsica<\/a><\/h6>\n<h6 style=\"text-align: center\"><\/h6><\/p>\n<\/div>\n<\/div><\/div><\/div><div id=\"pgc-298-0-1\"  class=\"panel-grid-cell\" ><div id=\"panel-298-0-1-0\" class=\"so-panel widget widget_sow-editor panel-first-child panel-last-child\" data-index=\"1\" ><div\n\t\t\t\n\t\t\tclass=\"so-widget-sow-editor so-widget-sow-editor-base\"\n\t\t\t\n\t\t>\n<div class=\"siteorigin-widget-tinymce textwidget\">\n\t<h3 style=\"text-align: center\"><a href=\"http:\/\/www2.uepg.br\/defis\/ensino\/pos-graduacao\/\">P\u00f3s-Gradua\u00e7\u00e3o<\/a><\/h3>\n<p style=\"text-align: center\">\n<h6 style=\"text-align: center\"><a href=\"http:\/\/www2.uepg.br\/defis\/ensino\/pos-graduacao\/mestrado-em-ciencias-fisica\/\">-Mestrado em Ci\u00eancias\/F\u00edsica<\/a><\/h6>\n<\/p>\n<p style=\"text-align: center\">\n<h6 style=\"text-align: center\"><a href=\"http:\/\/www2.uepg.br\/defis\/ensino\/pos-graduacao\/doutorado-em-ciencias-fisica\/\">-Doutorado em Ci\u00eancias\/F\u00edsica<\/a><\/h6>\n<h6 style=\"text-align: center\"><\/h6>\n<h6 style=\"text-align: center\"><a href=\"http:\/\/www2.uepg.br\/defis\/ensino\/pos-graduacao\/mestrado-profissional-em-ensino-de-fisica\/\">-Mestrado Profissional em Ensino de F\u00edsica<\/a><\/h6>\n<h6 style=\"text-align: center\"><\/h6><\/p>\n<\/div>\n<\/div><\/div><\/div><\/div><\/div>","protected":false},"excerpt":{"rendered":"<p>Gradua\u00e7\u00e3o -Bacharelado em F\u00edsica -Licenciatura em F\u00edsica P\u00f3s-Gradua\u00e7\u00e3o -Mestrado em Ci\u00eancias\/F\u00edsica -Doutorado em Ci\u00eancias\/F\u00edsica -Mestrado Profissional em Ensino de F\u00edsica<\/p>\n","protected":false},"author":24,"featured_media":0,"parent":0,"menu_order":0,"comment_status":"closed","ping_status":"closed","template":"","meta":[],"_links":{"self":[{"href":"https:\/\/www2.uepg.br\/defis\/wp-json\/wp\/v2\/pages\/298"}],"collection":[{"href":"https:\/\/www2.uepg.br\/defis\/wp-json\/wp\/v2\/pages"}],"about":[{"href":"https:\/\/www2.uepg.br\/defis\/wp-json\/wp\/v2\/types\/page"}],"author":[{"embeddable":true,"href":"https:\/\/www2.uepg.br\/defis\/wp-json\/wp\/v2\/users\/24"}],"replies":[{"embeddable":true,"href":"https:\/\/www2.uepg.br\/defis\/wp-json\/wp\/v2\/comments?post=298"}],"version-history":[{"count":15,"href":"https:\/\/www2.uepg.br\/defis\/wp-json\/wp\/v2\/pages\/298\/revisions"}],"predecessor-version":[{"id":424,"href":"https:\/\/www2.uepg.br\/defis\/wp-json\/wp\/v2\/pages\/298\/revisions\/424"}],"wp:attachment":[{"href":"https:\/\/www2.uepg.br\/defis\/wp-json\/wp\/v2\/media?parent=298"}],"curies":[{"name":"wp","href":"https:\/\/api.w.org\/{rel}","templated":true}]}}