{"id":321,"date":"2019-04-04T10:49:39","date_gmt":"2019-04-04T13:49:39","guid":{"rendered":"http:\/\/www2.uepg.br\/defis\/?page_id=321"},"modified":"2022-05-26T14:22:35","modified_gmt":"2022-05-26T17:22:35","slug":"professores","status":"publish","type":"page","link":"https:\/\/www2.uepg.br\/defis\/professores\/","title":{"rendered":"Professores"},"content":{"rendered":"<p>&nbsp;<\/p>\n<p>Prof. Dr. Alcione Roberto Jurelo &#8211; arjurelo@uepg.br<\/p>\n<p>Prof. Dr. Alexandre Camilo J\u00fanior &#8211; acamilo@uepg.br<\/p>\n<p>Profa. Dra. Andressa Novatski &#8211; anovatski@uepg.br<\/p>\n<p>Prof. Dr. Andr\u00e9 Mauricio Brinatti &#8211; brinatti@uepg.br<\/p>\n<p>Prof. Dr.Andr\u00e9 Vitor Chaves de Andrade &#8211; avca@uepg.br<\/p>\n<p>Prof. Msc. Ant\u00f4nio Jos\u00e9 Camargo &#8211; ajcamargo@uepg.br<\/p>\n<p>Prof. Dr. Ant\u00f4nio S\u00e9rgio M. de Castro &#8211; asmcastro@fisica.uepg.br<\/p>\n<p>Profa. Dra. Cl\u00e1udia Bonardi Kniphoff da Cruz &#8211; cbkcruz@uepg.br<\/p>\n<p>Profa. Msc. Dayane Rejane Andrade Maia &#8211; day.maia@hotmail.com<\/p>\n<p>Prof. Dr. Ervin Kaminski Lenzi &#8211; ervinkaminskilenzi@gmail.com<\/p>\n<p>Prof. Dr. F\u00e1bio Augusto Meira C\u00e1ssaro &#8211; Fcassaro@uepg.br<\/p>\n<p>Prof. Dr. Francisco Carlos Serbena &#8211; fserbena@uepg.br<\/p>\n<p>Prof. Dr. Gelson Biscaia de Souza &#8211; gelsonbs@uepg.br<\/p>\n<p>Prof. Dr. Gerson Kniphoff da Cruz &#8211; gersonkc@uepg.br<\/p>\n<p>Profa. Msc. Ingrid Aline de Carvalho Ferrasa (Colaboradora) &#8211; idymi@hotmail.com<\/p>\n<p>Prof. Dr. Jeremias Borges da Silva &#8211; silvajb@uepg.br<\/p>\n<p>Prof. Dr. Jos\u00e9 Fl\u00e1vio Marcelino Borges &#8211; fborges@uepg.br<\/p>\n<p>Prof. Dr. J\u00falio Flemming Neto &#8211; flemming@uepg.br<\/p>\n<p>Prof. Dr. Lucas Stori de Lara &#8211; lucasstori@gmail.com<\/p>\n<p>Prof. Dr. Luiz Am\u00e9rico Alves Pereira &#8211; Laapereira@uepg.br<\/p>\n<p>Prof. Dr.Luiz Ant\u00f4nio Bastos Bernardes &#8211; bernardes@uepg.br<\/p>\n<p>Prof. Dr. Luiz Fernando Pires &#8211; lfpires@uepg.br<\/p>\n<p>Prof. Dr. Paulo Cesar Facin &#8211; pcfacin@gmail.com<\/p>\n<p>Prof. Dr. Ruben Auccaise Estrada &#8211; raestrada@uepg.br<\/p>\n<p>Prof. Dr. Sandro Ely de Souza Pinto &#8211; desouzapinto@gmail.com<\/p>\n<p>Prof. Dr. S\u00e9rgio da Costa Saab &#8211; scsaab@uepg.br<\/p>\n<p>Prof. Dr. S\u00e9rgio Leonardo G\u00f3mez &#8211; sgomez@uepg.br<\/p>\n<p>Prof. Dr. S\u00edlvio Luiz Rutz da Silva &#8211; slrutz@gmail.com<\/p>\n<p><strong>Professores colaboradores<\/strong><\/p>\n<p>Prof. Dr.\u00a0 Aloisi Somer &#8211; aloisisomer@gmail.com<\/p>\n<p>Prof. Dr. Afonso Chimanski\u00a0 achimanski@uepg.br<\/p>\n<p>Prof. Dr. Jo\u00e3o Frederico Haas Leandro Monteiro jfhlm@uepg.br<\/p>\n<p>Prof. Dr. Julio Cesar Sczancoski jcsfisica@gmail.com<\/p>\n<p>Prof. Dr. Marcos Damian marcosdamianmds@gmail.com<\/p>\n<p>Profa.Dra. Milene Martins Rodrigues milenemartins@uepg.br<\/p>\n<p>Prof. Dr. Samyr Ariel Abdulack samyr.abdulack@gmail.com<\/p>\n<p>&nbsp;<\/p>\n","protected":false},"excerpt":{"rendered":"<p>&nbsp; Prof. Dr. Alcione Roberto Jurelo &#8211; arjurelo@uepg.br Prof. Dr. Alexandre Camilo J\u00fanior &#8211; acamilo@uepg.br Profa. Dra. Andressa Novatski &#8211; anovatski@uepg.br Prof. Dr. Andr\u00e9 Mauricio Brinatti &#8211; brinatti@uepg.br Prof. Dr.Andr\u00e9 Vitor Chaves de Andrade &#8211; avca@uepg.br Prof. Msc. Ant\u00f4nio Jos\u00e9 Camargo &#8211; ajcamargo@uepg.br Prof. Dr. Ant\u00f4nio S\u00e9rgio M. de Castro &#8211; asmcastro@fisica.uepg.br Profa. Dra. Cl\u00e1udia&nbsp;&hellip;<\/p>\n","protected":false},"author":24,"featured_media":0,"parent":0,"menu_order":0,"comment_status":"closed","ping_status":"closed","template":"","meta":[],"_links":{"self":[{"href":"https:\/\/www2.uepg.br\/defis\/wp-json\/wp\/v2\/pages\/321"}],"collection":[{"href":"https:\/\/www2.uepg.br\/defis\/wp-json\/wp\/v2\/pages"}],"about":[{"href":"https:\/\/www2.uepg.br\/defis\/wp-json\/wp\/v2\/types\/page"}],"author":[{"embeddable":true,"href":"https:\/\/www2.uepg.br\/defis\/wp-json\/wp\/v2\/users\/24"}],"replies":[{"embeddable":true,"href":"https:\/\/www2.uepg.br\/defis\/wp-json\/wp\/v2\/comments?post=321"}],"version-history":[{"count":9,"href":"https:\/\/www2.uepg.br\/defis\/wp-json\/wp\/v2\/pages\/321\/revisions"}],"predecessor-version":[{"id":643,"href":"https:\/\/www2.uepg.br\/defis\/wp-json\/wp\/v2\/pages\/321\/revisions\/643"}],"wp:attachment":[{"href":"https:\/\/www2.uepg.br\/defis\/wp-json\/wp\/v2\/media?parent=321"}],"curies":[{"name":"wp","href":"https:\/\/api.w.org\/{rel}","templated":true}]}}