{"id":327,"date":"2019-04-04T10:51:25","date_gmt":"2019-04-04T13:51:25","guid":{"rendered":"http:\/\/www2.uepg.br\/defis\/?page_id=327"},"modified":"2019-04-24T15:43:21","modified_gmt":"2019-04-24T18:43:21","slug":"secretaria","status":"publish","type":"page","link":"https:\/\/www2.uepg.br\/defis\/funcionarios\/secretaria\/","title":{"rendered":"Secretaria"},"content":{"rendered":"<h4 style=\"text-align: center\"><a href=\"http:\/\/www2.uepg.br\/defis\/funcionarios\/secretaria\/chefe\/\">Chefe<\/a><\/h4>\n<p style=\"text-align: center\">Prof. Dr. Luiz Am\u00e9rico Alves Pereira<\/p>\n<h4 style=\"text-align: center\"><a href=\"http:\/\/www2.uepg.br\/defis\/funcionarios\/secretaria\/chefe\/\">Chefe<\/a> Adjunto<\/h4>\n<p style=\"text-align: center\">Prof. Dr. Francisco Carlos Serbena<\/p>\n<h4 style=\"text-align: center\"><a href=\"http:\/\/www2.uepg.br\/defis\/funcionarios\/secretaria\/secretaria\/\">Secret\u00e1ria<\/a><\/h4>\n<p style=\"text-align: center\">Cl\u00e1udia Cristine Gondim da Silva<\/p>\n<h4 style=\"text-align: center\">05142 3220 3044<\/h4>\n","protected":false},"excerpt":{"rendered":"<p>Chefe Prof. Dr. Luiz Am\u00e9rico Alves Pereira Chefe Adjunto Prof. Dr. Francisco Carlos Serbena Secret\u00e1ria Cl\u00e1udia Cristine Gondim da Silva 05142 3220 3044<\/p>\n","protected":false},"author":24,"featured_media":0,"parent":324,"menu_order":0,"comment_status":"closed","ping_status":"closed","template":"","meta":[],"_links":{"self":[{"href":"https:\/\/www2.uepg.br\/defis\/wp-json\/wp\/v2\/pages\/327"}],"collection":[{"href":"https:\/\/www2.uepg.br\/defis\/wp-json\/wp\/v2\/pages"}],"about":[{"href":"https:\/\/www2.uepg.br\/defis\/wp-json\/wp\/v2\/types\/page"}],"author":[{"embeddable":true,"href":"https:\/\/www2.uepg.br\/defis\/wp-json\/wp\/v2\/users\/24"}],"replies":[{"embeddable":true,"href":"https:\/\/www2.uepg.br\/defis\/wp-json\/wp\/v2\/comments?post=327"}],"version-history":[{"count":12,"href":"https:\/\/www2.uepg.br\/defis\/wp-json\/wp\/v2\/pages\/327\/revisions"}],"predecessor-version":[{"id":494,"href":"https:\/\/www2.uepg.br\/defis\/wp-json\/wp\/v2\/pages\/327\/revisions\/494"}],"up":[{"embeddable":true,"href":"https:\/\/www2.uepg.br\/defis\/wp-json\/wp\/v2\/pages\/324"}],"wp:attachment":[{"href":"https:\/\/www2.uepg.br\/defis\/wp-json\/wp\/v2\/media?parent=327"}],"curies":[{"name":"wp","href":"https:\/\/api.w.org\/{rel}","templated":true}]}}