{"id":333,"date":"2019-04-04T10:57:59","date_gmt":"2019-04-04T13:57:59","guid":{"rendered":"http:\/\/www2.uepg.br\/defis\/?page_id=333"},"modified":"2019-04-05T10:40:05","modified_gmt":"2019-04-05T13:40:05","slug":"estrutura-fisica","status":"publish","type":"page","link":"https:\/\/www2.uepg.br\/defis\/estrutura-fisica\/","title":{"rendered":"Estrutura F\u00edsica"},"content":{"rendered":"<h4 style=\"text-align: center\"><a href=\"http:\/\/www2.uepg.br\/defis\/estrutura-fisica\/laboratorios-didaticos\/\">-Laborat\u00f3rios Did\u00e1ticos<\/a><\/h4>\n<h4 style=\"text-align: center\"><a href=\"http:\/\/www2.uepg.br\/defis\/estrutura-fisica\/laboratorios-de-pesquisa\/\">-Laborat\u00f3rios de Pesquisa<\/a><\/h4>\n<h4 style=\"text-align: center\"><\/h4>\n","protected":false},"excerpt":{"rendered":"<p>-Laborat\u00f3rios Did\u00e1ticos -Laborat\u00f3rios de Pesquisa<\/p>\n","protected":false},"author":24,"featured_media":0,"parent":0,"menu_order":0,"comment_status":"closed","ping_status":"closed","template":"","meta":[],"_links":{"self":[{"href":"https:\/\/www2.uepg.br\/defis\/wp-json\/wp\/v2\/pages\/333"}],"collection":[{"href":"https:\/\/www2.uepg.br\/defis\/wp-json\/wp\/v2\/pages"}],"about":[{"href":"https:\/\/www2.uepg.br\/defis\/wp-json\/wp\/v2\/types\/page"}],"author":[{"embeddable":true,"href":"https:\/\/www2.uepg.br\/defis\/wp-json\/wp\/v2\/users\/24"}],"replies":[{"embeddable":true,"href":"https:\/\/www2.uepg.br\/defis\/wp-json\/wp\/v2\/comments?post=333"}],"version-history":[{"count":3,"href":"https:\/\/www2.uepg.br\/defis\/wp-json\/wp\/v2\/pages\/333\/revisions"}],"predecessor-version":[{"id":441,"href":"https:\/\/www2.uepg.br\/defis\/wp-json\/wp\/v2\/pages\/333\/revisions\/441"}],"wp:attachment":[{"href":"https:\/\/www2.uepg.br\/defis\/wp-json\/wp\/v2\/media?parent=333"}],"curies":[{"name":"wp","href":"https:\/\/api.w.org\/{rel}","templated":true}]}}