{"id":147,"date":"2022-04-19T16:32:48","date_gmt":"2022-04-19T19:32:48","guid":{"rendered":"https:\/\/www2.uepg.br\/defito\/?page_id=147"},"modified":"2022-04-20T12:36:30","modified_gmt":"2022-04-20T15:36:30","slug":"historico","status":"publish","type":"page","link":"https:\/\/www2.uepg.br\/defito\/historico\/","title":{"rendered":"Hist\u00f3rico"},"content":{"rendered":"<p>O Departamento de Fitotecnia e Fitossanidade (DEFITO) foi criado no ano de 1992 pela Resolu\u00e7\u00e3o UNIV. No. 026 de 29 de dezembro de 1992.<br \/>\nO DEFITO faz parte do Curso de Agronomia da UEPG que por sua vez foi criado atrav\u00e9s da Portaria R.SG. No.076 de 18\/8\/1976, com implanta\u00e7\u00e3o autorizada conforme Resolu\u00e7\u00e3o No. 03 de 7\/10\/1982, tendo inciado seu funcionamento em mar\u00e7o de 1983.<br \/>\nO Curso de Agronomia formou a sua primeira turma em 1987, tendo at\u00e9 o momento, formado 762 alunos.<\/p>\n","protected":false},"excerpt":{"rendered":"<p>O Departamento de Fitotecnia e Fitossanidade (DEFITO) foi criado no ano de 1992 pela Resolu\u00e7\u00e3o UNIV. No. 026 de 29 de dezembro de 1992. O DEFITO faz parte do Curso de Agronomia da UEPG que por sua vez foi criado atrav\u00e9s da Portaria R.SG. No.076 de 18\/8\/1976, com implanta\u00e7\u00e3o autorizada conforme Resolu\u00e7\u00e3o No. 03 de&nbsp;&hellip;<\/p>\n","protected":false},"author":378,"featured_media":0,"parent":0,"menu_order":0,"comment_status":"closed","ping_status":"closed","template":"","meta":[],"_links":{"self":[{"href":"https:\/\/www2.uepg.br\/defito\/wp-json\/wp\/v2\/pages\/147"}],"collection":[{"href":"https:\/\/www2.uepg.br\/defito\/wp-json\/wp\/v2\/pages"}],"about":[{"href":"https:\/\/www2.uepg.br\/defito\/wp-json\/wp\/v2\/types\/page"}],"author":[{"embeddable":true,"href":"https:\/\/www2.uepg.br\/defito\/wp-json\/wp\/v2\/users\/378"}],"replies":[{"embeddable":true,"href":"https:\/\/www2.uepg.br\/defito\/wp-json\/wp\/v2\/comments?post=147"}],"version-history":[{"count":2,"href":"https:\/\/www2.uepg.br\/defito\/wp-json\/wp\/v2\/pages\/147\/revisions"}],"predecessor-version":[{"id":187,"href":"https:\/\/www2.uepg.br\/defito\/wp-json\/wp\/v2\/pages\/147\/revisions\/187"}],"wp:attachment":[{"href":"https:\/\/www2.uepg.br\/defito\/wp-json\/wp\/v2\/media?parent=147"}],"curies":[{"name":"wp","href":"https:\/\/api.w.org\/{rel}","templated":true}]}}