{"id":151,"date":"2022-04-19T16:32:48","date_gmt":"2022-04-19T19:32:48","guid":{"rendered":"https:\/\/www2.uepg.br\/defito\/?page_id=151"},"modified":"2022-04-20T12:39:57","modified_gmt":"2022-04-20T15:39:57","slug":"onde-atua","status":"publish","type":"page","link":"https:\/\/www2.uepg.br\/defito\/onde-atua\/","title":{"rendered":"Onde Atua"},"content":{"rendered":"<div align=\"justify\">\n<p style=\"text-align: center;\" align=\"left\">O Departamento de Fitotecnia e Fitossanidade atua com seus docentes junto aos Cursos de:<\/p>\n<p align=\"left\">\n<p align=\"center\"><strong><span style=\"font-size: small;\">GRADUA\u00c7\u00c3O<\/span><\/strong><\/p>\n<\/div>\n<div align=\"justify\">\n<div align=\"justify\">\n<ul>\n<li><a href=\"https:\/\/www.uepg.br\/colegiados\/colagro\/home.html\" target=\"_blank\" rel=\"noopener\">Agronomia<\/a><\/li>\n<\/ul>\n<\/div>\n<\/div>\n<div align=\"justify\">\n<div align=\"justify\">\n<ul>\n<li><a href=\"https:\/\/www2.uepg.br\/portaldaslicenciaturas\/ciencias-biologicas\/\" target=\"_blank\" rel=\"noopener\">Licenciatura em Ci\u00eancias Biol\u00f3gicas<\/a><\/li>\n<\/ul>\n<\/div>\n<\/div>\n<div align=\"justify\">\n<div align=\"justify\">\n<ul>\n<li><a href=\"https:\/\/www2.uepg.br\/zootecnia\/\" target=\"_blank\" rel=\"noopener\">Zootecnia<\/a><\/li>\n<\/ul>\n<\/div>\n<\/div>\n<p align=\"center\"><strong><span style=\"font-size: small;\">MESTRADO E DOUTORADO<\/span><\/strong><\/p>\n<ul>\n<li><a href=\"https:\/\/ppgagro.sites.uepg.br\/\" target=\"_blank\" rel=\"noopener\">Mestrado e Doutorado em Agronomia<\/a><\/li>\n<\/ul>\n<div align=\"justify\"><\/div>\n<p align=\"justify\">Obs: Clique sobre os cursos para obter informa\u00e7\u00f5es referentes a grade curricular, \u00e1reas de atua\u00e7\u00e3o, entre outras informa\u00e7\u00f5es.<\/p>\n","protected":false},"excerpt":{"rendered":"<p>O Departamento de Fitotecnia e Fitossanidade atua com seus docentes junto aos Cursos de: GRADUA\u00c7\u00c3O Agronomia Licenciatura em Ci\u00eancias Biol\u00f3gicas Zootecnia MESTRADO E DOUTORADO Mestrado e Doutorado em Agronomia Obs: Clique sobre os cursos para obter informa\u00e7\u00f5es referentes a grade curricular, \u00e1reas de atua\u00e7\u00e3o, entre outras informa\u00e7\u00f5es.<\/p>\n","protected":false},"author":378,"featured_media":0,"parent":0,"menu_order":0,"comment_status":"closed","ping_status":"closed","template":"","meta":[],"_links":{"self":[{"href":"https:\/\/www2.uepg.br\/defito\/wp-json\/wp\/v2\/pages\/151"}],"collection":[{"href":"https:\/\/www2.uepg.br\/defito\/wp-json\/wp\/v2\/pages"}],"about":[{"href":"https:\/\/www2.uepg.br\/defito\/wp-json\/wp\/v2\/types\/page"}],"author":[{"embeddable":true,"href":"https:\/\/www2.uepg.br\/defito\/wp-json\/wp\/v2\/users\/378"}],"replies":[{"embeddable":true,"href":"https:\/\/www2.uepg.br\/defito\/wp-json\/wp\/v2\/comments?post=151"}],"version-history":[{"count":5,"href":"https:\/\/www2.uepg.br\/defito\/wp-json\/wp\/v2\/pages\/151\/revisions"}],"predecessor-version":[{"id":194,"href":"https:\/\/www2.uepg.br\/defito\/wp-json\/wp\/v2\/pages\/151\/revisions\/194"}],"wp:attachment":[{"href":"https:\/\/www2.uepg.br\/defito\/wp-json\/wp\/v2\/media?parent=151"}],"curies":[{"name":"wp","href":"https:\/\/api.w.org\/{rel}","templated":true}]}}