{"id":154,"date":"2022-04-19T16:32:48","date_gmt":"2022-04-19T19:32:48","guid":{"rendered":"https:\/\/www2.uepg.br\/defito\/?page_id=154"},"modified":"2022-04-20T12:41:19","modified_gmt":"2022-04-20T15:41:19","slug":"extensao","status":"publish","type":"page","link":"https:\/\/www2.uepg.br\/defito\/extensao\/","title":{"rendered":"Extens\u00e3o"},"content":{"rendered":"<p>O DEFITO tem diversos projetos de Extens\u00e3o junto as comunidades agr\u00edcolas e produtores rurais.<\/p>\n","protected":false},"excerpt":{"rendered":"<p>O DEFITO tem diversos projetos de Extens\u00e3o junto as comunidades agr\u00edcolas e produtores rurais.<\/p>\n","protected":false},"author":378,"featured_media":0,"parent":0,"menu_order":0,"comment_status":"closed","ping_status":"closed","template":"","meta":[],"_links":{"self":[{"href":"https:\/\/www2.uepg.br\/defito\/wp-json\/wp\/v2\/pages\/154"}],"collection":[{"href":"https:\/\/www2.uepg.br\/defito\/wp-json\/wp\/v2\/pages"}],"about":[{"href":"https:\/\/www2.uepg.br\/defito\/wp-json\/wp\/v2\/types\/page"}],"author":[{"embeddable":true,"href":"https:\/\/www2.uepg.br\/defito\/wp-json\/wp\/v2\/users\/378"}],"replies":[{"embeddable":true,"href":"https:\/\/www2.uepg.br\/defito\/wp-json\/wp\/v2\/comments?post=154"}],"version-history":[{"count":2,"href":"https:\/\/www2.uepg.br\/defito\/wp-json\/wp\/v2\/pages\/154\/revisions"}],"predecessor-version":[{"id":196,"href":"https:\/\/www2.uepg.br\/defito\/wp-json\/wp\/v2\/pages\/154\/revisions\/196"}],"wp:attachment":[{"href":"https:\/\/www2.uepg.br\/defito\/wp-json\/wp\/v2\/media?parent=154"}],"curies":[{"name":"wp","href":"https:\/\/api.w.org\/{rel}","templated":true}]}}