{"id":155,"date":"2022-04-19T16:32:48","date_gmt":"2022-04-19T19:32:48","guid":{"rendered":"https:\/\/www2.uepg.br\/defito\/?page_id=155"},"modified":"2022-04-20T12:44:06","modified_gmt":"2022-04-20T15:44:06","slug":"laboratorios","status":"publish","type":"page","link":"https:\/\/www2.uepg.br\/defito\/laboratorios\/","title":{"rendered":"Laborat\u00f3rios"},"content":{"rendered":"<ul>\n<li><a href=\"https:\/\/www2.uepg.br\/labiovegetal\/\" target=\"_blank\" rel=\"noopener\">Laborat\u00f3rio de Biotecnologia Aplicada \u00e0 Fruticultura<\/a><br \/>\nCampus de Uvaranas &#8211; Bloco F \u2013 Sala 32<\/li>\n<li>Laborat\u00f3rio de Fitotecnia\/Pesquisa<br \/>\nCampus de Uvaranas &#8211; Bloco F &#8211; Sala 11<\/li>\n<li>Laborat\u00f3rio de Patologia de Sementes<br \/>\nCampus de Uvaranas &#8211; Bloco F &#8211; Sala 12<\/li>\n<li>Laborat\u00f3rio de Inform\u00e1tica<br \/>\nCampus de Uvaranas &#8211; Bloco F \u2013 Sala 14<\/li>\n<li>Laborat\u00f3rio de Fitotecnia<br \/>\nCampus de Uvaranas &#8211; Bloco F &#8211; Sala 21<\/li>\n<li>Laborat\u00f3rio de Microbiologia e Fitopatologia<br \/>\nCampus de Uvaranas &#8211; Bloco F &#8211; Sala 22<\/li>\n<li>Laborat\u00f3rio de Patologia de Sementes<br \/>\nCampus de Uvaranas &#8211; Bloco F &#8211; Sala 23<\/li>\n<li>Laborat\u00f3rio de Melhoramento vegetal<br \/>\nCampus de Uvaranas &#8211; Bloco F &#8211; Sala 24<\/li>\n<li>Museu de Entomologia<br \/>\nCampus de Uvaranas &#8211; Bloco F &#8211; Sala 25<\/li>\n<li>Laborat\u00f3rio de Defesa Fitossanit\u00e1ria<br \/>\nCampus de Uvaranas &#8211; Bloco F &#8211; Sala 26<\/li>\n<li>Laborat\u00f3rio de Pesquisa em Entomologia<br \/>\nCampus de Uvaranas &#8211; Bloco F &#8211; Sala 27<\/li>\n<\/ul>\n","protected":false},"excerpt":{"rendered":"<p>Laborat\u00f3rio de Biotecnologia Aplicada \u00e0 Fruticultura Campus de Uvaranas &#8211; Bloco F \u2013 Sala 32 Laborat\u00f3rio de Fitotecnia\/Pesquisa Campus de Uvaranas &#8211; Bloco F &#8211; Sala 11 Laborat\u00f3rio de Patologia de Sementes Campus de Uvaranas &#8211; Bloco F &#8211; Sala 12 Laborat\u00f3rio de Inform\u00e1tica Campus de Uvaranas &#8211; Bloco F \u2013 Sala 14 Laborat\u00f3rio de&nbsp;&hellip;<\/p>\n","protected":false},"author":378,"featured_media":0,"parent":0,"menu_order":0,"comment_status":"closed","ping_status":"closed","template":"","meta":[],"_links":{"self":[{"href":"https:\/\/www2.uepg.br\/defito\/wp-json\/wp\/v2\/pages\/155"}],"collection":[{"href":"https:\/\/www2.uepg.br\/defito\/wp-json\/wp\/v2\/pages"}],"about":[{"href":"https:\/\/www2.uepg.br\/defito\/wp-json\/wp\/v2\/types\/page"}],"author":[{"embeddable":true,"href":"https:\/\/www2.uepg.br\/defito\/wp-json\/wp\/v2\/users\/378"}],"replies":[{"embeddable":true,"href":"https:\/\/www2.uepg.br\/defito\/wp-json\/wp\/v2\/comments?post=155"}],"version-history":[{"count":3,"href":"https:\/\/www2.uepg.br\/defito\/wp-json\/wp\/v2\/pages\/155\/revisions"}],"predecessor-version":[{"id":199,"href":"https:\/\/www2.uepg.br\/defito\/wp-json\/wp\/v2\/pages\/155\/revisions\/199"}],"wp:attachment":[{"href":"https:\/\/www2.uepg.br\/defito\/wp-json\/wp\/v2\/media?parent=155"}],"curies":[{"name":"wp","href":"https:\/\/api.w.org\/{rel}","templated":true}]}}