{"id":157,"date":"2022-04-19T16:32:48","date_gmt":"2022-04-19T19:32:48","guid":{"rendered":"https:\/\/www2.uepg.br\/defito\/?page_id=157"},"modified":"2023-05-18T16:27:50","modified_gmt":"2023-05-18T19:27:50","slug":"contato","status":"publish","type":"page","link":"https:\/\/www2.uepg.br\/defito\/contato\/","title":{"rendered":"Contato"},"content":{"rendered":"<p align=\"center\"><strong><span style=\"font-size: small;\">DEPARTAMENTO DE FITOTECNIA E FITOSSANIDADE<\/span><\/strong><br \/>\nda Universidade Estadual de Ponta Grossa<\/p>\n<p align=\"center\">O hor\u00e1rio de atendimento \u00e9 das 08:00 \u00e0s 12:00 e das 13:00 \u00e0s 17:00 horas<\/p>\n<p style=\"text-align: center;\">Campus Uvaranas \u2013 Departamento de Fitotecnia e Fitossanidade &#8211; Bloco F, Sala 8<br \/>\nAvenida General Carlos Cavalcanti, 4748 \u2013 Ponta Grossa \u2013 PR<br \/>\nTelefones: 3220-3086 (Departamento) \/ 3220 3085 (Chefia)<br \/>\nE-mail: <a href=\"mailto:defito@uepg.br\">defito@uepg.br<\/a><\/p>\n","protected":false},"excerpt":{"rendered":"<p>DEPARTAMENTO DE FITOTECNIA E FITOSSANIDADE da Universidade Estadual de Ponta Grossa O hor\u00e1rio de atendimento \u00e9 das 08:00 \u00e0s 12:00 e das 13:00 \u00e0s 17:00 horas Campus Uvaranas \u2013 Departamento de Fitotecnia e Fitossanidade &#8211; Bloco F, Sala 8 Avenida General Carlos Cavalcanti, 4748 \u2013 Ponta Grossa \u2013 PR Telefones: 3220-3086 (Departamento) \/ 3220 3085&nbsp;&hellip;<\/p>\n","protected":false},"author":378,"featured_media":0,"parent":0,"menu_order":0,"comment_status":"closed","ping_status":"closed","template":"","meta":[],"_links":{"self":[{"href":"https:\/\/www2.uepg.br\/defito\/wp-json\/wp\/v2\/pages\/157"}],"collection":[{"href":"https:\/\/www2.uepg.br\/defito\/wp-json\/wp\/v2\/pages"}],"about":[{"href":"https:\/\/www2.uepg.br\/defito\/wp-json\/wp\/v2\/types\/page"}],"author":[{"embeddable":true,"href":"https:\/\/www2.uepg.br\/defito\/wp-json\/wp\/v2\/users\/378"}],"replies":[{"embeddable":true,"href":"https:\/\/www2.uepg.br\/defito\/wp-json\/wp\/v2\/comments?post=157"}],"version-history":[{"count":5,"href":"https:\/\/www2.uepg.br\/defito\/wp-json\/wp\/v2\/pages\/157\/revisions"}],"predecessor-version":[{"id":212,"href":"https:\/\/www2.uepg.br\/defito\/wp-json\/wp\/v2\/pages\/157\/revisions\/212"}],"wp:attachment":[{"href":"https:\/\/www2.uepg.br\/defito\/wp-json\/wp\/v2\/media?parent=157"}],"curies":[{"name":"wp","href":"https:\/\/api.w.org\/{rel}","templated":true}]}}