{"id":148,"date":"2022-04-11T10:25:37","date_gmt":"2022-04-11T13:25:37","guid":{"rendered":"https:\/\/www2.uepg.br\/dehis\/?page_id=148"},"modified":"2026-02-04T10:06:56","modified_gmt":"2026-02-04T13:06:56","slug":"onde-atua","status":"publish","type":"page","link":"https:\/\/www2.uepg.br\/dehis\/onde-atua\/","title":{"rendered":"Onde Atua"},"content":{"rendered":"<div align=\"justify\">\n<blockquote>\n<p align=\"left\">O Departamento de Hist\u00f3ria atua com seus docentes junto aos Cursos de:<\/p>\n<\/blockquote>\n<p style=\"text-align: left\" align=\"center\"><strong><span style=\"font-size: small\">GRADUA\u00c7\u00c3O<\/span><\/strong><\/p>\n<ul>\n<li><a href=\"https:\/\/pitangui.uepg.br\/Catalogo\/setor5\/bachareladohistoria.pdf\" target=\"_blank\" rel=\"noopener\">Bacharelado em Hist\u00f3ria<\/a><\/li>\n<li><a href=\"https:\/\/pitangui.uepg.br\/Catalogo\/setor4\/economia.pdf\" target=\"_blank\" rel=\"noopener\">Ci\u00eancias Econ\u00f4micas<\/a><\/li>\n<li><a href=\"https:\/\/pitangui.uepg.br\/Catalogo\/setor4\/servicosocial.pdf\" target=\"_blank\" rel=\"noopener\">Comunica\u00e7\u00e3o Social<\/a><\/li>\n<li><a href=\"https:\/\/pitangui.uepg.br\/Catalogo\/setor5\/licenhistoria.pdf\" target=\"_blank\" rel=\"noopener\">Licenciatura em Hist\u00f3ria<\/a><\/li>\n<\/ul>\n<div align=\"justify\">\n<div align=\"justify\"><\/div>\n<\/div>\n<\/div>\n<p style=\"text-align: left\" align=\"center\"><strong><span style=\"font-size: small\">MESTRADO e DOUTORADO<\/span><\/strong><\/p>\n<ul>\n<li>Programa de P\u00f3s-Gradua\u00e7\u00e3o em Ensino de Hist\u00f3ria (Profissional) &#8211; <a href=\"https:\/\/www2.uepg.br\/profhistoria\/\">PROFHIST\u00d3RIA<\/a><br \/>\nAprovado pela CAPES em 2015 &#8211; In\u00edcio das atividades 2\u00ba semestre de\u00a0 2016<\/li>\n<\/ul>\n<p>&nbsp;<\/p>\n<ul>\n<li>Programa de P\u00f3s-Gradua\u00e7\u00e3o em Hist\u00f3ria &#8211; <a href=\"https:\/\/www2.uepg.br\/ppgh\/\">PPGH<\/a><br \/>\n\u00c1rea de concentra\u00e7\u00e3o &#8211; Cultura e Regionalidades<br \/>\nAprovado pela CAPES. Processo seletivo inicial &#8211; 2\u00ba semestre de 2012<\/li>\n<\/ul>\n<p align=\"justify\">\n","protected":false},"excerpt":{"rendered":"<p>O Departamento de Hist\u00f3ria atua com seus docentes junto aos Cursos de: GRADUA\u00c7\u00c3O Bacharelado em Hist\u00f3ria Ci\u00eancias Econ\u00f4micas Comunica\u00e7\u00e3o Social Licenciatura em Hist\u00f3ria MESTRADO e DOUTORADO Programa de P\u00f3s-Gradua\u00e7\u00e3o em Ensino de Hist\u00f3ria (Profissional) &#8211; PROFHIST\u00d3RIA Aprovado pela CAPES em 2015 &#8211; In\u00edcio das atividades 2\u00ba semestre de\u00a0 2016 &nbsp; Programa de P\u00f3s-Gradua\u00e7\u00e3o em Hist\u00f3ria&nbsp;&hellip;<\/p>\n","protected":false},"author":378,"featured_media":0,"parent":0,"menu_order":0,"comment_status":"closed","ping_status":"closed","template":"","meta":[],"_links":{"self":[{"href":"https:\/\/www2.uepg.br\/dehis\/wp-json\/wp\/v2\/pages\/148"}],"collection":[{"href":"https:\/\/www2.uepg.br\/dehis\/wp-json\/wp\/v2\/pages"}],"about":[{"href":"https:\/\/www2.uepg.br\/dehis\/wp-json\/wp\/v2\/types\/page"}],"author":[{"embeddable":true,"href":"https:\/\/www2.uepg.br\/dehis\/wp-json\/wp\/v2\/users\/378"}],"replies":[{"embeddable":true,"href":"https:\/\/www2.uepg.br\/dehis\/wp-json\/wp\/v2\/comments?post=148"}],"version-history":[{"count":7,"href":"https:\/\/www2.uepg.br\/dehis\/wp-json\/wp\/v2\/pages\/148\/revisions"}],"predecessor-version":[{"id":336,"href":"https:\/\/www2.uepg.br\/dehis\/wp-json\/wp\/v2\/pages\/148\/revisions\/336"}],"wp:attachment":[{"href":"https:\/\/www2.uepg.br\/dehis\/wp-json\/wp\/v2\/media?parent=148"}],"curies":[{"name":"wp","href":"https:\/\/api.w.org\/{rel}","templated":true}]}}