{"id":149,"date":"2022-04-11T10:25:37","date_gmt":"2022-04-11T13:25:37","guid":{"rendered":"https:\/\/www2.uepg.br\/dehis\/?page_id=149"},"modified":"2022-04-11T10:38:44","modified_gmt":"2022-04-11T13:38:44","slug":"eventos","status":"publish","type":"page","link":"https:\/\/www2.uepg.br\/dehis\/eventos\/","title":{"rendered":"Eventos"},"content":{"rendered":"<ul>\n<li>Semana de Hist\u00f3ria, em parceria com o Centro Acad\u00eamico de Hist\u00f3ria<\/li>\n<li>Palestras<\/li>\n<\/ul>\n","protected":false},"excerpt":{"rendered":"<p>Semana de Hist\u00f3ria, em parceria com o Centro Acad\u00eamico de Hist\u00f3ria Palestras<\/p>\n","protected":false},"author":378,"featured_media":0,"parent":0,"menu_order":0,"comment_status":"closed","ping_status":"closed","template":"","meta":[],"_links":{"self":[{"href":"https:\/\/www2.uepg.br\/dehis\/wp-json\/wp\/v2\/pages\/149"}],"collection":[{"href":"https:\/\/www2.uepg.br\/dehis\/wp-json\/wp\/v2\/pages"}],"about":[{"href":"https:\/\/www2.uepg.br\/dehis\/wp-json\/wp\/v2\/types\/page"}],"author":[{"embeddable":true,"href":"https:\/\/www2.uepg.br\/dehis\/wp-json\/wp\/v2\/users\/378"}],"replies":[{"embeddable":true,"href":"https:\/\/www2.uepg.br\/dehis\/wp-json\/wp\/v2\/comments?post=149"}],"version-history":[{"count":2,"href":"https:\/\/www2.uepg.br\/dehis\/wp-json\/wp\/v2\/pages\/149\/revisions"}],"predecessor-version":[{"id":202,"href":"https:\/\/www2.uepg.br\/dehis\/wp-json\/wp\/v2\/pages\/149\/revisions\/202"}],"wp:attachment":[{"href":"https:\/\/www2.uepg.br\/dehis\/wp-json\/wp\/v2\/media?parent=149"}],"curies":[{"name":"wp","href":"https:\/\/api.w.org\/{rel}","templated":true}]}}