{"id":152,"date":"2022-04-11T10:25:37","date_gmt":"2022-04-11T13:25:37","guid":{"rendered":"https:\/\/www2.uepg.br\/dehis\/?page_id=152"},"modified":"2024-06-24T17:06:49","modified_gmt":"2024-06-24T20:06:49","slug":"laboratorios","status":"publish","type":"page","link":"https:\/\/www2.uepg.br\/dehis\/laboratorios\/","title":{"rendered":"Laborat\u00f3rios"},"content":{"rendered":"<h4 style=\"text-align: left\" align=\"center\">Centro de Documenta\u00e7\u00e3o e Pesquisa em Hist\u00f3ria &#8211; <a href=\"https:\/\/www2.uepg.br\/cdph\/\">acesse aqui CDPH<\/a><\/h4>\n<p style=\"text-align: left\" align=\"center\">Coordena\u00e7\u00e3o: Dr\u00aa Elizabeth Johansen<\/p>\n<p style=\"text-align: left\" align=\"center\">Localizado no Bloco Did\u00e1tico de Artes e Hist\u00f3ria \/ Campus de Uvaranas &#8211;\u00a0Av. Carlos Cavalcanti, 4748<br \/>\nTelefone: (042) 3220-3794<\/p>\n<h4 align=\"center\"><\/h4>\n<h4 style=\"text-align: left\" align=\"center\">Laborat\u00f3rio de Estudos sobre Forma\u00e7\u00e3o de Professores e Ensino de Hist\u00f3ria &#8211; acesse aqui <a href=\"https:\/\/www2.uepg.br\/lefopeh\/\">LEFOPEH<\/a><\/h4>\n<p style=\"text-align: left\" align=\"center\">Coordena\u00e7\u00e3o: Dr. Paulo Eduardo Dias de Mello e Dr\u00aa Angela Ribeiro Ferreira<\/p>\n<p style=\"text-align: left\" align=\"center\">Localizado na Sala 10 do CETEP &#8211; Centro Tecnol\u00f3gico de Pesquisa em Ci\u00eancias Humanas e Sociais<\/p>\n<p style=\"text-align: left\" align=\"center\">Campus de Uvaranas &#8211;\u00a0Av. Carlos Cavalcanti, 4748<\/p>\n<h4 align=\"center\"><\/h4>\n<h4 style=\"text-align: left\" align=\"center\">Laborat\u00f3rio de Estudos de G\u00eanero, Diversidade, Inf\u00e2ncia e Subjetividades &#8211; acesse aqui <a href=\"https:\/\/www.instagram.com\/_lagedis\/\">LAGEDIS<\/a><\/h4>\n<p>Coordena\u00e7\u00e3o: Dr\u00aa Georgiane Garabely Heil V\u00e1zquez eDr\u00aa Angela Ribeiro Ferreira<\/p>\n<p style=\"text-align: left\" align=\"center\">Localizado na Sala 08 do CETEP &#8211; Centro Tecnol\u00f3gico de Pesquisa em Ci\u00eancias Humanas e Sociais<\/p>\n<p style=\"text-align: left\" align=\"center\">Campus de Uvaranas &#8211;\u00a0Av. Carlos Cavalcanti, 4748<\/p>\n<h4><\/h4>\n<h4>Grupo de Estudos em Did\u00e1tica da Hist\u00f3ria &#8211; acesse aqui <a href=\"https:\/\/www2.uepg.br\/gedhi\/\">GEDHI<\/a><\/h4>\n<p>Coordena\u00e7\u00e3o: Dr. Luis Fernando Cerri\u00a0 e Dr\u00aa Janaina de Paula do Esp\u00edrito Santo<\/p>\n<p>&nbsp;<\/p>\n<h4>Laborat\u00f3rio de pesquisa Mem\u00f3ria, Cultura e Natureza &#8211;\u00a0 acesse aqui <a href=\"https:\/\/www2.uepg.br\/ppgh-npmcn\/\"><strong>NPMCN<\/strong><\/a><\/h4>\n<p>Coordena\u00e7\u00e3o: Dr. Robson Laverdi e Dr\u00aa Alessandra Izabel de Carvalho<\/p>\n<p>&nbsp;<\/p>\n<p>&nbsp;<\/p>\n","protected":false},"excerpt":{"rendered":"<p>Centro de Documenta\u00e7\u00e3o e Pesquisa em Hist\u00f3ria &#8211; acesse aqui CDPH Coordena\u00e7\u00e3o: Dr\u00aa Elizabeth Johansen Localizado no Bloco Did\u00e1tico de Artes e Hist\u00f3ria \/ Campus de Uvaranas &#8211;\u00a0Av. Carlos Cavalcanti, 4748 Telefone: (042) 3220-3794 Laborat\u00f3rio de Estudos sobre Forma\u00e7\u00e3o de Professores e Ensino de Hist\u00f3ria &#8211; acesse aqui LEFOPEH Coordena\u00e7\u00e3o: Dr. Paulo Eduardo Dias de&nbsp;&hellip;<\/p>\n","protected":false},"author":378,"featured_media":0,"parent":0,"menu_order":0,"comment_status":"closed","ping_status":"closed","template":"","meta":[],"_links":{"self":[{"href":"https:\/\/www2.uepg.br\/dehis\/wp-json\/wp\/v2\/pages\/152"}],"collection":[{"href":"https:\/\/www2.uepg.br\/dehis\/wp-json\/wp\/v2\/pages"}],"about":[{"href":"https:\/\/www2.uepg.br\/dehis\/wp-json\/wp\/v2\/types\/page"}],"author":[{"embeddable":true,"href":"https:\/\/www2.uepg.br\/dehis\/wp-json\/wp\/v2\/users\/378"}],"replies":[{"embeddable":true,"href":"https:\/\/www2.uepg.br\/dehis\/wp-json\/wp\/v2\/comments?post=152"}],"version-history":[{"count":4,"href":"https:\/\/www2.uepg.br\/dehis\/wp-json\/wp\/v2\/pages\/152\/revisions"}],"predecessor-version":[{"id":224,"href":"https:\/\/www2.uepg.br\/dehis\/wp-json\/wp\/v2\/pages\/152\/revisions\/224"}],"wp:attachment":[{"href":"https:\/\/www2.uepg.br\/dehis\/wp-json\/wp\/v2\/media?parent=152"}],"curies":[{"name":"wp","href":"https:\/\/api.w.org\/{rel}","templated":true}]}}