{"id":156,"date":"2022-04-11T10:25:38","date_gmt":"2022-04-11T13:25:38","guid":{"rendered":"https:\/\/www2.uepg.br\/dehis\/?page_id=156"},"modified":"2022-04-11T10:44:05","modified_gmt":"2022-04-11T13:44:05","slug":"links","status":"publish","type":"page","link":"https:\/\/www2.uepg.br\/dehis\/links\/","title":{"rendered":"Links"},"content":{"rendered":"<p><a href=\"http:\/\/www.anpuh.org\/link\/public\" target=\"_blank\" rel=\"noopener\">ANPUH &#8211; Associa\u00e7\u00e3o Nacional de Hist\u00f3ria<\/a><\/p>\n<p><a href=\"http:\/\/www.anpuhpr.uepg.br\/%20\" target=\"_blank\" rel=\"noopener\">ANPUH \/ PR<\/a><\/p>\n<p><a href=\"http:\/\/www.arquivoestado.sp.gov.br\/\" target=\"_blank\" rel=\"noopener\">Arquivo P\u00fablico do Estado de S\u00e3o Paulo<\/a><\/p>\n<p><a href=\"http:\/\/www.pr.gov.br\/arquivopublico\/\" target=\"_blank\" rel=\"noopener\">Arquivo P\u00fablico do Estado do Paran\u00e1<\/a><\/p>\n<p><a href=\"http:\/\/www.uepg.br\/otcchis\" target=\"_blank\" rel=\"noopener\">BACHARELADO EM HIST\u00d3RIA &#8211; UEPG<\/a><\/p>\n<p>Bibliotecas \u2013 PARAN\u00c1 (<a href=\"http:\/\/www.diaadia.pr.gov.br\/bibliotecas\/\" target=\"_blank\" rel=\"noopener\">Secretaria da Educa\u00e7\u00e3o SEED &#8211; Bibliotecas )<\/a><\/p>\n<p><a href=\"http:\/\/www.conscienciologia.net\/bibliotecas.htm\" target=\"_blank\" rel=\"noopener\">Bibliotecas virtuais online<\/a><\/p>\n<p><a href=\"http:\/\/www.cg.org.br\/gt\/gtbv\/bibliotecas.htm\" target=\"_blank\" rel=\"noopener\">Bibliotecas Virtuais por tipos<\/a><\/p>\n<p><a href=\"http:\/\/www.prossiga.br\/ifcs-ufrj\/csociais\/\" target=\"_blank\" rel=\"noopener\">Bibliotecas Virtuais Tem\u00e1ticas<\/a><\/p>\n<p><a href=\"http:\/\/www.centrodememoria.unicamp.br\/\" target=\"_blank\" rel=\"noopener\">Centro de Mem\u00f3ria UNICAMP<\/a><\/p>\n<p><a href=\"http:\/\/www.diaadiaeducacao.pr.gov.br\/diaadia\/diadia\/modules\/conteudo_museus\/conteudo_museus.php?conteudo_museus=12\" target=\"_blank\" rel=\"noopener\">Dia-a-dia Educa\u00e7\u00e3o SEED &#8211; MUSEUS<\/a><\/p>\n<p><a href=\"http:\/\/www.uepg.br\/dicion\/index.htm\" target=\"_blank\" rel=\"noopener\">Dicion\u00e1rio Hist\u00f3rico e Geogr\u00e1fico dos Campos Gerais<\/a><\/p>\n<p><a href=\"http:\/\/www.museoetnografico.filo.uba.ar\/portalMuseo.html\" target=\"_blank\" rel=\"noopener\">El Museo Etnogr\u00e1fico<\/a><\/p>\n<p><a href=\"http:\/\/www.exposicoesvirtuais.arquivonacional.gov.br\/cgi\/cgilua.exe\/sys\/start.htm\" target=\"_blank\" rel=\"noopener\">Exposi\u00e7\u00f5es Virtuais<\/a><\/p>\n<p><a href=\"http:\/\/scholar.google.com.br\/\" target=\"_blank\" rel=\"noopener\">Google acad\u00eamico<\/a><\/p>\n<p><a href=\"http:\/\/books.google.com\/\" target=\"_blank\" rel=\"noopener\">Google Book Search<\/a>: busca de livros disponibilizados na \u00edntegra ou partes<\/p>\n<p><a href=\"http:\/\/tecnologia.terra.com.br\/interna\/0,,OI584843-EI4802,00.html\" target=\"_blank\" rel=\"noopener\">Google Sat\u00e9lite<\/a>\u00a0: para ver o planeta inteiro a partir de imagens de sat\u00e9lite<\/p>\n<p><a href=\"http:\/\/www.mam.org.br\/\" target=\"_blank\" rel=\"noopener\">MAM<\/a>\u00a0&#8211; SP &#8211; Museu de Arte Moderna<\/p>\n<p><a href=\"http:\/\/www.masp.art.br\/\" target=\"_blank\" rel=\"noopener\">MASP<\/a>\u00a0&#8211; Museu de Arte de S\u00e3o Paulo<\/p>\n<p><a href=\"http:\/\/www.memorial.org.br\/\" target=\"_blank\" rel=\"noopener\">Memorial da Am\u00e9rica Latina<\/a><\/p>\n<p><a href=\"http:\/\/www.memorialdoimigrante.sp.gov.br\/\" target=\"_blank\" rel=\"noopener\">Memorial do Imigrante<\/a><\/p>\n<p><a href=\"http:\/\/www.mosteiro.org.br\/\" target=\"_blank\" rel=\"noopener\">Mosteiro de S\u00e3o Bento<\/a><\/p>\n<p><a href=\"http:\/\/www.casadeportinari.com.br\/\" target=\"_blank\" rel=\"noopener\">Museu C\u00e2ndido Portinari<\/a>\u00a0&#8211; Brodowski<\/p>\n<p><a href=\"http:\/\/icb.usp.br\/museu\" target=\"_blank\" rel=\"noopener\">Museu da Anatomia<\/a><\/p>\n<p><a href=\"http:\/\/www.mcb.sp.gov.br\/\" target=\"_blank\" rel=\"noopener\">Museu da Casa Brasileira<\/a><\/p>\n<p><a href=\"http:\/\/www.fphesp.org.br\/\" target=\"_blank\" rel=\"noopener\">Museu da Energia<\/a><\/p>\n<p><a href=\"http:\/\/www.mis.sp.gov.br\/\" target=\"_blank\" rel=\"noopener\">Museu da Imagem e do Som<\/a><\/p>\n<p><a href=\"http:\/\/www.museudapessoa.net\/\" target=\"_blank\" rel=\"noopener\">Museu da Pessoa<\/a><\/p>\n<p><a href=\"http:\/\/www.mae.usp.br\/\" target=\"_blank\" rel=\"noopener\">Museu de Arqueologia e Etnologia<\/a><\/p>\n<p><a href=\"http:\/\/www.mac.usp.br\/\" target=\"_blank\" rel=\"noopener\">Museu de Arte Contepor\u00e2nea<\/a><\/p>\n<p><a href=\"http:\/\/www.museudoautomovelsp.com.br\/\" target=\"_blank\" rel=\"noopener\">Museu do Autom\u00f3vel de SP<\/a><\/p>\n<p><a href=\"http:\/\/www.museudocafe.com.br\/\" target=\"_blank\" rel=\"noopener\">Museu do Caf\u00e9<\/a>\u00a0&#8211; Santos<\/p>\n<p><a href=\"http:\/\/www.museudocomputador.com.br\/\" target=\"_blank\" rel=\"noopener\">Museu do Computador<\/a><\/p>\n<p><a href=\"http:\/\/www.mp.usp.br\/\" target=\"_blank\" rel=\"noopener\">Museu do Ipiranga<\/a><\/p>\n<p><a href=\"http:\/\/www.dimep.com.br\/m3.asp?cod_pagina=896&amp;cod_idm=\" target=\"_blank\" rel=\"noopener\">Museu do Rel\u00f3gio<\/a><\/p>\n<p><a href=\"http:\/\/www.museuhistoriconacional.com.br\/\" target=\"_blank\" rel=\"noopener\">Museu Hist\u00f3rico Nacional<\/a><\/p>\n<p><a href=\"http:\/\/www.louvre.fr\/\" target=\"_blank\" rel=\"noopener\">Museu Louvre<\/a><\/p>\n<p><a href=\"http:\/\/www.museumazzaropi.com.br\/\" target=\"_blank\" rel=\"noopener\">Museu Mazzaropi<\/a>\u00a0&#8211; Taubat\u00e9<\/p>\n<p><a href=\"http:\/\/www.lobato.com.br\/\" target=\"_blank\" rel=\"noopener\">Museu Monteiro Lobato<\/a><\/p>\n<p><a href=\"http:\/\/www.io.usp.br\/museu\/museu.htm\" target=\"_blank\" rel=\"noopener\">Museu Oceonogr\u00e1fico<\/a><\/p>\n<p><a href=\"http:\/\/www.museuparanaense.pr.gov.br\/\" target=\"_blank\" rel=\"noopener\">Museu Paranaense<\/a><\/p>\n<p><a href=\"http:\/\/www.mp.usp.br\/\" target=\"_blank\" rel=\"noopener\">Museu Paulista da USP<\/a><\/p>\n<p><a href=\"http:\/\/www.museus.sp.gov.br\/prudentedemoraes.htm\" target=\"_blank\" rel=\"noopener\">Museu Prudente de Moraes<\/a><\/p>\n<p><a href=\"http:\/\/www.mp.usp.br\/mr\/index.htm\" target=\"_blank\" rel=\"noopener\">Museu Republicano<\/a>\u00a0&#8211; Itu<\/p>\n<p><a href=\"http:\/\/www2.uol.com.br\/historiaviva\/estatica\/museus_brasileiros_links.html\">Museus brasileiros<\/a><\/p>\n<p><a href=\"http:\/\/www.curitiba-parana.com\/museus-historicos-cultura.htm\" target=\"_blank\" rel=\"noopener\">Museus de Curitiba<\/a><\/p>\n<p><a href=\"http:\/\/www.museus.sp.gov.br\/\" target=\"_blank\" rel=\"noopener\">Museus Paulistas<\/a><\/p>\n<p>Paran\u00e1 &#8211; Cadernos Paran\u00e1 da Gente (<a href=\"http:\/\/www.prdagente.pr.gov.br\/\" target=\"_blank\" rel=\"noopener\">SEEC &#8211; Paran\u00e1 da Gente<\/a>)<\/p>\n<p><a href=\"http:\/\/www.pinacoteca.sp.gov.br\/\" target=\"_blank\" rel=\"noopener\">Pinacoteca de S\u00e3o Paulo<\/a><\/p>\n<p><a href=\"http:\/\/www.uepg.br\/uepg_departamentos\/dehis\/htm\/lattes.cnpq.br\" target=\"_blank\" rel=\"noopener\">Plataforma Lattes<\/a><\/p>\n<p><a href=\"http:\/\/www.dominiopublico.gov.br\/\" target=\"_blank\" rel=\"noopener\">Portal Dom\u00ednio P\u00fablico\u00a0<\/a>&#8211; Biblioteca virtual de obras liter\u00e1rias e cient\u00edficas de dom\u00ednio p\u00fablico<\/p>\n<p><a href=\"http:\/\/www.unicamp.br\/unicamp\/servicos\/servicos_arquivos.html\" target=\"_blank\" rel=\"noopener\">Portal Unicamp &#8211; Servi\u00e7os &#8211; Arquivos<\/a><\/p>\n<p>Portugal &#8211; Arte do Azulejo (\u00a0<a href=\"http:\/\/www.instituto-camoes.pt\/cvc\/azulejos\/index.html\" target=\"_blank\" rel=\"noopener\">A Arte do Azulejo em Portugal<\/a>)<\/p>\n<p><a href=\"http:\/\/www.newseum.org\/todaysfrontpages\/flash\/\" target=\"_blank\" rel=\"noopener\">Primeiras p\u00e1ginas dos Jornais do Mundo<\/a><\/p>\n<p><a href=\"http:\/\/www.scielo.br\/scielo.php?script=sci_serial&amp;lng=pt&amp;pid=0102-0188&amp;nrm=isso\" target=\"_blank\" rel=\"noopener\">REVISTA BRASILEIRA DE HIST\u00d3RIA<\/a><\/p>\n<p><a href=\"http:\/\/www.revistas.uepg.br\/index.php?journal=rhr&amp;page=index\" target=\"_blank\" rel=\"noopener\">REVISTA DE HIST\u00d3RIA REGIONAL<\/a><\/p>\n<p><a href=\"http:\/\/www2.uol.com.br\/historiaviva\/\" target=\"_blank\" rel=\"noopener\">Revista HIST\u00d3RIA VIVA<\/a><\/p>\n<p><a href=\"http:\/\/www.revistamuseu.com.br\/default.asp\" target=\"_blank\" rel=\"noopener\">Revista Museu<\/a><\/p>\n","protected":false},"excerpt":{"rendered":"<p>ANPUH &#8211; Associa\u00e7\u00e3o Nacional de Hist\u00f3ria ANPUH \/ PR Arquivo P\u00fablico do Estado de S\u00e3o Paulo Arquivo P\u00fablico do Estado do Paran\u00e1 BACHARELADO EM HIST\u00d3RIA &#8211; UEPG Bibliotecas \u2013 PARAN\u00c1 (Secretaria da Educa\u00e7\u00e3o SEED &#8211; Bibliotecas ) Bibliotecas virtuais online Bibliotecas Virtuais por tipos Bibliotecas Virtuais Tem\u00e1ticas Centro de Mem\u00f3ria UNICAMP Dia-a-dia Educa\u00e7\u00e3o SEED &#8211;&nbsp;&hellip;<\/p>\n","protected":false},"author":378,"featured_media":0,"parent":0,"menu_order":0,"comment_status":"closed","ping_status":"closed","template":"","meta":[],"_links":{"self":[{"href":"https:\/\/www2.uepg.br\/dehis\/wp-json\/wp\/v2\/pages\/156"}],"collection":[{"href":"https:\/\/www2.uepg.br\/dehis\/wp-json\/wp\/v2\/pages"}],"about":[{"href":"https:\/\/www2.uepg.br\/dehis\/wp-json\/wp\/v2\/types\/page"}],"author":[{"embeddable":true,"href":"https:\/\/www2.uepg.br\/dehis\/wp-json\/wp\/v2\/users\/378"}],"replies":[{"embeddable":true,"href":"https:\/\/www2.uepg.br\/dehis\/wp-json\/wp\/v2\/comments?post=156"}],"version-history":[{"count":2,"href":"https:\/\/www2.uepg.br\/dehis\/wp-json\/wp\/v2\/pages\/156\/revisions"}],"predecessor-version":[{"id":208,"href":"https:\/\/www2.uepg.br\/dehis\/wp-json\/wp\/v2\/pages\/156\/revisions\/208"}],"wp:attachment":[{"href":"https:\/\/www2.uepg.br\/dehis\/wp-json\/wp\/v2\/media?parent=156"}],"curies":[{"name":"wp","href":"https:\/\/api.w.org\/{rel}","templated":true}]}}