{"id":130,"date":"2024-10-30T08:32:38","date_gmt":"2024-10-30T11:32:38","guid":{"rendered":"https:\/\/www2.uepg.br\/deinfo\/?page_id=130"},"modified":"2024-10-30T08:32:38","modified_gmt":"2024-10-30T11:32:38","slug":"apresentacao","status":"publish","type":"page","link":"https:\/\/www2.uepg.br\/deinfo\/apresentacao\/","title":{"rendered":"Apresenta\u00e7\u00e3o"},"content":{"rendered":"<p>Bem-vindo ao site do Departamento de Inform\u00e1tica da UEPG!<\/p>\n<p>Nele, voc\u00ea encontrar\u00e1 informa\u00e7\u00f5es sobre as atividades de ensino, pesquisa e extens\u00e3o desenvolvidas no DEINFO, al\u00e9m de informa\u00e7\u00f5es \u00fateis\u00a0 sobre localiza\u00e7\u00e3o e o atendimento ao p\u00fablico, entre outras.<\/p>\n","protected":false},"excerpt":{"rendered":"<p>Bem-vindo ao site do Departamento de Inform\u00e1tica da UEPG! Nele, voc\u00ea encontrar\u00e1 informa\u00e7\u00f5es sobre as atividades de ensino, pesquisa e extens\u00e3o desenvolvidas no DEINFO, al\u00e9m de informa\u00e7\u00f5es \u00fateis\u00a0 sobre localiza\u00e7\u00e3o e o atendimento ao p\u00fablico, entre outras.<\/p>\n","protected":false},"author":661,"featured_media":0,"parent":0,"menu_order":0,"comment_status":"closed","ping_status":"closed","template":"","meta":[],"_links":{"self":[{"href":"https:\/\/www2.uepg.br\/deinfo\/wp-json\/wp\/v2\/pages\/130"}],"collection":[{"href":"https:\/\/www2.uepg.br\/deinfo\/wp-json\/wp\/v2\/pages"}],"about":[{"href":"https:\/\/www2.uepg.br\/deinfo\/wp-json\/wp\/v2\/types\/page"}],"author":[{"embeddable":true,"href":"https:\/\/www2.uepg.br\/deinfo\/wp-json\/wp\/v2\/users\/661"}],"replies":[{"embeddable":true,"href":"https:\/\/www2.uepg.br\/deinfo\/wp-json\/wp\/v2\/comments?post=130"}],"version-history":[{"count":1,"href":"https:\/\/www2.uepg.br\/deinfo\/wp-json\/wp\/v2\/pages\/130\/revisions"}],"predecessor-version":[{"id":131,"href":"https:\/\/www2.uepg.br\/deinfo\/wp-json\/wp\/v2\/pages\/130\/revisions\/131"}],"wp:attachment":[{"href":"https:\/\/www2.uepg.br\/deinfo\/wp-json\/wp\/v2\/media?parent=130"}],"curies":[{"name":"wp","href":"https:\/\/api.w.org\/{rel}","templated":true}]}}