{"id":135,"date":"2024-10-30T08:35:53","date_gmt":"2024-10-30T11:35:53","guid":{"rendered":"https:\/\/www2.uepg.br\/deinfo\/?page_id=135"},"modified":"2024-10-30T08:35:53","modified_gmt":"2024-10-30T11:35:53","slug":"convenios-e-parcerias","status":"publish","type":"page","link":"https:\/\/www2.uepg.br\/deinfo\/convenios-e-parcerias\/","title":{"rendered":"Conv\u00eanios e Parcerias"},"content":{"rendered":"<p>O DEINFO conta com conv\u00eanios e parcerias de institui\u00e7\u00f5es como: Borland, IBM, Microsoft, Oracle, Funda\u00e7\u00e3o ABC, CELEPAR, UFPR, UTFPR, USP, University of Florida, UNIOESTE, UNICENTRO, UTP, IPARDES, UNICAMP, UNESP, PUC-PR, FUEPG, MICROSIGA e Prefeituras.<\/p>\n","protected":false},"excerpt":{"rendered":"<p>O DEINFO conta com conv\u00eanios e parcerias de institui\u00e7\u00f5es como: Borland, IBM, Microsoft, Oracle, Funda\u00e7\u00e3o ABC, CELEPAR, UFPR, UTFPR, USP, University of Florida, UNIOESTE, UNICENTRO, UTP, IPARDES, UNICAMP, UNESP, PUC-PR, FUEPG, MICROSIGA e Prefeituras.<\/p>\n","protected":false},"author":661,"featured_media":0,"parent":0,"menu_order":0,"comment_status":"closed","ping_status":"closed","template":"","meta":[],"_links":{"self":[{"href":"https:\/\/www2.uepg.br\/deinfo\/wp-json\/wp\/v2\/pages\/135"}],"collection":[{"href":"https:\/\/www2.uepg.br\/deinfo\/wp-json\/wp\/v2\/pages"}],"about":[{"href":"https:\/\/www2.uepg.br\/deinfo\/wp-json\/wp\/v2\/types\/page"}],"author":[{"embeddable":true,"href":"https:\/\/www2.uepg.br\/deinfo\/wp-json\/wp\/v2\/users\/661"}],"replies":[{"embeddable":true,"href":"https:\/\/www2.uepg.br\/deinfo\/wp-json\/wp\/v2\/comments?post=135"}],"version-history":[{"count":1,"href":"https:\/\/www2.uepg.br\/deinfo\/wp-json\/wp\/v2\/pages\/135\/revisions"}],"predecessor-version":[{"id":136,"href":"https:\/\/www2.uepg.br\/deinfo\/wp-json\/wp\/v2\/pages\/135\/revisions\/136"}],"wp:attachment":[{"href":"https:\/\/www2.uepg.br\/deinfo\/wp-json\/wp\/v2\/media?parent=135"}],"curies":[{"name":"wp","href":"https:\/\/api.w.org\/{rel}","templated":true}]}}