{"id":137,"date":"2024-10-30T08:36:18","date_gmt":"2024-10-30T11:36:18","guid":{"rendered":"https:\/\/www2.uepg.br\/deinfo\/?page_id=137"},"modified":"2026-02-26T22:13:33","modified_gmt":"2026-02-27T01:13:33","slug":"docentes","status":"publish","type":"page","link":"https:\/\/www2.uepg.br\/deinfo\/docentes\/","title":{"rendered":"Docentes"},"content":{"rendered":"<h2>DOCENTES<\/h2>\n<table>\n<tbody>\n<tr>\n<td align=\"left\" width=\"255\">DOCENTE<\/td>\n<td align=\"left\" width=\"120\">LATTES<\/td>\n<td align=\"left\" width=\"225\">E-MAIL<\/td>\n<\/tr>\n<tr>\n<td align=\"left\"><a href=\"#\">Adriano Ferrasa<\/a><\/td>\n<td align=\"left\" width=\"120\"><a title=\"Curr\u00edculo Lattes\" href=\"http:\/\/lattes.cnpq.br\/3604174612288215\" target=\"window resource\" rel=\"noopener\">Doutor<\/a><\/td>\n<td align=\"left\" width=\"250\"><a href=\"mailto:ferrasa@uepg.br\">ferrasa@uepg.br<\/a><\/td>\n<\/tr>\n<tr>\n<td align=\"left\"><a href=\"#\">Alaine Margarete Guimar\u00e3es<\/a><\/td>\n<td align=\"left\" width=\"120\"><a title=\"Curr\u00edculo Lattes\" href=\"http:\/\/lattes.cnpq.br\/4366472400277640\" target=\"window resource\" rel=\"noopener\">Doutora<\/a><\/td>\n<td align=\"left\" width=\"250\"><a href=\"mailto:alainemg@hotmail.com\">alainemg@hotmail.com<\/a><\/td>\n<\/tr>\n<tr>\n<td align=\"left\"><a title=\"Home Page\" href=\"#\" target=\"window resource\" rel=\"noopener\">Arion de Campos J\u00fanior<\/a><\/td>\n<td align=\"left\" width=\"120\"><a title=\"Curr\u00edculo Lattes\" href=\"http:\/\/lattes.cnpq.br\/0829505317241223\" target=\"window resource\" rel=\"noopener\">Doutor<\/a><\/td>\n<td align=\"left\" width=\"250\"><a href=\"mailto:arion@uepg.br\">arion@uepg.br<\/a><\/td>\n<\/tr>\n<tr>\n<td align=\"left\"><a title=\"Home Page\" href=\"#\" target=\"window resource\" rel=\"noopener\">Dierone C\u00e9sar Foltran J\u00fanior.<\/a><\/td>\n<td align=\"left\" width=\"120\"><a title=\"Curr\u00edculo Lattes\" href=\"http:\/\/lattes.cnpq.br\/2638198464061178\" target=\"window resource\" rel=\"noopener\">Doutorando<\/a><\/td>\n<td align=\"left\" width=\"250\"><a href=\"mailto:dcfoltran@uepg.br\">dcfoltran@uepg.br<\/a><\/td>\n<\/tr>\n<tr>\n<td align=\"left\"><a href=\"#\">Diolete Marcante Lati Cerutti<\/a><\/td>\n<td align=\"left\" width=\"120\"><a title=\"Curr\u00edculo Lattes\" href=\"http:\/\/lattes.cnpq.br\/1389962665834202\" target=\"window resource\" rel=\"noopener\">Doutora &#8211; PhD<\/a><\/td>\n<td align=\"left\" width=\"250\"><a href=\"mailto:diolete@uepg.br\">diolete@uepg.br<\/a><\/td>\n<\/tr>\n<tr>\n<td align=\"left\"><a href=\"#\">Ezequiel Gueiber<\/a><\/td>\n<td align=\"left\" width=\"120\"><a title=\"Curr\u00edculo Lattes\" href=\"http:\/\/lattes.cnpq.br\/2696867101978615\" target=\"window resource\" rel=\"noopener\">Doutor<\/a><\/td>\n<td align=\"left\" width=\"250\"><a href=\"mailto:egueiber@gmail.com\">egueiber@gmail.com<\/a><\/td>\n<\/tr>\n<tr>\n<td align=\"left\"><a href=\"#\">Idomar Augusto Cerutti<\/a><\/td>\n<td align=\"left\" width=\"120\"><a href=\"https:\/\/deinfo.uepg.br\/pag\/docentes.php#\">Mestre<\/a><\/td>\n<td align=\"left\" width=\"250\"><a href=\"mailto:idomar@uepg.br\">idomar@uepg.br<\/a><\/td>\n<\/tr>\n<tr>\n<td align=\"left\"><a href=\"https:\/\/deinfo.uepg.br\/~jcohen\">Jaime Cohen<\/a><\/td>\n<td align=\"left\" width=\"120\"><a title=\"Curr\u00edculo Lattes\" href=\"http:\/\/lattes.cnpq.br\/8569488188038635\" target=\"window resource\" rel=\"noopener\">Doutor<\/a><\/td>\n<td align=\"left\" width=\"250\"><a href=\"mailto:jcohen@uepg.br\">jcohen@uepg.br<\/a><\/td>\n<\/tr>\n<tr>\n<td align=\"left\"><a href=\"http:\/\/jonathandematos.wordpress.com\/\" target=\"new windows\" rel=\"noopener\">Jonathan de Matos<\/a><\/td>\n<td align=\"left\" width=\"120\"><a title=\"Curr\u00edculo Lattes\" href=\"http:\/\/lattes.cnpq.br\/0814029669585098\" target=\"window resource\" rel=\"noopener\">Doutor<\/a><\/td>\n<td align=\"left\" width=\"250\"><a href=\"mailto:jonathan@uepg.br\">jonathan@uepg.br<\/a><\/td>\n<\/tr>\n<tr>\n<td align=\"left\"><a title=\"Curr\u00edculo Lattes\" href=\"#\" target=\"window resource\" rel=\"noopener\">Jos\u00e9 Carlos Ferreira da Rocha<\/a><\/td>\n<td align=\"left\" width=\"120\"><a title=\"Curr\u00edculo Lattes\" href=\"http:\/\/lattes.cnpq.br\/3945991870627440\" target=\"window resource\" rel=\"noopener\">Doutor<\/a><\/td>\n<td align=\"left\" width=\"250\"><a href=\"mailto:jrocha@uepg.br\">jrocha@uepg.br<\/a><\/td>\n<\/tr>\n<tr>\n<td align=\"left\"><a href=\"#\">Leila Maria Vriesmann<\/a><\/td>\n<td align=\"left\" width=\"120\"><a title=\"Curr\u00edculo Lattes\" href=\"http:\/\/lattes.cnpq.br\/0851227084319958\" target=\"window resource\" rel=\"noopener\">Doutora<\/a><\/td>\n<td align=\"left\" width=\"250\"><a href=\"mailto:lmvriesmann@uepg.br\">lmvriesmann@uepg.br<\/a><\/td>\n<\/tr>\n<tr>\n<td align=\"left\"><a title=\"Home Page\" href=\"#\" target=\"window resource\" rel=\"noopener\">Luciano Jos\u00e9 Senger<\/a><\/td>\n<td align=\"left\" width=\"120\"><a title=\"Curr\u00edculo Lattes\" href=\"http:\/\/lattes.cnpq.br\/6880696447532558\" target=\"window resource\" rel=\"noopener\">Doutor<\/a><\/td>\n<td align=\"left\" width=\"250\"><a href=\"mailto:ljsenger@uepg.br\">ljsenger@uepg.br<\/a><\/td>\n<\/tr>\n<tr>\n<td align=\"left\"><a title=\"Home Page\" href=\"http:\/\/www.lucianodoll.com.br\/\" target=\"window resource\" rel=\"noopener\">Luciano Mathias D\u00f6ll<\/a><\/td>\n<td align=\"left\" width=\"120\"><a title=\"Curr\u00edculo Lattes\" href=\"http:\/\/lattes.cnpq.br\/5047982773400897\" target=\"window resource\" rel=\"noopener\">Doutor<\/a><\/td>\n<td align=\"left\" width=\"250\"><a href=\"mailto:doll@uepg.br\">doll@uepg.br<\/a><\/td>\n<\/tr>\n<tr>\n<td align=\"left\"><a href=\"#\">Marcelo Bilobrovec<\/a><\/td>\n<td align=\"left\" width=\"120\"><a title=\"Curr\u00edculo Lattes\" href=\"http:\/\/lattes.cnpq.br\/3778211140759405\" target=\"window resource\" rel=\"noopener\">Mestre<\/a><\/td>\n<td align=\"left\" width=\"250\"><a href=\"mailto:mbilo@uepg.br\">mbilo@uepg.br<\/a><\/td>\n<\/tr>\n<tr>\n<td align=\"left\"><a href=\"#\">Marcelo Ferrasa<\/a><\/td>\n<td align=\"left\" width=\"120\"><a title=\"Curr\u00edculo Lattes\" href=\"http:\/\/lattes.cnpq.br\/3539237801999914\" target=\"window resource\" rel=\"noopener\">Doutor<\/a><\/td>\n<td align=\"left\" width=\"250\"><a href=\"mailto:mferrasa@yahoo.com.br\">mferrasa@gmail.com<\/a><\/td>\n<\/tr>\n<tr>\n<td align=\"left\"><a title=\"Home Page\" href=\"https:\/\/sites.google.com\/uepg.br\/msouza\" target=\"window resource\" rel=\"noopener\">M\u00e1rcio Augusto de Souza<\/a><\/td>\n<td align=\"left\" width=\"120\"><a title=\"Curr\u00edculo Lattes\" href=\"http:\/\/lattes.cnpq.br\/0924449839869593\" target=\"window resource\" rel=\"noopener\">Doutor<\/a><\/td>\n<td align=\"left\" width=\"250\"><a href=\"mailto:msouza@uepg.br\">msouza@uepg.br<\/a><\/td>\n<\/tr>\n<tr>\n<td align=\"left\"><a title=\"Home Page\" href=\"#\" target=\"window resource\" rel=\"noopener\">Maria Salete Marcon Gomes Vaz<\/a><\/td>\n<td align=\"left\" width=\"120\"><a title=\"Curr\u00edculo Lattes\" href=\"http:\/\/lattes.cnpq.br\/2266103198034845\" target=\"window resource\" rel=\"noopener\">Doutora<\/a><\/td>\n<td align=\"left\" width=\"250\"><a href=\"mailto:salete@uepg.br\">salete@uepg.br<\/a><\/td>\n<\/tr>\n<tr>\n<td align=\"left\"><a title=\"Home Page\" href=\"http:\/\/pacheco.w3.ind.br\/\" target=\"window resource\" rel=\"noopener\">Mauricio Zadra Pacheco<\/a><\/td>\n<td align=\"left\" width=\"120\"><a title=\"Curr\u00edculo Lattes\" href=\"http:\/\/lattes.cnpq.br\/6951148118690656\" target=\"window resource\" rel=\"noopener\">Doutor<\/a><\/td>\n<td align=\"left\" width=\"250\"><a href=\"mailto:mpacheco@uepg.br\">mpacheco@uepg.br<\/a><\/td>\n<\/tr>\n<tr>\n<td align=\"left\"><a href=\"#\">Rosane Falate<\/a><\/td>\n<td align=\"left\" width=\"120\"><a title=\"Curr\u00edculo Lattes\" href=\"http:\/\/lattes.cnpq.br\/9171690007212041\" target=\"window resource\" rel=\"noopener\">Doutora<\/a><\/td>\n<td align=\"left\" width=\"250\"><a href=\"mailto:rfalate@uepg.br\">rfalate@uepg.br<\/a><\/td>\n<\/tr>\n<tr>\n<td align=\"left\"><a href=\"#\">Zito Palhano da Fonseca<\/a><\/td>\n<td align=\"left\" width=\"120\"><a title=\"Curr\u00edculo Lattes\" href=\"http:\/\/lattes.cnpq.br\/1692971190679647\" target=\"window resource\" rel=\"noopener\">Doutor<\/a><\/td>\n<td align=\"left\" width=\"250\"><a href=\"mailto:zitopf@hotmail.com\">zitopf@hotmail.com<\/a><\/td>\n<\/tr>\n<tr>\n<td><\/td>\n<\/tr>\n<\/tbody>\n<\/table>\n<h2>Colaboradores<\/h2>\n<table>\n<tbody>\n<tr>\n<td align=\"left\" width=\"255\">DOCENTE<\/td>\n<td align=\"left\" width=\"120\">LATTES<\/td>\n<td align=\"left\" width=\"225\">E-MAIL<\/td>\n<\/tr>\n<tr>\n<td align=\"left\"><a href=\"#\">Gabrielly de Queiroz Pereira<\/a><\/td>\n<td align=\"left\" width=\"120\"><a title=\"Curr\u00edculo Lattes\" href=\"http:\/\/lattes.cnpq.br\/7710032265368761\" target=\"window resource\" rel=\"noopener\">Doutoranda<\/a><\/td>\n<td align=\"left\" width=\"250\"><a href=\"mailto:gqpereira@uepg.br\">gqpereira@uepg.br<\/a><\/td>\n<\/tr>\n<tr>\n<td align=\"left\"><a href=\"#\">Lucas Martini Sargentim<\/a><\/td>\n<td align=\"left\" width=\"120\"><a title=\"Curr\u00edculo Lattes\" href=\"http:\/\/lattes.cnpq.br\/9642141314850400\" target=\"window resource\" rel=\"noopener\">Mestrando<\/a><\/td>\n<td align=\"left\" width=\"250\"><a href=\"mailto:lmsargentim@uepg.br\">lmsargentim@uepg.br<\/a><\/td>\n<\/tr>\n<tr>\n<td align=\"left\"><a href=\"#\">Marcos Monteiro<\/a><\/td>\n<td align=\"left\" width=\"120\"><a title=\"Curr\u00edculo Lattes\" href=\"http:\/\/lattes.cnpq.br\/2270170938759712\" target=\"window resource\" rel=\"noopener\">Doutor<\/a><\/td>\n<td align=\"left\" width=\"250\"><a href=\"mailto:mmjunior@uepg.br\">mmjunior@uepg.br<\/a><\/td>\n<\/tr>\n<tr>\n<td align=\"left\"><a href=\"#\">Matheus Tauffer de Paula<\/a><\/td>\n<td align=\"left\" width=\"120\"><a href=\"http:\/\/lattes.cnpq.br\/8480373582462176\" target=\"window resource\" rel=\"noopener\">Doutorando<\/a><\/td>\n<td align=\"left\" width=\"250\"><a href=\"mailto:matheustdpaula@uepg.br\">matheustdpaula@uepg.br<\/a><\/td>\n<\/tr>\n<tr>\n<td align=\"left\"><a href=\"#\">Rafael Felipe Van Kan<\/a><\/td>\n<td align=\"left\" width=\"120\"><a title=\"Curr\u00edculo Lattes\" href=\"http:\/\/lattes.cnpq.br\/1634975055166170\" target=\"window resource\" rel=\"noopener\">Doutor<\/a><\/td>\n<td align=\"left\" width=\"250\"><a href=\"mailto:rfvankan@uepg.br\">rfvankan@uepg.br<\/a><\/td>\n<\/tr>\n<tr>\n<td align=\"left\"><a href=\"#\">Sabine Cassol<\/a><\/td>\n<td align=\"left\" width=\"120\"><a title=\"Curr\u00edculo Lattes\" href=\"http:\/\/lattes.cnpq.br\/8092046688183540\" target=\"window resource\" rel=\"noopener\">Mestranda<\/a><\/td>\n<td align=\"left\" width=\"250\"><a href=\"mailto:sabinecassol@uepg.br\">sabinecassol@uepg.br<\/a><\/td>\n<\/tr>\n<tr>\n<td align=\"left\"><a href=\"#\">William Xavier Maukoski<\/a><\/td>\n<td align=\"left\" width=\"120\"><a title=\"Curr\u00edculo Lattes\" href=\"http:\/\/lattes.cnpq.br\/2820024183539287\" target=\"window resource\" rel=\"noopener\">Mestre<\/a><\/td>\n<td align=\"left\" width=\"250\"><a href=\"mailto:wxmaukoski@uepg.br\">wxmaukoski@uepg.br<\/a><\/td>\n<\/tr>\n<\/tbody>\n<\/table>\n","protected":false},"excerpt":{"rendered":"<p>DOCENTES DOCENTE LATTES E-MAIL Adriano Ferrasa Doutor ferrasa@uepg.br Alaine Margarete Guimar\u00e3es Doutora alainemg@hotmail.com Arion de Campos J\u00fanior Doutor arion@uepg.br Dierone C\u00e9sar Foltran J\u00fanior. Doutorando dcfoltran@uepg.br Diolete Marcante Lati Cerutti Doutora &#8211; PhD diolete@uepg.br Ezequiel Gueiber Doutor egueiber@gmail.com Idomar Augusto Cerutti Mestre idomar@uepg.br Jaime Cohen Doutor jcohen@uepg.br Jonathan de Matos Doutor jonathan@uepg.br Jos\u00e9 Carlos Ferreira da&nbsp;&hellip;<\/p>\n","protected":false},"author":661,"featured_media":0,"parent":0,"menu_order":0,"comment_status":"closed","ping_status":"closed","template":"","meta":[],"_links":{"self":[{"href":"https:\/\/www2.uepg.br\/deinfo\/wp-json\/wp\/v2\/pages\/137"}],"collection":[{"href":"https:\/\/www2.uepg.br\/deinfo\/wp-json\/wp\/v2\/pages"}],"about":[{"href":"https:\/\/www2.uepg.br\/deinfo\/wp-json\/wp\/v2\/types\/page"}],"author":[{"embeddable":true,"href":"https:\/\/www2.uepg.br\/deinfo\/wp-json\/wp\/v2\/users\/661"}],"replies":[{"embeddable":true,"href":"https:\/\/www2.uepg.br\/deinfo\/wp-json\/wp\/v2\/comments?post=137"}],"version-history":[{"count":12,"href":"https:\/\/www2.uepg.br\/deinfo\/wp-json\/wp\/v2\/pages\/137\/revisions"}],"predecessor-version":[{"id":501,"href":"https:\/\/www2.uepg.br\/deinfo\/wp-json\/wp\/v2\/pages\/137\/revisions\/501"}],"wp:attachment":[{"href":"https:\/\/www2.uepg.br\/deinfo\/wp-json\/wp\/v2\/media?parent=137"}],"curies":[{"name":"wp","href":"https:\/\/api.w.org\/{rel}","templated":true}]}}